{"id":39,"date":"2022-08-16T10:32:04","date_gmt":"2022-08-16T10:32:04","guid":{"rendered":"https:\/\/guide.zero-carbon-skane.org\/index.php\/southeast-the-slow-coast\/the-slow-coast\/kivik\/"},"modified":"2023-03-07T12:32:12","modified_gmt":"2023-03-07T12:32:12","slug":"kivik","status":"publish","type":"page","link":"https:\/\/guide.zero-carbon-skane.org\/sv\/places\/southeast-the-slow-coast\/the-slow-coast\/kivik\/","title":{"rendered":"Kivik"},"content":{"rendered":"<p>En av de mer k\u00e4nda f\u00f6re detta fiskebyarna l\u00e4ngs <a href=\"https:\/\/guide.zero-carbon-skane.org\/sv\/places\/southeast-the-slow-coast\/the-slow-coast\/\" data-type=\"page\" data-id=\"36\">den lugna kusten<\/a>, \u00e4r Kivik. Byn har lyckats beh\u00e5lla sitt rykte fr\u00e5n det tidiga 21-talet som en lugn kustkoloni med konstn\u00e4rer och pensionerade akademiker, \u00e4ven om det inte riktigt \u00e4r den verkliga demografin l\u00e4ngre. <a href=\"https:\/\/guide.zero-carbon-skane.org\/sv\/places\/southeast-the-slow-coast\/the-slow-coast\/brosarp-havang\/\" data-type=\"page\" data-id=\"41\">Br\u00f6sarp<\/a> \u00e4r den n\u00e4rmaste bebyggelsen av betydande storlek, och d\u00e4rmed det b\u00e4sta alternativet om du inte hittar n\u00e5gonstans att bo i sj\u00e4lva byn (d\u00e4r boende, oavsett om det \u00e4r permanent eller tillf\u00e4lligt, \u00e4r mycket eftertraktat).<\/p>\n\n\n\n<p>Historiskt sett var Kivik en av de stora anhalterna p\u00e5 \u00c5lakusten, \u00e4ven om fisket av \u00e5l numera \u00e4r mycket str\u00e4ngt kontrollerat. Hur som helst, <a href=\"https:\/\/guide.zero-carbon-skane.org\/sv\/activities\/eating-drinking\/the-unreal-eel-deal-eel-fishing-larp\/\" data-type=\"URL\" data-id=\"https:\/\/guide.zero-carbon-skane.org\/activities\/eating-drinking\/the-unreal-eel-deal-eel-fishing-larp\/\">om du vill komma s\u00e5 n\u00e4ra den klassiska upplevelsen som det fortfarande \u00e4r m\u00f6jligt, d\u00e5 har du kommit till r\u00e4tt st\u00e4lle<\/a>&#8230;<\/p>","protected":false},"excerpt":{"rendered":"<p>Kivik \u00e4r en av de mer k\u00e4nda f\u00f6re detta fiskebyarna l\u00e4ngs lugna kusten som har beh\u00e5llit sitt rykte som en lugn kustkoloni med konstn\u00e4rer och pensionerade akademiker, \u00e4ven om det inte riktigt \u00e4r den verkliga demografin l\u00e4ngre. <\/p>","protected":false},"author":1,"featured_media":689,"parent":36,"menu_order":0,"comment_status":"closed","ping_status":"closed","template":"","meta":{"footnotes":""},"categories":[],"tags":[],"class_list":["post-39","page","type-page","status-publish","has-post-thumbnail","hentry"],"jetpack_sharing_enabled":true,"_links":{"self":[{"href":"https:\/\/guide.zero-carbon-skane.org\/sv\/wp-json\/wp\/v2\/pages\/39","targetHints":{"allow":["GET"]}}],"collection":[{"href":"https:\/\/guide.zero-carbon-skane.org\/sv\/wp-json\/wp\/v2\/pages"}],"about":[{"href":"https:\/\/guide.zero-carbon-skane.org\/sv\/wp-json\/wp\/v2\/types\/page"}],"author":[{"embeddable":true,"href":"https:\/\/guide.zero-carbon-skane.org\/sv\/wp-json\/wp\/v2\/users\/1"}],"replies":[{"embeddable":true,"href":"https:\/\/guide.zero-carbon-skane.org\/sv\/wp-json\/wp\/v2\/comments?post=39"}],"version-history":[{"count":1,"href":"https:\/\/guide.zero-carbon-skane.org\/sv\/wp-json\/wp\/v2\/pages\/39\/revisions"}],"predecessor-version":[{"id":691,"href":"https:\/\/guide.zero-carbon-skane.org\/sv\/wp-json\/wp\/v2\/pages\/39\/revisions\/691"}],"up":[{"embeddable":true,"href":"https:\/\/guide.zero-carbon-skane.org\/sv\/wp-json\/wp\/v2\/pages\/36"}],"wp:featuredmedia":[{"embeddable":true,"href":"https:\/\/guide.zero-carbon-skane.org\/sv\/wp-json\/wp\/v2\/media\/689"}],"wp:attachment":[{"href":"https:\/\/guide.zero-carbon-skane.org\/sv\/wp-json\/wp\/v2\/media?parent=39"}],"wp:term":[{"taxonomy":"category","embeddable":true,"href":"https:\/\/guide.zero-carbon-skane.org\/sv\/wp-json\/wp\/v2\/categories?post=39"},{"taxonomy":"post_tag","embeddable":true,"href":"https:\/\/guide.zero-carbon-skane.org\/sv\/wp-json\/wp\/v2\/tags?post=39"}],"curies":[{"name":"wp","href":"https:\/\/api.w.org\/{rel}","templated":true}]}}