{"id":386,"date":"2022-11-07T15:06:15","date_gmt":"2022-11-07T15:06:15","guid":{"rendered":"https:\/\/guide.zero-carbon-skane.org\/?page_id=386"},"modified":"2023-04-16T13:02:40","modified_gmt":"2023-04-16T13:02:40","slug":"international-arrivals","status":"publish","type":"page","link":"https:\/\/guide.zero-carbon-skane.org\/sv\/advice\/travel-mobility\/international-arrivals\/","title":{"rendered":"Internationella ankomster"},"content":{"rendered":"<h4 class=\"wp-block-heading\">Genom luften<\/h4>\n\n\n\n<p>Det finns m\u00e5nga s\u00e4tt att ta sig till Sk\u00e5ne fr\u00e5n andra delar av v\u00e4rlden, men f\u00f6r den h\u00e4ndelse att n\u00e5gra seri\u00f6sa storspelare l\u00e4ser den h\u00e4r guiden ist\u00e4llet f\u00f6r att l\u00e4gga \u00f6ver sin semesterplanering hos n\u00e5gon annan, b\u00f6r vi redan nu p\u00e5peka att sedan nedl\u00e4ggningen av <a href=\"https:\/\/guide.zero-carbon-skane.org\/sv\/places\/southwest-metropolitan-zone\/svedala\/sturup-malmo-aerodrome\/\" data-type=\"page\" data-id=\"465\">Malm\u00f6 flygplats<\/a> (som inte ligger s\u00e4rskilt n\u00e4ra <a href=\"https:\/\/guide.zero-carbon-skane.org\/sv\/places\/southwest-metropolitan-zone\/greater-malmo\/\" data-type=\"page\" data-id=\"8\">Malm\u00f6<\/a>, men vad g\u00f6r v\u00e4l det) f\u00f6r kommersiellt passagerarflyg i b\u00f6rjan av 2030-talet, s\u00e5 har Sk\u00e5ne ingen egen flygplats f\u00f6r internationella ankomster. <\/p>\n\n\n\n<p>(Om du inte har r\u00e5d att chartra en e-jet, f\u00f6rst\u00e5s, eller till och med \u00e4ger en egen... men om s\u00e5 \u00e4r fallet, \u00e4r du <em>definitivt<\/em> inte en person som l\u00e4ser den h\u00e4r guiden, eller hur?) <\/p>\n\n\n\n<p>Men var inte orolig: K\u00f6penhamns flygplats (lokalt k\u00e4nd som Kastrup, efter den satellitby till K\u00f6penhamn som den i princip konsumerade) har l\u00e4nge varit den n\u00e4rmaste (luft)hamnen f\u00f6r Sk\u00e5ne, och du kan korsa \u00d6resund (via \"bron\" som fans av de gamla skandinaviska kriminaldramerna k\u00e4nner igen mycket v\u00e4l) och s\u00e4kert i Malm\u00f6 med t\u00e5g p\u00e5 betydligt kortare tid \u00e4n det tar f\u00f6r dig att passera s\u00e4kerhetskontrollen och h\u00e4mta ditt bagage. <\/p>\n\n\n\n<p>S\u00f6mndruckna resen\u00e4rer har blivit p\u00e5komna av biljettkontrollanter sedan b\u00f6rjan av seklet, s\u00e5 f\u00f6r att undvika alla tvivel: <em>Du kan inte k\u00f6pa biljetter p\u00e5 t\u00e5get!<\/em> Vi f\u00f6resl\u00e5r att du utnyttjar din tid i s\u00e4kerhetsk\u00f6erna (och Kastrups fria internet) till att ladda ner <a href=\"https:\/\/guide.zero-carbon-skane.org\/sv\/advice\/travel-mobility\/skane-in-the-palm-of-your-hand-the-mobil-transport-app\/\" data-type=\"page\" data-id=\"396\">den svenska <em>Mobil<\/em> appen<\/a> och ange dina betalningsuppgifter; f\u00f6rutom att l\u00e5ta dig resa genom Sk\u00e5ne och resten av Sverige, fungerar appen med andra nordiska transportn\u00e4t. (Detsamma g\u00e4ller f\u00f6r den danska motsvarigheten, men du m\u00e5ste ju st\u00f6dja ditt lokala system, eller hur?)<\/p>\n\n\n\n<h4 class=\"wp-block-heading\">P\u00e5 j\u00e4rnv\u00e4gen<\/h4>\n\n\n\n<p>Som n\u00e4mnts ovan \u00e4r den enklaste v\u00e4gen in i Sk\u00e5ne fr\u00e5n de flesta platser s\u00f6derut \u00f6ver bron fr\u00e5n K\u00f6penhamn. Malm\u00f6 ligger bara femton minuter fr\u00e5n K\u00f6penhamns centralstation, men l\u00e5ngv\u00e4ga bokningar (s\u00e4rskilt natt\u00e5g) kan mycket v\u00e4l sl\u00e4ppa av dig p\u00e5 sk\u00e5nska stationer n\u00e5gon annanstans l\u00e4ngs h\u00f6ghastighetslinjerna som leder norrut till G\u00f6teborg eller Stockholm: <a href=\"https:\/\/guide.zero-carbon-skane.org\/sv\/places\/southwest-metropolitan-zone\/lund\/\" data-type=\"page\" data-id=\"18\">Lund<\/a>, <a href=\"https:\/\/guide.zero-carbon-skane.org\/sv\/places\/central-heartlands\/eslov\/\" data-type=\"page\" data-id=\"51\">Esl\u00f6v<\/a>, <a href=\"https:\/\/guide.zero-carbon-skane.org\/sv\/places\/central-heartlands\/hassleholm\/\" data-type=\"page\" data-id=\"55\">H\u00e4ssleholm<\/a>, <a href=\"https:\/\/guide.zero-carbon-skane.org\/sv\/places\/northeast-the-lakelands\/kristianstad\/\" data-type=\"page\" data-id=\"58\">Kristianstad<\/a>, <a href=\"https:\/\/guide.zero-carbon-skane.org\/sv\/places\/northwest\/helsingborg\/\" data-type=\"page\" data-id=\"62\">Helsingborg<\/a> och <a href=\"https:\/\/guide.zero-carbon-skane.org\/sv\/places\/northwest\/bastad\/\" data-type=\"page\" data-id=\"65\">B\u00e5stad<\/a> kan alla n\u00e5s direkt med t\u00e5g fr\u00e5n s\u00e5 avl\u00e4gsna destinationer som M\u00fcnchen, Paris och Basel. <\/p>\n\n\n\n<p>Det finns dock ingen anledning till panik om din biljett slutar i Malm\u00f6: de flesta av Sk\u00e5nes st\u00f6rre t\u00e4torter kan n\u00e5s med lokala t\u00e5gf\u00f6rbindelser, och de som inte kan det - framf\u00f6r allt st\u00e4derna och byarna p\u00e5 <a href=\"https:\/\/guide.zero-carbon-skane.org\/sv\/places\/southeast-the-slow-coast\/\" data-type=\"page\" data-id=\"34\">Lugna kusten<\/a>, men \u00e4ven vissa delar av <a href=\"https:\/\/guide.zero-carbon-skane.org\/sv\/places\/central-heartlands\/\" data-type=\"page\" data-id=\"50\">K\u00e4rnlandet<\/a> och <a href=\"https:\/\/guide.zero-carbon-skane.org\/sv\/places\/northeast-the-lakelands\/\" data-type=\"page\" data-id=\"57\">Vattenriket<\/a>-\u00e4r tillr\u00e4ckligt l\u00e4tta att ta sig till med buss, och i alla s\u00e5dana fall \u00e4r <em>Mobil<\/em> app din v\u00e4n och f\u00f6ljeslagare. Har du stort bagage? Malm\u00f6 Centralstations bagageport\u00f6rer finns alltid till hands f\u00f6r att hj\u00e4lpa dig, och du kan beg\u00e4ra att en av dem m\u00f6ter dig p\u00e5 n\u00e5gon av de st\u00f6rre stationerna som anges ovan som en del av din bokning, men om du <em>verkligen<\/em> \u00e4r tungt lastad kan du beh\u00f6va betala en extra avgift p\u00e5 bussarna. (Portierer och stationspersonal f\u00f6rklarar g\u00e4rna hur saker och ting fungerar och ger r\u00e5d om hur du kan avsluta din resa, men \u00e4rligt talat \u00e4r appen ganska idiots\u00e4ker).<\/p>\n\n\n\n<h4 class=\"wp-block-heading\">P\u00e5 havet<\/h4>\n\n\n\n<p>De som gillar att k\u00e4nna doften av saltst\u00e4nkt luft kanske blir lite besvikna p\u00e5 \u00d6stersj\u00f6n - den \u00e4r inte s\u00e4rskilt salt och har inte samma dramatiska v\u00e4der som de \u00f6ppna oceanerna - men det finns gott om f\u00f6rbindelser till Sk\u00e5ne fr\u00e5n andra hamnar runt det som svenskarna kallar \u00d6stersj\u00f6n (bokstavligen \"den \u00f6stra sj\u00f6n\"). Direktf\u00e4rjor fr\u00e5n Tyskland, Polen, Litauen och Lettland g\u00e5r i land vid <a href=\"https:\/\/guide.zero-carbon-skane.org\/sv\/places\/southeast-the-slow-coast\/ystad\/\" data-type=\"page\" data-id=\"42\">Ystad<\/a>, <a href=\"https:\/\/guide.zero-carbon-skane.org\/sv\/places\/southwest-metropolitan-zone\/trelleborg\/\" data-type=\"page\" data-id=\"24\">Trelleborg<\/a> och Malm\u00f6; de som kommer fr\u00e5n platser l\u00e4ngre norrut m\u00e5ste segla till Stockholm och ta t\u00e5get s\u00f6derut, om de inte lyckas hitta en ledig kajplats p\u00e5 ett av Nya Hansans handelsfartyg.<\/p>\n\n\n\n<p>Fr\u00e5n Danmark kan du \u00e5ka \u00f6ver vattnet fr\u00e5n Helsing\u00f6r till <a href=\"https:\/\/guide.zero-carbon-skane.org\/sv\/places\/northwest\/helsingborg\/\" data-type=\"page\" data-id=\"62\">Helsingborg<\/a> p\u00e5 bara n\u00e5gra minuter. D\u00e4r \u00e4r du v\u00e4lkommen att delta i den lokala seden att stanna kvar p\u00e5 fartyget under flera \u00f6verfarter medan du f\u00f6rs\u00f6ker dricka dig igenom baren, men observera att (i motsats till skurkaktiga stereotyper) den danska polisen inte \u00e4r mer tolerant mot of\u00f6rsk\u00e4md berusning \u00e4n sina svenska motsvarigheter, s\u00e5 var sn\u00e4ll och beh\u00e5ll lite anst\u00e4ndighet, oavsett vilken sida du slutligen v\u00e4ljer att stiga av fr\u00e5n!<\/p>\n\n\n\n<p>Fr\u00e5n Norge har f\u00e4rjan Oslo-K\u00f6penhamn lagt till G\u00f6teborg p\u00e5 sin rutt f\u00f6r n\u00e5gra \u00e5r sedan, men om Sk\u00e5ne \u00e4r din destination kan du lika g\u00e4rna forts\u00e4tta hela v\u00e4gen till K\u00f6penhamn; en lugn kryssning l\u00e4ngs \u00d6resund visar dig en sida av Sk\u00e5nes v\u00e4stkust som du bara inte kan se fr\u00e5n land.<\/p>\n\n\n\n<p>Om du kommer sj\u00f6v\u00e4gen fr\u00e5n Europas v\u00e4stkust och Medelhavet kommer du f\u00f6rmodligen att passera genom olika kustslingor; se <a href=\"https:\/\/guide.zero-carbon-skane.org\/sv\/advice\/travel-mobility\/valkomna-till-svalorna-travel-tips-for-seasonal-migrants\/\" data-type=\"page\" data-id=\"390\">v\u00e5ra r\u00e5d till <em>Svalorna<\/em><\/a>, eftersom mycket av det kommer att vara till\u00e4mpligt f\u00f6r dig.<\/p>\n\n\n\n<p>Seglar du fr\u00e5n en plats \u00e4nnu l\u00e4ngre bort? Malm\u00f6 \u00e4r den mest sannolika destinationshamnen f\u00f6r kommersiella direktseglatser, eller om du ligger i kaj p\u00e5 ett containerfartyg; tala med din resebyr\u00e5!<\/p>\n\n\n\n<p>Och slutligen, om du seglar p\u00e5 din egen b\u00e5t... ja, d\u00e5 f\u00f6ruts\u00e4tter vi att du redan har gjort din heml\u00e4xa (men notera v\u00e5ra <a href=\"https:\/\/guide.zero-carbon-skane.org\/sv\/advice\/travel-mobility\/skane-in-the-palm-of-your-hand-the-mobil-transport-app\/\" data-type=\"page\" data-id=\"396\">s\u00e4rskilda r\u00e5d f\u00f6r dem som vill segla in\u00e5t land<\/a>). Oavsett var du har bokat en kajplats, var noga med att v\u00e4nta p\u00e5 tullinspekt\u00f6rerna innan du g\u00e5r i land, annars kan du komma tillbaka och uppt\u00e4cka att din b\u00e5t har beslagtagits; Helsingborg <em>tullverkare<\/em> \u00e4r s\u00e4rskilt nerv\u00f6sa p\u00e5 grund av <a href=\"https:\/\/guide.zero-carbon-skane.org\/sv\/advice\/coastal-crime-smuggling-and-piracy-in-skane\/\" data-type=\"page\" data-id=\"416\">den fortsatta smugglingsverksamheten kring \u00d6resund<\/a>, men vi rekommenderar att du f\u00f6ljer reglerna oavsett var du kastar ankar. Det \u00e4r det svenska s\u00e4ttet!<\/p>","protected":false},"excerpt":{"rendered":"<p>Det \u00e4r bra att veta vad man vill g\u00f6ra i Sk\u00e5ne, men hur tar man sig dit f\u00f6r att kunna g\u00f6ra det? H\u00e4r \u00e4r de viktigaste s\u00e4tten att resa till Sk\u00e5ne fr\u00e5n andra delar av v\u00e4rlden...<\/p>","protected":false},"author":1,"featured_media":1153,"parent":91,"menu_order":0,"comment_status":"closed","ping_status":"closed","template":"","meta":{"footnotes":""},"categories":[],"tags":[],"class_list":["post-386","page","type-page","status-publish","has-post-thumbnail","hentry"],"jetpack_sharing_enabled":true,"_links":{"self":[{"href":"https:\/\/guide.zero-carbon-skane.org\/sv\/wp-json\/wp\/v2\/pages\/386","targetHints":{"allow":["GET"]}}],"collection":[{"href":"https:\/\/guide.zero-carbon-skane.org\/sv\/wp-json\/wp\/v2\/pages"}],"about":[{"href":"https:\/\/guide.zero-carbon-skane.org\/sv\/wp-json\/wp\/v2\/types\/page"}],"author":[{"embeddable":true,"href":"https:\/\/guide.zero-carbon-skane.org\/sv\/wp-json\/wp\/v2\/users\/1"}],"replies":[{"embeddable":true,"href":"https:\/\/guide.zero-carbon-skane.org\/sv\/wp-json\/wp\/v2\/comments?post=386"}],"version-history":[{"count":4,"href":"https:\/\/guide.zero-carbon-skane.org\/sv\/wp-json\/wp\/v2\/pages\/386\/revisions"}],"predecessor-version":[{"id":1154,"href":"https:\/\/guide.zero-carbon-skane.org\/sv\/wp-json\/wp\/v2\/pages\/386\/revisions\/1154"}],"up":[{"embeddable":true,"href":"https:\/\/guide.zero-carbon-skane.org\/sv\/wp-json\/wp\/v2\/pages\/91"}],"wp:featuredmedia":[{"embeddable":true,"href":"https:\/\/guide.zero-carbon-skane.org\/sv\/wp-json\/wp\/v2\/media\/1153"}],"wp:attachment":[{"href":"https:\/\/guide.zero-carbon-skane.org\/sv\/wp-json\/wp\/v2\/media?parent=386"}],"wp:term":[{"taxonomy":"category","embeddable":true,"href":"https:\/\/guide.zero-carbon-skane.org\/sv\/wp-json\/wp\/v2\/categories?post=386"},{"taxonomy":"post_tag","embeddable":true,"href":"https:\/\/guide.zero-carbon-skane.org\/sv\/wp-json\/wp\/v2\/tags?post=386"}],"curies":[{"name":"wp","href":"https:\/\/api.w.org\/{rel}","templated":true}]}}