{"id":38,"date":"2022-08-16T10:32:03","date_gmt":"2022-08-16T10:32:03","guid":{"rendered":"https:\/\/guide.zero-carbon-skane.org\/index.php\/southeast-the-slow-coast\/the-slow-coast\/vik\/"},"modified":"2023-03-07T12:42:49","modified_gmt":"2023-03-07T12:42:49","slug":"vik","status":"publish","type":"page","link":"https:\/\/guide.zero-carbon-skane.org\/sv\/places\/southeast-the-slow-coast\/the-slow-coast\/vik\/","title":{"rendered":"Vik"},"content":{"rendered":"<p>Bara sju kilometer norr om <a href=\"https:\/\/guide.zero-carbon-skane.org\/sv\/places\/southeast-the-slow-coast\/simrishamn\/\" data-type=\"page\" data-id=\"35\">Simrishamn<\/a>-du kan ta dig hit p\u00e5 under en timme med cykel, och det \u00e4r inte ens att ta i! -Vik \u00e4r vad en britt skulle kalla en vykortslik fiskeby. Som en i Rough Planet-teamet uttryckte sig: \"om du inte blir omedelbart f\u00f6r\u00e4lskad i Vik en varm sommardag, d\u00e5 \u00e4r du d\u00f6d inombords och jag vet inte hur jag ska hj\u00e4lpa dig\". (Turismen i Vik <em>f\u00f6rening<\/em> har hittills avb\u00f6jt att anv\u00e4nda detta gl\u00f6dheta stoff i sitt eget reklammaterial).<\/p>\n\n\n\n<p>Vandra l\u00e4ngs de sm\u00e5 bakgatorna, sitt och stirra p\u00e5 den lilla hamnen i hopp om att se unga s\u00e4lar leka, eller vandra l\u00e4ngs stranden f\u00f6r att ta ett dopp i den stenformation som kallas Pr\u00e4stens badkar... om allt detta l\u00e5ter lite v\u00e4l avslappnat f\u00f6r dig, ja, de kallar inte detta <a href=\"https:\/\/guide.zero-carbon-skane.org\/sv\/places\/southeast-the-slow-coast\/the-slow-coast\/\" data-type=\"page\" data-id=\"36\">den lugna kusten<\/a> f\u00f6r ingenting!<\/p>","protected":false},"excerpt":{"rendered":"<p>Om allt detta l\u00e5ter lite f\u00f6r avslappnat f\u00f6r dig, ja, d\u00e5 \u00e4r det inte f\u00f6r inte som de kallar detta f\u00f6r den lugna kusten!<\/p>","protected":false},"author":1,"featured_media":700,"parent":36,"menu_order":0,"comment_status":"closed","ping_status":"closed","template":"","meta":{"footnotes":""},"categories":[],"tags":[],"class_list":["post-38","page","type-page","status-publish","has-post-thumbnail","hentry"],"jetpack_sharing_enabled":true,"_links":{"self":[{"href":"https:\/\/guide.zero-carbon-skane.org\/sv\/wp-json\/wp\/v2\/pages\/38","targetHints":{"allow":["GET"]}}],"collection":[{"href":"https:\/\/guide.zero-carbon-skane.org\/sv\/wp-json\/wp\/v2\/pages"}],"about":[{"href":"https:\/\/guide.zero-carbon-skane.org\/sv\/wp-json\/wp\/v2\/types\/page"}],"author":[{"embeddable":true,"href":"https:\/\/guide.zero-carbon-skane.org\/sv\/wp-json\/wp\/v2\/users\/1"}],"replies":[{"embeddable":true,"href":"https:\/\/guide.zero-carbon-skane.org\/sv\/wp-json\/wp\/v2\/comments?post=38"}],"version-history":[{"count":1,"href":"https:\/\/guide.zero-carbon-skane.org\/sv\/wp-json\/wp\/v2\/pages\/38\/revisions"}],"predecessor-version":[{"id":701,"href":"https:\/\/guide.zero-carbon-skane.org\/sv\/wp-json\/wp\/v2\/pages\/38\/revisions\/701"}],"up":[{"embeddable":true,"href":"https:\/\/guide.zero-carbon-skane.org\/sv\/wp-json\/wp\/v2\/pages\/36"}],"wp:featuredmedia":[{"embeddable":true,"href":"https:\/\/guide.zero-carbon-skane.org\/sv\/wp-json\/wp\/v2\/media\/700"}],"wp:attachment":[{"href":"https:\/\/guide.zero-carbon-skane.org\/sv\/wp-json\/wp\/v2\/media?parent=38"}],"wp:term":[{"taxonomy":"category","embeddable":true,"href":"https:\/\/guide.zero-carbon-skane.org\/sv\/wp-json\/wp\/v2\/categories?post=38"},{"taxonomy":"post_tag","embeddable":true,"href":"https:\/\/guide.zero-carbon-skane.org\/sv\/wp-json\/wp\/v2\/tags?post=38"}],"curies":[{"name":"wp","href":"https:\/\/api.w.org\/{rel}","templated":true}]}}