{"id":376,"date":"2022-11-07T11:03:10","date_gmt":"2022-11-07T11:03:10","guid":{"rendered":"https:\/\/guide.zero-carbon-skane.org\/?page_id=376"},"modified":"2023-03-08T08:48:35","modified_gmt":"2023-03-08T08:48:35","slug":"skane-tranas","status":"publish","type":"page","link":"https:\/\/guide.zero-carbon-skane.org\/sv\/places\/southeast-the-slow-coast\/gamla-osterlen\/tomelilla\/skane-tranas\/","title":{"rendered":"Sk\u00e5ne-Tran\u00e5s"},"content":{"rendered":"<p>Ortnamnens etymologi har alltid varit n\u00e5got av en gissningslek, men det har l\u00e4nge antagits att den senare halvan av \"Sk\u00e5ne-Tran\u00e5s\" indikerar att det var platsen f\u00f6r sumpig mark d\u00e4r tranor - f\u00e5glarna, inte byggmaskinerna - skulle h\u00e4cka. Mycket av denna v\u00e5tmarksregion i Sk\u00e5ne dikades naturligtvis upp f\u00f6r jordbruks\u00e4ndam\u00e5l, men under de senaste decennierna har man f\u00f6rs\u00f6kt \u00e5terst\u00e4lla tr\u00e4sken och mossarna s\u00e5 att de fungerar som kols\u00e4nkor och ekosystemiska nischer, och tranorna (bland andra karismatiska djur) har b\u00f6rjat \u00e5terv\u00e4nda.<\/p>\n\n\n\n<p>(De av er som \u00e4r <a href=\"https:\/\/guide.zero-carbon-skane.org\/sv\/advice\/notes-for-newmads-information-for-sevilla-card-holders\/\" data-type=\"page\" data-id=\"432\">i Sk\u00e5ne p\u00e5 ett Sevilla-kort<\/a> kanske vill unders\u00f6ka f\u00f6ruts\u00e4ttningarna <a href=\"https:\/\/guide.zero-carbon-skane.org\/sv\/activities\/learning-doing\/boghopping-wetland-restoration-in-skane\/\" data-type=\"URL\" data-id=\"https:\/\/guide.zero-carbon-skane.org\/activities\/learning-doing\/boghopping-wetland-restoration-in-skane\/\">att arbeta med ett av dessa projekt, som tenderar att locka en yngre och friskare publik, och som d\u00e4rf\u00f6r kan vara ganska livlig, s\u00e4rskilt n\u00e4r s\u00e4songen \u00e4r slut<\/a>.)<\/p>\n\n\n\n<p>I sj\u00e4lva byn h\u00e4nder det inte s\u00e5 mycket, men det finns en charmig liten kyrka och n\u00e5gra gamla byggnader samt ett par gallerier - det h\u00e4r \u00e4r fortfarande, ungef\u00e4r, <a href=\"https:\/\/guide.zero-carbon-skane.org\/sv\/places\/southeast-the-slow-coast\/gamla-osterlen\/\" data-type=\"page\" data-id=\"44\">en del av \u00d6sterlen<\/a>! Det kan ocks\u00e5 vara ett bra alternativ om du inte hittar n\u00e5gonstans att bo i <a href=\"https:\/\/guide.zero-carbon-skane.org\/sv\/places\/southeast-the-slow-coast\/the-slow-coast\/brosarp-havang\/\" data-type=\"page\" data-id=\"41\">Br\u00f6sarp<\/a>... men det fr\u00e4msta sk\u00e4let f\u00f6r bes\u00f6kare att stanna h\u00e4r \u00e4r att vara f\u00f6rst i k\u00f6n till <a href=\"https:\/\/guide.zero-carbon-skane.org\/sv\/places\/southeast-the-slow-coast\/gamla-osterlen\/tomelilla\/dark-dining-vespers-dinner-at-mariavall-abbey\/\" data-type=\"page\" data-id=\"370\">\"m\u00f6rka middagar\" vespermiddagar p\u00e5 Mariavalls kloster<\/a>.<\/p>","protected":false},"excerpt":{"rendered":"<p>En stor del av denna v\u00e5tmarksregion i Sk\u00e5ne dikades upp f\u00f6r jordbruks\u00e4ndam\u00e5l, men under de senaste decennierna har man f\u00f6rs\u00f6kt \u00e5terst\u00e4lla tr\u00e4sken och mossarna s\u00e5 att de kan fungera som kols\u00e4nkor och ekosystemiska nischer...<\/p>","protected":false},"author":1,"featured_media":727,"parent":45,"menu_order":0,"comment_status":"closed","ping_status":"closed","template":"","meta":{"footnotes":""},"categories":[],"tags":[],"class_list":["post-376","page","type-page","status-publish","has-post-thumbnail","hentry"],"jetpack_sharing_enabled":true,"_links":{"self":[{"href":"https:\/\/guide.zero-carbon-skane.org\/sv\/wp-json\/wp\/v2\/pages\/376","targetHints":{"allow":["GET"]}}],"collection":[{"href":"https:\/\/guide.zero-carbon-skane.org\/sv\/wp-json\/wp\/v2\/pages"}],"about":[{"href":"https:\/\/guide.zero-carbon-skane.org\/sv\/wp-json\/wp\/v2\/types\/page"}],"author":[{"embeddable":true,"href":"https:\/\/guide.zero-carbon-skane.org\/sv\/wp-json\/wp\/v2\/users\/1"}],"replies":[{"embeddable":true,"href":"https:\/\/guide.zero-carbon-skane.org\/sv\/wp-json\/wp\/v2\/comments?post=376"}],"version-history":[{"count":2,"href":"https:\/\/guide.zero-carbon-skane.org\/sv\/wp-json\/wp\/v2\/pages\/376\/revisions"}],"predecessor-version":[{"id":728,"href":"https:\/\/guide.zero-carbon-skane.org\/sv\/wp-json\/wp\/v2\/pages\/376\/revisions\/728"}],"up":[{"embeddable":true,"href":"https:\/\/guide.zero-carbon-skane.org\/sv\/wp-json\/wp\/v2\/pages\/45"}],"wp:featuredmedia":[{"embeddable":true,"href":"https:\/\/guide.zero-carbon-skane.org\/sv\/wp-json\/wp\/v2\/media\/727"}],"wp:attachment":[{"href":"https:\/\/guide.zero-carbon-skane.org\/sv\/wp-json\/wp\/v2\/media?parent=376"}],"wp:term":[{"taxonomy":"category","embeddable":true,"href":"https:\/\/guide.zero-carbon-skane.org\/sv\/wp-json\/wp\/v2\/categories?post=376"},{"taxonomy":"post_tag","embeddable":true,"href":"https:\/\/guide.zero-carbon-skane.org\/sv\/wp-json\/wp\/v2\/tags?post=376"}],"curies":[{"name":"wp","href":"https:\/\/api.w.org\/{rel}","templated":true}]}}