{"id":37,"date":"2022-08-16T10:32:02","date_gmt":"2022-08-16T10:32:02","guid":{"rendered":"https:\/\/guide.zero-carbon-skane.org\/index.php\/southeast-the-slow-coast\/the-slow-coast\/baskemolla\/"},"modified":"2023-03-07T13:26:11","modified_gmt":"2023-03-07T13:26:11","slug":"baskemolla","status":"publish","type":"page","link":"https:\/\/guide.zero-carbon-skane.org\/sv\/places\/southeast-the-slow-coast\/the-slow-coast\/baskemolla\/","title":{"rendered":"Baskem\u00f6lla"},"content":{"rendered":"<p>Vad finns det att g\u00f6ra i Baskem\u00f6lla, kan man fr\u00e5ga sig? Tja, du kanske kan vandra norrut fr\u00e5n <a href=\"https:\/\/guide.zero-carbon-skane.org\/sv\/places\/southeast-the-slow-coast\/simrishamn\/\" data-type=\"page\" data-id=\"35\">Simrishamn<\/a> se en utst\u00e4llning i n\u00e5got av de sm\u00e5 gallerier eller konstkooperativ som fortfarande finns p\u00e5 den h\u00e4r v\u00e4gen, eller till och med lite l\u00e4ngre norrut i <a href=\"https:\/\/guide.zero-carbon-skane.org\/sv\/places\/southeast-the-slow-coast\/the-slow-coast\/vik\/\" data-type=\"page\" data-id=\"38\">Vik<\/a>.<\/p>\n\n\n\n<p>Men egentligen skulle vi vilja st\u00e4lla fr\u00e5gan tillbaka till fr\u00e5gest\u00e4llaren: Vad menar man egentligen n\u00e4r man s\u00e4ger att man vill ha \"n\u00e5got att g\u00f6ra\"? Innefattar den kategorin kanske att sitta med ryggen mot en kn\u00f6lig, solvarm bit vulkanisk sten och <a href=\"https:\/\/guide.zero-carbon-skane.org\/sv\/advice\/travel-mobility\/international-arrivals\/\">h\u00e5lla utkik efter New Hansa segelfartyg som passerar p\u00e5 \u00d6stersj\u00f6n<\/a>? Eller att sitta med ryggen mot ett tr\u00e4d, en kall dryck i ena handen och en bra bok i den andra, och dela skuggan med de l\u00e4tt f\u00f6rvildade kor som fortfarande str\u00f6var omkring i omr\u00e5det? Inneb\u00e4r det att bara vandra omkring och beundra hur jordbruksmark och frukttr\u00e4dg\u00e5rdar av ljust tr\u00e4 pl\u00f6tsligt kan ge vika f\u00f6r str\u00e4nder av sten eller sand?<\/p>\n\n\n\n<p>Om \"n\u00e5got att g\u00f6ra\" <em>inte<\/em> inkluderar dessa kategorier f\u00f6r dig, ja - d\u00e5 kanske Baskem\u00f6lla ska strykas fr\u00e5n din personliga \u00f6nskelista. Men egentligen vet du inte vad du missar.<\/p>","protected":false},"excerpt":{"rendered":"<p>Vad finns det att g\u00f6ra i Baskem\u00f6lla, kan man fr\u00e5ga sig? Men d\u00e5 st\u00e4ller man helt fel fr\u00e5ga.<\/p>","protected":false},"author":1,"featured_media":707,"parent":36,"menu_order":0,"comment_status":"closed","ping_status":"closed","template":"","meta":{"footnotes":""},"categories":[],"tags":[],"class_list":["post-37","page","type-page","status-publish","has-post-thumbnail","hentry"],"jetpack_sharing_enabled":true,"_links":{"self":[{"href":"https:\/\/guide.zero-carbon-skane.org\/sv\/wp-json\/wp\/v2\/pages\/37","targetHints":{"allow":["GET"]}}],"collection":[{"href":"https:\/\/guide.zero-carbon-skane.org\/sv\/wp-json\/wp\/v2\/pages"}],"about":[{"href":"https:\/\/guide.zero-carbon-skane.org\/sv\/wp-json\/wp\/v2\/types\/page"}],"author":[{"embeddable":true,"href":"https:\/\/guide.zero-carbon-skane.org\/sv\/wp-json\/wp\/v2\/users\/1"}],"replies":[{"embeddable":true,"href":"https:\/\/guide.zero-carbon-skane.org\/sv\/wp-json\/wp\/v2\/comments?post=37"}],"version-history":[{"count":1,"href":"https:\/\/guide.zero-carbon-skane.org\/sv\/wp-json\/wp\/v2\/pages\/37\/revisions"}],"predecessor-version":[{"id":708,"href":"https:\/\/guide.zero-carbon-skane.org\/sv\/wp-json\/wp\/v2\/pages\/37\/revisions\/708"}],"up":[{"embeddable":true,"href":"https:\/\/guide.zero-carbon-skane.org\/sv\/wp-json\/wp\/v2\/pages\/36"}],"wp:featuredmedia":[{"embeddable":true,"href":"https:\/\/guide.zero-carbon-skane.org\/sv\/wp-json\/wp\/v2\/media\/707"}],"wp:attachment":[{"href":"https:\/\/guide.zero-carbon-skane.org\/sv\/wp-json\/wp\/v2\/media?parent=37"}],"wp:term":[{"taxonomy":"category","embeddable":true,"href":"https:\/\/guide.zero-carbon-skane.org\/sv\/wp-json\/wp\/v2\/categories?post=37"},{"taxonomy":"post_tag","embeddable":true,"href":"https:\/\/guide.zero-carbon-skane.org\/sv\/wp-json\/wp\/v2\/tags?post=37"}],"curies":[{"name":"wp","href":"https:\/\/api.w.org\/{rel}","templated":true}]}}