{"id":360,"date":"2022-11-02T10:37:45","date_gmt":"2022-11-02T10:37:45","guid":{"rendered":"https:\/\/guide.zero-carbon-skane.org\/?page_id=360"},"modified":"2023-03-24T11:56:00","modified_gmt":"2023-03-24T11:56:00","slug":"trophic-cascade-eat-your-way-into-the-ecosystem","status":"publish","type":"page","link":"https:\/\/guide.zero-carbon-skane.org\/sv\/places\/southeast-the-slow-coast\/simrishamn\/trophic-cascade-eat-your-way-into-the-ecosystem\/","title":{"rendered":"Trofisk kaskad: \u00e4t dig in i ekosystemet"},"content":{"rendered":"<p>Att konstatera att m\u00e4nsklig aktivitet har st\u00f6rt vitala ekosystem \u00e4r vid det h\u00e4r laget givet: vi <em>fattar det<\/em>, okej? Men det finns en fr\u00e5ga som h\u00e4nger kvar: med tanke p\u00e5 att v\u00e5r n\u00e4rvaro i ekosystemen \u00e4r oundviklig, finns det inte n\u00e5got s\u00e4tt d\u00e4r vi skulle kunna vara mer aktiva och m\u00e5lmedvetna deltagare och v\u00e4nda v\u00e5ra egna konsumtionsm\u00f6nster mot \u00e5terst\u00e4llande och utj\u00e4mning, \u00e4n mot nedbrytning och exploatering?\u00a0<\/p>\n\n\n\n<figure class=\"wp-block-image size-full\"><img loading=\"lazy\" decoding=\"async\" width=\"800\" height=\"450\" src=\"https:\/\/guide.zero-carbon-skane.org\/wp-content\/uploads\/2022\/11\/Sea_weed.jpg\" alt=\"\" class=\"wp-image-362\" srcset=\"https:\/\/guide.zero-carbon-skane.org\/wp-content\/uploads\/2022\/11\/Sea_weed.jpg 800w, https:\/\/guide.zero-carbon-skane.org\/wp-content\/uploads\/2022\/11\/Sea_weed-300x169.jpg 300w, https:\/\/guide.zero-carbon-skane.org\/wp-content\/uploads\/2022\/11\/Sea_weed-768x432.jpg 768w\" sizes=\"auto, (max-width: 800px) 100vw, 800px\" \/><figcaption class=\"wp-element-caption\">Tv\u00e5 av dina fem om dagen! | <a href=\"https:\/\/commons.wikimedia.org\/wiki\/File:Sea_weed.jpg\">ProjektManhattan<\/a>, <a href=\"https:\/\/creativecommons.org\/licenses\/by-sa\/3.0\">CC BY-SA 3.0<\/a>, via Wikimedia Commons<\/figcaption><\/figure>\n\n\n\n<p>Ett t\u00e4mligen positivt svar p\u00e5 denna fr\u00e5ga tar sig i form av <em>Trofisk kaskad<\/em>, den senaste stigande stj\u00e4rnan p\u00e5 den <a href=\"https:\/\/guide.zero-carbon-skane.org\/sv\/places\/southeast-the-slow-coast\/\" data-type=\"page\" data-id=\"34\">Lugna kusten<\/a> 's matscen. Bel\u00e4get vid vattnet i <a href=\"https:\/\/guide.zero-carbon-skane.org\/sv\/places\/southeast-the-slow-coast\/simrishamn\/\" data-type=\"page\" data-id=\"35\">Simrishamn<\/a> avg\u00f6rs valet av fisk och skaldjur av ekosystemets nuvarande sammans\u00e4ttning. Manetsv\u00e4rmar som skr\u00e4mmer bort folk fr\u00e5n str\u00e4nderna? D\u00e5 kan du r\u00e4kna med att hitta japansk manetsoppa p\u00e5 menyn! En ny sjukdom som decimerar torskbest\u00e5ndet? F\u00f6rv\u00e4nta dig r\u00e4tter med sj\u00f6gr\u00e4s, eftersom <a href=\"https:\/\/guide.zero-carbon-skane.org\/sv\/activities\/learning-doing\/havskolonilotter-sea-lots-on-the-slow-coast\/\" data-type=\"page\" data-id=\"346\">havskolonilotter<\/a> hj\u00e4lper till med att \u00f6ka produktionen f\u00f6r att hj\u00e4lpa torsken att \u00e5terh\u00e4mta sig. Men ingen panik, du kommer att f\u00e5 en balanserad m\u00e5ltid: huvudproteinet kommer fr\u00e5n s\u00e4l, skarv, sill eller torsk, beroende p\u00e5 hur de relativa best\u00e5nden av dessa arter ser ut.<\/p>\n\n\n\n<p>I stora drag kan <em>Trofisk kaskad<\/em> ses som en del av \"locavore\"-trenden inom den lugna kustens kulinariska kultur, d\u00e4r de ser sig sj\u00e4lva som deltagare (snarare \u00e4n anv\u00e4ndare av)i ekosystemen; f\u00f6r n\u00e5gra \u00e5r sedan gick en journalist i Stockholm s\u00e5 l\u00e5ngt att han h\u00e4vdade att kostinterventionism var \"avantgardet i relationen mellan m\u00e4nniska och natur\".  Kanske oundvikligt, men vissa forskare och influencers har riktat kritik mot <em>Trofisk kaskad<\/em> d\u00e4r de h\u00e4vdar att restaurangens menyplanerare inte f\u00f6rst\u00e5r det marina livets verkliga komplexitet. S\u00e4g att du v\u00e4ljer en stor m\u00e4ngd sj\u00f6borrar: algbest\u00e5ndet i det omr\u00e5det kommer d\u00e5 att f\u00f6r\u00e4ndras, vilket banar v\u00e4g f\u00f6r en invasion av krabbor som f\u00f6redrar det nya v\u00e4xtlivet; att \u00e5terinf\u00f6ra sj\u00f6borrar \u00e4r nu om\u00f6jligt, eftersom krabborna kommer att \u00e4ta dem ocks\u00e5. Med andra ord kan menybeslut f\u00e5 of\u00f6rutsedda konsekvenser, oavsett hur v\u00e4lmenade de \u00e4r.<\/p>\n\n\n\n<figure class=\"wp-block-image size-full\"><img loading=\"lazy\" decoding=\"async\" width=\"640\" height=\"510\" src=\"https:\/\/guide.zero-carbon-skane.org\/wp-content\/uploads\/2022\/11\/Sea_urchin_eggs.jpg\" alt=\"\" class=\"wp-image-363\" srcset=\"https:\/\/guide.zero-carbon-skane.org\/wp-content\/uploads\/2022\/11\/Sea_urchin_eggs.jpg 640w, https:\/\/guide.zero-carbon-skane.org\/wp-content\/uploads\/2022\/11\/Sea_urchin_eggs-300x239.jpg 300w\" sizes=\"auto, (max-width: 640px) 100vw, 640px\" \/><figcaption class=\"wp-element-caption\">Tydligen smakar det b\u00e4ttre om man blundar. | Bild av <a href=\"https:\/\/commons.wikimedia.org\/wiki\/File:Sea_urchin_eggs.jpg\" data-type=\"URL\" data-id=\"https:\/\/commons.wikimedia.org\/wiki\/File:Sea_urchin_eggs.jpg\">Achim Raschka<\/a><\/figcaption><\/figure>\n\n\n\n<p>Vissa har h\u00e4vdat att <em>Trofisk kaskad<\/em> inte verkar i en skala som \u00e4r tillr\u00e4cklig f\u00f6r att allvarligt st\u00f6ra den lokala ekosystemiska balansen - vilket g\u00f6r att de slipper undan, men ocks\u00e5 undergr\u00e4ver f\u00f6ruts\u00e4ttningen f\u00f6r deras verksamhet. Andra h\u00e4vdar att det inte bara \u00e4r oundvikligt utan n\u00f6dv\u00e4ndigt att m\u00e4nskliga matv\u00e4gar har n\u00e5gon form av inverkan p\u00e5 bredare ekosystem, vilket resulterar i att \u00e4rkekarnivorerna bakom <a href=\"https:\/\/guide.zero-carbon-skane.org\/sv\/places\/northwest\/helsingborg\/meating-halfway-helsingborgs-kottbaten\/\" data-type=\"page\" data-id=\"207\">Helsingborgs K\u00f6ttb\u00e5t<\/a> som uttalar sitt st\u00f6d f\u00f6r <em>Trofisk kaskad<\/em>-en osannolik allians, kanske, men s\u00e5dana \u00e4r de tider vi lever i! <\/p>\n\n\n\n<p>Med allt detta sagt \u00e4r du inte skyldig att ha en st\u00e5ndpunkt i n\u00e5gon annan fr\u00e5ga \u00e4n \"smakar det bra?\" Och p\u00e5 den fronten, sv\u00e5righeterna i att s\u00e4kra en bordsbokning p\u00e5 <em>Trofisk kaskad<\/em>- f\u00f6r att inte tala om priserna, som kan vara ganska uppseendev\u00e4ckande - tyder starkt p\u00e5 att m\u00e4nniskor dyker upp av andra sk\u00e4l \u00e4n ideologiska. Rekommenderas f\u00f6r h\u00e4ngivna gastronomiska \u00e4ventyrare med djupa fickor!<\/p>","protected":false},"excerpt":{"rendered":"<p><em>Trofisk kaskad<\/em> kan ses som en del av \"locavore\"-trenden inom Slow Coast kulinariska kultur, och ser sig sj\u00e4lva som deltagare i (snarare \u00e4n anv\u00e4ndare av) ekosystem.<\/p>","protected":false},"author":1,"featured_media":362,"parent":35,"menu_order":0,"comment_status":"closed","ping_status":"closed","template":"","meta":{"footnotes":""},"categories":[6],"tags":[],"class_list":["post-360","page","type-page","status-publish","has-post-thumbnail","hentry","category-eating-drinking"],"jetpack_sharing_enabled":true,"_links":{"self":[{"href":"https:\/\/guide.zero-carbon-skane.org\/sv\/wp-json\/wp\/v2\/pages\/360","targetHints":{"allow":["GET"]}}],"collection":[{"href":"https:\/\/guide.zero-carbon-skane.org\/sv\/wp-json\/wp\/v2\/pages"}],"about":[{"href":"https:\/\/guide.zero-carbon-skane.org\/sv\/wp-json\/wp\/v2\/types\/page"}],"author":[{"embeddable":true,"href":"https:\/\/guide.zero-carbon-skane.org\/sv\/wp-json\/wp\/v2\/users\/1"}],"replies":[{"embeddable":true,"href":"https:\/\/guide.zero-carbon-skane.org\/sv\/wp-json\/wp\/v2\/comments?post=360"}],"version-history":[{"count":3,"href":"https:\/\/guide.zero-carbon-skane.org\/sv\/wp-json\/wp\/v2\/pages\/360\/revisions"}],"predecessor-version":[{"id":993,"href":"https:\/\/guide.zero-carbon-skane.org\/sv\/wp-json\/wp\/v2\/pages\/360\/revisions\/993"}],"up":[{"embeddable":true,"href":"https:\/\/guide.zero-carbon-skane.org\/sv\/wp-json\/wp\/v2\/pages\/35"}],"wp:featuredmedia":[{"embeddable":true,"href":"https:\/\/guide.zero-carbon-skane.org\/sv\/wp-json\/wp\/v2\/media\/362"}],"wp:attachment":[{"href":"https:\/\/guide.zero-carbon-skane.org\/sv\/wp-json\/wp\/v2\/media?parent=360"}],"wp:term":[{"taxonomy":"category","embeddable":true,"href":"https:\/\/guide.zero-carbon-skane.org\/sv\/wp-json\/wp\/v2\/categories?post=360"},{"taxonomy":"post_tag","embeddable":true,"href":"https:\/\/guide.zero-carbon-skane.org\/sv\/wp-json\/wp\/v2\/tags?post=360"}],"curies":[{"name":"wp","href":"https:\/\/api.w.org\/{rel}","templated":true}]}}