{"id":36,"date":"2022-08-16T10:32:01","date_gmt":"2022-08-16T10:32:01","guid":{"rendered":"https:\/\/guide.zero-carbon-skane.org\/index.php\/southeast-the-slow-coast\/the-slow-coast\/"},"modified":"2023-03-08T09:26:23","modified_gmt":"2023-03-08T09:26:23","slug":"the-slow-coast","status":"publish","type":"page","link":"https:\/\/guide.zero-carbon-skane.org\/sv\/places\/southeast-the-slow-coast\/the-slow-coast\/","title":{"rendered":"Den lugna kusten (Simrishamn <em>kommun<\/em>)"},"content":{"rendered":"<p>S\u00e5 h\u00e4r ligger det till: n\u00e4r man skapar en guide som den h\u00e4r m\u00e5ste man fatta en hel del sv\u00e5ra beslut. Det \u00e4r ett grundl\u00e4ggande m\u00e4nskligt fenomen att vi kallar saker vid olika namn och att en grupp m\u00e4nniskor ibland anv\u00e4nder en viss term f\u00f6r en mer specifik sak \u00e4n en annan grupp m\u00e4nniskor.<\/p>\n\n\n\n<p>I st\u00f6rre delen av resterande Sk\u00e5ne och i Sverige i stort, <a href=\"https:\/\/guide.zero-carbon-skane.org\/sv\/places\/southeast-the-slow-coast\/\" data-type=\"page\" data-id=\"34\">h\u00e4nvisar den \"lugna kusten\" i allm\u00e4nhet till de syd\u00f6stra delen av l\u00e4net<\/a>. Men n\u00e4r du v\u00e4l har kommit in i omr\u00e5det kommer du att uppt\u00e4cka att delar av det har andra namn \u2014<a href=\"https:\/\/guide.zero-carbon-skane.org\/sv\/places\/southeast-the-slow-coast\/gamla-osterlen\/\" data-type=\"page\" data-id=\"44\">\u00d6sterlen,<\/a> till exempel \u2014 och att \"den lugna kusten\", inte helt orimligt, syftar i synnerhet p\u00e5 omr\u00e5det l\u00e4ngs den faktiska \u00f6stra kustlinjen. \u00c4ven om det f\u00f6rmodligen skulle vara sv\u00e5rt att hitta tre personer som \u00e4r \u00f6verens om var gr\u00e4nserna f\u00f6r detta omr\u00e5de g\u00e5r, har Rough Planet-redaktionens mycket vetenskapliga forskningsmetod (som g\u00e5r ut p\u00e5 att \"fr\u00e5ga en massa m\u00e4nniskor och sedan fatta ett beslut som inte g\u00f6r alltf\u00f6r m\u00e5nga av dem arga\") fastst\u00e4llt att de sammanh\u00e4ngande gr\u00e4nserna f\u00f6r kusten h\u00e4nger ihop med den <em>kommun<\/em> vars administrativa centrum \u00e4r Simrishamn.<\/p>\n\n\n\n<p>(Vi ber er v\u00e4nligen att rikta alla motargument direkt till v\u00e5r juridiska avdelning).<\/p>\n\n\n\n<p>Men var gr\u00e4nserna g\u00e5r \u00e4r inte viktigt: det viktiga \u00e4r vad platsen handlar om. Sk\u00e5nes syd\u00f6stra delar \u00e4r, med r\u00e4tta, fr\u00e4mst k\u00e4nda f\u00f6r sin avslappnade, jordn\u00e4ra livsstil och ett artigt men best\u00e4mt motst\u00e5nd mot de mer teknologiskt medierade livsstilar som beh\u00e5ller sin popularitet p\u00e5 andra h\u00e5ll, s\u00e4rskilt i storstadsregionen i sydv\u00e4st. Men det \u00e4r h\u00e4r, l\u00e4ngs en kustlinje som v\u00e4xlar mellan baltiska str\u00e4nder med kritvit sand och m\u00f6rka och dramatiska vulkaniska klippor, som lugnet p\u00e5 lugna kust-idealet \u00e4r som st\u00f6rst.<\/p>\n\n\n\n<p>(Men det \u00e4r inte endast l\u00e5gteknologiska boenden: den lilla byn Simris gjorde sig ett namn som <a href=\"https:\/\/guide.zero-carbon-skane.org\/sv\/places\/southeast-the-slow-coast\/simrishamn\/energised-communities-simris-and-the-microgrid-solidarity-project\/\" data-type=\"page\" data-id=\"348\">ett energim\u00e4ssigt sj\u00e4lvf\u00f6rs\u00f6rjande samh\u00e4lle redan p\u00e5 2020-talet<\/a>, tack vare f\u00f6rnybar elproduktion, avancerad energihantering och ett solidariskt engagemang i v\u00e4rnandet av sociala relationer har det blivit en f\u00f6rebild f\u00f6r st\u00e4der i och utanf\u00f6r Sverige och lockar m\u00e5nga bes\u00f6kare av den anledningen).<\/p>\n\n\n\n<p>\u00c4nd\u00e5 \u00e4r m\u00e5nga av de platser som vi rekommenderar huvudsakligen rekommenderade f\u00f6r att de n\u00e4stan helt saknar sp\u00e4nnande distraktioner: p\u00e5 v\u00e4g norrut fr\u00e5n <a href=\"https:\/\/guide.zero-carbon-skane.org\/sv\/places\/southeast-the-slow-coast\/simrishamn\/\" data-type=\"page\" data-id=\"35\">den (j\u00e4mf\u00f6relsevis) livliga fiskestaden Simrishamn<\/a>, hittar du (bland andra h\u00e4rligheter) <a href=\"https:\/\/guide.zero-carbon-skane.org\/sv\/places\/southeast-the-slow-coast\/the-slow-coast\/vik\/\" data-type=\"page\" data-id=\"38\">Vik<\/a>, <a href=\"https:\/\/guide.zero-carbon-skane.org\/sv\/places\/southeast-the-slow-coast\/the-slow-coast\/baskemolla\/\" data-type=\"page\" data-id=\"37\">Baskem\u00f6lla<\/a>, <a href=\"https:\/\/guide.zero-carbon-skane.org\/sv\/places\/southeast-the-slow-coast\/the-slow-coast\/stenshuvud\/\" data-type=\"page\" data-id=\"40\">Stenshuvud<\/a> och <a href=\"https:\/\/guide.zero-carbon-skane.org\/sv\/places\/southeast-the-slow-coast\/the-slow-coast\/kivik\/\" data-type=\"page\" data-id=\"39\">Kivik<\/a>, d\u00e4r varsam kontemplation och samarbete i enlighet med milj\u00f6n i stort sett \u00e4r obligatoriskt. L\u00e4ngre norrut finns <a href=\"https:\/\/guide.zero-carbon-skane.org\/sv\/places\/southeast-the-slow-coast\/the-slow-coast\/brosarp-havang\/a-heaven-between-the-sky-and-the-sea-havang-swa\/\" data-type=\"page\" data-id=\"425\">Hav\u00e4ng, d\u00e4r det ber\u00f6mda (och superlugna) SWA-vandrarhemmet ligger<\/a>\u2014 \u00e4ven om resen\u00e4rer p\u00e5 v\u00e4g dit rekommenderas att stanna till i <a href=\"https:\/\/guide.zero-carbon-skane.org\/sv\/places\/southeast-the-slow-coast\/the-slow-coast\/brosarp-havang\/\" data-type=\"page\" data-id=\"41\">Br\u00f6sarp<\/a> f\u00f6rst f\u00f6r att fylla p\u00e5 f\u00f6rr\u00e5den, eftersom handel n\u00e4stan \u00e4r lika s\u00e4llsynt som 7G-n\u00e4tverk p\u00e5 det s\u00e4ttet. (Du kan lika g\u00e4rna bes\u00f6ka <a href=\"https:\/\/guide.zero-carbon-skane.org\/sv\/places\/southeast-the-slow-coast\/the-slow-coast\/brosarp-havang\/eat-it-as-it-comes-brosarp-food-festival\/\" data-type=\"page\" data-id=\"427\">Festivalen f\u00f6r mat med v\u00e4xtprotein<\/a> medan du \u00e4r d\u00e4r!)<\/p>\n\n\n\n<p>S\u00f6ker du jobb p\u00e5 den lugna kusten? Det finns n\u00e5gra <a href=\"https:\/\/guide.zero-carbon-skane.org\/sv\/activities\/learning-doing\/boghopping-wetland-restoration-in-skane\/\">projekt f\u00f6r \u00e5terst\u00e4llande av v\u00e5tmarker p\u00e5g\u00e5ng<\/a>, samt <a href=\"https:\/\/guide.zero-carbon-skane.org\/sv\/advice\/notes-for-newmads-information-for-sevilla-card-holders\/\">sedvanligt s\u00e4songsarbete inom jordbruket som \u00e4r \u00f6ppet f\u00f6r innehavare av Sevilla-kortet<\/a>. \u00c4nnu llugnare skulle vara <a href=\"https:\/\/guide.zero-carbon-skane.org\/sv\/activities\/learning-doing\/havskolonilotter-sea-lots-on-the-slow-coast\/\" data-type=\"URL\" data-id=\"https:\/\/guide.zero-carbon-skane.org\/activities\/learning-doing\/havskolonilotter-sea-lots-on-the-slow-coast\/\">en sejour p\u00e5 <em>havskolonilotterna<\/em> (eller \"havslotterna\")<\/a>, som \u00e4r mycket popul\u00e4ra bland <a href=\"https:\/\/guide.zero-carbon-skane.org\/sv\/advice\/travel-mobility\/valkomna-till-svalorna-travel-tips-for-seasonal-migrants\/\" data-type=\"URL\" data-id=\"https:\/\/guide.zero-carbon-skane.org\/advice\/travel-mobility\/valkomna-till-svalorna-travel-tips-for-seasonal-migrants\/\"><em>Svalorna<\/em> klimatmigranter fr\u00e5n s\u00f6dra Europa<\/a>; vi f\u00e5r h\u00f6ra att sk\u00f6tseln av t\u00e5ng och \u00e5lgr\u00e4s och alla de vattenlevande djur som kallar dem sina hem, \u00e4r s\u00e5 n\u00e4ra en religi\u00f6s upplevelse man kan komma n\u00e4r man b\u00e4r v\u00e5tdr\u00e4kt.<\/p>\n\n\n\n<p>Annars kanske du bara vill r\u00f6ra dig runt i omr\u00e5det och se vad du vill uppt\u00e4cka; olika resealternativ finns naturligtvis, men utanf\u00f6r vinters\u00e4songerna, <a href=\"https:\/\/guide.zero-carbon-skane.org\/sv\/advice\/travel-mobility\/on-yer-bike-cycling-in-skane\/\" data-type=\"URL\" data-id=\"https:\/\/guide.zero-carbon-skane.org\/advice\/travel-mobility\/on-yer-bike-cycling-in-skane\/\">\u00e4r ditt b\u00e4sta alternativ en cykel<\/a>. Boende \u00e4r alltid lite bristvara, men <a href=\"https:\/\/guide.zero-carbon-skane.org\/sv\/advice\/solar-camping-puts-open-fields-in-the-shade\/\">solcellscamping \u00e4r ett bra alternativ, \u00e4ven om det regnar<\/a>&#8230;<\/p>","protected":false},"excerpt":{"rendered":"<p>Hela syd\u00f6stra Sk\u00e5ne \u00e4r l\u00e5ngsamt och kustn\u00e4ra, men det \u00e4r <em>mest<\/em> kustn\u00e4ra bit som \u00e4r den <em>mest<\/em> l\u00e5ngsamt, f\u00f6rst\u00e5r du?<\/p>","protected":false},"author":1,"featured_media":730,"parent":34,"menu_order":0,"comment_status":"closed","ping_status":"closed","template":"","meta":{"footnotes":""},"categories":[],"tags":[],"class_list":["post-36","page","type-page","status-publish","has-post-thumbnail","hentry"],"jetpack_sharing_enabled":true,"_links":{"self":[{"href":"https:\/\/guide.zero-carbon-skane.org\/sv\/wp-json\/wp\/v2\/pages\/36","targetHints":{"allow":["GET"]}}],"collection":[{"href":"https:\/\/guide.zero-carbon-skane.org\/sv\/wp-json\/wp\/v2\/pages"}],"about":[{"href":"https:\/\/guide.zero-carbon-skane.org\/sv\/wp-json\/wp\/v2\/types\/page"}],"author":[{"embeddable":true,"href":"https:\/\/guide.zero-carbon-skane.org\/sv\/wp-json\/wp\/v2\/users\/1"}],"replies":[{"embeddable":true,"href":"https:\/\/guide.zero-carbon-skane.org\/sv\/wp-json\/wp\/v2\/comments?post=36"}],"version-history":[{"count":1,"href":"https:\/\/guide.zero-carbon-skane.org\/sv\/wp-json\/wp\/v2\/pages\/36\/revisions"}],"predecessor-version":[{"id":731,"href":"https:\/\/guide.zero-carbon-skane.org\/sv\/wp-json\/wp\/v2\/pages\/36\/revisions\/731"}],"up":[{"embeddable":true,"href":"https:\/\/guide.zero-carbon-skane.org\/sv\/wp-json\/wp\/v2\/pages\/34"}],"wp:featuredmedia":[{"embeddable":true,"href":"https:\/\/guide.zero-carbon-skane.org\/sv\/wp-json\/wp\/v2\/media\/730"}],"wp:attachment":[{"href":"https:\/\/guide.zero-carbon-skane.org\/sv\/wp-json\/wp\/v2\/media?parent=36"}],"wp:term":[{"taxonomy":"category","embeddable":true,"href":"https:\/\/guide.zero-carbon-skane.org\/sv\/wp-json\/wp\/v2\/categories?post=36"},{"taxonomy":"post_tag","embeddable":true,"href":"https:\/\/guide.zero-carbon-skane.org\/sv\/wp-json\/wp\/v2\/tags?post=36"}],"curies":[{"name":"wp","href":"https:\/\/api.w.org\/{rel}","templated":true}]}}