{"id":352,"date":"2022-11-01T14:05:27","date_gmt":"2022-11-01T14:05:27","guid":{"rendered":"https:\/\/guide.zero-carbon-skane.org\/?page_id=352"},"modified":"2023-03-24T14:33:44","modified_gmt":"2023-03-24T14:33:44","slug":"eelgrass-safari-adventures-in-ystads-strandskog","status":"publish","type":"page","link":"https:\/\/guide.zero-carbon-skane.org\/sv\/places\/southeast-the-slow-coast\/ystad\/eelgrass-safari-adventures-in-ystads-strandskog\/","title":{"rendered":"\u00c5lgr\u00e4ssafari! \u00c4ventyr i Ystads Strandskog"},"content":{"rendered":"<p>Bortom vattenlinjen i och omkring staden <a href=\"https:\/\/guide.zero-carbon-skane.org\/sv\/places\/southeast-the-slow-coast\/ystad\/\" data-type=\"page\" data-id=\"42\">Ystad<\/a>, v\u00e4xer \u00e5lgr\u00e4sets l\u00e5nga, ljusgr\u00f6na blad i enorma \u00e4ngar under havsytan och utg\u00f6r hem f\u00f6r ett rikt urval av vattenlevande organismer. <\/p>\n\n\n\n<figure class=\"wp-block-image size-full\"><img loading=\"lazy\" decoding=\"async\" width=\"800\" height=\"600\" src=\"https:\/\/guide.zero-carbon-skane.org\/wp-content\/uploads\/2022\/11\/800px-Eelgrass_Zostera_marina_-_iNaturalist.org4_.jpg\" alt=\"\" class=\"wp-image-353\" srcset=\"https:\/\/guide.zero-carbon-skane.org\/wp-content\/uploads\/2022\/11\/800px-Eelgrass_Zostera_marina_-_iNaturalist.org4_.jpg 800w, https:\/\/guide.zero-carbon-skane.org\/wp-content\/uploads\/2022\/11\/800px-Eelgrass_Zostera_marina_-_iNaturalist.org4_-300x225.jpg 300w, https:\/\/guide.zero-carbon-skane.org\/wp-content\/uploads\/2022\/11\/800px-Eelgrass_Zostera_marina_-_iNaturalist.org4_-768x576.jpg 768w\" sizes=\"auto, (max-width: 800px) 100vw, 800px\" \/><figcaption class=\"wp-element-caption\">Ekotekniker f\u00f6r \u00e5lgr\u00e4s m\u00e4ter s\u00e4songens nya tillv\u00e4xt vid Ystad |. <a href=\"https:\/\/commons.wikimedia.org\/wiki\/File:Eelgrass_(Zostera_marina)_-_iNaturalist.org(4).jpg\">Fachon, Evie<\/a>, <a href=\"https:\/\/creativecommons.org\/licenses\/by\/4.0\">CC BY 4.0<\/a>, via Wikimedia Commons<\/figcaption><\/figure>\n\n\n\n<p>Det grunda vatten som \u00e5lgr\u00e4set f\u00f6redrar - mellan en och tre meters djup - g\u00f6r det l\u00e4tt att se \u00e5lgr\u00e4set (och dess fiskiga inv\u00e5nare) inom snorkelavst\u00e5nd fr\u00e5n ytan. Dyk ner i \u00e5lgr\u00e4s\u00e4ngarna och k\u00e4nn de smala bladen mot huden n\u00e4r du letar efter flundra, torsk, krabbor och skaldjur som g\u00f6mmer sig bland de bandliknande bladen. Inte undra p\u00e5 att \u00e5lgr\u00e4s\u00e4ngar ibland kallas havets regnskogar! <\/p>\n\n\n\n<p>Den blomstrande faunan \u00e4r naturligtvis inte hela sanningen: precis som regnskogar g\u00f6r \u00e5lgr\u00e4s\u00e4ngar massor av andra saker som inte \u00e4r s\u00e5 uppenbara f\u00f6r den tillf\u00e4llige utforskaren. Den unika livsmilj\u00f6n \u00f6kar den biologiska m\u00e5ngfalden, ger klarare vatten genom att stabilisera botten, absorberar n\u00e4rings\u00e4mnen och lagrar v\u00e4xthusgaser i sedimentlagret nedanf\u00f6r, vilket ytterligare minskar eutrofieringen. \u00c5lgr\u00e4s\u00e4ngar f\u00f6rhindrar ocks\u00e5 kusterosion genom att binda sand med sina r\u00f6tter, vilket minskar p\u00e5verkan fr\u00e5n vind och v\u00e5gor.<\/p>\n\n\n\n<p>Det var faktiskt fr\u00e4mst av dessa mer pragmatiska sk\u00e4l som Ystad valde att \u00e5terst\u00e4lla sina \u00e5lgr\u00e4s\u00e4ngar. D\u00e4r, liksom p\u00e5 andra h\u00e5ll i Sverige, minskade \u00e5lgr\u00e4set snabbt fr\u00e5n 1980-talet och fram\u00e5t p\u00e5 grund av skador p\u00e5 ekosystemet i \u00d6stersj\u00f6n och \u00d6resund: \u00f6verg\u00f6dning, \u00f6verfiske och kustn\u00e4ra exploatering fr\u00e5n turism och byggverksamhet. M\u00e5nga historiska livsmilj\u00f6er gick f\u00f6rlorade, tills problemet med erosion blev s\u00e5 uppenbart i b\u00f6rjan av 2020-talet att ingen l\u00e4ngre bara kunde vifta bort det, och ett stort restaureringsprogram rullades ut f\u00f6r att r\u00e4dda Sk\u00e5nes vackra sandstr\u00e4nder fr\u00e5n att f\u00f6rsvinna ut i havet. <\/p>\n\n\n\n<p>\u00c5terst\u00e4llningen visade sig dock vara kostsam, tidskr\u00e4vande och riskabel: precis som jordbruk p\u00e5 land \u00e4r det inte bara en fr\u00e5ga om \"eld och gl\u00f6mska\". Ystads kommun h\u00f6ll dock verkligen fast vid det och gav frihet och st\u00f6d till ett kollektiv av aktivistdykare som planterade \u00e5lgr\u00e4s p\u00e5 frivillig basis; under tiden \u00c5lgr\u00e4sprojektet <a href=\"https:\/\/guide.zero-carbon-skane.org\/sv\/places\/southwest-metropolitan-zone\/greater-malmo\/vastra-hamnen\/\" data-type=\"page\" data-id=\"126\">V\u00e4stra hamnen i Malm\u00f6<\/a> startade under den sista fasen av utvecklingsboomen i b\u00f6rjan av 2020-talet, med resultatet att kanalerna runt de tidigare varvsomr\u00e5dena \u00e4r fulla av liv och deras vatten \u00e4r klarare \u00e4n de har varit p\u00e5 n\u00e4stan ett sekel.<\/p>\n\n\n\n<p>En biljett till Ystads \u00e5lgr\u00e4ssafari \u00e4r v\u00e4l investerade pengar, eftersom de g\u00e5r direkt till den p\u00e5g\u00e5ende restaureringen av \u00e5lgr\u00e4s\u00e4ngar p\u00e5 andra h\u00e5ll, samt till underh\u00e5ll av de lokala \u00e4ngarna; den b\u00e4sta tiden att \u00e5ka \u00e4r under sensommaren, n\u00e4r allt \u00e4r i full blom, men det finns saker att se p\u00e5 vintern ocks\u00e5, och \u00d6stersj\u00f6n \u00e4r mycket mindre kylig \u00e4n du kanske f\u00f6rv\u00e4ntar dig! Om du inte vill simma sj\u00e4lv kan du alltid l\u00e4ra dig mer om undervattensdjungeln i de laboratorier och det lilla museum som dykarkollektivet har inr\u00e4ttat.<\/p>","protected":false},"excerpt":{"rendered":"<p>Har du inte hittat p\u00e5 n\u00e5got att g\u00f6ra en varm dag p\u00e5 sydkusten? Varf\u00f6r inte s\u00e4tta p\u00e5 barnen simglas\u00f6gon och fenor och l\u00e5ta dem utforska en undervattensdjungel! <\/p>","protected":false},"author":1,"featured_media":353,"parent":42,"menu_order":0,"comment_status":"closed","ping_status":"closed","template":"","meta":{"footnotes":""},"categories":[9],"tags":[],"class_list":["post-352","page","type-page","status-publish","has-post-thumbnail","hentry","category-activities"],"jetpack_sharing_enabled":true,"_links":{"self":[{"href":"https:\/\/guide.zero-carbon-skane.org\/sv\/wp-json\/wp\/v2\/pages\/352","targetHints":{"allow":["GET"]}}],"collection":[{"href":"https:\/\/guide.zero-carbon-skane.org\/sv\/wp-json\/wp\/v2\/pages"}],"about":[{"href":"https:\/\/guide.zero-carbon-skane.org\/sv\/wp-json\/wp\/v2\/types\/page"}],"author":[{"embeddable":true,"href":"https:\/\/guide.zero-carbon-skane.org\/sv\/wp-json\/wp\/v2\/users\/1"}],"replies":[{"embeddable":true,"href":"https:\/\/guide.zero-carbon-skane.org\/sv\/wp-json\/wp\/v2\/comments?post=352"}],"version-history":[{"count":2,"href":"https:\/\/guide.zero-carbon-skane.org\/sv\/wp-json\/wp\/v2\/pages\/352\/revisions"}],"predecessor-version":[{"id":1074,"href":"https:\/\/guide.zero-carbon-skane.org\/sv\/wp-json\/wp\/v2\/pages\/352\/revisions\/1074"}],"up":[{"embeddable":true,"href":"https:\/\/guide.zero-carbon-skane.org\/sv\/wp-json\/wp\/v2\/pages\/42"}],"wp:featuredmedia":[{"embeddable":true,"href":"https:\/\/guide.zero-carbon-skane.org\/sv\/wp-json\/wp\/v2\/media\/353"}],"wp:attachment":[{"href":"https:\/\/guide.zero-carbon-skane.org\/sv\/wp-json\/wp\/v2\/media?parent=352"}],"wp:term":[{"taxonomy":"category","embeddable":true,"href":"https:\/\/guide.zero-carbon-skane.org\/sv\/wp-json\/wp\/v2\/categories?post=352"},{"taxonomy":"post_tag","embeddable":true,"href":"https:\/\/guide.zero-carbon-skane.org\/sv\/wp-json\/wp\/v2\/tags?post=352"}],"curies":[{"name":"wp","href":"https:\/\/api.w.org\/{rel}","templated":true}]}}