{"id":35,"date":"2022-08-16T10:32:01","date_gmt":"2022-08-16T10:32:01","guid":{"rendered":"https:\/\/guide.zero-carbon-skane.org\/index.php\/southeast-the-slow-coast\/simrishamn\/"},"modified":"2023-03-07T13:45:15","modified_gmt":"2023-03-07T13:45:15","slug":"simrishamn","status":"publish","type":"page","link":"https:\/\/guide.zero-carbon-skane.org\/sv\/places\/southeast-the-slow-coast\/simrishamn\/","title":{"rendered":"Simrishamn"},"content":{"rendered":"<p>Staden Simrishamn ger \u00e4ven namnet \u00e5t dess <em>kommun<\/em> \u00e4ven om mycket av denna <em>kommun<\/em> \u00e4r mer k\u00e4nd som <a href=\"https:\/\/guide.zero-carbon-skane.org\/sv\/places\/southeast-the-slow-coast\/the-slow-coast\/\" data-type=\"page\" data-id=\"36\">den lugna kusten<\/a> (och det \u00e4r s\u00e5 vi har kategoriserat staden h\u00e4r). Staden \u00e4r dock ganska speciell i sig sj\u00e4lv.<\/p>\n\n\n\n<p>Simrishamn \u00e4r en liten fiskeby som \u00e4r n\u00e4stan 1 000 \u00e5r gammal enligt offentliga uppgifter, men sannolikt bebodd l\u00e4ngre \u00e4n s\u00e5, och som minskade n\u00e5got runt sekelskiftet p\u00e5 grund av den industriella fiskemodellen som uppstod vid den tiden, med mycket st\u00f6rre b\u00e5tar som kom hela v\u00e4gen fr\u00e5n G\u00f6teborg och andra platser f\u00f6r att fiska upp sill och torsk fr\u00e5n \u00d6stersj\u00f6ns vatten. Staden \u00e5terkoloniserades som ett andra hem f\u00f6r f\u00f6rm\u00f6gna stockholmare och bytte ett problem mot ett annat: m\u00e5nga v\u00e4lb\u00e4rgade inv\u00e5nare, men ett paradoxalt nog litet skatteunderlag.<\/p>\n\n\n\n<p>Reformer i det svenska skattesystemet hj\u00e4lpte till en del - man h\u00f6r fortfarande en hel del stockholmska p\u00e5 sommaren, men platsen \u00e4r inte l\u00e4ngre en total sp\u00f6kstad p\u00e5 vintern - den \u00e5terupplivandet av sm\u00e5skaligt sillfiske, tillsammans med olika andra former av havsbruk, som gav Simrishamn en annan industri \u00e4n turismen att f\u00f6rlita sig p\u00e5.<\/p>\n\n\n\n<p>Simrishamn anv\u00e4nds ofta som bas f\u00f6r expeditioner l\u00e4ngs den lugna kusten och ligger inom cykelavst\u00e5nd fr\u00e5n <a href=\"https:\/\/guide.zero-carbon-skane.org\/sv\/places\/southeast-the-slow-coast\/the-slow-coast\/baskemolla\/\" data-type=\"page\" data-id=\"37\">Baskem\u00f6lla<\/a>, <a href=\"https:\/\/guide.zero-carbon-skane.org\/sv\/places\/southeast-the-slow-coast\/the-slow-coast\/vik\/\" data-type=\"page\" data-id=\"38\">Vik<\/a>, <a href=\"https:\/\/guide.zero-carbon-skane.org\/sv\/places\/southeast-the-slow-coast\/the-slow-coast\/stenshuvud\/\" data-type=\"page\" data-id=\"40\">Stenshuvud<\/a>, och \u00e4ven <a href=\"https:\/\/guide.zero-carbon-skane.org\/sv\/places\/southeast-the-slow-coast\/the-slow-coast\/kivik\/\" data-type=\"page\" data-id=\"39\">Kivik<\/a> om dina l\u00e5r klarar av utmaningen! (F\u00f6r orter l\u00e4ngre norrut \u00e4n s\u00e5 \u00e4r <a href=\"https:\/\/guide.zero-carbon-skane.org\/sv\/places\/southeast-the-slow-coast\/the-slow-coast\/brosarp-havang\/\" data-type=\"page\" data-id=\"41\">Br\u00f6sarp<\/a>, ett b\u00e4ttre alternativ). <\/p>\n\n\n\n<p>Men r\u00e4kna inte bort sj\u00e4lva staden, d\u00e4r det finns gott om goda matst\u00e4llen (och en hel del mer, ah, <em>v\u00e5gade<\/em> alternativ), och en hamn som endast kr\u00e4ver att du tar av dig skorna och hummar <a href=\"https:\/\/www.youtube.com\/watch?v=rTVjnBo96Ug\" data-type=\"URL\" data-id=\"https:\/\/www.youtube.com\/watch?v=rTVjnBo96Ug\">den gamla Otis Redding-klassikern<\/a> f\u00f6r dig sj\u00e4lv mellan glass\u00e4tandet...<\/p>\n\n\n\n<figure class=\"wp-block-image size-large\"><img loading=\"lazy\" decoding=\"async\" width=\"1024\" height=\"768\" src=\"https:\/\/guide.zero-carbon-skane.org\/wp-content\/uploads\/2023\/03\/simrishman-harbour-1024x768.jpg\" alt=\"\" class=\"wp-image-711\" srcset=\"https:\/\/guide.zero-carbon-skane.org\/wp-content\/uploads\/2023\/03\/simrishman-harbour-1024x768.jpg 1024w, https:\/\/guide.zero-carbon-skane.org\/wp-content\/uploads\/2023\/03\/simrishman-harbour-300x225.jpg 300w, https:\/\/guide.zero-carbon-skane.org\/wp-content\/uploads\/2023\/03\/simrishman-harbour-768x576.jpg 768w, https:\/\/guide.zero-carbon-skane.org\/wp-content\/uploads\/2023\/03\/simrishman-harbour-1536x1152.jpg 1536w, https:\/\/guide.zero-carbon-skane.org\/wp-content\/uploads\/2023\/03\/simrishman-harbour-2048x1536.jpg 2048w\" sizes=\"auto, (max-width: 1024px) 100vw, 1024px\" \/><figcaption class=\"wp-element-caption\">\"Sl\u00f6sar bort tiiii-iiii-iii tid...\": Simrishamns hamn | Bild med tillst\u00e5nd av redaktionen<\/figcaption><\/figure>","protected":false},"excerpt":{"rendered":"<p>Den gamla fiskebyn Simrishamn ska enligt officiella dokument vara upp till 1 000 gammal - men den har troligen varit bebodd l\u00e5ngt innan dess. H\u00e4r finner du dessutom en badv\u00e4nlig hamn som endast kr\u00e4ver att du tar av dig skorna...<\/p>","protected":false},"author":1,"featured_media":709,"parent":34,"menu_order":0,"comment_status":"closed","ping_status":"closed","template":"","meta":{"footnotes":""},"categories":[],"tags":[],"class_list":["post-35","page","type-page","status-publish","has-post-thumbnail","hentry"],"jetpack_sharing_enabled":true,"_links":{"self":[{"href":"https:\/\/guide.zero-carbon-skane.org\/sv\/wp-json\/wp\/v2\/pages\/35","targetHints":{"allow":["GET"]}}],"collection":[{"href":"https:\/\/guide.zero-carbon-skane.org\/sv\/wp-json\/wp\/v2\/pages"}],"about":[{"href":"https:\/\/guide.zero-carbon-skane.org\/sv\/wp-json\/wp\/v2\/types\/page"}],"author":[{"embeddable":true,"href":"https:\/\/guide.zero-carbon-skane.org\/sv\/wp-json\/wp\/v2\/users\/1"}],"replies":[{"embeddable":true,"href":"https:\/\/guide.zero-carbon-skane.org\/sv\/wp-json\/wp\/v2\/comments?post=35"}],"version-history":[{"count":2,"href":"https:\/\/guide.zero-carbon-skane.org\/sv\/wp-json\/wp\/v2\/pages\/35\/revisions"}],"predecessor-version":[{"id":713,"href":"https:\/\/guide.zero-carbon-skane.org\/sv\/wp-json\/wp\/v2\/pages\/35\/revisions\/713"}],"up":[{"embeddable":true,"href":"https:\/\/guide.zero-carbon-skane.org\/sv\/wp-json\/wp\/v2\/pages\/34"}],"wp:featuredmedia":[{"embeddable":true,"href":"https:\/\/guide.zero-carbon-skane.org\/sv\/wp-json\/wp\/v2\/media\/709"}],"wp:attachment":[{"href":"https:\/\/guide.zero-carbon-skane.org\/sv\/wp-json\/wp\/v2\/media?parent=35"}],"wp:term":[{"taxonomy":"category","embeddable":true,"href":"https:\/\/guide.zero-carbon-skane.org\/sv\/wp-json\/wp\/v2\/categories?post=35"},{"taxonomy":"post_tag","embeddable":true,"href":"https:\/\/guide.zero-carbon-skane.org\/sv\/wp-json\/wp\/v2\/tags?post=35"}],"curies":[{"name":"wp","href":"https:\/\/api.w.org\/{rel}","templated":true}]}}