{"id":348,"date":"2022-11-01T13:36:29","date_gmt":"2022-11-01T13:36:29","guid":{"rendered":"https:\/\/guide.zero-carbon-skane.org\/?page_id=348"},"modified":"2023-03-24T14:42:43","modified_gmt":"2023-03-24T14:42:43","slug":"energised-communities-simris-and-the-microgrid-solidarity-project","status":"publish","type":"page","link":"https:\/\/guide.zero-carbon-skane.org\/sv\/places\/southeast-the-slow-coast\/simrishamn\/energised-communities-simris-and-the-microgrid-solidarity-project\/","title":{"rendered":"Energifyllda samh\u00e4llen: Simris och solidaritetsprojektet f\u00f6r mikron\u00e4t"},"content":{"rendered":"<p>Precis utanf\u00f6r <a href=\"https:\/\/guide.zero-carbon-skane.org\/sv\/places\/southeast-the-slow-coast\/\" data-type=\"page\" data-id=\"34\">den lugna kusten<\/a>'s st\u00f6rsta bos\u00e4ttning, <a href=\"https:\/\/guide.zero-carbon-skane.org\/sv\/places\/southeast-the-slow-coast\/simrishamn\/\" data-type=\"page\" data-id=\"35\">Simrishamn<\/a>, hittar du dess lillasyskon, Simris. Den pittoreska lilla staden kan se anspr\u00e5ksl\u00f6s ut, men l\u00e5t inte tegelhusen och de perfekt sk\u00f6tta h\u00e4ckarna lura dig - Simris \u00e4r, eller \u00e5tminstone var, en viktig kraft i den svenska energipolitiken.\u00a0<\/p>\n\n\n\n<figure class=\"wp-block-image size-full\"><img loading=\"lazy\" decoding=\"async\" width=\"800\" height=\"538\" src=\"https:\/\/guide.zero-carbon-skane.org\/wp-content\/uploads\/2022\/11\/Simris_smedja_2011.jpg\" alt=\"\" class=\"wp-image-349\" srcset=\"https:\/\/guide.zero-carbon-skane.org\/wp-content\/uploads\/2022\/11\/Simris_smedja_2011.jpg 800w, https:\/\/guide.zero-carbon-skane.org\/wp-content\/uploads\/2022\/11\/Simris_smedja_2011-300x202.jpg 300w, https:\/\/guide.zero-carbon-skane.org\/wp-content\/uploads\/2022\/11\/Simris_smedja_2011-768x516.jpg 768w\" sizes=\"auto, (max-width: 800px) 100vw, 800px\" \/><figcaption class=\"wp-element-caption\">Rusningstrafik i centrala Simris <a href=\"https:\/\/commons.wikimedia.org\/wiki\/File:Simris_smedja_2011.jpg\">Jorchr<\/a>, <a href=\"https:\/\/creativecommons.org\/licenses\/by-sa\/3.0\">CC BY-SA 3.0<\/a>, via Wikimedia Commons<\/figcaption><\/figure>\n\n\n\n<p>Allt b\u00f6rjade med en dj\u00e4rv id\u00e9: kunde en by vara sj\u00e4lvf\u00f6rs\u00f6rjande p\u00e5 energi? Ett av Sveriges st\u00f6rsta energibolag ville g\u00e4rna ta reda p\u00e5 det och valde Simris som sin experimentplats i slutet av 2010-talet, d\u00e4r m\u00e5let om sj\u00e4lvf\u00f6rs\u00f6rjning uppn\u00e5ddes genom en kombination av sol, vind och batterilagring. Kronan p\u00e5 verket var det AI-st\u00f6dda \"smarta eln\u00e4tet\", som kunde sl\u00e5 p\u00e5 och av energiintensiva v\u00e4rmepumpar som svar p\u00e5 f\u00f6r\u00e4ndringar i temperatur och n\u00e4tbelastning, och avleda el fr\u00e5n batterier i m\u00e4nniskors hem till noder d\u00e4r efterfr\u00e5gan f\u00f6r tillf\u00e4llet var h\u00f6gre. S\u00e5 sm\u00e5ningom kunde byn tillgodose alla sina egna elbehov och till och med s\u00e4lja tillbaka en hel del till det regionala eln\u00e4tet under s\u00e4rskilt soliga eller bl\u00e5siga dagar. Med en elbilspool f\u00f6r inv\u00e5narna var Simris i alla avseenden den tekniska milj\u00f6aktivistens v\u00e5ta dr\u00f6m.&nbsp;<\/p>\n\n\n\n<p>Mikron\u00e4t som det i Simris var dock s\u00e4llsynta p\u00e5 grund av de m\u00e5nga r\u00e4ttsliga hinder som man st\u00e4lldes inf\u00f6r n\u00e4r man f\u00f6rs\u00f6kte bygga ett: n\u00e4t som str\u00e4ckte sig \u00f6ver fastighetsgr\u00e4nser kunde bara \u00e4gas och drivas av ett f\u00e5tal utvalda f\u00f6retag, vilket bildade regionala monopol, och det fanns heller inget ekonomiskt incitament p\u00e5 grund av inf\u00f6randet av skatter p\u00e5 energi som g\u00e5r in i eller ut ur n\u00e4tet.&nbsp;<\/p>\n\n\n\n<p>Efter att i flera \u00e5r ha f\u00f6rdjupat sig i de tekniska och politiska detaljerna kring mikron\u00e4t fick inv\u00e5narna i Simris rollen som evangelister f\u00f6r mikron\u00e4tsevangeliet, som de avs\u00e5g att sprida vitt och brett. Genom intensiv lobbyverksamhet, med st\u00f6d av dussintals andra byar runt om i landet som ville f\u00f6lja i deras fotsp\u00e5r, lyckades de till slut f\u00e5 till st\u00e5nd en \u00e4ndring av den svenska energilagstiftningen: alla enheter som godk\u00e4ndes av tillsynskommitt\u00e9n fick bygga och driva ett n\u00e4t, och dessutom skulle dessa enheter f\u00e5 en premie fr\u00e5n de stora elbolagen som ett erk\u00e4nnande av att de tillhandah\u00e5ller viktig reservkapacitet som kan stabilisera regionala n\u00e4t i tider av h\u00f6g efterfr\u00e5gan och l\u00e5gt utbud.&nbsp;<\/p>\n\n\n\n<p>St\u00e4rkt av segern gick Simris samman med andra lugna kustare f\u00f6r att bilda solidaritetsprojektet f\u00f6r mikron\u00e4t (SMN). Syftet var att starta samh\u00e4lls\u00e4gda mikron\u00e4t \u00f6ver hela lugna kusten f\u00f6r att st\u00e4rka den lokala ekonomin och samtidigt tillhandah\u00e5lla viktiga tj\u00e4nster till eln\u00e4tet. Till skillnad fr\u00e5n andra lokala energiprojekt var SMN fast beslutna att \u00f6verskottet skulle delas - \u00e4ven om detta var l\u00e4tt att s\u00e4lja, eftersom det gav utsikter till vad som i huvudsak var en passiv inkomststr\u00f6m.&nbsp;<\/p>\n\n\n\n<p>Micron\u00e4t d\u00f6k upp i m\u00e5nga byar kort d\u00e4refter: Borrby, L\u00f6derup, \u00d6rum, Skillinge, Peppinge... snart var SMN bokstavligen en kraft att r\u00e4kna med, som kunde f\u00f6rhandla fram f\u00f6rm\u00e5nliga priser med de stora energibolagen. Bristen p\u00e5 de r\u00e5varor som kr\u00e4vs f\u00f6r sol, vind och batterier var dock det st\u00f6rsta hindret f\u00f6r utbyggnaden av mikron\u00e4t, och senkomlingar var missn\u00f6jda med att tidiga anv\u00e4ndare som Simris kunde sk\u00f6rda f\u00f6rdelarna medan de var tvungna att n\u00f6ja sig med h\u00f6ga elkostnader. Under de sv\u00e5ra \u00e5ren p\u00e5 2030-talet donerade SMN-byar batteripaket till n\u00e4rliggande byar och \u00f6ppnade upp sina egna n\u00e4t f\u00f6r att se till att energifattiga grannar \u00e5tminstone kunde ladda sina v\u00e4rmekl\u00e4der p\u00e5 vintern; ber\u00e4ttelser om s\u00e5dana gener\u00f6sa handlingar, hur uppbl\u00e5sta de \u00e4n kan ha blivit i ber\u00e4ttandet, gjorde mycket f\u00f6r att uppv\u00e4rdera mikron\u00e4tsstrategin under senare \u00e5r.<\/p>","protected":false},"excerpt":{"rendered":"<p>Allt b\u00f6rjade med en dj\u00e4rv id\u00e9: skulle en by kunna vara sj\u00e4lvf\u00f6rs\u00f6rjande p\u00e5 energi? Ett av Sveriges st\u00f6rsta energibolag ville g\u00e4rna ta reda p\u00e5 det och valde Simris som sin f\u00f6rs\u00f6ksplats i slutet av 2010-talet.<\/p>","protected":false},"author":1,"featured_media":349,"parent":35,"menu_order":0,"comment_status":"closed","ping_status":"closed","template":"","meta":{"footnotes":""},"categories":[8],"tags":[],"class_list":["post-348","page","type-page","status-publish","has-post-thumbnail","hentry","category-history"],"jetpack_sharing_enabled":true,"_links":{"self":[{"href":"https:\/\/guide.zero-carbon-skane.org\/sv\/wp-json\/wp\/v2\/pages\/348","targetHints":{"allow":["GET"]}}],"collection":[{"href":"https:\/\/guide.zero-carbon-skane.org\/sv\/wp-json\/wp\/v2\/pages"}],"about":[{"href":"https:\/\/guide.zero-carbon-skane.org\/sv\/wp-json\/wp\/v2\/types\/page"}],"author":[{"embeddable":true,"href":"https:\/\/guide.zero-carbon-skane.org\/sv\/wp-json\/wp\/v2\/users\/1"}],"replies":[{"embeddable":true,"href":"https:\/\/guide.zero-carbon-skane.org\/sv\/wp-json\/wp\/v2\/comments?post=348"}],"version-history":[{"count":3,"href":"https:\/\/guide.zero-carbon-skane.org\/sv\/wp-json\/wp\/v2\/pages\/348\/revisions"}],"predecessor-version":[{"id":1081,"href":"https:\/\/guide.zero-carbon-skane.org\/sv\/wp-json\/wp\/v2\/pages\/348\/revisions\/1081"}],"up":[{"embeddable":true,"href":"https:\/\/guide.zero-carbon-skane.org\/sv\/wp-json\/wp\/v2\/pages\/35"}],"wp:featuredmedia":[{"embeddable":true,"href":"https:\/\/guide.zero-carbon-skane.org\/sv\/wp-json\/wp\/v2\/media\/349"}],"wp:attachment":[{"href":"https:\/\/guide.zero-carbon-skane.org\/sv\/wp-json\/wp\/v2\/media?parent=348"}],"wp:term":[{"taxonomy":"category","embeddable":true,"href":"https:\/\/guide.zero-carbon-skane.org\/sv\/wp-json\/wp\/v2\/categories?post=348"},{"taxonomy":"post_tag","embeddable":true,"href":"https:\/\/guide.zero-carbon-skane.org\/sv\/wp-json\/wp\/v2\/tags?post=348"}],"curies":[{"name":"wp","href":"https:\/\/api.w.org\/{rel}","templated":true}]}}