{"id":344,"date":"2022-10-31T13:36:44","date_gmt":"2022-10-31T13:36:44","guid":{"rendered":"https:\/\/guide.zero-carbon-skane.org\/?page_id=344"},"modified":"2023-03-24T12:46:14","modified_gmt":"2023-03-24T12:46:14","slug":"occupy-stiltsville-protesting-the-palpalats","status":"publish","type":"page","link":"https:\/\/guide.zero-carbon-skane.org\/sv\/places\/southwest-metropolitan-zone\/vellinge\/naset\/falsterbo-skanor\/occupy-stiltsville-protesting-the-palpalats\/","title":{"rendered":"Ockupera Stiltsville: protester mot p\u00e5lpalatset"},"content":{"rendered":"<p>Inte alla bes\u00f6kare till <a href=\"https:\/\/guide.zero-carbon-skane.org\/sv\/places\/southwest-metropolitan-zone\/vellinge\/naset\/\" data-type=\"page\" data-id=\"27\">N\u00e4set<\/a> bara vill njuta av den vackra utsikten \u00f6ver \u00d6resund. Om du tillh\u00f6r dem som bryr sig om historisk arkitektur, eller helt enkelt har n\u00e5got emot nybyggnation p\u00e5 kustn\u00e4ra mark, kanske du vill bes\u00f6ka Ockupera Skan\u00f6r i norra ... ah, <a href=\"https:\/\/guide.zero-carbon-skane.org\/sv\/places\/southwest-metropolitan-zone\/vellinge\/naset\/falsterbo-skanor\/\" data-type=\"page\" data-id=\"28\">Skan\u00f6r<\/a>. Sedan oktober 2049 har en brokig skara demonstranter och aktivister fr\u00e5n hela v\u00e4rlden samlats h\u00e4r f\u00f6r att protestera mot det planerade bygget av ett s\u00e5 kallat \"milj\u00f6anpassat gated community p\u00e5 stolpar\" i centrala Skan\u00f6r - vilket, vill vi p\u00e5peka, \u00e4r lika sv\u00e5rt att skriva och s\u00e4ga p\u00e5 svenska som det \u00e4r p\u00e5 engelska. <\/p>\n\n\n\n<p>(Tack och lov \u00f6versatte n\u00e5gon lokal skribent <em>p\u00e5lpalatset<\/em>- vilket har gjort det lite l\u00e4ttare f\u00f6r demonstranter, journalister och turistguideutgivare; arkitektbyr\u00e5n som \u00f6vervakar projektet var \u00e5 andra sidan inte tillg\u00e4nglig f\u00f6r kommentarer).<\/p>\n\n\n\n<p>De protesterande v\u00e4nder sig mot mycket mer \u00e4n bara det otympliga namnet p\u00e5 detta f\u00f6reslagna byggprojekt. Vissa \u00e4ger byggnader p\u00e5 marken och gillar inte det faktum att kommunen pressar dem att s\u00e4lja sina familjehem och flytta som en del av<a href=\"https:\/\/guide.zero-carbon-skane.org\/sv\/activities\/sightseeing\/living-it-up-in-liminal-landscapes-flexmark\/\" data-type=\"page\" data-id=\"309\"> flexmark-f\u00f6rordningarna<\/a>. Andra vill bevara det gamla utseendet och k\u00e4nslan i Skan\u00f6rs centrum, som \u00e4r anm\u00e4rkningsv\u00e4rt fritt fr\u00e5n hus p\u00e5 p\u00e5lar. Ytterligare andra \u00e4r motst\u00e5ndare till byggnation i kustomr\u00e5den, punkt slut, och skulle f\u00f6redra att kommunen fokuserar p\u00e5 att bygga <a href=\"https:\/\/guide.zero-carbon-skane.org\/sv\/places\/southwest-metropolitan-zone\/vellinge\/naset\/falsterbo-skanor\/tour-de-force-skanors-safe-haven-tower\/\" data-type=\"page\" data-id=\"318\">evakueringstorn som \u00e4r till f\u00f6r alla att anv\u00e4nda<\/a>, inte bara de v\u00e4lbest\u00e4llda. Tillsammans har dessa annars mycket olika folkgrupper f\u00f6rvandlat de delvis rivna strandbodarna p\u00e5 den f\u00f6reslagna platsen till en livfull plats d\u00e4r f\u00e4rgglada m\u00e5lningar och improviserade skulpturer finns i \u00f6verfl\u00f6d! (Tillf\u00f6rlitliga r\u00f6rsystem och toaletter \u00e4r, b\u00f6r det noteras, inte lika vanligt f\u00f6rekommande).<\/p>\n\n\n\n<p>K\u00e4nner du starkt f\u00f6r n\u00e5gon av dessa fr\u00e5gor och vill vara med och protestera? Eller vill du bara ha ett billigt st\u00e4lle att bo p\u00e5 en av de vackraste (och l\u00e5t oss vara \u00e4rliga, dyraste) delarna av Sk\u00e5ne? Ockupera Skan\u00f6r-r\u00f6relsen erbjuder f\u00f6r n\u00e4rvarande gratis logi i sina baracker till alla bes\u00f6kare som f\u00f6ljer med dem en dag f\u00f6r att sitta uppe p\u00e5 en av de redan uppf\u00f6rda fundamentstolparna ... ett perfekt s\u00e4tt att b\u00e5de spara lite pengar och arbeta med din balans! Men slumra inte till d\u00e4r uppe, okej?<\/p>","protected":false},"excerpt":{"rendered":"<p>Dessa annars mycket olika stammar har g\u00e5tt samman f\u00f6r att f\u00f6rvandla de delvis rivna strandbodarna p\u00e5 den f\u00f6reslagna platsen till en livfull plats d\u00e4r f\u00e4rgglada m\u00e5lningar och improviserade skulpturer finns i \u00f6verfl\u00f6d!<\/p>","protected":false},"author":1,"featured_media":1026,"parent":28,"menu_order":0,"comment_status":"closed","ping_status":"closed","template":"","meta":{"footnotes":""},"categories":[7,5],"tags":[],"class_list":["post-344","page","type-page","status-publish","has-post-thumbnail","hentry","category-hotels","category-sightseeing"],"jetpack_sharing_enabled":true,"_links":{"self":[{"href":"https:\/\/guide.zero-carbon-skane.org\/sv\/wp-json\/wp\/v2\/pages\/344","targetHints":{"allow":["GET"]}}],"collection":[{"href":"https:\/\/guide.zero-carbon-skane.org\/sv\/wp-json\/wp\/v2\/pages"}],"about":[{"href":"https:\/\/guide.zero-carbon-skane.org\/sv\/wp-json\/wp\/v2\/types\/page"}],"author":[{"embeddable":true,"href":"https:\/\/guide.zero-carbon-skane.org\/sv\/wp-json\/wp\/v2\/users\/1"}],"replies":[{"embeddable":true,"href":"https:\/\/guide.zero-carbon-skane.org\/sv\/wp-json\/wp\/v2\/comments?post=344"}],"version-history":[{"count":2,"href":"https:\/\/guide.zero-carbon-skane.org\/sv\/wp-json\/wp\/v2\/pages\/344\/revisions"}],"predecessor-version":[{"id":1027,"href":"https:\/\/guide.zero-carbon-skane.org\/sv\/wp-json\/wp\/v2\/pages\/344\/revisions\/1027"}],"up":[{"embeddable":true,"href":"https:\/\/guide.zero-carbon-skane.org\/sv\/wp-json\/wp\/v2\/pages\/28"}],"wp:featuredmedia":[{"embeddable":true,"href":"https:\/\/guide.zero-carbon-skane.org\/sv\/wp-json\/wp\/v2\/media\/1026"}],"wp:attachment":[{"href":"https:\/\/guide.zero-carbon-skane.org\/sv\/wp-json\/wp\/v2\/media?parent=344"}],"wp:term":[{"taxonomy":"category","embeddable":true,"href":"https:\/\/guide.zero-carbon-skane.org\/sv\/wp-json\/wp\/v2\/categories?post=344"},{"taxonomy":"post_tag","embeddable":true,"href":"https:\/\/guide.zero-carbon-skane.org\/sv\/wp-json\/wp\/v2\/tags?post=344"}],"curies":[{"name":"wp","href":"https:\/\/api.w.org\/{rel}","templated":true}]}}