{"id":34,"date":"2022-08-16T10:32:00","date_gmt":"2022-08-16T10:32:00","guid":{"rendered":"https:\/\/guide.zero-carbon-skane.org\/index.php\/southeast-the-slow-coast\/"},"modified":"2023-02-13T09:07:10","modified_gmt":"2023-02-13T09:07:10","slug":"southeast-the-slow-coast","status":"publish","type":"page","link":"https:\/\/guide.zero-carbon-skane.org\/sv\/places\/southeast-the-slow-coast\/","title":{"rendered":"Den lugna kusten"},"content":{"rendered":"<p>lorem ipsum<\/p>\n\n\n\n<div class=\"wp-block-group has-global-padding is-layout-constrained wp-container-core-group-is-layout-23b1a4dc wp-block-group-is-layout-constrained\" style=\"border-width:1px;border-radius:5px;padding-top:var(--wp--preset--spacing--30);padding-right:var(--wp--preset--spacing--30);padding-bottom:var(--wp--preset--spacing--30);padding-left:var(--wp--preset--spacing--30)\">\n<h4 class=\"has-text-align-center wp-block-heading\">Vill du veta mer?<\/h4>\n\n\n<div class=\"wp-block-oik-sb-children\"><ul class=\"wp-block-oik-sb-children\"><li class=\"page_item page-item-44 page_item_has_children\"><a href=\"https:\/\/guide.zero-carbon-skane.org\/sv\/places\/southeast-the-slow-coast\/gamla-osterlen\/\">Gamla \u00d6sterlen<\/a>\n<ul class='children'>\n\t<li class=\"page_item page-item-45 page_item_has_children\"><a href=\"https:\/\/guide.zero-carbon-skane.org\/sv\/places\/southeast-the-slow-coast\/gamla-osterlen\/tomelilla\/\">Tomelilla<\/a>\n\t<ul class='children'>\n\t\t<li class=\"page_item page-item-357\"><a href=\"https:\/\/guide.zero-carbon-skane.org\/sv\/places\/southeast-the-slow-coast\/gamla-osterlen\/tomelilla\/den-stora-munken-onslundas-monument-to-donut-economics\/\">Den Stora Munken: Onslundas monument f\u00f6r munkekonomin<\/a><\/li>\n\t\t<li class=\"page_item page-item-370\"><a href=\"https:\/\/guide.zero-carbon-skane.org\/sv\/places\/southeast-the-slow-coast\/gamla-osterlen\/tomelilla\/dark-dining-vespers-dinner-at-mariavall-abbey\/\">\u00c4ven om vi bara \u00e4ter i m\u00f6rkret: Vespermiddag p\u00e5 Mariavalls kloster<\/a><\/li>\n\t\t<li class=\"page_item page-item-376\"><a href=\"https:\/\/guide.zero-carbon-skane.org\/sv\/places\/southeast-the-slow-coast\/gamla-osterlen\/tomelilla\/skane-tranas\/\">Sk\u00e5ne-Tran\u00e5s<\/a><\/li>\n\t\t<li class=\"page_item page-item-355\"><a href=\"https:\/\/guide.zero-carbon-skane.org\/sv\/places\/southeast-the-slow-coast\/gamla-osterlen\/tomelilla\/your-one-stop-fix-it-shop-boohlssons-repairmecca\/\">Din stanna-och-laga-det-butik: BoOhlssons ReparationsMecka<\/a><\/li>\n\t<\/ul>\n<\/li>\n<\/ul>\n<\/li>\n<li class=\"page_item page-item-35 page_item_has_children\"><a href=\"https:\/\/guide.zero-carbon-skane.org\/sv\/places\/southeast-the-slow-coast\/simrishamn\/\">Simrishamn<\/a>\n<ul class='children'>\n\t<li class=\"page_item page-item-348\"><a href=\"https:\/\/guide.zero-carbon-skane.org\/sv\/places\/southeast-the-slow-coast\/simrishamn\/energised-communities-simris-and-the-microgrid-solidarity-project\/\">Energifyllda samh\u00e4llen: Simris och solidaritetsprojektet f\u00f6r mikron\u00e4t<\/a><\/li>\n\t<li class=\"page_item page-item-360\"><a href=\"https:\/\/guide.zero-carbon-skane.org\/sv\/places\/southeast-the-slow-coast\/simrishamn\/trophic-cascade-eat-your-way-into-the-ecosystem\/\">Trofisk kaskad: \u00e4t dig in i ekosystemet<\/a><\/li>\n<\/ul>\n<\/li>\n<li class=\"page_item page-item-49\"><a href=\"https:\/\/guide.zero-carbon-skane.org\/sv\/places\/southeast-the-slow-coast\/sjobo\/\">Sj\u00f6bo<\/a><\/li>\n<li class=\"page_item page-item-48\"><a href=\"https:\/\/guide.zero-carbon-skane.org\/sv\/places\/southeast-the-slow-coast\/vombsjosanken-biosphere\/\">Storkriket (biosf\u00e4ren Vombsj\u00f6s\u00e4nken)<\/a><\/li>\n<li class=\"page_item page-item-36 page_item_has_children\"><a href=\"https:\/\/guide.zero-carbon-skane.org\/sv\/places\/southeast-the-slow-coast\/the-slow-coast\/\">Den lugna kusten (Simrishamn <em>kommun<\/em>)<\/a>\n<ul class='children'>\n\t<li class=\"page_item page-item-37\"><a href=\"https:\/\/guide.zero-carbon-skane.org\/sv\/places\/southeast-the-slow-coast\/the-slow-coast\/baskemolla\/\">Baskem\u00f6lla<\/a><\/li>\n\t<li class=\"page_item page-item-41 page_item_has_children\"><a href=\"https:\/\/guide.zero-carbon-skane.org\/sv\/places\/southeast-the-slow-coast\/the-slow-coast\/brosarp-havang\/\">Br\u00f6sarp<\/a>\n\t<ul class='children'>\n\t\t<li class=\"page_item page-item-425\"><a href=\"https:\/\/guide.zero-carbon-skane.org\/sv\/places\/southeast-the-slow-coast\/the-slow-coast\/brosarp-havang\/a-heaven-between-the-sky-and-the-sea-havang-swa\/\">\"Ett paradis mellan himmel och hav\": Hav\u00e4ng SVA<\/a><\/li>\n\t\t<li class=\"page_item page-item-427\"><a href=\"https:\/\/guide.zero-carbon-skane.org\/sv\/places\/southeast-the-slow-coast\/the-slow-coast\/brosarp-havang\/eat-it-as-it-comes-brosarp-food-festival\/\">\u00c4t det som kommer: Br\u00f6sarps matfestival<\/a><\/li>\n\t<\/ul>\n<\/li>\n\t<li class=\"page_item page-item-39\"><a href=\"https:\/\/guide.zero-carbon-skane.org\/sv\/places\/southeast-the-slow-coast\/the-slow-coast\/kivik\/\">Kivik<\/a><\/li>\n\t<li class=\"page_item page-item-40\"><a href=\"https:\/\/guide.zero-carbon-skane.org\/sv\/places\/southeast-the-slow-coast\/the-slow-coast\/stenshuvud\/\">Stenshuvud<\/a><\/li>\n\t<li class=\"page_item page-item-38\"><a href=\"https:\/\/guide.zero-carbon-skane.org\/sv\/places\/southeast-the-slow-coast\/the-slow-coast\/vik\/\">Vik<\/a><\/li>\n<\/ul>\n<\/li>\n<li class=\"page_item page-item-42 page_item_has_children\"><a href=\"https:\/\/guide.zero-carbon-skane.org\/sv\/places\/southeast-the-slow-coast\/ystad\/\">Ystad<\/a>\n<ul class='children'>\n\t<li class=\"page_item page-item-46\"><a href=\"https:\/\/guide.zero-carbon-skane.org\/sv\/places\/southeast-the-slow-coast\/ystad\/alestenar\/\">Alesstenar<\/a><\/li>\n\t<li class=\"page_item page-item-378\"><a href=\"https:\/\/guide.zero-carbon-skane.org\/sv\/places\/southeast-the-slow-coast\/ystad\/an-off-grid-guesthouse-gastis-afkopplingen\/\">Ett g\u00e4sthus utanf\u00f6r eln\u00e4tet: G\u00e4stis Afkopplingen<\/a><\/li>\n\t<li class=\"page_item page-item-352\"><a href=\"https:\/\/guide.zero-carbon-skane.org\/sv\/places\/southeast-the-slow-coast\/ystad\/eelgrass-safari-adventures-in-ystads-strandskog\/\">\u00c5lgr\u00e4ssafari! \u00c4ventyr i Ystads Strandskog<\/a><\/li>\n\t<li class=\"page_item page-item-43\"><a href=\"https:\/\/guide.zero-carbon-skane.org\/sv\/places\/southeast-the-slow-coast\/ystad\/gamla-staden\/\">Gamla Staden (Ystad)<\/a><\/li>\n\t<li class=\"page_item page-item-365\"><a href=\"https:\/\/guide.zero-carbon-skane.org\/sv\/places\/southeast-the-slow-coast\/ystad\/invasivore-acceptable-exotic-eating-maybe\/\">INVASIVORE: acceptabelt exotiskt \u00e4tande (kanske)<\/a><\/li>\n\t<li class=\"page_item page-item-266\"><a href=\"https:\/\/guide.zero-carbon-skane.org\/sv\/places\/southeast-the-slow-coast\/ystad\/monument-to-lost-species-the-disas-ting-life-cairn\/\">Monument \u00f6ver f\u00f6rlorade arter: Disas Ting livsr\u00f6se<\/a><\/li>\n\t<li class=\"page_item page-item-367\"><a href=\"https:\/\/guide.zero-carbon-skane.org\/sv\/places\/southeast-the-slow-coast\/ystad\/that-salty-grain-the-unexpected-success-of-algrasang\/\">Det salta kornet: den ov\u00e4ntade framg\u00e5ngen med <em>\u00c5lgr\u00e4s\u00e4ng<\/em><\/a><\/li>\n<\/ul>\n<\/li>\n<\/ul><\/div><\/div>","protected":false},"excerpt":{"rendered":"<p>lorem ipsum<\/p>","protected":false},"author":1,"featured_media":0,"parent":85,"menu_order":0,"comment_status":"closed","ping_status":"closed","template":"","meta":{"footnotes":""},"categories":[],"tags":[],"class_list":["post-34","page","type-page","status-publish","hentry"],"jetpack_sharing_enabled":true,"_links":{"self":[{"href":"https:\/\/guide.zero-carbon-skane.org\/sv\/wp-json\/wp\/v2\/pages\/34","targetHints":{"allow":["GET"]}}],"collection":[{"href":"https:\/\/guide.zero-carbon-skane.org\/sv\/wp-json\/wp\/v2\/pages"}],"about":[{"href":"https:\/\/guide.zero-carbon-skane.org\/sv\/wp-json\/wp\/v2\/types\/page"}],"author":[{"embeddable":true,"href":"https:\/\/guide.zero-carbon-skane.org\/sv\/wp-json\/wp\/v2\/users\/1"}],"replies":[{"embeddable":true,"href":"https:\/\/guide.zero-carbon-skane.org\/sv\/wp-json\/wp\/v2\/comments?post=34"}],"version-history":[{"count":2,"href":"https:\/\/guide.zero-carbon-skane.org\/sv\/wp-json\/wp\/v2\/pages\/34\/revisions"}],"predecessor-version":[{"id":636,"href":"https:\/\/guide.zero-carbon-skane.org\/sv\/wp-json\/wp\/v2\/pages\/34\/revisions\/636"}],"up":[{"embeddable":true,"href":"https:\/\/guide.zero-carbon-skane.org\/sv\/wp-json\/wp\/v2\/pages\/85"}],"wp:attachment":[{"href":"https:\/\/guide.zero-carbon-skane.org\/sv\/wp-json\/wp\/v2\/media?parent=34"}],"wp:term":[{"taxonomy":"category","embeddable":true,"href":"https:\/\/guide.zero-carbon-skane.org\/sv\/wp-json\/wp\/v2\/categories?post=34"},{"taxonomy":"post_tag","embeddable":true,"href":"https:\/\/guide.zero-carbon-skane.org\/sv\/wp-json\/wp\/v2\/tags?post=34"}],"curies":[{"name":"wp","href":"https:\/\/api.w.org\/{rel}","templated":true}]}}