{"id":33,"date":"2022-08-16T10:31:59","date_gmt":"2022-08-16T10:31:59","guid":{"rendered":"https:\/\/guide.zero-carbon-skane.org\/index.php\/southwest-metropolitan-zone\/vastkusten\/kavlinge\/"},"modified":"2023-03-08T12:32:29","modified_gmt":"2023-03-08T12:32:29","slug":"kavlinge","status":"publish","type":"page","link":"https:\/\/guide.zero-carbon-skane.org\/sv\/places\/southwest-metropolitan-zone\/vastkusten\/kavlinge\/","title":{"rendered":"K\u00e4vlinge"},"content":{"rendered":"<p>Om du har klickat runt i denna guide ett tag har du s\u00e4kert lagt m\u00e4rke till att det finns ett antal platser i Sk\u00e5ne - liksom i v\u00e4rlden utanf\u00f6r - d\u00e4r det inte h\u00e4nder s\u00e4rskilt mycket som \u00e4r intressant f\u00f6r n\u00e5gon som inte bor d\u00e4r. K\u00e4vlinge <em>kommun<\/em>, och dess namngivna <em>centralort<\/em>, \u00e4r en av de platser d\u00e4r de som inte gillar att det \u00e4r p\u00e5 det s\u00e4ttet tenderar att flytta d\u00e4rifr\u00e5n.<\/p>\n\n\n\n<p>Att ta sig vidare \u00e4r ganska enkelt, tack vare att K\u00e4vlinge stad har en station p\u00e5 j\u00e4rnv\u00e4gslinjen som g\u00e5r igenom fr\u00e5n <a href=\"https:\/\/guide.zero-carbon-skane.org\/sv\/places\/southwest-metropolitan-zone\/lund\/\" data-type=\"page\" data-id=\"18\">Lund<\/a> s\u00f6derut och sedan norrut mot <a href=\"https:\/\/guide.zero-carbon-skane.org\/sv\/places\/northwest\/helsingborg\/\" data-type=\"page\" data-id=\"62\">Helsingborg<\/a> och l\u00e4ngre upp till G\u00f6teborg. Detta \u00e4r ocks\u00e5 en del av f\u00f6rklaringen till dess status som en s\u00f6mnig men stor sovstad, omgiven av jordbruksmark: det \u00e4r n\u00e5gonstans att dra sig tillbaka till n\u00e4r du har ledigt fr\u00e5n ditt jobb i n\u00e5gon av de st\u00f6rre st\u00e4derna, eller n\u00e4r du har g\u00e5tt i pension (kommunens slogan \u00e4r en klassiker i genren och sammanfattar k\u00e4nslan p\u00e5 ett bra s\u00e4tt: <em>\"Sk\u00e5nes b\u00e4sta boendekommun\"<\/em>- det h\u00e4r \u00e4r ingen partystad, OK?)<\/p>\n\n\n\n<p>Men inte ens K\u00e4vlinge kan helt undvika sp\u00e4nning och kontroverser, eftersom det vid kusten ligger en by och ett omr\u00e5de som heter <a href=\"https:\/\/guide.zero-carbon-skane.org\/sv\/places\/southwest-metropolitan-zone\/vastkusten\/kavlinge\/barseback\/\" data-type=\"page\" data-id=\"31\">B\u00e4rsebeck<\/a>, mest k\u00e4nd (om \u00e4n inte precis \u00e4lskad av alla) som platsen f\u00f6r Sk\u00e5nes k\u00e4rnkraftsanl\u00e4ggningar, gamla som nya. Vi rekommenderar inte att du tar upp detta i resten av K\u00e4vlinges <em>kommun<\/em>, men man kan aldrig s\u00e4kert avg\u00f6ra vem som \u00e4r f\u00f6r eller emot och n\u00e4r man v\u00e4l har fr\u00e5gat kan det redan vara f\u00f6r sent...<\/p>","protected":false},"excerpt":{"rendered":"<p>Kommunens slogan, som \u00e4r en klassiker i genren, sammanfattar st\u00e4mningen: \"Sk\u00e5nes b\u00e4sta boendekommun\". Det h\u00e4r \u00e4r ingen partystad, OK?<\/p>","protected":false},"author":1,"featured_media":740,"parent":29,"menu_order":0,"comment_status":"closed","ping_status":"closed","template":"","meta":{"footnotes":""},"categories":[],"tags":[],"class_list":["post-33","page","type-page","status-publish","has-post-thumbnail","hentry"],"jetpack_sharing_enabled":true,"_links":{"self":[{"href":"https:\/\/guide.zero-carbon-skane.org\/sv\/wp-json\/wp\/v2\/pages\/33","targetHints":{"allow":["GET"]}}],"collection":[{"href":"https:\/\/guide.zero-carbon-skane.org\/sv\/wp-json\/wp\/v2\/pages"}],"about":[{"href":"https:\/\/guide.zero-carbon-skane.org\/sv\/wp-json\/wp\/v2\/types\/page"}],"author":[{"embeddable":true,"href":"https:\/\/guide.zero-carbon-skane.org\/sv\/wp-json\/wp\/v2\/users\/1"}],"replies":[{"embeddable":true,"href":"https:\/\/guide.zero-carbon-skane.org\/sv\/wp-json\/wp\/v2\/comments?post=33"}],"version-history":[{"count":2,"href":"https:\/\/guide.zero-carbon-skane.org\/sv\/wp-json\/wp\/v2\/pages\/33\/revisions"}],"predecessor-version":[{"id":744,"href":"https:\/\/guide.zero-carbon-skane.org\/sv\/wp-json\/wp\/v2\/pages\/33\/revisions\/744"}],"up":[{"embeddable":true,"href":"https:\/\/guide.zero-carbon-skane.org\/sv\/wp-json\/wp\/v2\/pages\/29"}],"wp:featuredmedia":[{"embeddable":true,"href":"https:\/\/guide.zero-carbon-skane.org\/sv\/wp-json\/wp\/v2\/media\/740"}],"wp:attachment":[{"href":"https:\/\/guide.zero-carbon-skane.org\/sv\/wp-json\/wp\/v2\/media?parent=33"}],"wp:term":[{"taxonomy":"category","embeddable":true,"href":"https:\/\/guide.zero-carbon-skane.org\/sv\/wp-json\/wp\/v2\/categories?post=33"},{"taxonomy":"post_tag","embeddable":true,"href":"https:\/\/guide.zero-carbon-skane.org\/sv\/wp-json\/wp\/v2\/tags?post=33"}],"curies":[{"name":"wp","href":"https:\/\/api.w.org\/{rel}","templated":true}]}}