{"id":32,"date":"2022-08-16T10:31:58","date_gmt":"2022-08-16T10:31:58","guid":{"rendered":"https:\/\/guide.zero-carbon-skane.org\/index.php\/southwest-metropolitan-zone\/vastkusten\/lomma\/"},"modified":"2023-03-24T12:21:59","modified_gmt":"2023-03-24T12:21:59","slug":"lomma","status":"publish","type":"page","link":"https:\/\/guide.zero-carbon-skane.org\/sv\/places\/southwest-metropolitan-zone\/vastkusten\/lomma\/","title":{"rendered":"Lomma"},"content":{"rendered":"<p>F\u00f6r bara tre decennier sedan var Lomma en v\u00e4lb\u00e4rgad liten strandn\u00e4ra enklav p\u00e5 Sk\u00e5nes v\u00e4stkust, och ett popul\u00e4rt resm\u00e5l f\u00f6r dagsturister fr\u00e5n <a href=\"https:\/\/guide.zero-carbon-skane.org\/sv\/places\/southwest-metropolitan-zone\/greater-malmo\/\" data-type=\"page\" data-id=\"8\">Malm\u00f6<\/a>, <a href=\"https:\/\/guide.zero-carbon-skane.org\/sv\/places\/southwest-metropolitan-zone\/lund\/\" data-type=\"page\" data-id=\"18\">Lund<\/a> och orter l\u00e4ngre bort, s\u00e4rskilt under sommaren.<\/p>\n\n\n\n<p>Det \u00e4r fortfarande ett popul\u00e4rt resm\u00e5l, men allt f\u00e4rre m\u00e4nniskor bor h\u00e4r permanent: de intr\u00e4ngande haven, och den svenska statens f\u00f6rsiktiga inst\u00e4llning till att hantera risken f\u00f6r s\u00e5dana, inneb\u00e4r att mycket av denna kommun har \u00f6verl\u00e4mnats till naturen och tilldelats <a href=\"https:\/\/guide.zero-carbon-skane.org\/sv\/activities\/sightseeing\/living-it-up-in-liminal-landscapes-flexmark\/\" data-type=\"page\" data-id=\"309\">flexmark status<\/a>. Om du har en \u00e4ventyrlig anda, dock, <a href=\"https:\/\/guide.zero-carbon-skane.org\/sv\/places\/southwest-metropolitan-zone\/roadside-picnic-abandoned-infrastructure-and-liminal-lands-along-the-lower-west-coast\/\" data-type=\"page\" data-id=\"439\">finns det mycket att se h\u00e4r ute<\/a>.<\/p>","protected":false},"excerpt":{"rendered":"<p>Den svenska statens f\u00f6rsiktiga inst\u00e4llning till att hantera risken f\u00f6r s\u00e5dana, inneb\u00e4r att en stor del av denna kommun har \u00f6verl\u00e4mnats till naturen och tilldelats status som flexmark.<\/p>","protected":false},"author":1,"featured_media":1011,"parent":29,"menu_order":0,"comment_status":"closed","ping_status":"closed","template":"","meta":{"footnotes":""},"categories":[],"tags":[],"class_list":["post-32","page","type-page","status-publish","has-post-thumbnail","hentry"],"jetpack_sharing_enabled":true,"_links":{"self":[{"href":"https:\/\/guide.zero-carbon-skane.org\/sv\/wp-json\/wp\/v2\/pages\/32","targetHints":{"allow":["GET"]}}],"collection":[{"href":"https:\/\/guide.zero-carbon-skane.org\/sv\/wp-json\/wp\/v2\/pages"}],"about":[{"href":"https:\/\/guide.zero-carbon-skane.org\/sv\/wp-json\/wp\/v2\/types\/page"}],"author":[{"embeddable":true,"href":"https:\/\/guide.zero-carbon-skane.org\/sv\/wp-json\/wp\/v2\/users\/1"}],"replies":[{"embeddable":true,"href":"https:\/\/guide.zero-carbon-skane.org\/sv\/wp-json\/wp\/v2\/comments?post=32"}],"version-history":[{"count":2,"href":"https:\/\/guide.zero-carbon-skane.org\/sv\/wp-json\/wp\/v2\/pages\/32\/revisions"}],"predecessor-version":[{"id":1012,"href":"https:\/\/guide.zero-carbon-skane.org\/sv\/wp-json\/wp\/v2\/pages\/32\/revisions\/1012"}],"up":[{"embeddable":true,"href":"https:\/\/guide.zero-carbon-skane.org\/sv\/wp-json\/wp\/v2\/pages\/29"}],"wp:featuredmedia":[{"embeddable":true,"href":"https:\/\/guide.zero-carbon-skane.org\/sv\/wp-json\/wp\/v2\/media\/1011"}],"wp:attachment":[{"href":"https:\/\/guide.zero-carbon-skane.org\/sv\/wp-json\/wp\/v2\/media?parent=32"}],"wp:term":[{"taxonomy":"category","embeddable":true,"href":"https:\/\/guide.zero-carbon-skane.org\/sv\/wp-json\/wp\/v2\/categories?post=32"},{"taxonomy":"post_tag","embeddable":true,"href":"https:\/\/guide.zero-carbon-skane.org\/sv\/wp-json\/wp\/v2\/tags?post=32"}],"curies":[{"name":"wp","href":"https:\/\/api.w.org\/{rel}","templated":true}]}}