{"id":318,"date":"2022-10-31T12:08:23","date_gmt":"2022-10-31T12:08:23","guid":{"rendered":"https:\/\/guide.zero-carbon-skane.org\/?page_id=318"},"modified":"2023-03-24T11:34:53","modified_gmt":"2023-03-24T11:34:53","slug":"tour-de-force-skanors-safe-haven-tower","status":"publish","type":"page","link":"https:\/\/guide.zero-carbon-skane.org\/sv\/places\/southwest-metropolitan-zone\/vellinge\/naset\/falsterbo-skanor\/tour-de-force-skanors-safe-haven-tower\/","title":{"rendered":"Tour de kraft: Skan\u00f6rs trygghetstorn"},"content":{"rendered":"<p>Skan\u00f6rs gamla kyrka var en fristad f\u00f6r lokalbefolkningen under den historiska <em>Backafloden<\/em> stormen 1872: n\u00e4r \u00f6versv\u00e4mningen slog till flydde m\u00e4nniskorna i <a href=\"https:\/\/guide.zero-carbon-skane.org\/sv\/places\/southwest-metropolitan-zone\/naset\/falsterbo-skanor\/\" data-type=\"page\" data-id=\"28\">Skan\u00f6r<\/a>, till kyrkan och st\u00e4llde sig p\u00e5 kyrkb\u00e4nkarna f\u00f6r att undkomma vattnet. F\u00f6r att hedra denna historiska h\u00e4ndelse och f\u00f6r att utnyttja en byggnad som annars st\u00e5r tom en stor del av tiden, <a href=\"https:\/\/guide.zero-carbon-skane.org\/sv\/places\/southwest-metropolitan-zone\/vellinge\/\" data-type=\"page\" data-id=\"134\">Vellinge<\/a> valde kommunen att renovera kyrkan till den f\u00f6rsta officiella evakueringsanl\u00e4ggningen i Skan\u00f6r, och den invigdes som Trygghetstornet \u00e5r 2042, exakt 170 \u00e5r efter <em>Backafloden<\/em>.<\/p>\n\n\n\n<figure class=\"wp-block-image size-large\"><img loading=\"lazy\" decoding=\"async\" width=\"1024\" height=\"627\" src=\"https:\/\/guide.zero-carbon-skane.org\/wp-content\/uploads\/2022\/10\/skanors_kyrka-1024x627.jpeg\" alt=\"\" class=\"wp-image-319\" srcset=\"https:\/\/guide.zero-carbon-skane.org\/wp-content\/uploads\/2022\/10\/skanors_kyrka-1024x627.jpeg 1024w, https:\/\/guide.zero-carbon-skane.org\/wp-content\/uploads\/2022\/10\/skanors_kyrka-300x184.jpeg 300w, https:\/\/guide.zero-carbon-skane.org\/wp-content\/uploads\/2022\/10\/skanors_kyrka-768x470.jpeg 768w, https:\/\/guide.zero-carbon-skane.org\/wp-content\/uploads\/2022\/10\/skanors_kyrka-1536x941.jpeg 1536w, https:\/\/guide.zero-carbon-skane.org\/wp-content\/uploads\/2022\/10\/skanors_kyrka.jpeg 1680w\" sizes=\"auto, (max-width: 1024px) 100vw, 1024px\" \/><figcaption class=\"wp-element-caption\">Kyrkan i Skan\u00f6r | Bild med tillst\u00e5nd <a href=\"https:\/\/www.svenskakyrkan.se\/skanorfalsterbo\/skanors-kyrka\">Svenska Kyrkan<\/a><\/figcaption><\/figure>\n\n\n\n<p>Mycket av byggnadens ursprungliga arkitektur har bevarats: under renoveringen installerades en upph\u00f6jd plattform runt mittskeppet f\u00f6r att kunna ta emot ett st\u00f6rre antal evakuerade och f\u00f6r att s\u00e4kerst\u00e4lla att anl\u00e4ggningen \u00e4r tillg\u00e4nglig f\u00f6r funktionshindrade och \u00e4ldre personer. Kyrkan anv\u00e4nds naturligtvis fortfarande f\u00f6r religi\u00f6sa ceremonier - br\u00f6llop h\u00e4r har blivit ganska popul\u00e4ra under de senaste \u00e5ren - och det finns guidade turer som ber\u00e4ttar om stadens och kyrkans historia, samt beskriver de senaste insatserna n\u00e4r det g\u00e4ller katastroff\u00f6rebyggande och evakueringsplanen f\u00f6r Skan\u00f6r. Du kan till och med g\u00e5 upp p\u00e5 plattformen och se f\u00f6rvaringssk\u00e5pen som inneh\u00e5ller en hel rad n\u00f6df\u00f6rn\u00f6denheter: f\u00e4ltk\u00f6k, konserver, ficklampor, handvevade radioapparater, allt finns h\u00e4r!&nbsp;<\/p>\n\n\n\n<p>Den gamla kyrkan har ocks\u00e5 blivit en symbol f\u00f6r <a href=\"https:\/\/guide.zero-carbon-skane.org\/sv\/history\/noll-poang-swedens-visions-zero\/\" data-type=\"page\" data-id=\"322\">den svenska regeringens nollvision i Sk\u00e5ne<\/a>, och av initiativet trygghetstornet som lanserades samtidigt. I Vellinges fotsp\u00e5r \u00e4r nu alla kustkommuner skyldiga att bygga evakueringstorn i omr\u00e5den d\u00e4r det finns en stor risk f\u00f6r \u00f6versv\u00e4mningar. Initiativet kritiserades d\u00e5 f\u00f6r att vara radikalt och \u00f6verambiti\u00f6st, eftersom evakueringstorn vanligtvis byggs i tsunamiriskomr\u00e5den d\u00e4r flodv\u00e5gorna kan bli flera meter h\u00f6ga; regeringen kontrade dock med att tornen kanske inte beh\u00f6ver vara s\u00e5 h\u00f6ga, men de beh\u00f6vs fortfarande i omr\u00e5den d\u00e4r det \u00e4r sv\u00e5rt att evakuera folk till h\u00f6gre mark (vilket \u00e4r fallet i stora delar av Sk\u00e5ne).<\/p>\n\n\n\n<p>I hopp om att avstigmatisera tornen och f\u00e5 m\u00e4nniskor att k\u00e4nna till dem har regeringen uppmuntrat kustsamh\u00e4llen att se sina torn som landm\u00e4rken. P\u00e5 m\u00e5nga platser har man till och med g\u00e5tt s\u00e5 l\u00e5ngt att man l\u00e5tit medborgarna r\u00f6sta om tornens utformning, vilket har resulterat i en del ganska udda f\u00f6rs\u00f6k att skapa ett lokalt \"varum\u00e4rke\". I <a href=\"https:\/\/guide.zero-carbon-skane.org\/sv\/places\/northeast-the-lakelands\/ahus\/\" data-type=\"page\" data-id=\"60\">\u00c5hus<\/a>, har ett torn i form av en \u00e5l blivit favoritf\u00f6rslaget, som en hyllning till omr\u00e5dets mest k\u00e4nda livsmedel, men det finns \u00e4nnu ingen v\u00e4lrenommerad arkitekt knuten till budet. P\u00e5 annat h\u00e5ll ryktas det att flera samh\u00e4llen har en p\u00e5g\u00e5ende tvist om vem som ska f\u00e5 bygga ett torn i form av en <em>spettekaka<\/em>, i samband med firandet av Sk\u00e5nes <s>lust f\u00f6r s\u00f6tsaker<\/s> <em>kulinariska arv<\/em>.<\/p>\n\n\n\n<figure class=\"wp-block-image size-full\"><img loading=\"lazy\" decoding=\"async\" width=\"714\" height=\"345\" src=\"https:\/\/guide.zero-carbon-skane.org\/wp-content\/uploads\/2022\/10\/spettekakstornet.jpeg\" alt=\"\" class=\"wp-image-320\" srcset=\"https:\/\/guide.zero-carbon-skane.org\/wp-content\/uploads\/2022\/10\/spettekakstornet.jpeg 714w, https:\/\/guide.zero-carbon-skane.org\/wp-content\/uploads\/2022\/10\/spettekakstornet-300x145.jpeg 300w\" sizes=\"auto, (max-width: 714px) 100vw, 714px\" \/><figcaption class=\"wp-element-caption\">En konstn\u00e4rs intryck av den f\u00f6reslagna <em>spettakakatornet<\/em> som trygghetstorn<\/figcaption><\/figure>","protected":false},"excerpt":{"rendered":"<p>Oavsett om du gillar att bes\u00f6ka religi\u00f6sa platser, utforska gammal arkitektur eller l\u00e4ra dig mer om katastroff\u00f6rebyggande, har Skan\u00f6rs trygghetstorn. <\/p>","protected":false},"author":1,"featured_media":319,"parent":28,"menu_order":0,"comment_status":"closed","ping_status":"closed","template":"","meta":{"footnotes":""},"categories":[5],"tags":[],"class_list":["post-318","page","type-page","status-publish","has-post-thumbnail","hentry","category-sightseeing"],"jetpack_sharing_enabled":true,"_links":{"self":[{"href":"https:\/\/guide.zero-carbon-skane.org\/sv\/wp-json\/wp\/v2\/pages\/318","targetHints":{"allow":["GET"]}}],"collection":[{"href":"https:\/\/guide.zero-carbon-skane.org\/sv\/wp-json\/wp\/v2\/pages"}],"about":[{"href":"https:\/\/guide.zero-carbon-skane.org\/sv\/wp-json\/wp\/v2\/types\/page"}],"author":[{"embeddable":true,"href":"https:\/\/guide.zero-carbon-skane.org\/sv\/wp-json\/wp\/v2\/users\/1"}],"replies":[{"embeddable":true,"href":"https:\/\/guide.zero-carbon-skane.org\/sv\/wp-json\/wp\/v2\/comments?post=318"}],"version-history":[{"count":5,"href":"https:\/\/guide.zero-carbon-skane.org\/sv\/wp-json\/wp\/v2\/pages\/318\/revisions"}],"predecessor-version":[{"id":982,"href":"https:\/\/guide.zero-carbon-skane.org\/sv\/wp-json\/wp\/v2\/pages\/318\/revisions\/982"}],"up":[{"embeddable":true,"href":"https:\/\/guide.zero-carbon-skane.org\/sv\/wp-json\/wp\/v2\/pages\/28"}],"wp:featuredmedia":[{"embeddable":true,"href":"https:\/\/guide.zero-carbon-skane.org\/sv\/wp-json\/wp\/v2\/media\/319"}],"wp:attachment":[{"href":"https:\/\/guide.zero-carbon-skane.org\/sv\/wp-json\/wp\/v2\/media?parent=318"}],"wp:term":[{"taxonomy":"category","embeddable":true,"href":"https:\/\/guide.zero-carbon-skane.org\/sv\/wp-json\/wp\/v2\/categories?post=318"},{"taxonomy":"post_tag","embeddable":true,"href":"https:\/\/guide.zero-carbon-skane.org\/sv\/wp-json\/wp\/v2\/tags?post=318"}],"curies":[{"name":"wp","href":"https:\/\/api.w.org\/{rel}","templated":true}]}}