{"id":311,"date":"2022-10-27T13:21:31","date_gmt":"2022-10-27T13:21:31","guid":{"rendered":"https:\/\/guide.zero-carbon-skane.org\/?page_id=311"},"modified":"2023-03-24T12:54:14","modified_gmt":"2023-03-24T12:54:14","slug":"flexival-the-low-water-festivals","status":"publish","type":"page","link":"https:\/\/guide.zero-carbon-skane.org\/sv\/activities\/events\/flexival-the-low-water-festivals\/","title":{"rendered":"Flexival! L\u00e5gvattenfestival(er)"},"content":{"rendered":"<p>L\u00e5gvattenfestivalerna (ofta kallade Flexival) h\u00e5lls vanligtvis fr\u00e5n b\u00f6rjan av juni till slutet av augusti i olika flexmarkzoner i Sk\u00e5ne - och precis som anv\u00e4ndningen av marken \u00e4r flexibel tar varje festival olika former beroende p\u00e5 plats, med olika lokala n\u00f6jen och godsaker. &nbsp;<\/p>\n\n\n\n<figure class=\"wp-block-image size-large\"><img loading=\"lazy\" decoding=\"async\" width=\"819\" height=\"1024\" src=\"https:\/\/guide.zero-carbon-skane.org\/wp-content\/uploads\/2022\/10\/flexival-819x1024.jpg\" alt=\"\" class=\"wp-image-312\" srcset=\"https:\/\/guide.zero-carbon-skane.org\/wp-content\/uploads\/2022\/10\/flexival-819x1024.jpg 819w, https:\/\/guide.zero-carbon-skane.org\/wp-content\/uploads\/2022\/10\/flexival-240x300.jpg 240w, https:\/\/guide.zero-carbon-skane.org\/wp-content\/uploads\/2022\/10\/flexival-768x960.jpg 768w, https:\/\/guide.zero-carbon-skane.org\/wp-content\/uploads\/2022\/10\/flexival-1229x1536.jpg 1229w, https:\/\/guide.zero-carbon-skane.org\/wp-content\/uploads\/2022\/10\/flexival-1638x2048.jpg 1638w, https:\/\/guide.zero-carbon-skane.org\/wp-content\/uploads\/2022\/10\/flexival-scaled.jpg 2048w\" sizes=\"auto, (max-width: 819px) 100vw, 819px\" \/><figcaption class=\"wp-element-caption\">Kristianstad tr\u00e4skpunkare <em>De Sm\u00e5 Groderna<\/em> v\u00e4rmer upp Flexival-publiken | image by <a href=\"https:\/\/unsplash.com\/photos\/0ThHH_Kd2SU\" data-type=\"URL\" data-id=\"https:\/\/unsplash.com\/photos\/0ThHH_Kd2SU\">Pavel Pjatakov<\/a><\/figcaption><\/figure>\n\n\n\n<p>Solcellsdrivna food trucks med lokalproducerad mat och sprit rullar ut p\u00e5 flexmarken f\u00f6r att servera f\u00e4rska l\u00e4ckerheter, medan band och artister - vanligtvis en blandning av lokala hj\u00e4ltar och stora namn fr\u00e5n den europeiska turn\u00e9scenen - ger sitt ljud och raseri till dessa begr\u00e4nsade landskap. Flexivalerna p\u00e5g\u00e5r vanligtvis i ett par dagar - om v\u00e4dret till\u00e5ter, f\u00f6rst\u00e5s - och om du f\u00f6redrar en natt under bar himmel finns det s\u00e4rskilda campingomr\u00e5den d\u00e4r du kan parkera din e-van och s\u00e4tta upp t\u00e4lt f\u00f6r camping. Precis som andra storstadsfestivaler \u00e4r flexivals offentligt finansierade och gratis f\u00f6r alla att delta i, oavsett om man \u00e4r lokalinv\u00e5nare eller turist. Men b\u00f6terna f\u00f6r att inte f\u00f6lja <a href=\"https:\/\/guide.zero-carbon-skane.org\/sv\/activities\/sightseeing\/living-it-up-in-liminal-landscapes-flexmark\/\" data-type=\"page\" data-id=\"309\">flexmark-reglerna<\/a> \u00e4r h\u00f6ga, s\u00e5 se till att du l\u00e4ser p\u00e5 om de viktiga grejerna.<\/p>\n\n\n\n<p>VIKTIGT! Om \u00f6versv\u00e4mningslarmet ljuder - det har bara h\u00e4nt en eller tv\u00e5 g\u00e5nger tidigare - \u00e4r det dags att bege sig in\u00e5t landet och undvika stormfloden! Det finns dock ingen anledning till panik: det finns gott om tid att s\u00e4tta sig i s\u00e4kerhet, eftersom v\u00e4dret \u00f6vervakas mycket noga av myndigheterna.&nbsp;&nbsp;<\/p>","protected":false},"excerpt":{"rendered":"<p>N\u00e4r vattnet \u00e4r borta leker m\u00e4nniskorna! Under sommaren n\u00e4r vattenniv\u00e5n \u00e4r l\u00e5g och risken f\u00f6r stormfloder och \u00f6versv\u00e4mningar \u00e4r liten utnyttjar m\u00e4nniskor flexmarkomr\u00e5den genom att anordna popup-festivaler. <\/p>","protected":false},"author":1,"featured_media":312,"parent":99,"menu_order":0,"comment_status":"closed","ping_status":"closed","template":"","meta":{"footnotes":""},"categories":[],"tags":[],"class_list":["post-311","page","type-page","status-publish","has-post-thumbnail","hentry"],"jetpack_sharing_enabled":true,"_links":{"self":[{"href":"https:\/\/guide.zero-carbon-skane.org\/sv\/wp-json\/wp\/v2\/pages\/311","targetHints":{"allow":["GET"]}}],"collection":[{"href":"https:\/\/guide.zero-carbon-skane.org\/sv\/wp-json\/wp\/v2\/pages"}],"about":[{"href":"https:\/\/guide.zero-carbon-skane.org\/sv\/wp-json\/wp\/v2\/types\/page"}],"author":[{"embeddable":true,"href":"https:\/\/guide.zero-carbon-skane.org\/sv\/wp-json\/wp\/v2\/users\/1"}],"replies":[{"embeddable":true,"href":"https:\/\/guide.zero-carbon-skane.org\/sv\/wp-json\/wp\/v2\/comments?post=311"}],"version-history":[{"count":2,"href":"https:\/\/guide.zero-carbon-skane.org\/sv\/wp-json\/wp\/v2\/pages\/311\/revisions"}],"predecessor-version":[{"id":1033,"href":"https:\/\/guide.zero-carbon-skane.org\/sv\/wp-json\/wp\/v2\/pages\/311\/revisions\/1033"}],"up":[{"embeddable":true,"href":"https:\/\/guide.zero-carbon-skane.org\/sv\/wp-json\/wp\/v2\/pages\/99"}],"wp:featuredmedia":[{"embeddable":true,"href":"https:\/\/guide.zero-carbon-skane.org\/sv\/wp-json\/wp\/v2\/media\/312"}],"wp:attachment":[{"href":"https:\/\/guide.zero-carbon-skane.org\/sv\/wp-json\/wp\/v2\/media?parent=311"}],"wp:term":[{"taxonomy":"category","embeddable":true,"href":"https:\/\/guide.zero-carbon-skane.org\/sv\/wp-json\/wp\/v2\/categories?post=311"},{"taxonomy":"post_tag","embeddable":true,"href":"https:\/\/guide.zero-carbon-skane.org\/sv\/wp-json\/wp\/v2\/tags?post=311"}],"curies":[{"name":"wp","href":"https:\/\/api.w.org\/{rel}","templated":true}]}}