{"id":31,"date":"2022-08-16T10:31:58","date_gmt":"2022-08-16T10:31:58","guid":{"rendered":"https:\/\/guide.zero-carbon-skane.org\/index.php\/southwest-metropolitan-zone\/vastkusten\/barseback\/"},"modified":"2023-03-24T12:24:19","modified_gmt":"2023-03-24T12:24:19","slug":"barseback","status":"publish","type":"page","link":"https:\/\/guide.zero-carbon-skane.org\/sv\/places\/southwest-metropolitan-zone\/vastkusten\/kavlinge\/barseback\/","title":{"rendered":"Barseb\u00e4ck"},"content":{"rendered":"<p>Det \u00e4r lite or\u00e4ttvist, men det g\u00e5r inte att komma ifr\u00e5n: Barseb\u00e4ck \u00e4r mest k\u00e4nt som platsen f\u00f6r Sk\u00e5nes enda k\u00e4rnkraftverk. Det har inte varit i drift p\u00e5 l\u00e4nge... men efter att det f\u00f6rst togs ur drift runt sekelskiftet lades olika planer fram f\u00f6r att f\u00e5 ig\u00e5ng det igen, men ingen av dem resulterade i att n\u00e5gra nya atomjoule pumpades in i det sk\u00e5nska eln\u00e4tet. (Den verkliga huvudkarakt\u00e4ren i den h\u00e4r historien \u00e4r dock <a href=\"https:\/\/guide.zero-carbon-skane.org\/sv\/places\/southwest-metropolitan-zone\/staffanstorp\/\" data-type=\"page\" data-id=\"26\">Staffanstorp<\/a>, s\u00e5 det \u00e4r d\u00e4r vi har ber\u00e4ttat det).<\/p>\n\n\n\n<p>\u00c4ven om det \u00e4r klokt att ha en sund respekt och f\u00f6rsiktighet n\u00e4r det g\u00e4ller radioaktivitet, f\u00f6rs\u00e4krar b\u00e5de politiker och forskare oss att det inte finns n\u00e5gon betydande risk med att vistas i n\u00e4rheten av det gamla kraftverket, som fortfarande st\u00e5r vid strandlinjen, s\u00e5 l\u00e4nge du inte f\u00f6rs\u00f6ker ta dig \u00f6ver st\u00e4ngslet - ett popul\u00e4rt men dumt tidsf\u00f6rdriv f\u00f6r traktens ungdomar som k\u00e4nner att de m\u00e5ste visa sig modiga (eller dumma). Det betyder att du \u00e4r b\u00e5de fri och s\u00e4ker att vandra runt i det omgivande omr\u00e5det, som \u00e4r klassiskt f\u00f6r <a href=\"https:\/\/guide.zero-carbon-skane.org\/sv\/places\/southwest-metropolitan-zone\/vastkusten\/\" data-type=\"page\" data-id=\"29\"><em>v\u00e4stkusten<\/em> Sk\u00e5ne<\/a>, och v\u00e4l v\u00e4rt ett bes\u00f6k.<\/p>\n\n\n\n<p>Om du kommer hit p\u00e5 v\u00e4g upp l\u00e4ngs kusten fr\u00e5n <a href=\"https:\/\/guide.zero-carbon-skane.org\/sv\/places\/southwest-metropolitan-zone\/roadside-picnic-abandoned-infrastructure-and-liminal-lands-along-the-lower-west-coast\/\" data-type=\"page\" data-id=\"439\">Flexmarken<\/a> i <a href=\"https:\/\/guide.zero-carbon-skane.org\/sv\/places\/southwest-metropolitan-zone\/vastkusten\/lomma\/\" data-type=\"page\" data-id=\"32\">Lomma<\/a> mot <a href=\"https:\/\/guide.zero-carbon-skane.org\/sv\/places\/northwest\/helsingborg\/\" data-type=\"page\" data-id=\"62\">Helsingborg<\/a>, kan du ta en promenad l\u00e4ngs den <em>strandpromenad<\/em> som g\u00e5r mellan L\u00f6ddesborgs slott och Barseb\u00e4cks hamn. Om du g\u00f6r det kommer du att se en f\u00e4rgglad v\u00e4gg direkt efter att du passerat Salviken; det \u00e4r h\u00e4r fiskeentusiaster fr\u00e5n hela Skandinavien samlas under sommaren, i hopp om att f\u00e5nga den tjockl\u00e4ppade gr\u00e5 multen. \u00c4ven om det inte l\u00e4ngre \u00e4r lika vanligt som under Barseb\u00e4cksreaktorns storhetstid (som brukade v\u00e4rma vattnet p\u00e5 ett s\u00e4tt som var mycket gynnsamt f\u00f6r multen), finns det fortfarande en god chans att f\u00e5 denna silverf\u00e4rgade och sv\u00e5rf\u00e5ngade fisk p\u00e5 kroken. Om du f\u00e5r en s\u00e5dan p\u00e5 kroken blir du inte bara en ber\u00f6md sportfiskare, utan f\u00e5r ocks\u00e5 f\u00f6rm\u00e5nen att skriva f\u00e5ngstdatum, fiskens vikt och ditt namn p\u00e5 v\u00e4ggen!<\/p>","protected":false},"excerpt":{"rendered":"<p>Det \u00e4r lite or\u00e4ttvist, men det g\u00e5r inte att komma ifr\u00e5n: Barseb\u00e4ck \u00e4r mest k\u00e4nt som platsen f\u00f6r Sk\u00e5nes enda k\u00e4rnkraftverk.<\/p>","protected":false},"author":1,"featured_media":746,"parent":33,"menu_order":0,"comment_status":"closed","ping_status":"closed","template":"","meta":{"footnotes":""},"categories":[],"tags":[],"class_list":["post-31","page","type-page","status-publish","has-post-thumbnail","hentry"],"jetpack_sharing_enabled":true,"_links":{"self":[{"href":"https:\/\/guide.zero-carbon-skane.org\/sv\/wp-json\/wp\/v2\/pages\/31","targetHints":{"allow":["GET"]}}],"collection":[{"href":"https:\/\/guide.zero-carbon-skane.org\/sv\/wp-json\/wp\/v2\/pages"}],"about":[{"href":"https:\/\/guide.zero-carbon-skane.org\/sv\/wp-json\/wp\/v2\/types\/page"}],"author":[{"embeddable":true,"href":"https:\/\/guide.zero-carbon-skane.org\/sv\/wp-json\/wp\/v2\/users\/1"}],"replies":[{"embeddable":true,"href":"https:\/\/guide.zero-carbon-skane.org\/sv\/wp-json\/wp\/v2\/comments?post=31"}],"version-history":[{"count":6,"href":"https:\/\/guide.zero-carbon-skane.org\/sv\/wp-json\/wp\/v2\/pages\/31\/revisions"}],"predecessor-version":[{"id":1015,"href":"https:\/\/guide.zero-carbon-skane.org\/sv\/wp-json\/wp\/v2\/pages\/31\/revisions\/1015"}],"up":[{"embeddable":true,"href":"https:\/\/guide.zero-carbon-skane.org\/sv\/wp-json\/wp\/v2\/pages\/33"}],"wp:featuredmedia":[{"embeddable":true,"href":"https:\/\/guide.zero-carbon-skane.org\/sv\/wp-json\/wp\/v2\/media\/746"}],"wp:attachment":[{"href":"https:\/\/guide.zero-carbon-skane.org\/sv\/wp-json\/wp\/v2\/media?parent=31"}],"wp:term":[{"taxonomy":"category","embeddable":true,"href":"https:\/\/guide.zero-carbon-skane.org\/sv\/wp-json\/wp\/v2\/categories?post=31"},{"taxonomy":"post_tag","embeddable":true,"href":"https:\/\/guide.zero-carbon-skane.org\/sv\/wp-json\/wp\/v2\/tags?post=31"}],"curies":[{"name":"wp","href":"https:\/\/api.w.org\/{rel}","templated":true}]}}