{"id":309,"date":"2022-10-27T13:14:04","date_gmt":"2022-10-27T13:14:04","guid":{"rendered":"https:\/\/guide.zero-carbon-skane.org\/?page_id=309"},"modified":"2023-03-24T12:38:41","modified_gmt":"2023-03-24T12:38:41","slug":"living-it-up-in-liminal-landscapes-flexmark","status":"publish","type":"page","link":"https:\/\/guide.zero-carbon-skane.org\/sv\/activities\/sightseeing\/living-it-up-in-liminal-landscapes-flexmark\/","title":{"rendered":"Att leva livet i gr\u00e4ns\u00f6verskridande landskap: flexmark"},"content":{"rendered":"<p><em>Flexmark<\/em> \u00e4r lika mycket en fysisk plats som det \u00e4r ett s\u00e4tt att t\u00e4nka om en plats... vissa anh\u00e4ngare skulle s\u00e4ga att det \u00e4r lika mycket en sinnesst\u00e4mning som n\u00e5got annat. Inte att f\u00f6rv\u00e4xla med demokratiska kvarter - \u00e4ven om det delar en del kulturellt och tidsm\u00e4ssigt DNA med <a href=\"https:\/\/guide.zero-carbon-skane.org\/sv\/places\/southwest-metropolitan-zone\/greater-malmo\/take-back-the-town-urban-flexblocks-in-malmo-and-beyond\/\" data-type=\"page\" data-id=\"307\">de gemensamt kontrollerade stadsrummen som Malm\u00f6 \u00e4r s\u00e4rskilt k\u00e4nt f\u00f6r<\/a>&#8212;<em>flexmark<\/em>, som bokstavligen betyder \"flexibel mark\", betecknar omr\u00e5den som periodvis \u00f6versv\u00e4mmas och d\u00e4rmed inte l\u00e4mpar sig f\u00f6r permanent bebyggelse... men som \u00e4nd\u00e5 \u00e4r anv\u00e4ndbara, och ibland vackra, vid andra tillf\u00e4llen.<\/p>\n\n\n\n<p>Inv\u00e5narna i Sk\u00e5nes kustsamh\u00e4llen har l\u00e4nge varit medvetna om att deras mark \u00e4r s\u00e5rbar f\u00f6r havsniv\u00e5h\u00f6jningar som orsakas av klimatf\u00f6r\u00e4ndringar. Traditionellt var f\u00f6rsvar den r\u00e5dande strategin: att bygga murar och vallar f\u00f6r att skydda fortsatt stadsexpansion - ett alternativ som i h\u00f6g grad f\u00f6redrogs av byggherrar (och, som en konsekvens av detta, av vissa politiker). F\u00f6r tre decennier sedan skedde dock en f\u00f6r\u00e4ndring i diskussionen om anpassningsalternativ till stigande hav och \u00f6versv\u00e4mningar i inlandet, eftersom tragiska bilder av brutna vallar och \u00f6versv\u00e4mmade st\u00e4der fr\u00e5n st\u00e4der runt om i v\u00e4rlden tvingade fram en ompr\u00f6vning av strategin - och misslyckandet med <a href=\"https:\/\/guide.zero-carbon-skane.org\/sv\/places\/southwest-metropolitan-zone\/vellinge\/naset\/falsterbo-skanor\/\" data-type=\"page\" data-id=\"28\">Skan\u00f6r-Falsterbo<\/a> 's skyddsvall, som l\u00e4nge f\u00f6rutsp\u00e5tts av dess kritiker, gjorde att Sk\u00e5ne fick upp \u00f6gonen f\u00f6r saken. Analysen av dessa olyckliga h\u00e4ndelser visade tydligt att risken f\u00f6r katastrofer var l\u00e4gre om bebyggelsen gjorde en strategisk retr\u00e4tt och l\u00e4t vattnet fl\u00f6da in mellan stadsrummen p\u00e5 ett kontrollerat s\u00e4tt. <\/p>\n\n\n\n<p>Sk\u00e5ne var och \u00e4r i stort sett inte p\u00e5 samma riskniv\u00e5 som till exempel New Orleans eller Bangladesh. Men l\u00e4gre risk \u00e4r inte <em>ingen<\/em> risk... s\u00e4rskilt inte i en pragmatisk och f\u00f6rsiktig kultur som den svenska, vars regering drog slutsatsen att en strategisk retr\u00e4tt skulle vara enklare och mindre riskfylld om den planerades och genomf\u00f6rdes i god tid. Kustn\u00e4ra bos\u00e4ttningar var de f\u00f6rsta att f\u00e5 sina flyttbesked, men inte de enda: vissa omr\u00e5den i och runt <a href=\"https:\/\/guide.zero-carbon-skane.org\/sv\/places\/northeast-the-lakelands\/kristianstad\/\" data-type=\"page\" data-id=\"58\">Kristianstad<\/a>, som l\u00e4nge har legat under havsytan, fick ocks\u00e5 sina marschordrar. Det \u00e4r f\u00f6rst\u00e5eligt att inv\u00e5narna inte var n\u00f6jda med omlokaliseringen, eftersom de hade knutit djupa ekonomiska och kulturella band till den mark d\u00e4r de bodde - och allm\u00e4nheten \u00e4lskade ofta ocks\u00e5 dessa platser, om \u00e4n bara som platser att bes\u00f6ka. Regeringen kom d\u00e4rf\u00f6r fram till en kompromiss: ist\u00e4llet f\u00f6r att \u00f6verge marken helt och h\u00e5llet gav de den ett nytt syfte och en ny beteckning. P\u00e5 s\u00e5 s\u00e4tt f\u00f6ddes <em>flexmark<\/em> begreppet.\u00a0<\/p>\n\n\n\n<p>Dags f\u00f6r lite byr\u00e5krati - vi lovar att det \u00e4r v\u00e4rt att l\u00e4sa till slutet. \u00c5r 2030 fick flexmarkerna sin egen regleringsbeteckning tillsammans med specifika r\u00e5d och koder f\u00f6r dess anv\u00e4ndning. Juridiskt sett \u00e4r en flexmark ett katastrofutsatt omr\u00e5de som \u00e4nnu inte har blivit s\u00e5 f\u00f6rst\u00f6rt att det inte kan hysa n\u00e5gra m\u00e4nskliga bos\u00e4ttningar alls; den potentiella skada och f\u00f6rlust av liv som skulle uppst\u00e5 om stormen eller jordskredet intr\u00e4ffade \u00e4r dock f\u00f6r stor f\u00f6r att accepteras, med tanke p\u00e5 dess \u00f6kande statistiska sannolikhet. D\u00e4rf\u00f6r f\u00e5r en flexmark endast anv\u00e4ndas f\u00f6r tillf\u00e4lliga funktioner som kan \u00e4ndras, flyttas eller \u00f6verges; kritisk infrastruktur, byggnader och f\u00f6retag flyttas successivt bort, s\u00e5 att andra funktioner kan ta deras plats. <\/p>\n\n\n\n<p>Resultaten kan vara ganska spektakul\u00e4ra, \u00e4ven om detta inte har gjort mycket f\u00f6r att lugna de omlokaliserade, som \u00e4r en ih\u00e5llande kraft i den lokala och regionala politiken. I <a href=\"https:\/\/guide.zero-carbon-skane.org\/sv\/places\/southwest-metropolitan-zone\/vellinge\/naset\/falsterbo-skanor\/\" data-type=\"page\" data-id=\"28\">Skan\u00f6r-Falsterbo<\/a>, kan du till exempel vandra i naturreservaten, medan andra sk\u00e5nska flexmarker nu \u00e4r hem f\u00f6r n\u00e5gra av Sveriges mest popul\u00e4ra campingplatser (mellan april och augusti). Andra \u00e4r fortfarande v\u00e4rd f\u00f6r stora idrottsturneringar: sandiga kuststr\u00e4ckor \u00e4r popul\u00e4ra bland beachvolleybollpubliken, medan \u00f6versv\u00e4mningsben\u00e4gna gr\u00e4s- och buskmarker periodvis invaderas av <a href=\"https:\/\/guide.zero-carbon-skane.org\/sv\/activities\/sports-wellbeing\/in-the-rough-skanes-wildgolf-scene\/\" data-type=\"page\" data-id=\"260\">Vildgolf<\/a> scenen. Men om sport och vandring inte \u00e4r n\u00e5got f\u00f6r dig kanske de kulturella l\u00e4ckerheterna i flexivals \u00e4r n\u00e5got f\u00f6r dig?<\/p>\n\n\n\n<p><strong>Flexival! L\u00e5gvattenfestival(er)<\/strong><\/p>\n\n\n\n<p>N\u00e4r vattnet \u00e4r borta leker m\u00e4nniskorna! Under sommaren n\u00e4r vattenniv\u00e5n \u00e4r l\u00e5g och risken f\u00f6r stormfloder och \u00f6versv\u00e4mningar \u00e4r liten utnyttjar m\u00e4nniskor flexmarkomr\u00e5den genom att anordna popup-festivaler. <a href=\"https:\/\/guide.zero-carbon-skane.org\/sv\/activities\/events\/flexival-the-low-water-festivals\/\" data-type=\"page\" data-id=\"311\">L\u00e5gvattenfestivalen (ofta kallad Flexival) arrangeras vanligtvis fr\u00e5n b\u00f6rjan av juni till slutet av augusti i olika flexmarkzoner i Sk\u00e5ne<\/a>- och precis som anv\u00e4ndningen av marken \u00e4r flexibel, tar festivalen olika former beroende p\u00e5 plats, med olika lokala n\u00f6jen och godsaker. Solcellsdrivna food trucks med lokalt producerad mat och sprit rullar rakt ut p\u00e5 flexmarken f\u00f6r att servera f\u00e4rska l\u00e4ckerheter, medan band och artister - en blandning av lokala hj\u00e4ltar och stora namn fr\u00e5n den europeiska turn\u00e9scenen - ger sitt ljud och sin ilska till dessa liminala landskap. Flexivalerna p\u00e5g\u00e5r vanligtvis i ett par dagar - om v\u00e4dret till\u00e5ter, f\u00f6rst\u00e5s - och om du f\u00f6redrar en natt under bar himmel finns det s\u00e4rskilda campingomr\u00e5den d\u00e4r du kan parkera din e-vans och s\u00e4tta upp t\u00e4lt f\u00f6r camping. Precis som andra storstadsfestivaler \u00e4r flexivals offentligt finansierade och gratis f\u00f6r alla att delta i, oavsett om man \u00e4r lokalinv\u00e5nare eller turist. B\u00f6terna f\u00f6r att inte f\u00f6lja flexmarkf\u00f6reskrifterna \u00e4r dock h\u00f6ga, s\u00e5 se till att du l\u00e4ser p\u00e5 om de tunga sakerna.\u00a0<\/p>\n\n\n\n<p>VIKTIGT! Om \u00f6versv\u00e4mningslarmet ljuder - det har bara h\u00e4nt en eller tv\u00e5 g\u00e5nger tidigare - \u00e4r det dags att bege sig in\u00e5t landet och undvika stormfloden! Det finns dock ingen anledning till panik: det finns gott om tid att s\u00e4tta sig i s\u00e4kerhet, eftersom v\u00e4dret \u00f6vervakas mycket noga av myndigheterna.&nbsp;&nbsp;<\/p>\n\n\n\n<p><strong>Flexmark-regler<\/strong><\/p>\n\n\n\n<p>Flexmark-omr\u00e5den omvandlas successivt i takt med att risken f\u00f6r katastrofer \u00f6kar. Ta till exempel kustomr\u00e5den: de kan se v\u00e4ldigt olika ut beroende p\u00e5 hur sannolikt det \u00e4r att de \u00f6versv\u00e4mmas. Omr\u00e5den i de inledande faserna av retr\u00e4tt kan ha mycket av sin kritiska infrastruktur och byggnader kvar, medan andra bara har ett f\u00e5tal permanenta byggnader; andra \u00e4r helt skrotade fr\u00e5n alla permanenta strukturer.<em> <\/em>Varje omr\u00e5de har d\u00e4rf\u00f6r en s\u00e4rskild upps\u00e4ttning lokala f\u00f6rordningar - s\u00e5 var noga med att l\u00e4sa skyltarna vid gr\u00e4ns\u00f6verg\u00e5ngarna!<\/p>\n\n\n\n<p><strong>V\u00e4gledning f\u00f6r planering<\/strong><\/p>\n\n\n\n<p>Planerar du ett bes\u00f6k i flexmark? Bra - men t\u00e4nk som en svensk och planera i f\u00f6rv\u00e4g. H\u00e4r \u00e4r n\u00e5gra viktiga saker att t\u00e4nka p\u00e5:<\/p>\n\n\n\n<ul class=\"wp-block-list\">\n<li><strong>Energidiet<\/strong>. P\u00e5 grund av att elinfrastrukturen har dragits in \u00e4r det ont om energi; visst, i v\u00e4lsk\u00f6tta omr\u00e5den kan du <em>kanske<\/em> hitta en solcellsladdningsstolpe, men du m\u00e5ste sannolikt k\u00f6a (ta en numrerad biljett om du inte vill reta upp lokalbefolkningen), och m\u00e5nga flexmarknader \u00e4r i princip e-barri\u00e4rer.<\/li>\n\n\n\n<li><strong>Begr\u00e4nsningar f\u00f6r fordon<\/strong>. Att dra upp fordon ur \u00f6versv\u00e4mningsvatten \u00e4r dyrt f\u00f6r de lokala myndigheterna, f\u00f6r att inte tala om ett stort besv\u00e4r. D\u00e4rf\u00f6r \u00e4r bilar och sk\u00e5pbilar str\u00e4ngt f\u00f6rbjudna i vissa flexmarker, medan du i andra m\u00e5ste ha ett fulladdat batteri \u00e4ven om du bara stannar en timme eller tv\u00e5. Se till att ladda upp innan du \u00e5ker!<\/li>\n\n\n\n<li><strong>Toaletter och avfall<\/strong>. T\u00e4nk p\u00e5 att det kan vara sv\u00e5rt att hitta toaletter p\u00e5 flexmark. Vissa platser s\u00e4tter upp porta-potties under h\u00f6gs\u00e4song, men andra g\u00f6r det inte - s\u00e5 var beredd! (Om du inte \u00e4r beredd att g\u00f6ra dina \u00e4renden i pappersp\u00e5sar och ta med dig dem, s\u00e5 \u00e4r kanske flexmark inte n\u00e5got f\u00f6r dig). B\u00f6terna f\u00f6r nedskr\u00e4pning \u00e4r ocks\u00e5 skyh\u00f6ga... s\u00e5 \"l\u00e4mna inget annat \u00e4n fotsp\u00e5r\", som den gamla klyschan lyder.<\/li>\n\n\n\n<li><strong>Restriktionsomr\u00e5den och s\u00e4songs\u00f6ppet<\/strong>. Se till att ta reda p\u00e5 vilka \u00f6ppettider som g\u00e4ller f\u00f6r s\u00e4songen f\u00f6r den flexmark du planerar att bes\u00f6ka: p\u00e5 grund av \u00f6kad \u00f6versv\u00e4mningsrisk kan de vara st\u00e4ngda under senh\u00f6sten och vintern. Trots hotet om b\u00f6ter och \u00e5tal f\u00f6r dem som g\u00f6r intr\u00e5ng under dessa tider, g\u00e5r vissa \u00e4ventyrliga (eller kanske bara upproriska) grupper dit \u00e4nd\u00e5. Ibland \u00e4r det bara de lokala ton\u00e5ringarna, men det finns \u00e5terfallsf\u00f6rbrytare, en r\u00f6relse som identifierar sig som Flexarna: de ser flexm\u00e4rken som ett tecken p\u00e5 samh\u00e4llets svaghet och feghet, och h\u00e4vdar att det helt enkelt kr\u00e4vs ett annat tankes\u00e4tt f\u00f6r att leva i dessa katastrofutsatta omr\u00e5den. S\u00e4rskilt under vinterhalv\u00e5ret, n\u00e4r uppm\u00e4rksamheten \u00e4r p\u00e5 annat h\u00e5ll, tar sig Flexarna in i de begr\u00e4nsade zonerna med alla medel, bygger upp skydd som de h\u00e4vdar kan st\u00e5 emot allt, och sl\u00e5r sig sedan ner f\u00f6r att bli fulla p\u00e5 hembr\u00e4nt och skryta f\u00f6r varandra om sitt mod. Denna olagliga verksamhet lockar en del \u00e5sk\u00e5dare, s\u00e4rskilt om det g\u00e5r ett rykte om att tv\u00e5 eller flera Flexie-klaner planerar en \"build-off\" - men detta h\u00f6griskbeteende uppmuntras inte av de lokala myndigheterna (eller av oss). Om du blir p\u00e5kommen d\u00e4r ute med Flexies kommer polisen inte att behandla dig annorlunda. Du har blivit varnad!<\/li>\n<\/ul>","protected":false},"excerpt":{"rendered":"<p><em>Flexmark<\/em> betecknar omr\u00e5den som periodvis \u00f6versv\u00e4mmas och d\u00e4rmed \u00e4r ol\u00e4mpliga f\u00f6r permanent boende ... men som \u00e4nd\u00e5 \u00e4r anv\u00e4ndbara, och faktiskt ibland vackra, vid andra tidpunkter.<\/p>","protected":false},"author":1,"featured_media":844,"parent":97,"menu_order":0,"comment_status":"closed","ping_status":"closed","template":"","meta":{"footnotes":""},"categories":[],"tags":[],"class_list":["post-309","page","type-page","status-publish","has-post-thumbnail","hentry"],"jetpack_sharing_enabled":true,"_links":{"self":[{"href":"https:\/\/guide.zero-carbon-skane.org\/sv\/wp-json\/wp\/v2\/pages\/309","targetHints":{"allow":["GET"]}}],"collection":[{"href":"https:\/\/guide.zero-carbon-skane.org\/sv\/wp-json\/wp\/v2\/pages"}],"about":[{"href":"https:\/\/guide.zero-carbon-skane.org\/sv\/wp-json\/wp\/v2\/types\/page"}],"author":[{"embeddable":true,"href":"https:\/\/guide.zero-carbon-skane.org\/sv\/wp-json\/wp\/v2\/users\/1"}],"replies":[{"embeddable":true,"href":"https:\/\/guide.zero-carbon-skane.org\/sv\/wp-json\/wp\/v2\/comments?post=309"}],"version-history":[{"count":3,"href":"https:\/\/guide.zero-carbon-skane.org\/sv\/wp-json\/wp\/v2\/pages\/309\/revisions"}],"predecessor-version":[{"id":1022,"href":"https:\/\/guide.zero-carbon-skane.org\/sv\/wp-json\/wp\/v2\/pages\/309\/revisions\/1022"}],"up":[{"embeddable":true,"href":"https:\/\/guide.zero-carbon-skane.org\/sv\/wp-json\/wp\/v2\/pages\/97"}],"wp:featuredmedia":[{"embeddable":true,"href":"https:\/\/guide.zero-carbon-skane.org\/sv\/wp-json\/wp\/v2\/media\/844"}],"wp:attachment":[{"href":"https:\/\/guide.zero-carbon-skane.org\/sv\/wp-json\/wp\/v2\/media?parent=309"}],"wp:term":[{"taxonomy":"category","embeddable":true,"href":"https:\/\/guide.zero-carbon-skane.org\/sv\/wp-json\/wp\/v2\/categories?post=309"},{"taxonomy":"post_tag","embeddable":true,"href":"https:\/\/guide.zero-carbon-skane.org\/sv\/wp-json\/wp\/v2\/tags?post=309"}],"curies":[{"name":"wp","href":"https:\/\/api.w.org\/{rel}","templated":true}]}}