{"id":307,"date":"2022-10-27T08:57:59","date_gmt":"2022-10-27T08:57:59","guid":{"rendered":"https:\/\/guide.zero-carbon-skane.org\/?page_id=307"},"modified":"2023-03-24T10:28:39","modified_gmt":"2023-03-24T10:28:39","slug":"take-back-the-town-urban-flexblocks-in-malmo-and-beyond","status":"publish","type":"page","link":"https:\/\/guide.zero-carbon-skane.org\/sv\/places\/southwest-metropolitan-zone\/greater-malmo\/take-back-the-town-urban-flexblocks-in-malmo-and-beyond\/","title":{"rendered":"Ta tillbaka staden: urbana demokratiska kvarter i Malm\u00f6 (och s\u00e5 vidare)"},"content":{"rendered":"<p>Den sk\u00e5nska traditionen med \"demokratiska kvarter\" \u00e4r n\u00e5got av en utmaning f\u00f6r en reseguide, med tanke p\u00e5 att en reseguide \u00e4r t\u00e4nkt att ber\u00e4tta vad som h\u00e4nder och var det finns: medan platsen f\u00f6r ett demokratisk kvarter kan vara ganska stabil, kan det vara mer utmanande att veta exakt vad som kommer att h\u00e4nda d\u00e4r fr\u00e5n en vecka till n\u00e4sta.<\/p>\n\n\n\n<p>Med detta sagt kan man \u00e5tminstone generalisera: demokratiska kvarter \u00e4r ett stadsfenomen, d\u00e4r de allra flesta av Sk\u00e5nes exempel finns i ett femtiotal exempel i <a href=\"https:\/\/guide.zero-carbon-skane.org\/sv\/places\/southwest-metropolitan-zone\/greater-malmo\/\" data-type=\"page\" data-id=\"8\">Malm\u00f6<\/a>, och de \u00e4r alla knutna till ett visst grannskap, vilket i sin tur tenderar att p\u00e5verka den allm\u00e4nna atmosf\u00e4ren p\u00e5 platsen. Eller, enklare sagt: demokratiska kvarter \u00e4r vad som h\u00e4nder n\u00e4r ett grannskap kollektivt best\u00e4mmer vad det vill g\u00f6ra med en ledig tomt som det officiella utvecklingssystemet har valt att ignorera. <\/p>\n\n\n\n<p>De b\u00f6r d\u00e4rf\u00f6r inte f\u00f6rv\u00e4xlas med <em>sommargatorna<\/em> som staden f\u00f6rvaltar, d\u00e4r trafiken st\u00e4ngs av under den soliga halvan av \u00e5ret, f\u00f6rl\u00e4nger restaurangernas uteserveringar och tillhandah\u00e5ller gatum\u00f6bler. Missf\u00f6rst\u00e5 oss inte, <em>sommargatorna<\/em> \u00e4r fina - men demokratiska kvarter \u00e4r n\u00e5got helt annat.<\/p>\n\n\n\n<h4 class=\"wp-block-heading\">Stadsomr\u00e5den i f\u00f6r\u00e4ndring<\/h4>\n\n\n\n<p>Lite bakgrund kan vara till hj\u00e4lp h\u00e4r. Sedan b\u00f6rjan av 2000-talet (och tidigare \u00e4n s\u00e5 skulle det visa sig) har det funnits en v\u00e4xande global debatt om anv\u00e4ndningen av stadsrummet som b\u00f6rjade bland aktivister och akademiker (d\u00e4r de senare starkt drog nytta av den franske teoretikern Henri Lefebvres skrifter fr\u00e5n 1900-talet) innan debatten sakta arbetade sig in i de mer radikala h\u00f6rnen av st\u00e4der \u00f6ver hela v\u00e4rlden. Malm\u00f6 har alltid varit v\u00e4l f\u00f6rsedd med s\u00e5dana radikala h\u00f6rn - till stor f\u00f6rtret f\u00f6r dess mer konventionella inv\u00e5nare och f\u00f6r resten av Sverige - s\u00e5 det borde inte komma som n\u00e5gon \u00f6verraskning att det var en hotspot f\u00f6r de aktiviteter som skulle komma att bli anh\u00e4ngare av demokratiska kvarter.<\/p>\n\n\n\n<p>Det \u00e4r sv\u00e5rt att kartl\u00e4gga historien bakom aktivism, men de flesta Malm\u00f6bor - f\u00f6r eller emot demokratiska kvarter - skulle nog h\u00e5lla med om att stadens avhysning av migrantl\u00e4gret i \u00d6stra Sofielund i slutet av 2010-talet var en av gnistorna som t\u00e4nde elden i r\u00f6relsen <em>\u00c4ga Rum!<\/em> som i sin tur skapade momentum f\u00f6r diskussioner om det urbana offentliga rummet genom sina olika aktioner och husockupationsprojekt i Lund och Malm\u00f6. R\u00f6relsen - vars namn leker med den dubbla betydelsen av att \u00e5 ena sidan n\u00e5got (t.ex. en h\u00e4ndelse eller handling) som \u00e4ger rum (eller sker), och \u00e5 andra sidan ett mer bokstavligt anspr\u00e5k i att \u00e4ga ett utrymme - kr\u00e4vde att \"tomma\" stadsutrymmen skulle omvandlas till utrymmen d\u00e4r lokala inv\u00e5nare kunde roa sig, samtidigt som de ocks\u00e5 kr\u00e4vde ett starkare demokratiskt inflytande f\u00f6r medborgarna i utformningen av offentliga utrymmen. <\/p>\n\n\n\n<p>Fr\u00e5n <em>\u00c4ga Rum<\/em>, (och Malm\u00f6 stads f\u00f6rs\u00f6k att f\u00f6rbjuda r\u00f6relsen) kom den demokratiska kvarters-modellen som kombinerade frig\u00f6randet av outvecklad (eller underutvecklad) stadsyta med mer deltagandebaserade metoder f\u00f6r lokal demokrati. F\u00f6r att skapa en k\u00e4nsla av lokal gemenskap och se till att dessa platser sk\u00f6ttes om inr\u00e4ttade kommunen styrelser med lokala medborgare som representerade grannskapet. <em>\u00c4ga Rum<\/em>s stora seger var att de lokala styrelserna utlovades en 10-\u00e5rsperiod med kontroll \u00f6ver platserna, varefter \"hyresavtalet\" skulle komma upp f\u00f6r granskning. Detta har resulterat i ett slags lokalt halv\u00e4gande av de demokratiska kvarteren och ett f\u00f6rtroende f\u00f6r att de inte bara tj\u00e4nar till att skapa kulturella hotspots och driva upp fastighetspriserna i omr\u00e5det - ett fenomen som \u00e4r alltf\u00f6r bekant fr\u00e5n 2010- och 2020-talens gentrifierande \"popup-urbanism\". <\/p>\n\n\n\n<p>Trots att de \u00e4r t\u00e4nkta att vara \u00f6ppna f\u00f6r alla har vissa demokratiska kvarter blivit tysta gated communities: bes\u00f6kare \u00e4r inte formellt utest\u00e4ngda, men de k\u00e4nnetecknas \u00e4nd\u00e5 av en n\u00e5got fientlig atmosf\u00e4r f\u00f6r <em>utomst\u00e5ende.<\/em> Dessutom \u00e4r flexblocken inte riktigt de \"fickutopier\" (engelska: pocket utopias) som de ibland beskrivs som, tack vare stadens veto mot f\u00f6reslagna anv\u00e4ndningsomr\u00e5den. Under 2030-talet kommer till exempel <a href=\"https:\/\/guide.zero-carbon-skane.org\/sv\/places\/southwest-metropolitan-zone\/greater-malmo\/kirseberg\/\" data-type=\"page\" data-id=\"13\">Kirseberg<\/a> att f\u00f6rs\u00f6ka anv\u00e4nda sitt demokratiska kvarter f\u00f6r att ta emot klimatmigranter, ett f\u00f6rslag som avslogs av kommunen. P\u00e5 grund av detta och andra liknande fall p\u00e5 andra h\u00e5ll avf\u00e4rdas demokratiska kvarters-fenomenet ibland av radikaler och aktivister som ren symbolik, och dess deltagandeprocesser fungerar som ett slags \"demokratitv\u00e4tt\".<\/p>\n\n\n\n<h4 class=\"wp-block-heading\">Kvartersbundna godsaker<\/h4>\n\n\n\n<p>Som namnet antyder \u00e4r demokratiska kvarter demokratiska (\u00e5tminstone i teorin), s\u00e5 vad du kommer att se beror p\u00e5 n\u00e4r du bes\u00f6ker dem. De \u00e4r strikt icke-kommersiella, \u00e5tminstone i princip, men det brukar finnas n\u00e5gra bra matst\u00e4llen - \u00e4ven om du endast kan bara med Swish, Sveriges l\u00e5ngvariga peer-to-peer mobilbetalningssystem, vilket kan g\u00f6ra det knepigt f\u00f6r icke-svenskar att g\u00f6ra transaktioner (b\u00e4sta tipset: bli v\u00e4n med lokalbefolkningen!).<\/p>\n\n\n\n<p>De demokratiska kvarteren f\u00f6rvaltas av lokalsamh\u00e4llet i samarbete med kommunen, och de aktiviteter som anordnas varierar d\u00e4rf\u00f6r och tenderar att vara symboliska f\u00f6r det lokala grannskapet. Till exempel \u00e4r det demokratiska kvarteret i Norra Sofielund v\u00e4lk\u00e4nt f\u00f6r sin \"ta med din egen \u00f6l\"-till \u00f6lprovningsfestivalen i slutet av augusti, med endast icke-kommersiella brygder som tillverkats i omr\u00e5det, medan \u00d6stra Sorgenfri ofta anv\u00e4nder sitt demokratiska kvarter f\u00f6r att f\u00f6rl\u00e4nga arvet efter den informella ockuperade skateparken som d\u00f6k upp i slutet av 2010-talet. Om du \u00e4r i Malm\u00f6 under vintern kanske du till och med har turen att kunna \u00e5ka skridskor - \u00e4ven om skridskobanor har blivit en s\u00e4llsynthet i takt med att vintertemperaturerna har stigit. <\/p>\n\n\n\n<p>F\u00f6r aktuell information om vad som f\u00f6r n\u00e4rvarande finns i de lokala demokratiska kvarteren, kolla in kartorna p\u00e5 kommunernas webbplatser!<\/p>","protected":false},"excerpt":{"rendered":"<p>Demokratiska kvarter \u00e4r vad som h\u00e4nder n\u00e4r en stadsdel kollektivt beslutar vad den vill g\u00f6ra med en obebyggd tomt som det officiella utvecklingssystemet har valt att ignorera. <\/p>","protected":false},"author":1,"featured_media":962,"parent":8,"menu_order":0,"comment_status":"closed","ping_status":"closed","template":"","meta":{"footnotes":""},"categories":[6,5],"tags":[],"class_list":["post-307","page","type-page","status-publish","has-post-thumbnail","hentry","category-eating-drinking","category-sightseeing"],"jetpack_sharing_enabled":true,"_links":{"self":[{"href":"https:\/\/guide.zero-carbon-skane.org\/sv\/wp-json\/wp\/v2\/pages\/307","targetHints":{"allow":["GET"]}}],"collection":[{"href":"https:\/\/guide.zero-carbon-skane.org\/sv\/wp-json\/wp\/v2\/pages"}],"about":[{"href":"https:\/\/guide.zero-carbon-skane.org\/sv\/wp-json\/wp\/v2\/types\/page"}],"author":[{"embeddable":true,"href":"https:\/\/guide.zero-carbon-skane.org\/sv\/wp-json\/wp\/v2\/users\/1"}],"replies":[{"embeddable":true,"href":"https:\/\/guide.zero-carbon-skane.org\/sv\/wp-json\/wp\/v2\/comments?post=307"}],"version-history":[{"count":2,"href":"https:\/\/guide.zero-carbon-skane.org\/sv\/wp-json\/wp\/v2\/pages\/307\/revisions"}],"predecessor-version":[{"id":964,"href":"https:\/\/guide.zero-carbon-skane.org\/sv\/wp-json\/wp\/v2\/pages\/307\/revisions\/964"}],"up":[{"embeddable":true,"href":"https:\/\/guide.zero-carbon-skane.org\/sv\/wp-json\/wp\/v2\/pages\/8"}],"wp:featuredmedia":[{"embeddable":true,"href":"https:\/\/guide.zero-carbon-skane.org\/sv\/wp-json\/wp\/v2\/media\/962"}],"wp:attachment":[{"href":"https:\/\/guide.zero-carbon-skane.org\/sv\/wp-json\/wp\/v2\/media?parent=307"}],"wp:term":[{"taxonomy":"category","embeddable":true,"href":"https:\/\/guide.zero-carbon-skane.org\/sv\/wp-json\/wp\/v2\/categories?post=307"},{"taxonomy":"post_tag","embeddable":true,"href":"https:\/\/guide.zero-carbon-skane.org\/sv\/wp-json\/wp\/v2\/tags?post=307"}],"curies":[{"name":"wp","href":"https:\/\/api.w.org\/{rel}","templated":true}]}}