{"id":302,"date":"2022-10-25T13:49:20","date_gmt":"2022-10-25T13:49:20","guid":{"rendered":"https:\/\/guide.zero-carbon-skane.org\/?page_id=302"},"modified":"2022-10-25T13:49:20","modified_gmt":"2022-10-25T13:49:20","slug":"algorithms-in-residence-autohotel","status":"publish","type":"page","link":"https:\/\/guide.zero-carbon-skane.org\/sv\/places\/southwest-metropolitan-zone\/lund\/brunnshog-science-village\/algorithms-in-residence-autohotel\/","title":{"rendered":"Inneboende algoritmer: AutoHotellet"},"content":{"rendered":"<p>\u00c4ven om ett omfattande internationellt regelverk f\u00f6r anv\u00e4ndningen av AI verkar ha f\u00f6rhindrat dess mest allvarliga effekter p\u00e5 samh\u00e4llet, har det inte hindrat dess mest entusiastiska f\u00f6respr\u00e5kare fr\u00e5n att (f\u00f6rs\u00f6ka) \"st\u00f6ra\" bransch efter bransch. Hotellen var tidiga ute med att anv\u00e4nda AI, redan p\u00e5 2020-talet, och aff\u00e4rsmodellen har lyckats h\u00e5lla sig kvar p\u00e5 ett par platser runt om i Sk\u00e5ne, bland annat i det n\u00e5got \u00f6k\u00e4nda Ideon-kvarteret, strax v\u00e4ster om <a href=\"https:\/\/guide.zero-carbon-skane.org\/sv\/places\/southwest-metropolitan-zone\/lund\/brunnshog-science-village\/\" data-type=\"page\" data-id=\"22\">Brunnsh\u00f6g<\/a>- s\u00e5 om du letar efter ett st\u00e4lle att bo p\u00e5 i Lund och har ett djupt f\u00f6rakt f\u00f6r m\u00e4nsklig interaktion, v\u00e4lj AutoHotellet!<\/p>\n\n\n\n<p>AutoHotell ligger i en h\u00f6g byggnad som skimrar i olika f\u00e4rger beroende p\u00e5 solljusets riktning och har f\u00f6rs\u00f6kt att g\u00f6ra sig av helt med m\u00e4nsklig personal \u00e4nda sedan man f\u00f6rst inf\u00f6rde robotassisterad incheckning 2024; tro det eller ej, men den h\u00e4r sortens saker var ganska moderna bland de tech-biz-typer som bes\u00f6kte de f\u00f6retag som tidigare hade sitt huvudkontor h\u00e4r. Korridorerna \u00e4r fulla av robotdammsugare, alla v\u00e4tskor tappas upp genom invecklade infrastrukturer som \u00e4r osynliga f\u00f6r bes\u00f6karen, och restaurangen \u00e4r helt enkelt ett rum fullt av kala bord med en gigantisk peksk\u00e4rm d\u00e4r du best\u00e4ller mat som ska extruderas vid en n\u00e4rliggande pl\u00e4teringsstation.\u00a0<\/p>\n\n\n\n<p>Det l\u00e5ter enkelt, och vi antar att s\u00e5 \u00e4r det n\u00e4r allt g\u00e5r bra... men med tanke p\u00e5 hotellverksamhetens natur m\u00e5ste ibland ov\u00e4ntade uppgifter utf\u00f6ras. Vad h\u00e4nder om det blir str\u00f6mavbrott och AI:n g\u00e5r offline? Som en noggrann l\u00e4sning av hotellets 20 000 ord l\u00e5nga EULA kommer att avsl\u00f6ja, \u00e4r du under s\u00e5dana extraordin\u00e4ra omst\u00e4ndigheter tillf\u00e4lligt anst\u00e4lld (eller kanske vi ska s\u00e4ga v\u00e4rvad) av hotellkedjan p\u00e5 timbasis, med eventuella l\u00f6ner som dras av fr\u00e5n din slutnota vid avresan. Din uppgift \u00e4r nu att g\u00e5 ner i k\u00e4llaren och bemanna motionscyklarna som utg\u00f6r reservgeneratorn. (Duschen efter\u00e5t kostar som vanligt per liter, men du f\u00e5r en extra handduk \"p\u00e5 huset\").<\/p>\n\n\n\n<p>Denna form av ov\u00e4ntad syssels\u00e4ttning kan ocks\u00e5 uppst\u00e5 om en annan g\u00e4st blir uppr\u00f6rd \u00f6ver AI:n. Du f\u00e5r d\u00e5 en gratis m\u00e5ltid som kompensation f\u00f6r femton minuters lugnande sm\u00e5prat, m\u00e4nniska till m\u00e4nniska. Eller om myndigheterna anl\u00e4nder och kr\u00e4ver att f\u00e5 \"tala med den som \u00e4r ansvarig\", kanske du till och med f\u00e5r leka VD i en timme - samtalspo\u00e4ng matas in via den h\u00f6rsn\u00e4cka som du f\u00e5r vid incheckningen, genom vilken du kommunicerar med AI.\u00a0<\/p>\n\n\n\n<p>AutoHotellet \u00e4r s\u00e5ledes ett ganska splittrat hotell, \u00e4ven innan man tar h\u00e4nsyn till dess... ah, <em>karakt\u00e4rsfulla<\/em> arkitektonisk stil. Men f\u00f6r den \u00f6ppensinnade resen\u00e4ren \u00e4r det ett budgetmedvetet alternativ! T\u00e4nk bara p\u00e5 att om du \u00e4r medlem i en fackf\u00f6rening \u00e4r AI-drivna f\u00f6retag under strikt bojkott - s\u00e5 om du <em>ska<\/em> bo h\u00e4r - l\u00e4gg inte upp n\u00e5gra selfies.<\/p>","protected":false},"excerpt":{"rendered":"<p>While a comprehensive set of international regulations on the use of AI seems to have prevented its most egregious effects on society, that hasn\u2019t stopped its most enthusiastic boosters from (trying to) \u201cdisrupt\u201d industry after industry. Hotels were an early adopter back in the 2020s, and the business model has managed to cling on in [&hellip;]<\/p>\n","protected":false},"author":1,"featured_media":0,"parent":22,"menu_order":0,"comment_status":"closed","ping_status":"closed","template":"","meta":{"footnotes":""},"categories":[7],"tags":[],"class_list":["post-302","page","type-page","status-publish","hentry","category-hotels"],"jetpack_sharing_enabled":true,"_links":{"self":[{"href":"https:\/\/guide.zero-carbon-skane.org\/sv\/wp-json\/wp\/v2\/pages\/302","targetHints":{"allow":["GET"]}}],"collection":[{"href":"https:\/\/guide.zero-carbon-skane.org\/sv\/wp-json\/wp\/v2\/pages"}],"about":[{"href":"https:\/\/guide.zero-carbon-skane.org\/sv\/wp-json\/wp\/v2\/types\/page"}],"author":[{"embeddable":true,"href":"https:\/\/guide.zero-carbon-skane.org\/sv\/wp-json\/wp\/v2\/users\/1"}],"replies":[{"embeddable":true,"href":"https:\/\/guide.zero-carbon-skane.org\/sv\/wp-json\/wp\/v2\/comments?post=302"}],"version-history":[{"count":1,"href":"https:\/\/guide.zero-carbon-skane.org\/sv\/wp-json\/wp\/v2\/pages\/302\/revisions"}],"predecessor-version":[{"id":306,"href":"https:\/\/guide.zero-carbon-skane.org\/sv\/wp-json\/wp\/v2\/pages\/302\/revisions\/306"}],"up":[{"embeddable":true,"href":"https:\/\/guide.zero-carbon-skane.org\/sv\/wp-json\/wp\/v2\/pages\/22"}],"wp:attachment":[{"href":"https:\/\/guide.zero-carbon-skane.org\/sv\/wp-json\/wp\/v2\/media?parent=302"}],"wp:term":[{"taxonomy":"category","embeddable":true,"href":"https:\/\/guide.zero-carbon-skane.org\/sv\/wp-json\/wp\/v2\/categories?post=302"},{"taxonomy":"post_tag","embeddable":true,"href":"https:\/\/guide.zero-carbon-skane.org\/sv\/wp-json\/wp\/v2\/tags?post=302"}],"curies":[{"name":"wp","href":"https:\/\/api.w.org\/{rel}","templated":true}]}}