{"id":30,"date":"2022-08-16T10:31:57","date_gmt":"2022-08-16T10:31:57","guid":{"rendered":"https:\/\/guide.zero-carbon-skane.org\/index.php\/southwest-metropolitan-zone\/vastkusten\/landskrona\/"},"modified":"2023-04-17T15:20:20","modified_gmt":"2023-04-17T15:20:20","slug":"landskrona","status":"publish","type":"page","link":"https:\/\/guide.zero-carbon-skane.org\/sv\/places\/southwest-metropolitan-zone\/vastkusten\/landskrona\/","title":{"rendered":"Landskrona"},"content":{"rendered":"<p>Den lilla delen av <em><a href=\"https:\/\/guide.zero-carbon-skane.org\/sv\/places\/southwest-metropolitan-zone\/vastkusten\/\" data-type=\"page\" data-id=\"29\">v\u00e4stkusten<\/a><\/em> som Landskrona hamn g\u00f6r anspr\u00e5k p\u00e5 har en l\u00e5ng historia, som kan sp\u00e5ras \u00e4nda tillbaka till 15-talet; dess naturliga hamn gjorde den till en viktig och anv\u00e4ndbar plats b\u00e5de milit\u00e4rt och kommersiellt. Den hamnade dock p\u00e5 efterk\u00e4lken i b\u00f6rjan av 1900-talet och f\u00f6rlorade mot st\u00f6rre hamnar i <a href=\"https:\/\/guide.zero-carbon-skane.org\/sv\/places\/southwest-metropolitan-zone\/greater-malmo\/\" data-type=\"page\" data-id=\"8\">Malm\u00f6<\/a> och <a href=\"https:\/\/guide.zero-carbon-skane.org\/sv\/places\/northwest\/helsingborg\/\" data-type=\"page\" data-id=\"62\">Helsingborg<\/a>.<\/p>\n\n\n\n<figure class=\"wp-block-image size-full\"><img loading=\"lazy\" decoding=\"async\" width=\"1024\" height=\"683\" src=\"https:\/\/guide.zero-carbon-skane.org\/wp-content\/uploads\/2023\/01\/Hasn\u00b4t_been_fired_in_a_long_time_28944903521.jpg\" alt=\"\" class=\"wp-image-484\" srcset=\"https:\/\/guide.zero-carbon-skane.org\/wp-content\/uploads\/2023\/01\/Hasn\u00b4t_been_fired_in_a_long_time_28944903521.jpg 1024w, https:\/\/guide.zero-carbon-skane.org\/wp-content\/uploads\/2023\/01\/Hasn\u00b4t_been_fired_in_a_long_time_28944903521-300x200.jpg 300w, https:\/\/guide.zero-carbon-skane.org\/wp-content\/uploads\/2023\/01\/Hasn\u00b4t_been_fired_in_a_long_time_28944903521-768x512.jpg 768w\" sizes=\"auto, (max-width: 1024px) 100vw, 1024px\" \/><figcaption class=\"wp-element-caption\">Det gamla och det \u00e4nnu \u00e4ldre i Landskrona. Bild av <a href=\"https:\/\/commons.wikimedia.org\/wiki\/File:Hasn%C2%B4t_been_fired_in_a_long_time_(28944903521).jpg\">Susanne Nilsson<\/a>, <a href=\"https:\/\/creativecommons.org\/licenses\/by-sa\/2.0\">CC BY-SA 2.0<\/a>, via Wikimedia Commons<\/figcaption><\/figure>\n\n\n\n<p>2000-talet har dock behandlat staden lite b\u00e4ttre, med \u00f6kningen av mindre lastfartyg som g\u00f6r den till ett v\u00e4rdefullt tillskott f\u00f6r <a href=\"https:\/\/guide.zero-carbon-skane.org\/sv\/advice\/ship-it-logistics-and-goods-transportation-in-skane-and-beyond\/\" data-type=\"page\" data-id=\"405\">Sk\u00e5nes logistiska n\u00e4tverk<\/a>. F\u00f6r bes\u00f6kare som \u00e4r mindre intresserade av s\u00e5dana kommersiella \u00f6verv\u00e4ganden har Landskrona fortfarande ett fint slott fr\u00e5n 1800-talet omgivet av vallgravar, ett par vattentorn (ett gammalt, ett \u00e4nnu \u00e4ldre, b\u00e5da mycket \u00e4lskade av lokalbefolkningen), och dess hamn \u00e4r v\u00e4rd f\u00f6r de regelbundna f\u00e4rjorna till den charmiga lilla \u00f6n Ven strax utanf\u00f6r kusten i nordv\u00e4st.<\/p>\n\n\n\n<p>Utanf\u00f6r staden ligger <a href=\"https:\/\/guide.zero-carbon-skane.org\/sv\/places\/southwest-metropolitan-zone\/vastkusten\/landskrona\/gipson-gympsum-island\/\" data-type=\"page\" data-id=\"1131\">Gips\u00f6n, en tidigare giftig plats d\u00e4r biprodukter fr\u00e5n g\u00f6dselproduktion dumpades<\/a>. Om du t\u00e4nker att det inte l\u00e5ter s\u00e4rskilt intressant, ja, d\u00e5 \u00e4r du kanske i minoritet: Gips\u00f6n - och de ekokonstgrupper och ceremonier som har samlats d\u00e4r under de senaste \u00e5ren - \u00e4r ett ganska stort dragpl\u00e5ster, s\u00e5 till den grad att om du best\u00e4mmer dig f\u00f6r att bes\u00f6ka det p\u00e5 ett infall kan den dagliga kvoten redan vara full innan du \u00e4r klar med frukosten. Men oroa dig inte: du kan alltid l\u00e4sa <a href=\"https:\/\/guide.zero-carbon-skane.org\/sv\/places\/southwest-metropolitan-zone\/vastkusten\/landskrona\/gipson-gympsum-island\/from-toxic-dump-to-ceremonial-site-the-remediation-of-gipson\/\" data-type=\"page\" data-id=\"1128\">v\u00e5r specialrapport om platsen och dess ceremonier<\/a>.<\/p>","protected":false},"excerpt":{"rendered":"<p>Landskronas naturliga hamn gjorde den till en viktig och anv\u00e4ndbar plats b\u00e5de milit\u00e4rt och kommersiellt - men nuf\u00f6rtiden \u00e4r m\u00e5nga bes\u00f6kare intresserade av arvet fr\u00e5n g\u00f6dselproduktionen i omr\u00e5det.<\/p>","protected":false},"author":1,"featured_media":484,"parent":29,"menu_order":0,"comment_status":"closed","ping_status":"closed","template":"","meta":{"footnotes":""},"categories":[],"tags":[],"class_list":["post-30","page","type-page","status-publish","has-post-thumbnail","hentry"],"jetpack_sharing_enabled":true,"_links":{"self":[{"href":"https:\/\/guide.zero-carbon-skane.org\/sv\/wp-json\/wp\/v2\/pages\/30","targetHints":{"allow":["GET"]}}],"collection":[{"href":"https:\/\/guide.zero-carbon-skane.org\/sv\/wp-json\/wp\/v2\/pages"}],"about":[{"href":"https:\/\/guide.zero-carbon-skane.org\/sv\/wp-json\/wp\/v2\/types\/page"}],"author":[{"embeddable":true,"href":"https:\/\/guide.zero-carbon-skane.org\/sv\/wp-json\/wp\/v2\/users\/1"}],"replies":[{"embeddable":true,"href":"https:\/\/guide.zero-carbon-skane.org\/sv\/wp-json\/wp\/v2\/comments?post=30"}],"version-history":[{"count":3,"href":"https:\/\/guide.zero-carbon-skane.org\/sv\/wp-json\/wp\/v2\/pages\/30\/revisions"}],"predecessor-version":[{"id":1191,"href":"https:\/\/guide.zero-carbon-skane.org\/sv\/wp-json\/wp\/v2\/pages\/30\/revisions\/1191"}],"up":[{"embeddable":true,"href":"https:\/\/guide.zero-carbon-skane.org\/sv\/wp-json\/wp\/v2\/pages\/29"}],"wp:featuredmedia":[{"embeddable":true,"href":"https:\/\/guide.zero-carbon-skane.org\/sv\/wp-json\/wp\/v2\/media\/484"}],"wp:attachment":[{"href":"https:\/\/guide.zero-carbon-skane.org\/sv\/wp-json\/wp\/v2\/media?parent=30"}],"wp:term":[{"taxonomy":"category","embeddable":true,"href":"https:\/\/guide.zero-carbon-skane.org\/sv\/wp-json\/wp\/v2\/categories?post=30"},{"taxonomy":"post_tag","embeddable":true,"href":"https:\/\/guide.zero-carbon-skane.org\/sv\/wp-json\/wp\/v2\/tags?post=30"}],"curies":[{"name":"wp","href":"https:\/\/api.w.org\/{rel}","templated":true}]}}