{"id":299,"date":"2022-10-25T13:28:27","date_gmt":"2022-10-25T13:28:27","guid":{"rendered":"https:\/\/guide.zero-carbon-skane.org\/?page_id=299"},"modified":"2022-11-07T12:30:23","modified_gmt":"2022-11-07T12:30:23","slug":"from-taxonomy-to-preservation-lunds-botaniska-tradgarden","status":"publish","type":"page","link":"https:\/\/guide.zero-carbon-skane.org\/sv\/places\/southwest-metropolitan-zone\/lund\/lund-university\/from-taxonomy-to-preservation-lunds-botaniska-tradgarden\/","title":{"rendered":"Fr\u00e5n taxonomi till bevarande: Lunds Botaniska tr\u00e4dg\u00e5rd"},"content":{"rendered":"<p>I utkanten av <a href=\"https:\/\/guide.zero-carbon-skane.org\/sv\/places\/southwest-metropolitan-zone\/lund\/\" data-type=\"page\" data-id=\"18\">Lund<\/a>'s historiska hj\u00e4rta, hittar du <a href=\"https:\/\/guide.zero-carbon-skane.org\/sv\/places\/southwest-metropolitan-zone\/lund\/lund-university\/\" data-type=\"page\" data-id=\"292\">universitetet<\/a>'s st\u00e4ndigt expanderande tr\u00e4dg\u00e5rd -<em>Botaniska tr\u00e4dg\u00e5rden<\/em>, ofta kallad med det k\u00e4rleksfulla smeknamnet <em>Botan<\/em>- som \u00e4r ett m\u00e5ste f\u00f6r alla som \u00e4lskar v\u00e4xtliv. <em>Botan<\/em> \u00e4r \u00f6ppen f\u00f6r allm\u00e4nheten \u00e5ret runt fr\u00e5n 06:30 till 21:30, men dess roll som studenth\u00e4ng under soliga v\u00e5r- och sommardagar har minskat under de senaste \u00e5ren, eftersom dess bevarande roll har vuxit. (Oroa dig inte, studenterna har gott om utrymme att bre ut sig i Stadsparken och p\u00e5 andra st\u00e4llen!)<\/p>\n\n\n\n<p><em>Botan<\/em> \u00e4r i allt h\u00f6gre grad hem f\u00f6r v\u00e4xtarter som till stor del har f\u00f6rsvunnit fr\u00e5n v\u00e4rlden utanf\u00f6r dess v\u00e4ggar. Under 2010-talet \u00f6vergick den botaniska tr\u00e4dg\u00e5rden fr\u00e5n ett traditionellt fokus p\u00e5 olika best\u00e5nd - med r\u00f6tterna i de taxonomiska studierna inom de tidiga vetenskaperna p\u00e5 1800-talet - till en proaktiv roll inom v\u00e4xtskydd. \u00c5r 2015 inleddes ett ex situ-samarbetsprojekt med lokala intressenter i syfte att v\u00e4nda utvecklingen f\u00f6r den unika flora som finns runt om i Sk\u00e5ne. F\u00f6r detta \u00e4ndam\u00e5l etablerades en fr\u00f6bank f\u00f6r att samla in kritiskt hotade v\u00e4xter i det sk\u00e5nska landskapet som inte l\u00e4ngre kunde \u00f6verleva i sin naturliga livsmilj\u00f6. V\u00e4xterna odlas p\u00e5 <em>Botan<\/em> och st\u00e4llas ut f\u00f6r bes\u00f6karna s\u00e5 att kunskap om hot och n\u00f6dv\u00e4ndig hantering kan spridas till allm\u00e4nheten. <\/p>\n\n\n\n<figure class=\"wp-block-image size-large\"><img decoding=\"async\" src=\"https:\/\/upload.wikimedia.org\/wikipedia\/commons\/b\/bd\/Tulips_at_Lund%27s_Botanical_Garden.JPG\" alt=\"\"\/><figcaption class=\"wp-element-caption\">Kulturarvstulpaner blommar i <em>Botan<\/em>. | <a href=\"https:\/\/commons.wikimedia.org\/wiki\/File:Tulips_at_Lund%27s_Botanical_Garden.JPG\">Adbar<\/a>, <a href=\"https:\/\/creativecommons.org\/licenses\/by-sa\/4.0\">CC BY-SA 4.0<\/a>, via Wikimedia Commons<\/figcaption><\/figure>\n\n\n\n<p>N\u00e4r du r\u00f6r dig fr\u00e5n en \"zon\" i tr\u00e4dg\u00e5rden till en annan kommer du att st\u00f6ta p\u00e5 en enorm m\u00e5ngfald av v\u00e4xter som en g\u00e5ng var endemiska i Sk\u00e5ne, fr\u00e5n <em>Misopates orontium<\/em> (Kalvnos) i v\u00e4ster till <em>Dianthus superbus<\/em> (Praktnejlika) i \u00f6ster, eller <em>Cotoneaster kullensis<\/em> (Sk\u00e5nskt oxb\u00e4r), som tidigare hittades runt <a href=\"https:\/\/guide.zero-carbon-skane.org\/sv\/places\/northwest\/hoganas\/kullaberg\/\" data-type=\"page\" data-id=\"165\">Kullaberg<\/a> och <a href=\"https:\/\/guide.zero-carbon-skane.org\/sv\/places\/northwest\/hoganas\/\" data-type=\"page\" data-id=\"68\">H\u00f6gan\u00e4s<\/a> och har nu ett eget h\u00f6rn i <em>Botan<\/em>. De mest lovande arterna - som t.ex. <em>Hypochaeris glabra<\/em> (\u00c5kerfibbla) - \u00e5terintroduceras till lokala livsmilj\u00f6er f\u00f6r l\u00e5ngsiktigt bevarande i vilda milj\u00f6er; om du promenerar \u00f6ver den v\u00e4lvda bron kan du kanske se <em>Najas flexilis<\/em> (Sj\u00f6najas) som v\u00e4xer i dammen nedanf\u00f6r, i v\u00e4ntan p\u00e5 att planteras om i Kristianstads <a href=\"https:\/\/guide.zero-carbon-skane.org\/sv\/places\/northeast-the-lakelands\/kristianstad\/hammersjon\/\" data-type=\"page\" data-id=\"177\">Hammarsj\u00f6n<\/a>. Fr\u00e5n att ha startat med ett enda v\u00e4xthus med nio klimatavdelningar har Botan nu nio v\u00e4xthus med totalt 80 avdelningar, varav vissa hyser s\u00e5rbara v\u00e4xter fr\u00e5n hela v\u00e4rlden, vilket ger en n\u00e5got tragisk pr\u00e4gel \u00e5t platsens sk\u00f6nhet och m\u00e5ngfald. <\/p>\n\n\n\n<p>H\u00e5ll utkik efter Lunds universitets regenerativa urbana hortikulturist, den femspr\u00e5kige (och v\u00e4xtspr\u00e5kige) Nassim Olsen, en specialist p\u00e5 fr\u00f6sparande och assisterad succession\/migration som har varit mycket aktiv i att etablera och v\u00e5rda nya ekologiska nischer i och runt staden Lund; vissa studenter g\u00e5r s\u00e5 l\u00e5ngt som att p\u00e5st\u00e5 att Botan \u00e4r Nassims bostad, s\u00e5v\u00e4l som deras arbetsplats! Nassim v\u00e4grar att bekr\u00e4fta eller f\u00f6rneka detta p\u00e5st\u00e5ende, men de har gott om andra historier som kan gl\u00e4dja alla tr\u00e4dg\u00e5rdsintresserade.<\/p>\n\n\n\n<p>Vi \u00f6nskar att det inte vore n\u00f6dv\u00e4ndigt, men vi \u00e4r \u00e4nd\u00e5 tvungna att p\u00e5peka att <strong>att mixtra med v\u00e4xterna i Botan r\u00e4knas som skadeg\u00f6relse<\/strong>, samt tekniskt ett avbrott i p\u00e5g\u00e5ende statligt finansierad vetenskaplig forskning - och <strong>det inkluderar att ta sticklingar<\/strong>! <\/p>\n\n\n\n<p>(Och om du tycker att Nassim \u00e4r alltf\u00f6r sn\u00e4ll f\u00f6r att vara n\u00e5got hot, ja, det \u00e4r just d\u00e4rf\u00f6r Botan har en egen flock \u00f6vervakningsdr\u00f6nare, listigt f\u00f6rkl\u00e4dda till r\u00e5kor... och du vill inte veta hur de markerar en misst\u00e4nkt vandal f\u00f6r polisens uppm\u00e4rksamhet).<\/p>","protected":false},"excerpt":{"rendered":"<p>On the outskirts of Lund&#8216;s historic heart, you will find the University&#8216;s ever-expanding botanical garden&#8212;Botaniska tr\u00e4dg\u00e5rden, often referred to with the affectionate diminutive Botan&#8212;a must-see spot for all enthusiasts of plantlife. Botan is open to the public all year round from 0630 to 2130, but its role as a student hang-out on sunny spring and [&hellip;]<\/p>\n","protected":false},"author":1,"featured_media":303,"parent":292,"menu_order":0,"comment_status":"closed","ping_status":"closed","template":"","meta":{"footnotes":""},"categories":[9,5],"tags":[],"class_list":["post-299","page","type-page","status-publish","has-post-thumbnail","hentry","category-activities","category-sightseeing"],"jetpack_sharing_enabled":true,"_links":{"self":[{"href":"https:\/\/guide.zero-carbon-skane.org\/sv\/wp-json\/wp\/v2\/pages\/299","targetHints":{"allow":["GET"]}}],"collection":[{"href":"https:\/\/guide.zero-carbon-skane.org\/sv\/wp-json\/wp\/v2\/pages"}],"about":[{"href":"https:\/\/guide.zero-carbon-skane.org\/sv\/wp-json\/wp\/v2\/types\/page"}],"author":[{"embeddable":true,"href":"https:\/\/guide.zero-carbon-skane.org\/sv\/wp-json\/wp\/v2\/users\/1"}],"replies":[{"embeddable":true,"href":"https:\/\/guide.zero-carbon-skane.org\/sv\/wp-json\/wp\/v2\/comments?post=299"}],"version-history":[{"count":6,"href":"https:\/\/guide.zero-carbon-skane.org\/sv\/wp-json\/wp\/v2\/pages\/299\/revisions"}],"predecessor-version":[{"id":383,"href":"https:\/\/guide.zero-carbon-skane.org\/sv\/wp-json\/wp\/v2\/pages\/299\/revisions\/383"}],"up":[{"embeddable":true,"href":"https:\/\/guide.zero-carbon-skane.org\/sv\/wp-json\/wp\/v2\/pages\/292"}],"wp:featuredmedia":[{"embeddable":true,"href":"https:\/\/guide.zero-carbon-skane.org\/sv\/wp-json\/wp\/v2\/media\/303"}],"wp:attachment":[{"href":"https:\/\/guide.zero-carbon-skane.org\/sv\/wp-json\/wp\/v2\/media?parent=299"}],"wp:term":[{"taxonomy":"category","embeddable":true,"href":"https:\/\/guide.zero-carbon-skane.org\/sv\/wp-json\/wp\/v2\/categories?post=299"},{"taxonomy":"post_tag","embeddable":true,"href":"https:\/\/guide.zero-carbon-skane.org\/sv\/wp-json\/wp\/v2\/tags?post=299"}],"curies":[{"name":"wp","href":"https:\/\/api.w.org\/{rel}","templated":true}]}}