{"id":290,"date":"2022-10-25T12:14:44","date_gmt":"2022-10-25T12:14:44","guid":{"rendered":"https:\/\/guide.zero-carbon-skane.org\/?page_id=290"},"modified":"2023-04-16T13:40:46","modified_gmt":"2023-04-16T13:40:46","slug":"lundagard-the-cradle-of-homo-collossus","status":"publish","type":"page","link":"https:\/\/guide.zero-carbon-skane.org\/sv\/history\/lundagard-the-cradle-of-homo-collossus\/","title":{"rendered":"Lundag\u00e5rd: vaggan f\u00f6r Homo Collossus"},"content":{"rendered":"<p>Om du har lite tid \u00f6ver n\u00e4r du vandrar runt p\u00e5 det fyrahundra \u00e5r gamla universitetsomr\u00e5det vid <a href=\"https:\/\/guide.zero-carbon-skane.org\/sv\/places\/southwest-metropolitan-zone\/lund\/lund-university\/\" data-type=\"page\" data-id=\"292\">Lunds universitet<\/a>, s\u00e5 kan du g\u00f6ra b\u00e4ttre i att bes\u00f6ka huvudkontoret f\u00f6r <em>Lundag\u00e5rd<\/em>: Redaktionen ber\u00e4ttar g\u00e4rna om historien bakom Sveriges \u00e4ldsta studenttidning (kanske f\u00f6r att det \u00e4r ett bra s\u00e4tt att slippa jobba med n\u00e4sta nummer). Ber\u00e4ttelser om episka uppt\u00e5g och berusade (miss)\u00e4ventyr \u00e5sido, <em>Lundag\u00e5rd<\/em> ryktas ocks\u00e5 vara f\u00f6delseplatsen f\u00f6r Homo Colossus-r\u00f6relsen.&nbsp;<\/p>\n\n\n\n<p>Historien b\u00f6rjar s\u00e5 h\u00e4r: vid en h\u00e5llbarhetsworkshop 2022 - som h\u00f6lls p\u00e5 det campus som blev <a href=\"https:\/\/guide.zero-carbon-skane.org\/sv\/places\/southwest-metropolitan-zone\/lund\/gamla-staden\/an-urban-eden-lunds-paradise-quarter\/\" data-type=\"page\" data-id=\"246\">dagens <em>Paradiset<\/em> en ekoby i stadsmilj\u00f6<\/a>- introducerade forskare fr\u00e5n Stockholm begreppet Homo Colossus som ett s\u00e4tt att visualisera hur stora m\u00e4nniskor skulle beh\u00f6va vara f\u00f6r att \u00e4ta <em>all<\/em> den energi vi anv\u00e4nder, inte bara kalorierna f\u00f6r v\u00e5r \u00e4mnesoms\u00e4ttning; bilder av Gulliver, karakt\u00e4ren fr\u00e5n Swifts stora satir, tj\u00e4nade till att illustrera po\u00e4ngen. Den <em>Lundag\u00e5rd<\/em> d\u00e5varande redaktionen var n\u00e4rvarande och best\u00e4mde sig - med tidl\u00f6s entusiasm fr\u00e5n studenterna - f\u00f6r att unders\u00f6ka energifotavtrycket fr\u00e5n sitt eget universitet.&nbsp;<\/p>\n\n\n\n<div class=\"wp-block-columns is-layout-flex wp-container-core-columns-is-layout-28f84493 wp-block-columns-is-layout-flex\">\n<div class=\"wp-block-column is-layout-flow wp-block-column-is-layout-flow\" style=\"flex-basis:100%\">\n<div class=\"wp-block-columns is-layout-flex wp-container-core-columns-is-layout-28f84493 wp-block-columns-is-layout-flex\">\n<div class=\"wp-block-column is-vertically-aligned-center is-layout-flow wp-block-column-is-layout-flow\" style=\"flex-basis:50%\">\n<p>Inte l\u00e5ngt d\u00e4refter b\u00f6rjade enorma ljusprojektioner av universitetets rektor - \u00f6ver femtio meter h\u00f6ga - regelbundet dyka upp p\u00e5 olika byggnader runt campusomr\u00e5det. Universitetsf\u00f6rvaltningen f\u00f6rs\u00f6kte vidta \u00e5tg\u00e4rder f\u00f6r att \u00f6vervaka byggnaderna under n\u00e4tterna, men aktivistgruppen bakom dessa aktioner kom alltid med nya id\u00e9er. P\u00e5 <em>Lundakarnevalen<\/em> \u00e5r 2026, till exempel, fl\u00f6g en enorm uppbl\u00e5sbar ballong som f\u00f6rest\u00e4llde dekanen \u00f6ver campus, prydd med deras hypotetiska vikt och frasen: \"Men hur stor planerar du egentligen att bli?\" <\/p>\n<\/div>\n\n\n\n<div class=\"wp-block-column is-layout-flow wp-block-column-is-layout-flow\" style=\"flex-basis:50%\">\n<figure class=\"wp-block-image size-large\"><img loading=\"lazy\" decoding=\"async\" width=\"724\" height=\"1024\" src=\"https:\/\/guide.zero-carbon-skane.org\/wp-content\/uploads\/2022\/10\/homo-colossus-724x1024.png\" alt=\"\" class=\"wp-image-297\" srcset=\"https:\/\/guide.zero-carbon-skane.org\/wp-content\/uploads\/2022\/10\/homo-colossus-724x1024.png 724w, https:\/\/guide.zero-carbon-skane.org\/wp-content\/uploads\/2022\/10\/homo-colossus-212x300.png 212w, https:\/\/guide.zero-carbon-skane.org\/wp-content\/uploads\/2022\/10\/homo-colossus-768x1086.png 768w, https:\/\/guide.zero-carbon-skane.org\/wp-content\/uploads\/2022\/10\/homo-colossus-1086x1536.png 1086w, https:\/\/guide.zero-carbon-skane.org\/wp-content\/uploads\/2022\/10\/homo-colossus.png 1131w\" sizes=\"auto, (max-width: 724px) 100vw, 724px\" \/><figcaption class=\"wp-element-caption\">En tidig projektion av Homo Colossus-r\u00f6relsen<\/figcaption><\/figure>\n<\/div>\n<\/div>\n<\/div>\n<\/div>\n\n\n\n<p>Universitetet hade under 2010-talet \u00e5tagit sig att agera i enlighet med Parisavtalets 1,5-gradersm\u00e5l, men i flera anonyma debattartiklar i lokala tidningar h\u00e4vdade Homo Colossus-r\u00f6relsen att detta inte skulle vara tillr\u00e4ckligt: universitetets energif\u00f6rbrukning beh\u00f6vde minska f\u00f6r att undvika andra milj\u00f6konsekvenser, s\u00e5som f\u00f6rst\u00f6relse av mark och uttag av vatten. Trots sin allvarliga framtoning beh\u00f6ll r\u00f6relsen en <em>busighet<\/em> som hj\u00e4lpte den att f\u00e5 st\u00f6d (eller \u00e5tminstone tolerans) i en stad med en l\u00e5ng historia av studentaktivism och uppt\u00e5g: till exempel f\u00f6reslog de en lista \u00f6ver olika \"dieter\" som dekanen kunde inf\u00f6ra p\u00e5 LU.&nbsp;<\/p>\n\n\n\n<p>R\u00f6relsen spred sig utanf\u00f6r Lund n\u00e5gra \u00e5r senare, d\u00e5 Homo Colossus-projektioner och statyer odlade av svampar b\u00f6rjade dyka upp p\u00e5 stadshus och i rondeller \u00f6ver hela Sk\u00e5ne. Kritik f\u00f6ljde snart - inklusive en uppviglande debattartikel fr\u00e5n en docent i ekonomi d\u00e4r han ifr\u00e5gasatte den energiska konsumtionen hos sj\u00e4lva r\u00f6relsen och dess f\u00f6rmodat privilegierade deltagare - men som ibland \u00e4r fallet tj\u00e4nade detta bara till att sprida budskapet ytterligare. <\/p>\n\n\n\n<p>\u00c4ven om <em>Lundag\u00e5rd<\/em>, har en officiell policy som best\u00e5r i att inte diskutera sanningshalten i historien, kan man m\u00e4rka en viss stolthet n\u00e4r de visar dig n\u00e5gra bilder p\u00e5 de aktioner som genomf\u00f6rdes i Lund, s\u00e4rskilt som dessa bilder har \u00f6kat i v\u00e4rde bland samlare. Var det verkligen ett f\u00e5tal studenters verk, eller var det ett bredare kollektivs verk? Det kommer vi kanske aldrig att f\u00e5 veta... men kanske kommer vi att f\u00e5 det, f\u00f6r r\u00f6relsen \u00e4r fortfarande aktiv. Om du promenerar genom Lunds v\u00e4lbest\u00e4llda omr\u00e5de <em>Professorsstaden<\/em> under h\u00f6stterminens dystra kv\u00e4llar kan du f\u00e5 syn p\u00e5 en projektion eller staty som f\u00f6rest\u00e4ller inv\u00e5naren i ett av omr\u00e5dets mer \u00f6verd\u00e5diga hus - i s\u00e5 fall g\u00e4ller det att ta en bild snabbt, eftersom den troligtvis inte kommer att vara kvar l\u00e4nge!<\/p>","protected":false},"excerpt":{"rendered":"<p>Vad \u00e4r st\u00f6rst: projektionerna eller legenden som v\u00e4xte fram kring de m\u00e4nniskor som projicerade dem?<\/p>","protected":false},"author":1,"featured_media":297,"parent":189,"menu_order":0,"comment_status":"closed","ping_status":"closed","template":"","meta":{"footnotes":""},"categories":[],"tags":[],"class_list":["post-290","page","type-page","status-publish","has-post-thumbnail","hentry"],"jetpack_sharing_enabled":true,"_links":{"self":[{"href":"https:\/\/guide.zero-carbon-skane.org\/sv\/wp-json\/wp\/v2\/pages\/290","targetHints":{"allow":["GET"]}}],"collection":[{"href":"https:\/\/guide.zero-carbon-skane.org\/sv\/wp-json\/wp\/v2\/pages"}],"about":[{"href":"https:\/\/guide.zero-carbon-skane.org\/sv\/wp-json\/wp\/v2\/types\/page"}],"author":[{"embeddable":true,"href":"https:\/\/guide.zero-carbon-skane.org\/sv\/wp-json\/wp\/v2\/users\/1"}],"replies":[{"embeddable":true,"href":"https:\/\/guide.zero-carbon-skane.org\/sv\/wp-json\/wp\/v2\/comments?post=290"}],"version-history":[{"count":4,"href":"https:\/\/guide.zero-carbon-skane.org\/sv\/wp-json\/wp\/v2\/pages\/290\/revisions"}],"predecessor-version":[{"id":1174,"href":"https:\/\/guide.zero-carbon-skane.org\/sv\/wp-json\/wp\/v2\/pages\/290\/revisions\/1174"}],"up":[{"embeddable":true,"href":"https:\/\/guide.zero-carbon-skane.org\/sv\/wp-json\/wp\/v2\/pages\/189"}],"wp:featuredmedia":[{"embeddable":true,"href":"https:\/\/guide.zero-carbon-skane.org\/sv\/wp-json\/wp\/v2\/media\/297"}],"wp:attachment":[{"href":"https:\/\/guide.zero-carbon-skane.org\/sv\/wp-json\/wp\/v2\/media?parent=290"}],"wp:term":[{"taxonomy":"category","embeddable":true,"href":"https:\/\/guide.zero-carbon-skane.org\/sv\/wp-json\/wp\/v2\/categories?post=290"},{"taxonomy":"post_tag","embeddable":true,"href":"https:\/\/guide.zero-carbon-skane.org\/sv\/wp-json\/wp\/v2\/tags?post=290"}],"curies":[{"name":"wp","href":"https:\/\/api.w.org\/{rel}","templated":true}]}}