{"id":29,"date":"2022-08-16T10:31:56","date_gmt":"2022-08-16T10:31:56","guid":{"rendered":"https:\/\/guide.zero-carbon-skane.org\/index.php\/southwest-metropolitan-zone\/vastkusten\/"},"modified":"2023-04-17T15:21:42","modified_gmt":"2023-04-17T15:21:42","slug":"vastkusten","status":"publish","type":"page","link":"https:\/\/guide.zero-carbon-skane.org\/sv\/places\/southwest-metropolitan-zone\/vastkusten\/","title":{"rendered":"V\u00e4stkusten"},"content":{"rendered":"<p>\u00c4ven om det inte \u00e4r p\u00e5 samma allvar som n\u00e4r det g\u00e4ller <a href=\"https:\/\/guide.zero-carbon-skane.org\/sv\/places\/southeast-the-slow-coast\/the-slow-coast\/\" data-type=\"page\" data-id=\"36\">den lugna kusten<\/a>, \u00e4r detta \u00e4nnu en ontologiskt utmanande kategori som v\u00e5r \u00f6dmjuka redaktion st\u00e4lls inf\u00f6r. F\u00f6r att tala klarspr\u00e5k: Sk\u00e5ne har en hel del kust p\u00e5 sin v\u00e4stra kant, men p\u00e5grund av... anledningar, s\u00e5 kan vi ju inte s\u00e4tta <em>hela<\/em> kustlinjen i samma b\u00e5t.<\/p>\n\n\n\n<p>Oavsett detta, s\u00e5 har vi valt att klumpar ihop vissa delar av v\u00e4stkustens s\u00f6dra delar, de mellan <a href=\"https:\/\/guide.zero-carbon-skane.org\/sv\/places\/southwest-metropolitan-zone\/greater-malmo\/\" data-type=\"page\" data-id=\"8\">Malm\u00f6<\/a> och <a href=\"https:\/\/guide.zero-carbon-skane.org\/sv\/places\/northwest\/helsingborg\/\" data-type=\"page\" data-id=\"62\">Helsingborg<\/a>, och d\u00f6per dem till \"<em>v\u00e4stkusten<\/em>\",  eftersom det finns tillr\u00e4ckligt med likheter mellan platsernas karakt\u00e4r f\u00f6r att det ska verka rimligt.<\/p>\n\n\n\n<p>Med detta sagt beh\u00f6ver inget av detta kategoriska raljerande g\u00f6ra n\u00e5gon skillnad f\u00f6r dig, k\u00e4ra l\u00e4sare! Allt du beh\u00f6ver veta \u00e4r att <a href=\"https:\/\/guide.zero-carbon-skane.org\/sv\/places\/southwest-metropolitan-zone\/vastkusten\/lomma\/\" data-type=\"page\" data-id=\"32\">Lomma<\/a>, <a href=\"https:\/\/guide.zero-carbon-skane.org\/sv\/places\/southwest-metropolitan-zone\/vastkusten\/kavlinge\/\" data-type=\"page\" data-id=\"33\">K\u00e4vlinge<\/a>, <a href=\"https:\/\/guide.zero-carbon-skane.org\/sv\/places\/southwest-metropolitan-zone\/vastkusten\/kavlinge\/barseback\/\" data-type=\"page\" data-id=\"31\">B\u00e4rsebeck<\/a> och <a href=\"https:\/\/guide.zero-carbon-skane.org\/sv\/places\/southwest-metropolitan-zone\/vastkusten\/landskrona\/\" data-type=\"page\" data-id=\"30\">Landskrona<\/a> alla r\u00e4knas som <em>v\u00e4stkusten<\/em>... vilket inneb\u00e4r att de alla ligger l\u00e4ngs en vacker strandlinje som blickar ut \u00f6ver \u00d6resund och som \u00e4r en f\u00f6rbaskat h\u00e4rlig plats att promenera eller cykla runt p\u00e5. <\/p>\n\n\n\n<p>Det betyder ocks\u00e5 att de alla befinner sig i riskzonen f\u00f6r att <a href=\"https:\/\/guide.zero-carbon-skane.org\/sv\/places\/southwest-metropolitan-zone\/roadside-picnic-abandoned-infrastructure-and-liminal-lands-along-the-lower-west-coast\/\" data-type=\"page\" data-id=\"439\">f\u00f6rvandlas till flexmarkzoner till f\u00f6ljd av stigande havsniv\u00e5er<\/a>. Naturligtvis \u00e4r det inte n\u00e5got som alla oroar sig \u00f6ver... men ju n\u00e4rmre stranden man bor, desto mer p\u00e5tagligt blir det, som ni kanske kan f\u00f6rest\u00e4lla er.<\/p>\n\n\n\n<div class=\"wp-block-group has-global-padding is-layout-constrained wp-container-core-group-is-layout-23b1a4dc wp-block-group-is-layout-constrained\" style=\"border-width:1px;border-radius:5px;padding-top:var(--wp--preset--spacing--30);padding-right:var(--wp--preset--spacing--30);padding-bottom:var(--wp--preset--spacing--30);padding-left:var(--wp--preset--spacing--30)\">\n<h4 class=\"has-text-align-center wp-block-heading\">Vill du veta mer?<\/h4>\n\n\n<div class=\"wp-block-oik-sb-children\"><ul class=\"wp-block-oik-sb-children\"><li class=\"page_item page-item-33 page_item_has_children\"><a href=\"https:\/\/guide.zero-carbon-skane.org\/sv\/places\/southwest-metropolitan-zone\/vastkusten\/kavlinge\/\">K\u00e4vlinge<\/a>\n<ul class='children'>\n\t<li class=\"page_item page-item-31\"><a href=\"https:\/\/guide.zero-carbon-skane.org\/sv\/places\/southwest-metropolitan-zone\/vastkusten\/kavlinge\/barseback\/\">Barseb\u00e4ck<\/a><\/li>\n<\/ul>\n<\/li>\n<li class=\"page_item page-item-30 page_item_has_children\"><a href=\"https:\/\/guide.zero-carbon-skane.org\/sv\/places\/southwest-metropolitan-zone\/vastkusten\/landskrona\/\">Landskrona<\/a>\n<ul class='children'>\n\t<li class=\"page_item page-item-1131 page_item_has_children\"><a href=\"https:\/\/guide.zero-carbon-skane.org\/sv\/places\/southwest-metropolitan-zone\/vastkusten\/landskrona\/gipson-gympsum-island\/\">Gips\u00f6n (\"Gympsum Island\")<\/a>\n\t<ul class='children'>\n\t\t<li class=\"page_item page-item-1128\"><a href=\"https:\/\/guide.zero-carbon-skane.org\/sv\/places\/southwest-metropolitan-zone\/vastkusten\/landskrona\/gipson-gympsum-island\/from-toxic-dump-to-ceremonial-site-the-remediation-of-gipson\/\">Fr\u00e5n giftig soptipp till ceremoniell plats: saneringen av Gips\u00f6n<\/a><\/li>\n\t<\/ul>\n<\/li>\n<\/ul>\n<\/li>\n<li class=\"page_item page-item-32\"><a href=\"https:\/\/guide.zero-carbon-skane.org\/sv\/places\/southwest-metropolitan-zone\/vastkusten\/lomma\/\">Lomma<\/a><\/li>\n<\/ul><\/div><\/div>","protected":false},"excerpt":{"rendered":"<p>N\u00e4r vi s\u00e4ger \"v\u00e4stkusten\" menar vi naturligtvis inte \"ALLA kuststr\u00e4ckor som ligger p\u00e5 den v\u00e4stra sidan\". Det skulle bara vara dumt.<\/p>","protected":false},"author":1,"featured_media":754,"parent":7,"menu_order":0,"comment_status":"closed","ping_status":"closed","template":"","meta":{"footnotes":""},"categories":[],"tags":[],"class_list":["post-29","page","type-page","status-publish","has-post-thumbnail","hentry"],"jetpack_sharing_enabled":true,"_links":{"self":[{"href":"https:\/\/guide.zero-carbon-skane.org\/sv\/wp-json\/wp\/v2\/pages\/29","targetHints":{"allow":["GET"]}}],"collection":[{"href":"https:\/\/guide.zero-carbon-skane.org\/sv\/wp-json\/wp\/v2\/pages"}],"about":[{"href":"https:\/\/guide.zero-carbon-skane.org\/sv\/wp-json\/wp\/v2\/types\/page"}],"author":[{"embeddable":true,"href":"https:\/\/guide.zero-carbon-skane.org\/sv\/wp-json\/wp\/v2\/users\/1"}],"replies":[{"embeddable":true,"href":"https:\/\/guide.zero-carbon-skane.org\/sv\/wp-json\/wp\/v2\/comments?post=29"}],"version-history":[{"count":3,"href":"https:\/\/guide.zero-carbon-skane.org\/sv\/wp-json\/wp\/v2\/pages\/29\/revisions"}],"predecessor-version":[{"id":1193,"href":"https:\/\/guide.zero-carbon-skane.org\/sv\/wp-json\/wp\/v2\/pages\/29\/revisions\/1193"}],"up":[{"embeddable":true,"href":"https:\/\/guide.zero-carbon-skane.org\/sv\/wp-json\/wp\/v2\/pages\/7"}],"wp:featuredmedia":[{"embeddable":true,"href":"https:\/\/guide.zero-carbon-skane.org\/sv\/wp-json\/wp\/v2\/media\/754"}],"wp:attachment":[{"href":"https:\/\/guide.zero-carbon-skane.org\/sv\/wp-json\/wp\/v2\/media?parent=29"}],"wp:term":[{"taxonomy":"category","embeddable":true,"href":"https:\/\/guide.zero-carbon-skane.org\/sv\/wp-json\/wp\/v2\/categories?post=29"},{"taxonomy":"post_tag","embeddable":true,"href":"https:\/\/guide.zero-carbon-skane.org\/sv\/wp-json\/wp\/v2\/tags?post=29"}],"curies":[{"name":"wp","href":"https:\/\/api.w.org\/{rel}","templated":true}]}}