{"id":288,"date":"2022-10-25T11:42:35","date_gmt":"2022-10-25T11:42:35","guid":{"rendered":"https:\/\/guide.zero-carbon-skane.org\/?page_id=288"},"modified":"2023-03-24T10:20:19","modified_gmt":"2023-03-24T10:20:19","slug":"emporiaevolved-and-the-afterlife-of-the-mall","status":"publish","type":"page","link":"https:\/\/guide.zero-carbon-skane.org\/sv\/places\/southwest-metropolitan-zone\/greater-malmo\/hyllie-high-rise-techie-end\/emporiaevolved-and-the-afterlife-of-the-mall\/","title":{"rendered":"\"Emporia:Utvecklat och k\u00f6pcentrets efterliv\" - En guide till ett Sk\u00e5ne utan koldioxidutsl\u00e4pp"},"content":{"rendered":"<p>Emporia:Utvecklat, en f\u00f6re detta shoppinggalleria som blivit ett kreativt centrum i <a href=\"https:\/\/guide.zero-carbon-skane.org\/sv\/places\/southwest-metropolitan-zone\/greater-malmo\/hyllie-high-rise-techie-end\/\" data-type=\"page\" data-id=\"11\">Hyllie<\/a>, \u00e4r en av de viktigaste och mest popul\u00e4ra m\u00f6tesplatserna f\u00f6r malm\u00f6iter, unga som gamla. \u00c4ven om dess exteri\u00f6r av glas och betong \u00e4r ganska dold - om du inte har en svaghet f\u00f6r 2010-talets sena pomo arkitektoniska spektakelvibbar - \u00e4r det dolda inuti en skattkista av utrymmen f\u00f6r att skapa, bryta och g\u00f6ra om, tillsammans med hyresbibliotek f\u00f6r allt du kan beh\u00f6va: leksaker, b\u00f6cker, m\u00f6bler, kl\u00e4der och mer. Oavsett vilken trasig sak du har hittar du en specialist n\u00e5gonstans i Emporia som vet precis hur man lagar den, eller som hj\u00e4lper dig att laga den sj\u00e4lv... eller, om du \u00e4r den ot\u00e5liga typen, kan du byta in den mot en fungerande motsvarighet, om du har pengar.<\/p>\n\n\n\n<p>\u00c4ven om reparationer och byten utg\u00f6r ryggraden i Emporias utbud finns d\u00e4r en hel del annat som g\u00f6mmer sig i den n\u00e5got f\u00f6rbryllande kretsen av arkader och rulltrappor. Det finns sp\u00e5kvinnor f\u00f6r dem som k\u00e4nner att de har g\u00e5tt vilse i livet, lajvlabb f\u00f6r dem som vill prova p\u00e5 ett helt annat liv och det finns till och med ett helt energineutralt hotell f\u00f6r dem som \u00e4r desperata efter en god natts s\u00f6mn. Samtidigt h\u00e4nder det alltid n\u00e5got runt varje h\u00f6rn (eller snarare kurva), fr\u00e5n improviserad teater till popup-f\u00f6rel\u00e4sningar, m\u00e5larworkshops till filosofiska salonger. L\u00e4mna de sm\u00e5 p\u00e5 ett av daghemmen, s\u00e4tt ton\u00e5ringarna i en VR-arkad och se vad du kan se! Att engagera sig i det som h\u00e4nder \u00e4r ett bra s\u00e4tt att tr\u00e4ffa lokalbefolkningen och l\u00e4ra sig nya saker. Men du kanske ocks\u00e5 bara vill sitta ner med en cikoriabrygga och titta p\u00e5 galenskaperna - det finns m\u00e5nga v\u00e4rre s\u00e4tt att tillbringa en dag p\u00e5.<\/p>\n\n\n\n<p>(Rough Planets redakt\u00f6rer rekommenderar ocks\u00e5 den \u00e5terskapade takparken, med en bar som serverar f\u00f6rstklassiga cocktails gjorda p\u00e5 lokalt producerade juicer och spritdrycker, och en scen omgiven av k\u00f6rsb\u00e4rstr\u00e4d som \u00e4r v\u00e4rd f\u00f6r Malm\u00f6s hetaste up-and-coming musiker, artister och komiker. Om du kan, f\u00f6rs\u00f6k att f\u00e5nga eco-jazz-kv\u00e4llarna, som \u00e4ger rum varannan l\u00f6rdag i m\u00e5naden - det g\u00e5r minsann inte av f\u00f6r hackor!<\/p>\n\n\n\n<p>Emporia:Utvecklat har naturligtvis inte alltid varit en h\u00f6gklassig plats f\u00f6r kultur och kreativitet. Tv\u00e4rtom var det under 2010- och 20-talen det mest popul\u00e4ra k\u00f6pcentret i Sk\u00e5ne: ett konsumtionens mecka och en hotspot f\u00f6r den tidens sl\u00f6saktiga \"fast fashion\"- och \"influencer\"-kulturer. Detta fick dock ett abrupt slut 2030, n\u00e4r en grupp unga milj\u00f6aktivister ockuperade taket f\u00f6r att protestera mot regeringens underm\u00e5liga \u00e5tg\u00e4rder f\u00f6r att bek\u00e4mpa klimatf\u00f6r\u00e4ndringarna. Ett \u00e5r efter ockupationens slut gick Emporia i konkurs p\u00e5 grund av minskande bes\u00f6kssiffror, men \u00f6ppnade igen ett par \u00e5r senare i sin nuvarande form och drog rekordm\u00e5nga bes\u00f6kare 2037. Ibland erbjuds guidade turer, d\u00e4r de som deltog ber\u00e4ttar om ockupationens upp- och nedg\u00e5ngar och om hur det var f\u00f6rr i tiden - ett riktigt n\u00f6je f\u00f6r dem som gillar att f\u00f6rst\u00e5 historien bakom de kulturer som de f\u00f6rdjupar sig i, men rekommenderas \u00e4rligt talat till vem som helst.<\/p>","protected":false},"excerpt":{"rendered":"<p>Oavsett vad du har f\u00f6r trasig sak, s\u00e5 kommer du att hitta en specialist inne p\u00e5 Emporia som vet precis hur man lagar den, eller som hj\u00e4lper dig att laga den sj\u00e4lv... eller, om du \u00e4r den ot\u00e5liga typen, kan du byta in den mot en fungerande motsvarighet, om du har pengar till det.<\/p>","protected":false},"author":1,"featured_media":959,"parent":11,"menu_order":0,"comment_status":"closed","ping_status":"closed","template":"","meta":{"footnotes":""},"categories":[],"tags":[],"class_list":["post-288","page","type-page","status-publish","has-post-thumbnail","hentry"],"jetpack_sharing_enabled":true,"_links":{"self":[{"href":"https:\/\/guide.zero-carbon-skane.org\/sv\/wp-json\/wp\/v2\/pages\/288","targetHints":{"allow":["GET"]}}],"collection":[{"href":"https:\/\/guide.zero-carbon-skane.org\/sv\/wp-json\/wp\/v2\/pages"}],"about":[{"href":"https:\/\/guide.zero-carbon-skane.org\/sv\/wp-json\/wp\/v2\/types\/page"}],"author":[{"embeddable":true,"href":"https:\/\/guide.zero-carbon-skane.org\/sv\/wp-json\/wp\/v2\/users\/1"}],"replies":[{"embeddable":true,"href":"https:\/\/guide.zero-carbon-skane.org\/sv\/wp-json\/wp\/v2\/comments?post=288"}],"version-history":[{"count":2,"href":"https:\/\/guide.zero-carbon-skane.org\/sv\/wp-json\/wp\/v2\/pages\/288\/revisions"}],"predecessor-version":[{"id":961,"href":"https:\/\/guide.zero-carbon-skane.org\/sv\/wp-json\/wp\/v2\/pages\/288\/revisions\/961"}],"up":[{"embeddable":true,"href":"https:\/\/guide.zero-carbon-skane.org\/sv\/wp-json\/wp\/v2\/pages\/11"}],"wp:featuredmedia":[{"embeddable":true,"href":"https:\/\/guide.zero-carbon-skane.org\/sv\/wp-json\/wp\/v2\/media\/959"}],"wp:attachment":[{"href":"https:\/\/guide.zero-carbon-skane.org\/sv\/wp-json\/wp\/v2\/media?parent=288"}],"wp:term":[{"taxonomy":"category","embeddable":true,"href":"https:\/\/guide.zero-carbon-skane.org\/sv\/wp-json\/wp\/v2\/categories?post=288"},{"taxonomy":"post_tag","embeddable":true,"href":"https:\/\/guide.zero-carbon-skane.org\/sv\/wp-json\/wp\/v2\/tags?post=288"}],"curies":[{"name":"wp","href":"https:\/\/api.w.org\/{rel}","templated":true}]}}