{"id":286,"date":"2022-10-24T11:48:09","date_gmt":"2022-10-24T11:48:09","guid":{"rendered":"https:\/\/guide.zero-carbon-skane.org\/?page_id=286"},"modified":"2022-10-24T11:48:09","modified_gmt":"2022-10-24T11:48:09","slug":"hotel-highrise-hyllie","status":"publish","type":"page","link":"https:\/\/guide.zero-carbon-skane.org\/sv\/places\/southwest-metropolitan-zone\/greater-malmo\/hyllie-high-rise-techie-end\/hotel-highrise-hyllie\/","title":{"rendered":"H\u00f6ghushotellet i Hyllie"},"content":{"rendered":"<p>Hyllie har ett v\u00e4lf\u00f6rtj\u00e4nt rykte om att vara ett hotell som riktar sig till lyxlirare, men om du fr\u00e5gar oss - och eftersom du l\u00e4ser den h\u00e4r guiden antar vi <em>faktiskt<\/em> att du fr\u00e5gar oss - s\u00e5 \u00e4r m\u00e5nga av dem \u00e4r ganska utbytbara. De tenderar faktiskt att byta namn och kedja ganska regelbundet, ett rastl\u00f6st rebranding-fenomen som har hems\u00f6kt hotellbranschen under st\u00f6rre delen av 2000-talet, men som verkligen tog fart i efterdyningarna av de f\u00f6rsta stora pandemierna.<\/p>\n\n\n\n<p>Stora hotell och h\u00e5llbarhet har alltid varit besv\u00e4rliga rumskamrater, och om du ber\u00e4ttar f\u00f6r andra att du tar in p\u00e5 hotell i Hyllie kan du f\u00e5 en del h\u00e5rda blickar i Malm\u00f6s hippare kvarter - men om du kan visa upp ett nyckelkort med logotypen f\u00f6r Hotel Highrise f\u00e5r du kanske dispans p\u00e5 grund av h\u00e5llbarhetsaspekten (de kommer bara att hata dig f\u00f6r att du har pengar ist\u00e4llet.) Denna 30-v\u00e5ningsbyggnad, som byggdes under \"smart city\"-\u00e5ren i slutet av 2030-talet, har blivit n\u00e5got av ett landm\u00e4rke i staden med sin tredelade torndesign och sina eleganta h\u00e4ngande tr\u00e4dg\u00e5rdar. Det har alla de lyxiga bekv\u00e4mligheter som f\u00f6rknippas med ett fyrstj\u00e4rnigt hotell, men byggdes ocks\u00e5 enligt den tidens str\u00e4ngaste standarder f\u00f6r h\u00e5llbarhet och ekologi - s\u00e5 du beh\u00f6ver inte k\u00e4nna dig skyldig, oavsett vad hipsters kanske tycker!<\/p>\n\n\n\n<p>Hela byggnaden \u00e4r tillverkad av \u00e5teranv\u00e4nt tr\u00e4, som byggdes genom teknik utvecklat i norra Sverige under 2020-talet. Hotellet \u00e4r utrustat med solpaneler som ger tillr\u00e4ckligt med energi f\u00f6r att t\u00e4cka hotellets energibehov samtidigt som det finns tillr\u00e4ckligt mycket \u00f6ver f\u00f6r att dumpas tillbaka i Hyllies energin\u00e4t - ett designbeslut som gjorde mycket f\u00f6r att vinna \u00f6ver inv\u00e4ndningarna fr\u00e5n n\u00e4rliggande grannskap som hade varit oroliga f\u00f6r att det skulle f\u00f6rst\u00f6ra utsikten. Det massiva centrala v\u00e4xthuset som f\u00f6rbinder hotellets tre torn \u00e4r en avkopplande plats d\u00e4r du kan njuta av din lokalt producerade, Michelin-bel\u00f6nade <a href=\"https:\/\/guide.zero-carbon-skane.org\/sv\/activities\/eating-drinking\/malmos-hippest-eats-the-new-new-nordic-cuisine\/\" data-type=\"page\" data-id=\"281\">vegan N3C<\/a> frukost, men den fungerar ocks\u00e5 som en termisk buffert p\u00e5 vintern, samtidigt som den skyddar en liten citrusodling. Det betyder att du kan luta dig tillbaka och dricka en uppfriskande Newdriver-cocktail, gjord p\u00e5 hotellets egen apelsinjuice, \u00e4ven under de m\u00f6rkaste delarna av januari! <\/p>\n\n\n\n<p>Men kombinationen av smart teknik och lyxig atmosf\u00e4r slutar inte h\u00e4r. Hotellets autonoma AI-system f\u00f6r energireglering h\u00e5ller ett vakande \u00f6ga p\u00e5 de senaste v\u00e4derprognoserna fr\u00e5n SMHI och reglerar innetemperaturen d\u00e4refter. Eftersom bokningspolicyn utg\u00e5r fr\u00e5n bottenv\u00e5ningen och upp\u00e5t och flyttar endast till en ny v\u00e5ning n\u00e4r den f\u00f6reg\u00e5ende \u00e4r full, kan AI-systemet ocks\u00e5 st\u00e4lla oanv\u00e4nda delar av byggnaden i standby, vilket sparar mycket energi.\u00a0<\/p>\n\n\n\n<p>Regnvatten samlas ocks\u00e5 upp och lagras i stora underjordiska tankar. Vattnet anv\u00e4nds f\u00f6r att underh\u00e5lla olika gr\u00f6nomr\u00e5den i och runt hotellet, men tankarna \u00e4r ocks\u00e5 utformade f\u00f6r att fungera som termisk massa f\u00f6r att \"lagra\" de kalla temperaturerna under vinterm\u00e5naderna f\u00f6r att anv\u00e4ndas som kylning under sommaren. Det b\u00e4sta av allt \u00e4r att systemet \u00e4ven fungerar omv\u00e4nt, vilket inneb\u00e4r att de stekheta julitemperaturerna kan anv\u00e4ndas f\u00f6r att v\u00e4rma f\u00f6tterna och h\u00e5lla sig torr under den fuktiga och slaskiga vintern. Det \u00e4r allts\u00e5 en av de f\u00e5 platser i Sk\u00e5ne d\u00e4r du inte beh\u00f6ver t\u00e4nka s\u00e5 mycket p\u00e5 vad du v\u00e4ljer att ha p\u00e5 dig... \u00e5tminstone tills du best\u00e4mmer dig f\u00f6r att g\u00e5 ut, f\u00f6rst\u00e5s.<\/p>\n\n\n\n<p><strong>Praktisk information&nbsp;<\/strong><\/p>\n\n\n\n<p>P\u00e5 Hotel Highrise betalar du f\u00f6r storleken p\u00e5 det utrymme du tror att du kommer att beh\u00f6va, snarare \u00e4n f\u00f6r antalet g\u00e4ster eller rum. Varje v\u00e5ningsplan \u00e4r utrustat med modul\u00e4ra vikbara mellanv\u00e4ggar, som g\u00f6r att du kan utforma utrymmet som du vill. Reser du som par eller ensam? Njut av antingen ett litet, mysigt och billigare rum, eller satsa p\u00e5 en rymlig, extravagant svit. Vill din ton\u00e5ring ha ett eget rum? Dra bara ut en av v\u00e4ggarna och dela av det \u00f6nskade utrymmet. Du beh\u00f6ver inte heller best\u00e4mma dig i f\u00f6rv\u00e4g: du kan justera utrymmet under ditt bes\u00f6k d\u00e4r smart teknik i golvplankorna k\u00e4nner av v\u00e4ggarnas position och justerar din r\u00e4kning d\u00e4refter (oroa dig inte - v\u00e4ggarna m\u00e5ste l\u00e5sas upp fr\u00e5n b\u00e5da sidor innan de kan flyttas!)<\/p>\n\n\n\n<p>Det kan vara v\u00e4rt att notera att aktivister fr\u00e5n gruppen Homo Colossus under de senaste \u00e5ren har riktat in sig p\u00e5 Hotel Highrise, eftersom de anser att det fr\u00e4mjar en oh\u00e4lsosam energikonsumtionskultur. Deras handlingar \u00e4r inte skadliga, men ingenting f\u00f6rst\u00f6r st\u00e4mningen efter en \u00f6verd\u00e5dig frukost p\u00e5 s\u00e4ngen som att ha en 10 meter h\u00f6g digital projektion av dig sj\u00e4lv projicerad p\u00e5 f\u00f6nstren i ditt rum. Men du kan ju alltid dra ner persiennerna...<\/p>","protected":false},"excerpt":{"rendered":"<p>Hyllie&#8217;s reputation as a zone for hotels aimed at high-rollers is well-deserved, but if you ask us&#8212;and, given you&#8217;re reading this guide, we figure you are asking us&#8212;a lot of them are pretty interchangeable. Indeed, they tend to change names and chains fairly regularly, a restless rebranding phenomenon that has haunted the hospitality sector for [&hellip;]<\/p>\n","protected":false},"author":1,"featured_media":0,"parent":11,"menu_order":0,"comment_status":"closed","ping_status":"closed","template":"","meta":{"footnotes":""},"categories":[7],"tags":[],"class_list":["post-286","page","type-page","status-publish","hentry","category-hotels"],"jetpack_sharing_enabled":true,"_links":{"self":[{"href":"https:\/\/guide.zero-carbon-skane.org\/sv\/wp-json\/wp\/v2\/pages\/286","targetHints":{"allow":["GET"]}}],"collection":[{"href":"https:\/\/guide.zero-carbon-skane.org\/sv\/wp-json\/wp\/v2\/pages"}],"about":[{"href":"https:\/\/guide.zero-carbon-skane.org\/sv\/wp-json\/wp\/v2\/types\/page"}],"author":[{"embeddable":true,"href":"https:\/\/guide.zero-carbon-skane.org\/sv\/wp-json\/wp\/v2\/users\/1"}],"replies":[{"embeddable":true,"href":"https:\/\/guide.zero-carbon-skane.org\/sv\/wp-json\/wp\/v2\/comments?post=286"}],"version-history":[{"count":1,"href":"https:\/\/guide.zero-carbon-skane.org\/sv\/wp-json\/wp\/v2\/pages\/286\/revisions"}],"predecessor-version":[{"id":287,"href":"https:\/\/guide.zero-carbon-skane.org\/sv\/wp-json\/wp\/v2\/pages\/286\/revisions\/287"}],"up":[{"embeddable":true,"href":"https:\/\/guide.zero-carbon-skane.org\/sv\/wp-json\/wp\/v2\/pages\/11"}],"wp:attachment":[{"href":"https:\/\/guide.zero-carbon-skane.org\/sv\/wp-json\/wp\/v2\/media?parent=286"}],"wp:term":[{"taxonomy":"category","embeddable":true,"href":"https:\/\/guide.zero-carbon-skane.org\/sv\/wp-json\/wp\/v2\/categories?post=286"},{"taxonomy":"post_tag","embeddable":true,"href":"https:\/\/guide.zero-carbon-skane.org\/sv\/wp-json\/wp\/v2\/tags?post=286"}],"curies":[{"name":"wp","href":"https:\/\/api.w.org\/{rel}","templated":true}]}}