{"id":281,"date":"2022-10-24T11:17:29","date_gmt":"2022-10-24T11:17:29","guid":{"rendered":"https:\/\/guide.zero-carbon-skane.org\/?page_id=281"},"modified":"2023-03-24T11:56:51","modified_gmt":"2023-03-24T11:56:51","slug":"malmos-hippest-eats-the-new-new-nordic-cuisine","status":"publish","type":"page","link":"https:\/\/guide.zero-carbon-skane.org\/sv\/activities\/eating-drinking\/malmos-hippest-eats-the-new-new-nordic-cuisine\/","title":{"rendered":"Malm\u00f6s hippaste matst\u00e4llen: det ny-nya nordiska k\u00f6ket"},"content":{"rendered":"<p>Efter att ha tagit sina f\u00f6rsta darrande steg 2004 v\u00e4xte scenen f\u00f6r det nya nordiska k\u00f6ket till ett massivt hypat fenomen i slutet av 2010-talet och b\u00f6rjan av 2020-talet. Restauranger som den ansedda K\u00f6penhamnsinstitutionen Noma - som firade sitt 45-\u00e5rsjubileum f\u00f6r bara ett par \u00e5r sedan! - kom med radikala tolkningar av klassiska nordiska r\u00e4tter med lokalt ink\u00f6pta och s\u00e4songsbetonade ingredienser, allt byggt p\u00e5 de tre pelarna h\u00e5llbarhet, etik och h\u00e4lsosamhet.&nbsp;<\/p>\n\n\n\n<p>Men som alla gastronomiska k\u00e4nnare skulle kunna ber\u00e4tta f\u00f6r dig har det ny-gamla nordiska k\u00f6ket detroniserats, dess sill- och pepparrotskrona har sopats bort av den veganska kulinariska mani som spred sig som lupinblommor \u00f6ver den svenska nationen under b\u00f6rjan av 2040-talet. <\/p>\n\n\n\n<p>I bakgrund av ett snabbt f\u00f6r\u00e4nderligt klimat och stigande livsmedelspriser upplevde m\u00e5nga unga kockar - s\u00e4rskilt i <a href=\"https:\/\/guide.zero-carbon-skane.org\/sv\/places\/southwest-metropolitan-zone\/greater-malmo\/\" data-type=\"page\" data-id=\"8\">Malm\u00f6<\/a>- att de regerande nya nordiska restaurangerna hade blivit representativa f\u00f6r en gammaldags v\u00e4rldsordning, och h\u00e4vdade att deras h\u00f6ga priser och exklusiva atmosf\u00e4r i den nuvarande v\u00e5gen av det nya nordiska k\u00f6ket (5000 SEK f\u00f6r en avsmakningsmeny!) fr\u00e4mst v\u00e4nde sig till en rik \u00f6verklass. Dessa uppstickare ville ta det nordiska k\u00f6ket tillbaka till gatorna och till folket och skapa r\u00e4tter som var billigare, godare, mer h\u00e5llbara och mer sanna mot kulturarvet hos dagens nordiska medborgare \u00e4n vad det nya nordiska k\u00f6ket kunde erbjuda. <\/p>\n\n\n\n<p>(Kritiker och sm\u00e4dare har, ganska cyniskt, noterat att denna vision passar perfekt med <a href=\"https:\/\/guide.zero-carbon-skane.org\/sv\/places\/northwest\/helsingborg\/meating-halfway-helsingborgs-kottbaten\/\" data-type=\"page\" data-id=\"207\">den svenska statens subventionssystem f\u00f6r koldioxidsn\u00e5la livsmedel i b\u00f6rjan av 2030-talet, som gjorde k\u00f6ttbaserade r\u00e4tter v\u00e4ldigt dyra<\/a>- men alla framg\u00e5ngsrika innovationer \u00e4r i samklang med sin tid och sitt sammanhang, eller hur? Det kanske \u00e4r vad \"innovation\" egentligen betyder...)<\/p>\n\n\n\n<p>Genom att tillgodose en legendariskt om\u00e4ttlig lokal efterfr\u00e5gan p\u00e5 veganmat (kanske oskiljaktig fr\u00e5n \u00f6nskem\u00e5len hos den coola kreativa publiken i staden) gjorde de rebelliska kockarna Malm\u00f6 till f\u00f6delseplatsen f\u00f6r vad som verkligen tillreds inom matv\u00e4rlden (avsiktlig ordvits). Detta \u00e4r det <em>ny-<\/em> nya nordiska k\u00f6ket (eller N3K) kom att definieras av sitt avst\u00e5ndstagande fr\u00e5n alla typer av landbaserat k\u00f6tt eller mejeriprodukter, med endast enstaka restauranger som anv\u00e4nder vissa arter av <a href=\"https:\/\/guide.zero-carbon-skane.org\/sv\/places\/northwest\/highway-e6\/skanes-crown-joules-the-e6-and-the-enroads-project\/big-box-fish-farms-aquaponics-along-the-e6-corridor\/\" data-type=\"page\" data-id=\"227\">akvaponiskt odlad fisk<\/a> eller insekter f\u00f6r matlagning. Man har ocks\u00e5 satsat \u00e4nnu mer p\u00e5 h\u00e5llbarhet genom att anv\u00e4nda matlagning som ett s\u00e4tt att skydda och ingripa i skadade ekosystem: till exempel genom att laga r\u00e4tter med invasiva arter eller genom att k\u00f6pa ingredienser fr\u00e5n omr\u00e5den d\u00e4r man \u00e5terskapat vildmark.<\/p>\n\n\n\n<p>S\u00e5 vart ska man g\u00e5 om man \u00e4r intresserad av att \u00f6ka sitt kulturella kapital och dessutom f\u00e5 en grym m\u00e5ltid? N3K finns numera \u00f6ver hela Sk\u00e5ne, men om du vill g\u00e5 till k\u00e4llan f\u00f6r r\u00f6relsen \u00e4r det i stort sett alla gatuk\u00f6ksst\u00e5nd i den del av Malm\u00f6 som kallas <a href=\"https:\/\/guide.zero-carbon-skane.org\/sv\/places\/southwest-metropolitan-zone\/greater-malmo\/holma\/\" data-type=\"page\" data-id=\"271\">Holma<\/a> kommer att ge er vad ni s\u00f6ker. Det finns ett st\u00e4lle h\u00e4r som sticker ut fr\u00e5n m\u00e4ngden: Malcolm's BBQ. P\u00e5 helgkv\u00e4llarna ringlar k\u00f6n till Malcolms insektsburgare med f\u00e4rsk, krispig sallad, s\u00f6t tomat, kr\u00e4mig veganmayo och friterad kik\u00e4rtstofu l\u00e4ngs hela kvarteret (till stor f\u00f6rtret f\u00f6r de inv\u00e5nare som \u00e4r kontraktsenligt skyldiga att \u00e4ta p\u00e5 <a href=\"https:\/\/guide.zero-carbon-skane.org\/sv\/places\/southwest-metropolitan-zone\/greater-malmo\/holma\/recomb-mystery-meals-from-master-chefs\/\" data-type=\"URL\" data-id=\"https:\/\/guide.zero-carbon-skane.org\/places\/southwest-metropolitan-zone\/greater-malmo\/holma\/recomb-mystery-meals-from-master-chefs\/\">Re:Kam<\/a>). Gl\u00f6m inte att inkludera en sida med sj\u00f6gr\u00e4schips i din best\u00e4llning. Det h\u00e4r \u00e4r en riktigt godbit!<\/p>\n\n\n\n<p>Om du f\u00f6redrar att sitta ner och \u00e4ta - vilket, om du fr\u00e5gar den h\u00e5rt arbetande Rough planet-redaktionen, har blivit n\u00e5got av ett underskattat n\u00f6je under de senaste \u00e5ren - varf\u00f6r inte g\u00f6ra det med uts\u00f6kt utsikt \u00f6ver \u00d6resund, p\u00e5 en restaurang med h\u00f6gklassiga vibbar men l\u00e5ga priser? P\u00e5 restaurang Utvald, som ligger i <a href=\"https:\/\/guide.zero-carbon-skane.org\/sv\/places\/southwest-metropolitan-zone\/greater-malmo\/vastra-hamnen\/\" data-type=\"page\" data-id=\"126\">Malm\u00f6s h\u00e4rligt nedg\u00e5ngna stadsdel V\u00e4stra Hamnen<\/a>, finns Leila Mahs\u00e9n, en kock som skapar radikala och kreativa nya versioner av traditionell svensk mat. Prova akvaponisk fish taco f\u00f6r en cool, krispig twist p\u00e5 varje svensk farfars favoritr\u00e4tt fr\u00e5n barndomen... men falafelwrapen, d\u00e4r tunnbr\u00f6det \u00e4r singlat f\u00f6r att likna stadsdelens ikoniska Turning Torso-torn, \u00e4r deras signaturr\u00e4tt.<\/p>","protected":false},"excerpt":{"rendered":"<p>Det ny-gamla nordiska k\u00f6ket har detroniserats, dess sill- och pepparrotskrona har svepts bort av den veganska kulinariska mani som spred sig som lupinblommor \u00f6ver den svenska nationen under det tidiga 2040-talet. <\/p>","protected":false},"author":1,"featured_media":990,"parent":93,"menu_order":0,"comment_status":"closed","ping_status":"closed","template":"","meta":{"footnotes":""},"categories":[],"tags":[],"class_list":["post-281","page","type-page","status-publish","has-post-thumbnail","hentry"],"jetpack_sharing_enabled":true,"_links":{"self":[{"href":"https:\/\/guide.zero-carbon-skane.org\/sv\/wp-json\/wp\/v2\/pages\/281","targetHints":{"allow":["GET"]}}],"collection":[{"href":"https:\/\/guide.zero-carbon-skane.org\/sv\/wp-json\/wp\/v2\/pages"}],"about":[{"href":"https:\/\/guide.zero-carbon-skane.org\/sv\/wp-json\/wp\/v2\/types\/page"}],"author":[{"embeddable":true,"href":"https:\/\/guide.zero-carbon-skane.org\/sv\/wp-json\/wp\/v2\/users\/1"}],"replies":[{"embeddable":true,"href":"https:\/\/guide.zero-carbon-skane.org\/sv\/wp-json\/wp\/v2\/comments?post=281"}],"version-history":[{"count":4,"href":"https:\/\/guide.zero-carbon-skane.org\/sv\/wp-json\/wp\/v2\/pages\/281\/revisions"}],"predecessor-version":[{"id":994,"href":"https:\/\/guide.zero-carbon-skane.org\/sv\/wp-json\/wp\/v2\/pages\/281\/revisions\/994"}],"up":[{"embeddable":true,"href":"https:\/\/guide.zero-carbon-skane.org\/sv\/wp-json\/wp\/v2\/pages\/93"}],"wp:featuredmedia":[{"embeddable":true,"href":"https:\/\/guide.zero-carbon-skane.org\/sv\/wp-json\/wp\/v2\/media\/990"}],"wp:attachment":[{"href":"https:\/\/guide.zero-carbon-skane.org\/sv\/wp-json\/wp\/v2\/media?parent=281"}],"wp:term":[{"taxonomy":"category","embeddable":true,"href":"https:\/\/guide.zero-carbon-skane.org\/sv\/wp-json\/wp\/v2\/categories?post=281"},{"taxonomy":"post_tag","embeddable":true,"href":"https:\/\/guide.zero-carbon-skane.org\/sv\/wp-json\/wp\/v2\/tags?post=281"}],"curies":[{"name":"wp","href":"https:\/\/api.w.org\/{rel}","templated":true}]}}