{"id":28,"date":"2022-08-16T10:31:55","date_gmt":"2022-08-16T10:31:55","guid":{"rendered":"https:\/\/guide.zero-carbon-skane.org\/index.php\/southwest-metropolitan-zone\/naset\/falsterbo-skanor\/"},"modified":"2023-03-24T12:40:57","modified_gmt":"2023-03-24T12:40:57","slug":"falsterbo-skanor","status":"publish","type":"page","link":"https:\/\/guide.zero-carbon-skane.org\/sv\/places\/southwest-metropolitan-zone\/vellinge\/naset\/falsterbo-skanor\/","title":{"rendered":"Falsterbo &amp; Skan\u00f6r"},"content":{"rendered":"<p>Skan\u00f6r och Falsterbo \u00e4r tv\u00e5 orter som sedan 1500-talet \u00e4r administrativt sammanl\u00e4nkade och som ligger p\u00e5 den sandiga udde som kallas <a href=\"https:\/\/guide.zero-carbon-skane.org\/sv\/places\/southwest-metropolitan-zone\/vellinge\/naset\/\" data-type=\"page\" data-id=\"27\">N\u00e4set<\/a>, n\u00e4ra Sk\u00e5nes sydv\u00e4stligaste h\u00f6rn.<\/p>\n\n\n\n<p>Vi har h\u00e5llit v\u00e5r rapportering om dessa sm\u00e5 st\u00e4der till ett minimum, eftersom ingen av dem \u00e4r s\u00e4rskilt f\u00f6rtjust i bes\u00f6kare. Det handlar inte om of\u00f6rsk\u00e4mdhet eller ovilja mot utomst\u00e5ende - \u00e5tminstone inte bara - utan snarare om ett trauma: st\u00e4derna \u00e4r inte mycket mer \u00e4n en sandig landtunga som sticker ut i \u00d6resund. <a href=\"https:\/\/guide.zero-carbon-skane.org\/sv\/places\/southwest-metropolitan-zone\/vellinge\/naset\/\" data-type=\"page\" data-id=\"27\">N\u00e4set<\/a> har blivit kanarief\u00e5geln i kolgruvan n\u00e4r det g\u00e4ller havsniv\u00e5h\u00f6jningen. Fr\u00e5gan om statlig tv\u00e5ngsf\u00f6rflyttning \u00e4r extremt k\u00e4nslig, och tre decennier av ovilligt v\u00e4rdskap, inte bara f\u00f6r naturkatastrofer i slowmotion, utan ocks\u00e5 f\u00f6r flera grupper av demonstranter och motdemonstranter i klimatanpassningsfr\u00e5gor, har gjort inv\u00e5narna bittra och f\u00f6rsiktiga med utomst\u00e5ende.<\/p>\n\n\n\n<p>F\u00f6r att tala klarspr\u00e5k, vi rekommenderar att du h\u00e5ller dig borta, om du inte har f\u00e5tt en inbjudan i f\u00f6rv\u00e4g! Enligt <em>allem\u00e4nsr\u00e4tten<\/em> har du naturligtvis inget som hindrar dig fr\u00e5n att bes\u00f6ka dessa st\u00e4der - men skyll inte p\u00e5 oss om du inte k\u00e4nner dig s\u00e4rskilt v\u00e4lkommen. <a href=\"https:\/\/guide.zero-carbon-skane.org\/sv\/activities\/sightseeing\/living-it-up-in-liminal-landscapes-flexmark\/\" data-type=\"page\" data-id=\"309\">Om du har kommit f\u00f6r f\u00e5gelsk\u00e5dningen<\/a>, f\u00f6lj bara skyltarna (eller processionen av teleskopf\u00f6rsedda twitchers) fr\u00e5n bussh\u00e5llplatsen; om du har <a href=\"https:\/\/guide.zero-carbon-skane.org\/sv\/places\/southwest-metropolitan-zone\/vellinge\/naset\/falsterbo-skanor\/occupy-stiltsville-protesting-the-palpalats\/\">kommit f\u00f6r att ansluta dig till <em>p\u00e5lpalats<\/em> yrket<\/a>, s\u00e5 b\u00f6r dina kontakter d\u00e4r hj\u00e4lpa dig att orientera dig (f\u00f6rutsatt att de \u00e4r uppe ur s\u00e4ngen innan du anl\u00e4nder). Och om du \u00e4r <a href=\"https:\/\/guide.zero-carbon-skane.org\/sv\/activities\/sports-wellbeing\/in-the-rough-skanes-wildgolf-scene\/\">h\u00e4r f\u00f6r den lokala varianten av vildgolf<\/a>, hoppas vi att du kommer ih\u00e5g era vadarbyxor!<\/p>","protected":false},"excerpt":{"rendered":"<p>Skan\u00f6r och Falsterbo \u00e4r tv\u00e5 orter som ligger p\u00e5 den sandiga udde som kallas N\u00e4set, n\u00e4ra Sk\u00e5nes sydv\u00e4stligaste h\u00f6rn.<\/p>","protected":false},"author":1,"featured_media":734,"parent":27,"menu_order":0,"comment_status":"closed","ping_status":"closed","template":"","meta":{"footnotes":""},"categories":[],"tags":[],"class_list":["post-28","page","type-page","status-publish","has-post-thumbnail","hentry"],"jetpack_sharing_enabled":true,"_links":{"self":[{"href":"https:\/\/guide.zero-carbon-skane.org\/sv\/wp-json\/wp\/v2\/pages\/28","targetHints":{"allow":["GET"]}}],"collection":[{"href":"https:\/\/guide.zero-carbon-skane.org\/sv\/wp-json\/wp\/v2\/pages"}],"about":[{"href":"https:\/\/guide.zero-carbon-skane.org\/sv\/wp-json\/wp\/v2\/types\/page"}],"author":[{"embeddable":true,"href":"https:\/\/guide.zero-carbon-skane.org\/sv\/wp-json\/wp\/v2\/users\/1"}],"replies":[{"embeddable":true,"href":"https:\/\/guide.zero-carbon-skane.org\/sv\/wp-json\/wp\/v2\/comments?post=28"}],"version-history":[{"count":3,"href":"https:\/\/guide.zero-carbon-skane.org\/sv\/wp-json\/wp\/v2\/pages\/28\/revisions"}],"predecessor-version":[{"id":1024,"href":"https:\/\/guide.zero-carbon-skane.org\/sv\/wp-json\/wp\/v2\/pages\/28\/revisions\/1024"}],"up":[{"embeddable":true,"href":"https:\/\/guide.zero-carbon-skane.org\/sv\/wp-json\/wp\/v2\/pages\/27"}],"wp:featuredmedia":[{"embeddable":true,"href":"https:\/\/guide.zero-carbon-skane.org\/sv\/wp-json\/wp\/v2\/media\/734"}],"wp:attachment":[{"href":"https:\/\/guide.zero-carbon-skane.org\/sv\/wp-json\/wp\/v2\/media?parent=28"}],"wp:term":[{"taxonomy":"category","embeddable":true,"href":"https:\/\/guide.zero-carbon-skane.org\/sv\/wp-json\/wp\/v2\/categories?post=28"},{"taxonomy":"post_tag","embeddable":true,"href":"https:\/\/guide.zero-carbon-skane.org\/sv\/wp-json\/wp\/v2\/tags?post=28"}],"curies":[{"name":"wp","href":"https:\/\/api.w.org\/{rel}","templated":true}]}}