{"id":275,"date":"2022-10-24T09:58:28","date_gmt":"2022-10-24T09:58:28","guid":{"rendered":"https:\/\/guide.zero-carbon-skane.org\/?page_id=275"},"modified":"2023-04-26T10:08:52","modified_gmt":"2023-04-26T10:08:52","slug":"lanthandlar-a-revolution-in-rural-retail","status":"publish","type":"page","link":"https:\/\/guide.zero-carbon-skane.org\/sv\/activities\/eating-drinking\/lanthandlar-a-revolution-in-rural-retail\/","title":{"rendered":"Lanthandlar: en revolution inom detaljhandeln p\u00e5 landsbygden"},"content":{"rendered":"<p>Om du reser utanf\u00f6r Sk\u00e5nes stadsk\u00e4rnor - och om du har tid och m\u00f6jlighet att g\u00f6ra det rekommenderar vi det verkligen - kommer du troligen att beh\u00f6va lite f\u00f6rn\u00f6denheter. Men sl\u00f6sa inte bort din tid p\u00e5 att leta efter de v\u00e4lbekanta logotyperna p\u00e5 din favoritbutik; fr\u00e5ga ist\u00e4llet en lokalbo om v\u00e4gen till den lokala <em>lanthandeln<\/em>.<\/p>\n\n\n\n<p>Under st\u00f6rre delen av 1900-talet (och en stor del av 2000-talet) hade dagligvaruhandeln en dominerande dynamik: st\u00f6rre f\u00f6retag, st\u00f6rre butiker, st\u00f6rre parkeringsplatser. S\u00e5 h\u00e4r i efterhand kan det verka lite ironiskt, men detta gjordes f\u00f6r bekv\u00e4mlighetens skull: n\u00e4r i stort sett alla hade r\u00e5d med en egen bil var det logistiskt att g\u00f6ra ett \"stork\u00f6p\" en g\u00e5ng i veckan och handla mer \u00e4n man realistiskt sett kunde b\u00e4ra p\u00e5 cykel eller till fots. Dessa st\u00f6rre butiker, som ofta l\u00e5g p\u00e5 billig mark mellan befolkningscentra, konkurrerade ut mindre lokala butiker, eftersom s\u00e5 kallade \"stordriftsf\u00f6rdelar\" och monopolmakt h\u00f6ll priserna l\u00e5ga, och s\u00e4rskilt landsbygdsbefolkningen blev beroende av dessa \"big box\"- butiker samt de bilar de k\u00f6rde.<\/p>\n\n\n\n<p>Allt fungerade bra, \u00e4nda tills det inte l\u00e4ngre gjorde det: 2020-talets \u00f6kande br\u00e4nslekostnader innebar att det kostade en hel del att k\u00f6ra ut fr\u00e5n byn f\u00f6r att handla, \u00e4ven f\u00f6r dem som inte t\u00e4nkte p\u00e5 sin utsl\u00e4ppsprofil, och de lokala alternativen hade f\u00f6r l\u00e4nge sedan g\u00e5tt i konkurs. Dessutom hade globaliseringen av livsmedelsproduktionen, som stormarknaderna var det ultimata uttrycket f\u00f6r, bytt bekv\u00e4mlighet mot fr\u00e5nkoppling: fr\u00e5nkoppling fr\u00e5n marken, fr\u00e5n dem som arbetade p\u00e5 marken och fr\u00e5n de saker som de tog fram fr\u00e5n den. Resultatet blev oseri\u00f6s konsumtion, avfall, oh\u00e4lsosamma matvanor, eng\u00e5ngsf\u00f6rpackningar och st\u00e4ndigt krympande marginaler f\u00f6r jordbrukarna. Det som en g\u00e5ng hade varit h\u00f6jdpunkten av billig bekv\u00e4mlighet f\u00f6r alla var pl\u00f6tsligt inte bara obekv\u00e4mt utan ocks\u00e5 o\u00f6verkomligt och milj\u00f6f\u00f6rst\u00f6rande.<\/p>\n\n\n\n<p>Som du kommer att se p\u00e5 din resa runt Sk\u00e5ne, s\u00e4rskilt ute i byarna, har de gamla stormarknaderna ersatts av vad som traditionellt kallas <em>lanthandlare<\/em> . Dessa butiker finns i olika former och storlekar, beroende p\u00e5 lokala behov och traditioner, men har n\u00e5gra gemensamma principer: de s\u00e4ljer fr\u00e4mst livsmedel som produceras i regionen, prioriterar livsmedel fr\u00e5n n\u00e4romr\u00e5det och de \u00e4r fast beslutna att bevara den sociala aspekten av lokala butiker. D\u00e4rf\u00f6r \u00e4r m\u00e5nga <em>lanthandlare<\/em> \u00e4r ocks\u00e5 hem f\u00f6r kaf\u00e9er, gallerier och aktivitetscenter; prata med n\u00e5gon bybo \u00f6ver fyrtio och de kommer att ber\u00e4tta med stor entusiasm hur spridningen av <em>lanthandlare<\/em> har \u00e5terupplivat livet p\u00e5 landsbygden. De flesta f\u00f6ljer ocks\u00e5 en strikt kooperativ ekonomisk modell, d\u00e4r lokala livsmedelsproducenter \u00e4ger h\u00e4lften av butiken medan personalen \u00e4ger den andra h\u00e4lften. P\u00e5 s\u00e5 s\u00e4tt f\u00e5r b\u00f6nderna en mer r\u00e4ttvis ers\u00e4ttning f\u00f6r sina produkter, samtidigt som priserna h\u00e5lls tillr\u00e4ckligt l\u00e5ga f\u00f6r att kunderna ska \u00e5terv\u00e4nda.&nbsp;<\/p>\n\n\n\n<p>En av de tidiga pionj\u00e4rerna inom denna r\u00f6relse var <a href=\"https:\/\/guide.zero-carbon-skane.org\/sv\/places\/southwest-metropolitan-zone\/lund\/dalby-plus-eastern-villages\/torna-hallestad\/\" data-type=\"page\" data-id=\"143\">Torna H\u00e4llestad<\/a> Lanthandel: genom att kombinera en butik med en restaurang och evenemangslokaler har verksamheten blivit det sociala hj\u00e4rtat i denna lilla by utanf\u00f6r <a href=\"https:\/\/guide.zero-carbon-skane.org\/sv\/places\/southwest-metropolitan-zone\/lund\/\" data-type=\"page\" data-id=\"18\">Lund<\/a>. Stanna till och smaka p\u00e5 det lokala maskrosvinet under v\u00e5ren och sommaren, eller p\u00e5 kantarell- och jord\u00e4rtskockssoppan i b\u00f6rjan av h\u00f6sten! Men n\u00e4stan varje by har \u00e5tminstone en <em>lanthandel<\/em>, och du kommer alltid att vara s\u00e4ker p\u00e5 ett v\u00e4nligt v\u00e4lkomnande, liksom de allra b\u00e4sta av de lokala och regionala produkterna.<\/p>\n\n\n\n<p>F\u00f6retagsmodellen lever f\u00f6rst\u00e5s kvar i de st\u00f6rre st\u00e4derna (d\u00e4r transportfr\u00e5gorna inte \u00e4r s\u00e5 akuta) och p\u00e5 ett f\u00e5tal platser som v\u00e4nder sig till dem som har varit ovilliga att ge upp \"det gamla s\u00e4ttet\". En s\u00e5dan plats \u00e4r <a href=\"https:\/\/guide.zero-carbon-skane.org\/sv\/places\/southwest-metropolitan-zone\/burlov\/\" data-type=\"page\" data-id=\"130\">Burl\u00f6v<\/a>, en kommun strax utanf\u00f6r gr\u00e4nsen till <a href=\"https:\/\/guide.zero-carbon-skane.org\/sv\/places\/southwest-metropolitan-zone\/greater-malmo\/\" data-type=\"page\" data-id=\"8\">Stor-Malm\u00f6<\/a> som tidigare fr\u00e4mst var k\u00e4nt f\u00f6r sitt k\u00f6pcentrum, som i st\u00e4llet valde att f\u00f6rverkliga dr\u00f6mmen om den helautomatiska och alltid \u00f6ppna stormarknaden. I det tidigare k\u00f6pcentret kan du hitta alla typer av livsmedel som f\u00f6rvaras i stora kylsk\u00e5p och frysar, varav vissa (t.ex. avdelningen med exotiska frukter, k\u00f6tt och tobak) kr\u00e4ver en n\u00e4thinnescanning f\u00f6r att \u00f6ppnas p\u00e5 grund av de h\u00f6ga priserna p\u00e5 varorna och kostnaderna f\u00f6r att driva kylsystemen. <\/p>\n\n\n\n<p>St\u00e4llet kan vara ganska sp\u00f6klikt, s\u00e4rskilt tidigt p\u00e5 morgonen n\u00e4r du kanske \u00e4r den enda sj\u00e4len p\u00e5 plats - men t\u00e4nk inte ens tanken att g\u00e5 ut utan att betala, eftersom butiken har en helautomatisk dr\u00f6narstyrka som st\u00f6ldskydd (som kanske \u00e4r bev\u00e4pnad, beroende p\u00e5 resultatet av ett kommande lokalval). Burl\u00f6vs megastore \u00f6verlever till stor del tack vare sina v\u00e4nskapliga relationer med <a href=\"https:\/\/guide.zero-carbon-skane.org\/sv\/places\/southwest-metropolitan-zone\/staffanstorp\/\" data-type=\"page\" data-id=\"26\">Staffanstorps k\u00e4rntekniska organisation<\/a>, som ger f\u00f6retaget den s\u00e4llsynta f\u00f6rm\u00e5nen att ha l\u00e5ga elpriser som h\u00e5ller kylarna och frysarna ig\u00e5ng, samt en lojal kundbas. Men oroa dig inte, SNO \u00e4r bara k\u00e4rnkraft till namnet - s\u00e5 \u00e5tminstone den bortkastade energin kommer fr\u00e5n f\u00f6rnybara k\u00e4llor!<\/p>","protected":false},"excerpt":{"rendered":"<p>Sl\u00f6sa inte tid p\u00e5 att leta efter de v\u00e4lbekanta logotyperna f\u00f6r din favoritbutik; fr\u00e5ga ist\u00e4llet en lokalinv\u00e5nare om v\u00e4gen till den lokala lanthandeln.<\/p>","protected":false},"author":1,"featured_media":760,"parent":93,"menu_order":0,"comment_status":"closed","ping_status":"closed","template":"","meta":{"footnotes":""},"categories":[6],"tags":[],"class_list":["post-275","page","type-page","status-publish","has-post-thumbnail","hentry","category-eating-drinking"],"jetpack_sharing_enabled":true,"_links":{"self":[{"href":"https:\/\/guide.zero-carbon-skane.org\/sv\/wp-json\/wp\/v2\/pages\/275","targetHints":{"allow":["GET"]}}],"collection":[{"href":"https:\/\/guide.zero-carbon-skane.org\/sv\/wp-json\/wp\/v2\/pages"}],"about":[{"href":"https:\/\/guide.zero-carbon-skane.org\/sv\/wp-json\/wp\/v2\/types\/page"}],"author":[{"embeddable":true,"href":"https:\/\/guide.zero-carbon-skane.org\/sv\/wp-json\/wp\/v2\/users\/1"}],"replies":[{"embeddable":true,"href":"https:\/\/guide.zero-carbon-skane.org\/sv\/wp-json\/wp\/v2\/comments?post=275"}],"version-history":[{"count":5,"href":"https:\/\/guide.zero-carbon-skane.org\/sv\/wp-json\/wp\/v2\/pages\/275\/revisions"}],"predecessor-version":[{"id":1204,"href":"https:\/\/guide.zero-carbon-skane.org\/sv\/wp-json\/wp\/v2\/pages\/275\/revisions\/1204"}],"up":[{"embeddable":true,"href":"https:\/\/guide.zero-carbon-skane.org\/sv\/wp-json\/wp\/v2\/pages\/93"}],"wp:featuredmedia":[{"embeddable":true,"href":"https:\/\/guide.zero-carbon-skane.org\/sv\/wp-json\/wp\/v2\/media\/760"}],"wp:attachment":[{"href":"https:\/\/guide.zero-carbon-skane.org\/sv\/wp-json\/wp\/v2\/media?parent=275"}],"wp:term":[{"taxonomy":"category","embeddable":true,"href":"https:\/\/guide.zero-carbon-skane.org\/sv\/wp-json\/wp\/v2\/categories?post=275"},{"taxonomy":"post_tag","embeddable":true,"href":"https:\/\/guide.zero-carbon-skane.org\/sv\/wp-json\/wp\/v2\/tags?post=275"}],"curies":[{"name":"wp","href":"https:\/\/api.w.org\/{rel}","templated":true}]}}