{"id":271,"date":"2022-10-20T10:12:25","date_gmt":"2022-10-20T10:12:25","guid":{"rendered":"https:\/\/guide.zero-carbon-skane.org\/?page_id=271"},"modified":"2023-03-14T13:29:17","modified_gmt":"2023-03-14T13:29:17","slug":"holma","status":"publish","type":"page","link":"https:\/\/guide.zero-carbon-skane.org\/sv\/places\/southwest-metropolitan-zone\/greater-malmo\/holma\/","title":{"rendered":"Holma"},"content":{"rendered":"<p>Holma \u00e4r ett bostadsomr\u00e5de som byggdes p\u00e5 1970-talet i s\u00f6dra delen av <a href=\"https:\/\/guide.zero-carbon-skane.org\/sv\/places\/southwest-metropolitan-zone\/greater-malmo\/\" data-type=\"page\" data-id=\"8\">Malm\u00f6<\/a>, en bit norr om Hyllie. Arkitektoniskt \u00e4r det ett utm\u00e4rkt exempel p\u00e5 de sena stadierna av 1900-talet <em>miljonprogrammen<\/em> , d\u00e4r den svenska staten f\u00f6rs\u00f6kte tillgodose sina arbetarklasser med bost\u00e4der. Sociopolitiskt blev det dock ett bra exempel p\u00e5 vad sociologer brukade kalla \"sink estate\"-fenomenet: n\u00e4r de ursprungliga inv\u00e5narna flyttade ut fr\u00e5n sina trerumsl\u00e4genheter till mer exklusiva bost\u00e4der blev Holma den sista utv\u00e4gen f\u00f6r invandrare och flyktingar, underm\u00e5ligt underh\u00e5llet och n\u00e5got demoniserat, s\u00e4rskilt under <em>inflyttningspaniken<\/em> under 2000- och 2010-talen.<\/p>\n\n\n\n<p>Efter att det politiska trycket f\u00f6rsvann och Holma blev l\u00e4mnat \u00e5t sitt eget \u00f6de s\u00e5 gick det faktiskt r\u00e4tt bra f\u00f6r omr\u00e5det. 1970-talets \"full separation\"-design, d\u00e4r g\u00e5ng- och cykelv\u00e4gar prioriterades framf\u00f6r bilv\u00e4gar, skapade ett mycket promenadv\u00e4nligt samh\u00e4lle f\u00f6r m\u00e4nniskor och st\u00e5r i skarp kontrast till <a href=\"https:\/\/guide.zero-carbon-skane.org\/sv\/places\/southwest-metropolitan-zone\/greater-malmo\/hyllie-high-rise-techie-end\/\" data-type=\"page\" data-id=\"11\">de h\u00f6gteknologiska h\u00f6ghusen i Hyllie<\/a> i s\u00f6der. Kulturkrocken tog sig s\u00e5 sm\u00e5ningom i kulinariska uttryck och som s\u00e5dan <a href=\"https:\/\/guide.zero-carbon-skane.org\/sv\/activities\/eating-drinking\/malmos-hippest-eats-the-new-new-nordic-cuisine\/\" data-type=\"page\" data-id=\"281\">\u00e4r Holma nu en popul\u00e4r plats f\u00f6r streetfood, och n\u00e5gra av de mer k\u00e4nda namnen inom det nya nordiska k\u00f6ket b\u00f6rjade sin karri\u00e4r h\u00e4r<\/a>.<\/p>\n\n\n\n<p>Holma \u00e4r dock inte utan sina underligheter - den fr\u00e4msta av dem, och fortfarande en k\u00e4lla till ilska och frustration f\u00f6r m\u00e5nga inv\u00e5nare, \u00e4r <a href=\"https:\/\/guide.zero-carbon-skane.org\/sv\/places\/southwest-metropolitan-zone\/greater-malmo\/holma\/recomb-mystery-meals-from-master-chefs\/\" data-type=\"page\" data-id=\"273\">arvet efter ett missriktat \"smart city\"-projekt som syftade till att minska matavfallet. F\u00f6rdelen med detta \u00e4r att restaurangen som kallas Re:Comb<\/a>; vad g\u00e4ller nackdelarna, ja, d\u00e5 f\u00e5r du fr\u00e5ga holmaiterna varf\u00f6r de har ett h\u00e4ngl\u00e5s p\u00e5 kylsk\u00e5psd\u00f6rren...<\/p>","protected":false},"excerpt":{"rendered":"<p>Efter att det politiska trycket f\u00f6rsvann och Holma l\u00e4mnades \u00e5t sitt eget \u00f6de s\u00e5 har det g\u00e5tt bra f\u00f6r omr\u00e5det som i dag utg\u00f6r ett promenadv\u00e4nligt samh\u00e4lle f\u00f6r och av m\u00e4nniskor.<\/p>","protected":false},"author":1,"featured_media":831,"parent":8,"menu_order":0,"comment_status":"closed","ping_status":"closed","template":"","meta":{"footnotes":""},"categories":[],"tags":[],"class_list":["post-271","page","type-page","status-publish","has-post-thumbnail","hentry"],"jetpack_sharing_enabled":true,"_links":{"self":[{"href":"https:\/\/guide.zero-carbon-skane.org\/sv\/wp-json\/wp\/v2\/pages\/271","targetHints":{"allow":["GET"]}}],"collection":[{"href":"https:\/\/guide.zero-carbon-skane.org\/sv\/wp-json\/wp\/v2\/pages"}],"about":[{"href":"https:\/\/guide.zero-carbon-skane.org\/sv\/wp-json\/wp\/v2\/types\/page"}],"author":[{"embeddable":true,"href":"https:\/\/guide.zero-carbon-skane.org\/sv\/wp-json\/wp\/v2\/users\/1"}],"replies":[{"embeddable":true,"href":"https:\/\/guide.zero-carbon-skane.org\/sv\/wp-json\/wp\/v2\/comments?post=271"}],"version-history":[{"count":3,"href":"https:\/\/guide.zero-carbon-skane.org\/sv\/wp-json\/wp\/v2\/pages\/271\/revisions"}],"predecessor-version":[{"id":836,"href":"https:\/\/guide.zero-carbon-skane.org\/sv\/wp-json\/wp\/v2\/pages\/271\/revisions\/836"}],"up":[{"embeddable":true,"href":"https:\/\/guide.zero-carbon-skane.org\/sv\/wp-json\/wp\/v2\/pages\/8"}],"wp:featuredmedia":[{"embeddable":true,"href":"https:\/\/guide.zero-carbon-skane.org\/sv\/wp-json\/wp\/v2\/media\/831"}],"wp:attachment":[{"href":"https:\/\/guide.zero-carbon-skane.org\/sv\/wp-json\/wp\/v2\/media?parent=271"}],"wp:term":[{"taxonomy":"category","embeddable":true,"href":"https:\/\/guide.zero-carbon-skane.org\/sv\/wp-json\/wp\/v2\/categories?post=271"},{"taxonomy":"post_tag","embeddable":true,"href":"https:\/\/guide.zero-carbon-skane.org\/sv\/wp-json\/wp\/v2\/tags?post=271"}],"curies":[{"name":"wp","href":"https:\/\/api.w.org\/{rel}","templated":true}]}}