{"id":27,"date":"2022-08-16T10:31:54","date_gmt":"2022-08-16T10:31:54","guid":{"rendered":"https:\/\/guide.zero-carbon-skane.org\/index.php\/southwest-metropolitan-zone\/naset\/"},"modified":"2023-03-08T11:44:53","modified_gmt":"2023-03-08T11:44:53","slug":"naset","status":"publish","type":"page","link":"https:\/\/guide.zero-carbon-skane.org\/sv\/places\/southwest-metropolitan-zone\/vellinge\/naset\/","title":{"rendered":"N\u00e4set"},"content":{"rendered":"<p>N\u00e4set betyder direkt \u00f6versatt \"n\u00e4san\" - ett passande namn f\u00f6r en l\u00e5g, sandig halv\u00f6 som skjuter ut i \u00d6resund sydv\u00e4st om fastlandet i Vellinge <em>kommun<\/em>.<\/p>\n\n\n\n<p>De tv\u00e5 t\u00e4torterna Skan\u00f6r, som grupperar sig kring landbryggan till fastlandet, och Falsterbo, som ligger p\u00e5 halv\u00f6ns sydv\u00e4stra udde, har buntats ihop (som <a href=\"https:\/\/guide.zero-carbon-skane.org\/sv\/places\/southwest-metropolitan-zone\/vellinge\/naset\/falsterbo-skanor\/\" data-type=\"page\" data-id=\"28\">Skan\u00f6r <em>med<\/em> Falsterbo<\/a>) f\u00f6r politiska och administrativa \u00e4ndam\u00e5l sedan 1500-talet, men Falsterbo har en mycket djupare historia och var en betydande sillhamn under Hansaf\u00f6rbundets tid.<\/p>\n\n\n\n<p>Det tidigare Falsterbo f\u00f6rlorades till \u00d6resund, vilket inneb\u00e4r att det nutida Falsterbos n\u00e4ra f\u00f6rest\u00e5ende f\u00f6rlust till samma sak har en viss m\u00f6rk poesi \u00f6ver sig - historien upprepar sig, n\u00e4stan, skulle man kunna s\u00e4ga. Dagens N\u00e4set \u00e4r d\u00e4rf\u00f6r en sp\u00e4nd blandning av f\u00f6rm\u00f6gna utbrytare, mer <a href=\"https:\/\/guide.zero-carbon-skane.org\/sv\/places\/southwest-metropolitan-zone\/vellinge\/naset\/falsterbo-skanor\/tour-de-force-skanors-safe-haven-tower\/\">moderna anpassningar till klimatf\u00f6r\u00e4ndringar och stigande havsniv\u00e5er<\/a>, och <a href=\"https:\/\/guide.zero-carbon-skane.org\/sv\/places\/southwest-metropolitan-zone\/vellinge\/naset\/falsterbo-skanor\/occupy-stiltsville-protesting-the-palpalats\/\" data-type=\"page\" data-id=\"344\">ovanliga protestl\u00e4ger<\/a>-som alla \u00e4r v\u00e4rda att se, \u00e4ven om du bara kommer f\u00f6rbi f\u00f6r en runda <a href=\"https:\/\/guide.zero-carbon-skane.org\/sv\/activities\/sports-wellbeing\/in-the-rough-skanes-wildgolf-scene\/\" data-type=\"page\" data-id=\"260\">Vildgolf<\/a>. Men nu \u00e4r det nog naturreservaten som g\u00e4ller <a href=\"https:\/\/guide.zero-carbon-skane.org\/sv\/activities\/sightseeing\/living-it-up-in-liminal-landscapes-flexmark\/\" data-type=\"page\" data-id=\"309\">flexmark status<\/a>, som \u00e4r den st\u00f6rsta attraktionen... och <a href=\"https:\/\/guide.zero-carbon-skane.org\/sv\/activities\/events\/flexival-the-low-water-festivals\/\" data-type=\"page\" data-id=\"311\">inte bara f\u00f6r f\u00e5gelsk\u00e5dare<\/a>!<\/p>","protected":false},"excerpt":{"rendered":"<p>N\u00e4set betyder direkt \u00f6versatt \"n\u00e4san\" - ett passande namn f\u00f6r en l\u00e5g, sandig halv\u00f6 som sticker ut i \u00d6resund i sydv\u00e4stlig riktning fr\u00e5n fastlandet i Vellinge kommun.<\/p>","protected":false},"author":1,"featured_media":480,"parent":134,"menu_order":0,"comment_status":"closed","ping_status":"closed","template":"","meta":{"footnotes":""},"categories":[],"tags":[],"class_list":["post-27","page","type-page","status-publish","has-post-thumbnail","hentry"],"jetpack_sharing_enabled":true,"_links":{"self":[{"href":"https:\/\/guide.zero-carbon-skane.org\/sv\/wp-json\/wp\/v2\/pages\/27","targetHints":{"allow":["GET"]}}],"collection":[{"href":"https:\/\/guide.zero-carbon-skane.org\/sv\/wp-json\/wp\/v2\/pages"}],"about":[{"href":"https:\/\/guide.zero-carbon-skane.org\/sv\/wp-json\/wp\/v2\/types\/page"}],"author":[{"embeddable":true,"href":"https:\/\/guide.zero-carbon-skane.org\/sv\/wp-json\/wp\/v2\/users\/1"}],"replies":[{"embeddable":true,"href":"https:\/\/guide.zero-carbon-skane.org\/sv\/wp-json\/wp\/v2\/comments?post=27"}],"version-history":[{"count":4,"href":"https:\/\/guide.zero-carbon-skane.org\/sv\/wp-json\/wp\/v2\/pages\/27\/revisions"}],"predecessor-version":[{"id":733,"href":"https:\/\/guide.zero-carbon-skane.org\/sv\/wp-json\/wp\/v2\/pages\/27\/revisions\/733"}],"up":[{"embeddable":true,"href":"https:\/\/guide.zero-carbon-skane.org\/sv\/wp-json\/wp\/v2\/pages\/134"}],"wp:featuredmedia":[{"embeddable":true,"href":"https:\/\/guide.zero-carbon-skane.org\/sv\/wp-json\/wp\/v2\/media\/480"}],"wp:attachment":[{"href":"https:\/\/guide.zero-carbon-skane.org\/sv\/wp-json\/wp\/v2\/media?parent=27"}],"wp:term":[{"taxonomy":"category","embeddable":true,"href":"https:\/\/guide.zero-carbon-skane.org\/sv\/wp-json\/wp\/v2\/categories?post=27"},{"taxonomy":"post_tag","embeddable":true,"href":"https:\/\/guide.zero-carbon-skane.org\/sv\/wp-json\/wp\/v2\/tags?post=27"}],"curies":[{"name":"wp","href":"https:\/\/api.w.org\/{rel}","templated":true}]}}