{"id":266,"date":"2022-10-14T12:00:55","date_gmt":"2022-10-14T12:00:55","guid":{"rendered":"https:\/\/guide.zero-carbon-skane.org\/?page_id=266"},"modified":"2023-03-24T15:26:31","modified_gmt":"2023-03-24T15:26:31","slug":"monument-to-lost-species-the-disas-ting-life-cairn","status":"publish","type":"page","link":"https:\/\/guide.zero-carbon-skane.org\/sv\/places\/southeast-the-slow-coast\/ystad\/monument-to-lost-species-the-disas-ting-life-cairn\/","title":{"rendered":"Monument \u00f6ver f\u00f6rlorade arter: Disas Ting livsr\u00f6se"},"content":{"rendered":"<p>Om du reser med buss eller cykel l\u00e4ngs den gamla Highway 9-rutten, vid kusten v\u00e4ster om <a href=\"https:\/\/guide.zero-carbon-skane.org\/sv\/places\/southeast-the-slow-coast\/ystad\/\" data-type=\"page\" data-id=\"42\">Ystad<\/a>kanske du l\u00e4gger m\u00e4rke till en m\u00e4rklig stenh\u00f6g som st\u00e5r mellan cykelv\u00e4gen och \u00d6stersj\u00f6n bortom. Tillsammans med Disas Ting - en rektangul\u00e4r \"cirkel\" av sten som s\u00e4gs ha sitt ursprung i j\u00e4rn\u00e5ldern - invigdes Sk\u00e5nes f\u00f6rsta livsr\u00f6se redan 2025. (Vi har inte avbildat r\u00f6set h\u00e4r, av respekt f\u00f6r platsens helighet).<\/p>\n\n\n\n<p>Livsr\u00f6sen har blivit ganska vanliga i Europa, men den p\u00e5 Disas Ting \u00e4r utan tvekan en av de f\u00f6rsta. Under 2020-talet kom <a href=\"https:\/\/guide.zero-carbon-skane.org\/sv\/places\/southeast-the-slow-coast\/gamla-osterlen\/\" data-type=\"page\" data-id=\"44\">\u00d6sterlen<\/a> att bli f\u00f6r dyrt f\u00f6r de konstn\u00e4rer som hade gjort s\u00e5 mycket f\u00f6r omr\u00e5det, och m\u00e5nga av dem - inklusive den nu \u00f6k\u00e4nda sk\u00e5nska skolan av ekopoeter - flyttade ner till <a href=\"https:\/\/guide.zero-carbon-skane.org\/sv\/places\/southwest-metropolitan-zone\/soderlen\/\" data-type=\"page\" data-id=\"25\">den vindpinade s\u00f6dra kuststr\u00e4ckan i l\u00e4net, som kom att kallas S\u00f6'rlen<\/a>.\u00a0<\/p>\n\n\n\n<p>Enligt legenden var Disa \u00f6desgudinna och skulle ha h\u00e5llit hov p\u00e5 platsen f\u00f6r stencirkeln; det s\u00e4gs att Disa hj\u00e4lpte till att r\u00e4dda liv n\u00e4r en svensk kung ville slakta h\u00e4lften av befolkningen under en sv\u00e4ltkatastrof i det avl\u00e4gsna f\u00f6rflutna. F\u00f6r ekopoeterna i Svarte blev Disas Ting d\u00e4rf\u00f6r en minnesplats f\u00f6r de arter som var n\u00e4ra utrotning eller redan utrotade till f\u00f6ljd av m\u00e4nniskans exploatering - men ocks\u00e5, kanske kontraintuitivt, en plats f\u00f6r firande av livets forts\u00e4ttning. (I detta avseende har den vissa kulturella likheter med <a href=\"https:\/\/guide.zero-carbon-skane.org\/sv\/activities\/sightseeing\/grave-matters-burial-sites-in-skane\/\" data-type=\"page\" data-id=\"262\">Sk\u00e5nes begravningsplats f\u00f6r blandade arter<\/a> platser.)<\/p>\n\n\n\n<p>N\u00e4r wych-almen f\u00f6rsvann i mitten av 2020-talet samlades de lokala poeterna i Disas Ting den 30 november f\u00f6r en ceremoni till\u00e4gnad tr\u00e4det, med en blandning av poesiuppl\u00e4sningar och sorgcirklar \u00f6ver artgr\u00e4nserna. I slutet av ceremonin lades en sten mellan Disas Ting och strandlinjen som en mark\u00f6r eller ett totem f\u00f6r den sista wych-almen. 25 \u00e5r senare best\u00e5r livsr\u00f6sen av hundratals stenar som \u00e4r prydligt staplade p\u00e5 varandra, och lokalbefolkningen kallar den S\u00f6'rlens pyramid.<\/p>\n\n\n\n<p>(L\u00e4sare med en mer subversiv l\u00e4ggning kanske \u00e4r intresserade av att veta att livsr\u00f6sen var k\u00e4nd som en m\u00f6tesplats f\u00f6r aktivister fr\u00e5n Extinction Rebellion under den malmistiska sabot\u00f6rfasen p\u00e5 2030-talet).<\/p>\n\n\n\n<p>Minnesdagen den 30 november blev s\u00e5 sm\u00e5ningom en minnesm\u00e5nad f\u00f6r f\u00f6rlorade arter, med b\u00f6rjan i den tidigare Alla helgons dag, som fungerade som en minnesdag f\u00f6r alla de trogna som g\u00e5tt bort i den kristna kyrkan. Trots det dystra temat kan de olika evenemang som \u00e4ger rum under minnesm\u00e5naden vara ganska ljusa och glada - \u00e4ven om vi b\u00f6r varna dig f\u00f6r att detsamma inte alltid kan s\u00e4gas om v\u00e4dret.<\/p>","protected":false},"excerpt":{"rendered":"<p>Livsr\u00f6se har blivit ganska vanliga i Europa, men den p\u00e5 Disas Ting \u00e4r utan tvekan en av de f\u00f6rsta.<\/p>","protected":false},"author":1,"featured_media":1104,"parent":42,"menu_order":0,"comment_status":"closed","ping_status":"closed","template":"","meta":{"footnotes":""},"categories":[5],"tags":[],"class_list":["post-266","page","type-page","status-publish","has-post-thumbnail","hentry","category-sightseeing"],"jetpack_sharing_enabled":true,"_links":{"self":[{"href":"https:\/\/guide.zero-carbon-skane.org\/sv\/wp-json\/wp\/v2\/pages\/266","targetHints":{"allow":["GET"]}}],"collection":[{"href":"https:\/\/guide.zero-carbon-skane.org\/sv\/wp-json\/wp\/v2\/pages"}],"about":[{"href":"https:\/\/guide.zero-carbon-skane.org\/sv\/wp-json\/wp\/v2\/types\/page"}],"author":[{"embeddable":true,"href":"https:\/\/guide.zero-carbon-skane.org\/sv\/wp-json\/wp\/v2\/users\/1"}],"replies":[{"embeddable":true,"href":"https:\/\/guide.zero-carbon-skane.org\/sv\/wp-json\/wp\/v2\/comments?post=266"}],"version-history":[{"count":3,"href":"https:\/\/guide.zero-carbon-skane.org\/sv\/wp-json\/wp\/v2\/pages\/266\/revisions"}],"predecessor-version":[{"id":1106,"href":"https:\/\/guide.zero-carbon-skane.org\/sv\/wp-json\/wp\/v2\/pages\/266\/revisions\/1106"}],"up":[{"embeddable":true,"href":"https:\/\/guide.zero-carbon-skane.org\/sv\/wp-json\/wp\/v2\/pages\/42"}],"wp:featuredmedia":[{"embeddable":true,"href":"https:\/\/guide.zero-carbon-skane.org\/sv\/wp-json\/wp\/v2\/media\/1104"}],"wp:attachment":[{"href":"https:\/\/guide.zero-carbon-skane.org\/sv\/wp-json\/wp\/v2\/media?parent=266"}],"wp:term":[{"taxonomy":"category","embeddable":true,"href":"https:\/\/guide.zero-carbon-skane.org\/sv\/wp-json\/wp\/v2\/categories?post=266"},{"taxonomy":"post_tag","embeddable":true,"href":"https:\/\/guide.zero-carbon-skane.org\/sv\/wp-json\/wp\/v2\/tags?post=266"}],"curies":[{"name":"wp","href":"https:\/\/api.w.org\/{rel}","templated":true}]}}