{"id":262,"date":"2022-10-14T11:35:42","date_gmt":"2022-10-14T11:35:42","guid":{"rendered":"https:\/\/guide.zero-carbon-skane.org\/?page_id=262"},"modified":"2023-03-24T14:59:37","modified_gmt":"2023-03-24T14:59:37","slug":"grave-matters-burial-sites-in-skane","status":"publish","type":"page","link":"https:\/\/guide.zero-carbon-skane.org\/sv\/activities\/sightseeing\/grave-matters-burial-sites-in-skane\/","title":{"rendered":"D\u00f6dligt allvar: begravningsplatser i Sk\u00e5ne"},"content":{"rendered":"<p>Sk\u00e5ne har l\u00e4nge varit en hotspot f\u00f6r begravningsturism, eftersom det h\u00e4r finns m\u00e5nga gravplatser med mycket gamla anor, \u00e4nda tillbaka till <em>vikingatiden<\/em> och d\u00e4refter. M\u00e5nga av dessa \u00e4r naturligtvis endast tillg\u00e4ngliga f\u00f6r utbildade arkeologer med beh\u00f6righet - och medan <em>allem\u00e4nsr\u00e4tten<\/em> ger dig r\u00e4tt att r\u00f6ra dig fritt p\u00e5 landsbygden (eller st\u00f6rre delen av den) kan du f\u00e5 allvarliga problem med b\u00e5de lagen och mark\u00e4garen om du g\u00f6r egna arkeologiska utgr\u00e4vningar p\u00e5 platser som ser ut att vara gravh\u00f6gar. H\u00e5ll dig i st\u00e4llet till de mer k\u00e4nda platserna, som j\u00e4rn\u00e5ldersplatsen Gudahagen (norr om <a href=\"https:\/\/guide.zero-carbon-skane.org\/sv\/places\/northeast-the-lakelands\/bromolla\/\" data-type=\"page\" data-id=\"153\">Brom\u00f6lla<\/a>), och ett stort omr\u00e5de nordost om <a href=\"https:\/\/guide.zero-carbon-skane.org\/sv\/places\/southeast-the-slow-coast\/simrishamn\/\" data-type=\"page\" data-id=\"35\">Simrishamn<\/a>, f\u00f6r att bara n\u00e4mna n\u00e5gra. <\/p>\n\n\n\n<p>(Det finns specialiserade guider f\u00f6r den h\u00e4r typen av saker, som Rough Planet-teamet inte tycker att det \u00e4r v\u00e4rt att f\u00f6rs\u00f6ka konkurrera med).<\/p>\n\n\n\n<p>S\u00e5dana platser fascinerar oss p\u00e5 grund av det till synes ovanliga i deras praktiker och ritualer - och det \u00e4r samma fascination som lockar bes\u00f6kare till Sk\u00e5nes nyare begravnings- och minnesplatser, d\u00e4r f\u00f6r\u00e4ndringar har p\u00e5g\u00e5tt under en l\u00e4ngre tid. Det finns naturligtvis fortfarande gott om \"klassiska\" kyrkog\u00e5rdar att bes\u00f6ka - Malm\u00f6 \u00e4r s\u00e4rskilt v\u00e4lf\u00f6rsett, med den anrika <a href=\"https:\/\/guide.zero-carbon-skane.org\/sv\/places\/southwest-metropolitan-zone\/greater-malmo\/gamla-staden-incl-ribban\/\" data-type=\"page\" data-id=\"9\">Gamla kyrkog\u00e5rden<\/a>, den omfattande \u00d6stra kyrkog\u00e5rden och den serie kyrkog\u00e5rdar som \u00e4r kopplade till Sankt Pauli, f\u00f6r att bara n\u00e4mna n\u00e5gra - och deras historia som sociala platser har till viss del skyddat dem fr\u00e5n f\u00f6r\u00e4ndringar.<\/p>\n\n\n\n<p>\u00c4ven om det finns vissa problem som har att g\u00f6ra med ackumuleringen av giftiga kemikalier i m\u00e4nskliga kvarlevor, har utmaningarna med kyrkog\u00e5rdar fr\u00e4mst att g\u00f6ra med den m\u00e4ngd utrymme de tar upp i stora st\u00e4der d\u00e4r utrymme \u00e4r en bristvara. Under de senaste tre decennierna har Sverige vidtagit \u00e5tg\u00e4rder f\u00f6r att hantera detta och andra markanv\u00e4ndningsfr\u00e5gor, s\u00e5som \u00e5terinf\u00f6randet av fastighetsskatten med olika undantag och minskningar: till exempel \u00e4r stora obebyggda omr\u00e5den (s\u00e5som kyrkog\u00e5rdar) som kan visa positiva effekter p\u00e5 biologisk m\u00e5ngfald - t.ex. genom \u00e5teruppbyggnad, biodling och andra \u00e5tg\u00e4rder - ber\u00e4ttigade till skattel\u00e4ttnader. <\/p>\n\n\n\n<p>Mer specifikt har regeringen drivit p\u00e5 f\u00f6r f\u00f6r\u00e4ndringar i hur gravar organiseras - men kanske inte i den riktning som f\u00f6rv\u00e4ntades. Medan m\u00e5nga experter pekade p\u00e5 potentialen i effektivt staplade gravar (som p\u00e5 Montjuic Hill Cemetery i Barcelona), har det ist\u00e4llet skett en v\u00e4ndning mot alternativ till begravning, en trend att \"hitta tillbaka till naturen\", oavsett om det sker genom askspridning, askbegravning eller kompostering. \u00c4ven om det var till\u00e5tet fr\u00e5n slutet av 2020-talet var det inte f\u00f6rr\u00e4n i b\u00f6rjan av 2040-talet - efter n\u00e5gra m\u00e4ktiga f\u00f6respr\u00e5kare fr\u00e5n Dust To Dust-r\u00f6relsen - som m\u00e4nsklig kompostering och vattenkremering kom att omfattas av <em>begravningsskatt<\/em> men trots koldioxidavgiften \u00e4r kremering fortfarande den vanligaste begravningsmetoden i Sverige.<\/p>\n\n\n\n<p>De som s\u00e5 att s\u00e4ga vill ligga i framkant n\u00e4r det g\u00e4ller d\u00f6den kanske vill bes\u00f6ka en (eller b\u00e5da!) av de begravningsplatser f\u00f6r olika arter som har dykt upp i l\u00e4net under de senaste \u00e5ren:<\/p>\n\n\n\n<p><strong>Kins kyrkog\u00e5rd (<a href=\"https:\/\/guide.zero-carbon-skane.org\/sv\/places\/southwest-metropolitan-zone\/greater-malmo\/docklands\/famnen-urban-living-with-repurpose\/\" data-type=\"page\" data-id=\"239\">Famnen, Malm\u00f6<\/a>).<\/strong> Kins kyrkog\u00e5rd har sitt ursprung i en tidvattensv\u00e5g i \u00d6resund - som fortfarande \u00e4r of\u00f6rklarlig, \u00e4ven om teorierna \u00e4r m\u00e5nga - som fick ett stort antal d\u00f6da och d\u00f6ende havsdjur att spolas upp p\u00e5 land i <a href=\"https:\/\/guide.zero-carbon-skane.org\/sv\/places\/southwest-metropolitan-zone\/greater-malmo\/docklands\/\" data-type=\"page\" data-id=\"10\">Malm\u00f6s gamla hamnkvarter<\/a>. Platsen f\u00f6rblev till en b\u00f6rjan or\u00f6rd (och av allt att d\u00f6ma ganska v\u00e4ldoftande), tills pilgrimer fr\u00e5n hela regionen gjorde den till en minnesplats f\u00f6r f\u00f6rlusten av biologisk m\u00e5ngfald. <\/p>\n\n\n\n<p>Den f\u00f6rsta s\u00f6ndagen varje m\u00e5nad erbjuder Kins kyrkog\u00e5rdskapell vid havet \"biodiversity escape room sessions\" som ett s\u00e4tt att skapa en plats d\u00e4r man kan s\u00f6rja f\u00f6rlusten av biologisk m\u00e5ngfald och hoppas p\u00e5 f\u00f6r\u00e4ndring. F\u00f6r de mer studieinriktade anordnas ocks\u00e5 en regelbunden f\u00f6rel\u00e4sningsserie om samma \u00e4mne i kapellet. Som allt annat p\u00e5 Famnen \u00e4r kapellet helt tillverkat av \u00e5tervunna material och k\u00e4nnetecknas av sin cirkul\u00e4ra design med en halv\u00f6ppen havsbotten i mitten. Kapellet har blivit en popul\u00e4r plats f\u00f6r m\u00e5nga vattenrelaterade ceremonier, t.ex. namngivning, askspridning och sl\u00e4ktskapsceremonier.&nbsp; <\/p>\n\n\n\n<p>\u00c4ven om det vanligtvis inte \u00e4r \u00f6ppet f\u00f6r allm\u00e4nheten kan du ocks\u00e5 se den n\u00e4rliggande anl\u00e4ggningen f\u00f6r vattenkremering, d\u00e4r kroppar likvideras genom alkalisk hydrolys. <\/p>\n\n\n\n<p>(T\u00e4nk p\u00e5 att <a href=\"https:\/\/guide.zero-carbon-skane.org\/sv\/places\/southwest-metropolitan-zone\/greater-malmo\/docklands\/famnen-urban-living-with-repurpose\/\" data-type=\"page\" data-id=\"239\">alla bes\u00f6k p\u00e5 Famnen m\u00e5ste betalas med en arbetsinsats<\/a>!)<\/p>\n\n\n\n<p><strong>Symbiosens begravningsplats<\/strong>. Bel\u00e4get p\u00e5 <a href=\"https:\/\/guide.zero-carbon-skane.org\/sv\/places\/southeast-the-slow-coast\/the-slow-coast\/\" data-type=\"page\" data-id=\"36\">Lugna kusten<\/a> norr om <a href=\"https:\/\/guide.zero-carbon-skane.org\/sv\/places\/southeast-the-slow-coast\/simrishamn\/\" data-type=\"page\" data-id=\"35\">Simrishamn<\/a>, har Symbiosen tagit inter-specisism till n\u00e4sta niv\u00e5. Som namnet antyder f\u00f6rs\u00f6ker kyrkog\u00e5rden uppr\u00e4tth\u00e5lla balansen mellan m\u00e4nniska och natur, och d\u00e4rf\u00f6r \u00e4r reglerna strikta: \u00e4ven om A-m\u00e4rkta kremeringar \u00e4r till\u00e5tna, \u00e4r kompostering av m\u00e4nniskor vanligare (och prioriteras ocks\u00e5). <\/p>\n\n\n\n<p>F\u00f6rv\u00e4nta dig inga detaljerat dekorerade gravstenar: denna kyrkog\u00e5rd skulle vara sv\u00e5r att skilja fr\u00e5n en strand\u00e4ng. P\u00e5 senare \u00e5r har Symbiosens begravningsplats anlagt en undervattensavdelning med \"sj\u00f6gravar\" som efterliknar strukturen hos korallrev och som s\u00e5 sm\u00e5ningom \u00e4r t\u00e4nkt att bli en del av kustens ekosystem.<\/p>\n\n\n\n<p>Under sommarm\u00e5naderna kan certifierade dykare f\u00e5 tillst\u00e5nd att bes\u00f6ka sj\u00f6gravarna (varannan s\u00f6ndag). F\u00f6r alla andra kan m\u00e5nga av gravarna - och det blomstrande sj\u00f6liv som har b\u00f6rjat befolka dem - ses fr\u00e5n ovan vattnet; kyrkog\u00e5rdspersonalen erbjuder anv\u00e4ndning av b\u00e5tar under lugna perioder.<\/p>","protected":false},"excerpt":{"rendered":"<p>Det s\u00e4gs ofta att det f\u00f6rflutna aldrig f\u00f6rblir begravt - men det \u00e4r kanske bara f\u00f6r att vi m\u00e4nniskor \u00e4r s\u00e5 angel\u00e4gna om att gr\u00e4va upp det igen, om \u00e4n bara bildligt talat.<\/p>","protected":false},"author":1,"featured_media":1087,"parent":97,"menu_order":0,"comment_status":"closed","ping_status":"closed","template":"","meta":{"footnotes":""},"categories":[],"tags":[],"class_list":["post-262","page","type-page","status-publish","has-post-thumbnail","hentry"],"jetpack_sharing_enabled":true,"_links":{"self":[{"href":"https:\/\/guide.zero-carbon-skane.org\/sv\/wp-json\/wp\/v2\/pages\/262","targetHints":{"allow":["GET"]}}],"collection":[{"href":"https:\/\/guide.zero-carbon-skane.org\/sv\/wp-json\/wp\/v2\/pages"}],"about":[{"href":"https:\/\/guide.zero-carbon-skane.org\/sv\/wp-json\/wp\/v2\/types\/page"}],"author":[{"embeddable":true,"href":"https:\/\/guide.zero-carbon-skane.org\/sv\/wp-json\/wp\/v2\/users\/1"}],"replies":[{"embeddable":true,"href":"https:\/\/guide.zero-carbon-skane.org\/sv\/wp-json\/wp\/v2\/comments?post=262"}],"version-history":[{"count":4,"href":"https:\/\/guide.zero-carbon-skane.org\/sv\/wp-json\/wp\/v2\/pages\/262\/revisions"}],"predecessor-version":[{"id":1088,"href":"https:\/\/guide.zero-carbon-skane.org\/sv\/wp-json\/wp\/v2\/pages\/262\/revisions\/1088"}],"up":[{"embeddable":true,"href":"https:\/\/guide.zero-carbon-skane.org\/sv\/wp-json\/wp\/v2\/pages\/97"}],"wp:featuredmedia":[{"embeddable":true,"href":"https:\/\/guide.zero-carbon-skane.org\/sv\/wp-json\/wp\/v2\/media\/1087"}],"wp:attachment":[{"href":"https:\/\/guide.zero-carbon-skane.org\/sv\/wp-json\/wp\/v2\/media?parent=262"}],"wp:term":[{"taxonomy":"category","embeddable":true,"href":"https:\/\/guide.zero-carbon-skane.org\/sv\/wp-json\/wp\/v2\/categories?post=262"},{"taxonomy":"post_tag","embeddable":true,"href":"https:\/\/guide.zero-carbon-skane.org\/sv\/wp-json\/wp\/v2\/tags?post=262"}],"curies":[{"name":"wp","href":"https:\/\/api.w.org\/{rel}","templated":true}]}}