{"id":260,"date":"2022-10-13T12:56:37","date_gmt":"2022-10-13T12:56:37","guid":{"rendered":"https:\/\/guide.zero-carbon-skane.org\/?page_id=260"},"modified":"2023-03-24T12:51:17","modified_gmt":"2023-03-24T12:51:17","slug":"in-the-rough-skanes-wildgolf-scene","status":"publish","type":"page","link":"https:\/\/guide.zero-carbon-skane.org\/sv\/activities\/sports-wellbeing\/in-the-rough-skanes-wildgolf-scene\/","title":{"rendered":"I det fria: Sk\u00e5nes scen f\u00f6r vildgolf"},"content":{"rendered":"<p>\u00c4nda sedan skottarna b\u00f6rjade kasta strandstenar med klubbor p\u00e5 1300-talet har golfsporten f\u00f6r\u00e4ndrats i takt med de samh\u00e4llen d\u00e4r den har ut\u00f6vats.&nbsp;<\/p>\n\n\n\n<p>Sk\u00e5ne ligger i framkant n\u00e4r det g\u00e4ller den senaste trenden: vildgolf! I ett landskap d\u00e4r allt mer mark anv\u00e4nds f\u00f6r utveckling och jordbruk kan golfbanor vara viktiga hotspots f\u00f6r ekosystemet - men i b\u00f6rjan av 2000-talet ville golfare i Sk\u00e5ne (och p\u00e5 andra h\u00e5ll) ha kakan och \u00e4ta den ocks\u00e5. Sj\u00e4lva fairway beh\u00f6lls som en v\u00e4lsk\u00f6tt gr\u00e4smatta med enstaka konstgjorda \"faror\" (sandf\u00e4llor och liknande), medan inhemska blommande arter introducerades i ruffen och skogen. Detta f\u00f6rb\u00e4ttrade artrikedomen n\u00e5got (och skapade en livsmilj\u00f6 f\u00f6r flera hotade biarter), men den ideala golfbanan var fortfarande en omfattande och instabil monokultur som kr\u00e4vde mycket vatten och g\u00f6dningsmedel f\u00f6r att underh\u00e5llas.<\/p>\n\n\n\n<p>I ett f\u00f6rs\u00f6k att maximera koldioxidbindningen och den biologiska m\u00e5ngfalden utan att minska livsmedelsproduktionen kr\u00e4vde den svenska regeringen att alla golfbanor skulle \u00e5terskapas - eller \u00e5tminstone de som inte redan hade \u00e5tertagits av milj\u00f6n. Detta v\u00e4ckte ett massivt uppror, s\u00e4rskilt bland de rika \u00e4ldre m\u00e4n som l\u00e4nge hade varit golfens k\u00e4rnm\u00e5lgrupp - \u00e4ven om vissa s\u00e5g detta som en m\u00f6jlighet till innovation.&nbsp;<\/p>\n\n\n\n<p><a href=\"https:\/\/guide.zero-carbon-skane.org\/sv\/places\/southeast-the-slow-coast\/sjobo\/\" data-type=\"page\" data-id=\"49\">Sj\u00f6bo<\/a> Golf Club var pionj\u00e4ren: i ett dj\u00e4rvt drag beh\u00f6ll de h\u00e5len men tog bort greenen och ersatte gr\u00e4set med l\u00f6vtr\u00e4d, b\u00e4rbuskar och vildgr\u00e4s, och \u00e5tervattnade omr\u00e5dena n\u00e4rmast floden. Bortsett fr\u00e5n ekosystemets checklista kvarstod ett problem: hur kunde man spela golf utan en green? Tre f\u00f6r\u00e4ndringar av spelet kr\u00e4vdes: f\u00f6r det f\u00f6rsta kr\u00e4vdes GPS-sp\u00e5rbara bollar, som ocks\u00e5 m\u00e5ste vara biologiskt nedbrytbara (eftersom det fanns en verklig risk att du inte skulle kunna komma \u00e5t dem, \u00e4ven om du visste var de hamnade); f\u00f6r det andra utvecklades en halv meter l\u00e5ng tee f\u00f6r att spelarna skulle kunna sl\u00e5 bollen utan att tr\u00e4ffa marken; f\u00f6r det tredje tredubblades h\u00f6jden p\u00e5 h\u00e5lflaggan, s\u00e5 att den syntes genom buskarna.<\/p>\n\n\n\n<p>Naturligtvis f\u00f6rl\u00f6jligades Sj\u00f6bo-klubben av sina kamrater, men n\u00e4r andra klubbar st\u00e4ngde i protest mot den nya lagen (och ibland blev hem f\u00f6r nya aktiviteter och gemenskaper), uppstod vildgolf som det enda alternativet. En ny ung publik tog sig an det f\u00f6rst, tillsammans med n\u00e5gra proffs fr\u00e5n den \"gamla skolan\", men det var utan tvekan spelbilderna - tagna fr\u00e5n flera perspektiv med hj\u00e4lp av kameradr\u00f6nare och delade online - och den oundvikliga ankomsten av lukrativa sponsorer och t\u00e4vlingar med stora pengar som verkligen \u00e5terupplivade hela verksamheten. <\/p>\n\n\n\n<p>N\u00e4r pengarna och medieuppm\u00e4rksamheten v\u00e4l var p\u00e5 plats f\u00f6ljde innovationerna snabbt efter. P\u00e5 low-fi-sidan uppstod nya standarder f\u00f6r h\u00e5lmark\u00f6rerna som ersatte flaggorna - den vanligaste typen ser nu mer ut som ett mycket benigt krucifix m\u00e5lat i svarta och gula r\u00e4nder f\u00f6r maximal synlighet - medan det h\u00f6gteknologiska kit som finns tillg\u00e4ngligt f\u00f6r seri\u00f6sa spelare inkluderar en \"hover-tee\" som utvecklats av ett f\u00f6retag i Madagaskar, vilket minskar n\u00e5gra av de skaderisker som \u00e4r f\u00f6rknippade med den traditionella tr\u00e4-tee. Under tiden har andra justeringar gjorts i tillg\u00e4nglighetens namn: till exempel har Sj\u00f6bo-banan nu en upps\u00e4ttning <em>hedh\u00e5l<\/em> , runt vilka kor till\u00e5ts beta. Detta g\u00f6r att denna del av banan \u00e4r lite tydligare f\u00f6r personer med nedsatt r\u00f6rlighet eller syn... \u00e4ven om korna naturligtvis har en tendens att skapa ov\u00e4ntade faror p\u00e5 egen hand.<\/p>\n\n\n\n<p>Idag kommer m\u00e4nniskor fr\u00e5n hela Europa till Sj\u00f6bo f\u00f6r att spela vildgolf - \u00e4ven om den professionella kretsens fokus p\u00e5 detta, sportens f\u00f6delseplats, inneb\u00e4r att det kan vara sv\u00e5rt att f\u00e5 tillg\u00e5ng till amat\u00f6rspelare, med platser som f\u00f6rdelas genom lotteri under h\u00f6gs\u00e4songen. Det finns dock n\u00e5gra dussin andra banor runt om i l\u00e4net - inklusive platsen f\u00f6r en tidigare \"klassisk\" golfbana i <a href=\"https:\/\/guide.zero-carbon-skane.org\/sv\/places\/southwest-metropolitan-zone\/vellinge\/naset\/falsterbo-skanor\/\" data-type=\"page\" data-id=\"28\">Falsterbo<\/a>- och de b\u00f6rjar dyka upp \u00e4ven i andra l\u00e4nder.<\/p>\n\n\n\n<p>Golf har aldrig varit en billig sport, och det \u00e4r inte heller vildmarksgolf. Men de som \u00e4r villiga att arbeta frivilligt n\u00e5gra timmar som ekosystemv\u00e5rdare erbjuds reducerade priser: uppgifterna omfattar att sl\u00e5 \u00e4ngar, indexera arter och (tyv\u00e4rr) ta bort vilsekomna \u00f6lburkar. (Att sl\u00e5 med lie inneb\u00e4r faktiskt liknande r\u00f6relser som att putta, s\u00e5 du kanske ska se det som gratis tr\u00e4ning). Du kan beh\u00f6va ett par gummist\u00f6vlar och en kompass, men de flesta golfbanor har dessa tillg\u00e4ngliga f\u00f6r l\u00e5n f\u00f6r tillf\u00e4lliga spelare, liksom ett grundl\u00e4ggande urval av klubbor. Men om du verkligen blir intresserad kan det vara v\u00e4rt att g\u00e5 till bytesbutikerna f\u00f6r att hitta din egen utrustning... \u00e4ven om vildgolfboomen inneb\u00e4r att du kan beh\u00f6va leta en hel del.<\/p>","protected":false},"excerpt":{"rendered":"<p>I ett landskap d\u00e4r allt mer mark anv\u00e4nds f\u00f6r exploatering och jordbruk kan golfbanor vara viktiga hotspots f\u00f6r ekosystemet - men i b\u00f6rjan av 2000-talet ville golfare i Sk\u00e5ne (och p\u00e5 andra h\u00e5ll) ha kakan och \u00e4ta den ocks\u00e5.<\/p>","protected":false},"author":1,"featured_media":1028,"parent":101,"menu_order":0,"comment_status":"closed","ping_status":"closed","template":"","meta":{"footnotes":""},"categories":[],"tags":[],"class_list":["post-260","page","type-page","status-publish","has-post-thumbnail","hentry"],"jetpack_sharing_enabled":true,"_links":{"self":[{"href":"https:\/\/guide.zero-carbon-skane.org\/sv\/wp-json\/wp\/v2\/pages\/260","targetHints":{"allow":["GET"]}}],"collection":[{"href":"https:\/\/guide.zero-carbon-skane.org\/sv\/wp-json\/wp\/v2\/pages"}],"about":[{"href":"https:\/\/guide.zero-carbon-skane.org\/sv\/wp-json\/wp\/v2\/types\/page"}],"author":[{"embeddable":true,"href":"https:\/\/guide.zero-carbon-skane.org\/sv\/wp-json\/wp\/v2\/users\/1"}],"replies":[{"embeddable":true,"href":"https:\/\/guide.zero-carbon-skane.org\/sv\/wp-json\/wp\/v2\/comments?post=260"}],"version-history":[{"count":2,"href":"https:\/\/guide.zero-carbon-skane.org\/sv\/wp-json\/wp\/v2\/pages\/260\/revisions"}],"predecessor-version":[{"id":1030,"href":"https:\/\/guide.zero-carbon-skane.org\/sv\/wp-json\/wp\/v2\/pages\/260\/revisions\/1030"}],"up":[{"embeddable":true,"href":"https:\/\/guide.zero-carbon-skane.org\/sv\/wp-json\/wp\/v2\/pages\/101"}],"wp:featuredmedia":[{"embeddable":true,"href":"https:\/\/guide.zero-carbon-skane.org\/sv\/wp-json\/wp\/v2\/media\/1028"}],"wp:attachment":[{"href":"https:\/\/guide.zero-carbon-skane.org\/sv\/wp-json\/wp\/v2\/media?parent=260"}],"wp:term":[{"taxonomy":"category","embeddable":true,"href":"https:\/\/guide.zero-carbon-skane.org\/sv\/wp-json\/wp\/v2\/categories?post=260"},{"taxonomy":"post_tag","embeddable":true,"href":"https:\/\/guide.zero-carbon-skane.org\/sv\/wp-json\/wp\/v2\/tags?post=260"}],"curies":[{"name":"wp","href":"https:\/\/api.w.org\/{rel}","templated":true}]}}