{"id":26,"date":"2022-08-16T10:31:54","date_gmt":"2022-08-16T10:31:54","guid":{"rendered":"https:\/\/guide.zero-carbon-skane.org\/index.php\/southwest-metropolitan-zone\/staffanstorp\/"},"modified":"2023-03-08T16:26:18","modified_gmt":"2023-03-08T16:26:18","slug":"staffanstorp","status":"publish","type":"page","link":"https:\/\/guide.zero-carbon-skane.org\/sv\/places\/southwest-metropolitan-zone\/staffanstorp\/","title":{"rendered":"Staffanstorp"},"content":{"rendered":"\n<p>It all started in 1945, when ten villagers bought plots of land and built the first three houses on this stretch of the fertile <em>Lundasl\u00e4tten<\/em> (&#8220;Lunda plain&#8221;) south of <a href=\"https:\/\/guide.zero-carbon-skane.org\/places\/southwest-metropolitan-zone\/lund\/\" data-type=\"page\" data-id=\"18\">Lund<\/a>&#8230; and now Staffanstorp is a sizeable town of almost 40 000 inhabitants. But the struggle is real, as the kids used to say: it has been a long and occasionally challenging journey for Staffanstorp in its quest to become the middle-sized Scanian town it always aspired to be. <\/p>\n\n\n\n<p>Aspiration is definitely the right word, here. Described in its own marketing materials with the provocative and proud strap-line &#8220;as the rest of Sweden should be&#8221;, this town&#8212;and the municipality whose name it shares&#8212;has forged a reputation through a combination of very low municipal taxes, strident property rights, and a decades-long campaign of privatisation initiatives. Things really took off during the 2020s, when its promise of a safe and harmonious community spoke loud and clear to white-collar workers who suddenly found that working from home was an option, or even the default. Quite how harmonious it really is, well, that&#8217;s a pretty subjective question&#8230; though those who live here certainly find it to their liking.<\/p>\n\n\n\n<p>It&#8217;s not without its attractions for the visitor, either. Be sure to check out the G\u00e4stgivareg\u00e5rd: this largely untranslatable word is given to places that combine the functions of meeting rooms, restaurant and bar under one roof, and Staffanstorp&#8217;s is an absolute hub of the local social scene; if you&#8217;re a Rotary Club member, you&#8217;ll be among friends here!<\/p>\n\n\n\n<h3 class=\"wp-block-heading\">Centralskolan: an architectural gem in the rough<\/h3>\n\n\n\n<p>Another must-see in is the centrally-located <em>Centralskolan<\/em>, which regained its original name when former pupils decided to rescue the school from demolition as part of the <em>kommun<\/em>\u2019s urban densification initiative. This school, designed by architect Bror Thornberg almost a century ago, was at the time a pioneering experiment in comprehensive education in Sweden&#8212;an <em>enhetsskola<\/em>, as they were called&#8212;which attracted the attention of ministers and county councillors.<\/p>\n\n\n\n<p>In rather touching childhood stories, collected in a jubilee book for the school\u2019s 70th anniversary, former pupils reminisce upon the impressive <em>aula<\/em>, the mosaic adorning the school entrance, the folding wardrobes&#8230; all of this and more a testimony to the mix of aesthetics and functionality that famously characterises Swedish architecture and furnishings. Enthusiasts of C20th Nordic design may be pleased to know that reproductions of the book are available to purchase at the municipality central office (though they may be rather less pleased by the price).<\/p>\n\n\n\n<p>The Bror Thornberg Association, which now runs the school, has worked to restore its former glory by reopening the main entrance, and inviting the best architects and designers for a &#8220;restoration lab&#8221;, in addition to reinstating most of Thornberg\u2019s original values (e.g. seeing the school as a link between society and home). After classes are done for the day, it becomes a lively meeting place for a bunch of Staffanstorp residents, where various activities are organised; a &#8220;bike kitchen&#8221; and a well-equipped maker-space attract designers from all across the region. As the restored School&#8212;much like the 2030s vertical housing blocks nearby&#8212;has attracted the admiration of a new generation of urban planners and architects, the municipality has embraced it like a prodigal child, despite the uncharacteristic whiff of collectivism it brings to the area.<\/p>\n\n\n\n<p>The school also became the first in Sk\u00e5ne to offer an international summer course in restoration art. Last time we were there, the course was fully booked for the coming three years&#8212;but given the likelihood of long-haul travel disruptions, it&#8217;s well worth putting your name down for a space on the reserve list.<\/p>\n\n\n\n<p>And, yes: despite its distinctly market-centric attitude, Staffanstorp has a lot to offer to travellers longing for feelings of community and reconnection. Staffanstorp\u2019s unique <em>betr\u00e4dor<\/em>, a 13-kilometre long path on the edges of the town\u2019s flourishing farmland <em>[Ed. note: this is private property, so keep to the path and don&#8217;t pick anything!]<\/em> offers a close encounter with the mix of crops most common across the Lunda plain, such as lentils, sweet lupine and broad bean, as well as other flora and fauna typical to the region*. <\/p>\n\n\n\n<p>(The conservation of this much-loved track is largely due to the EU Recap policy of recent decades; if the kids are getting fractious on the long walk, set them the challenge of finding the sign which acknowledges the funding!)<\/p>\n\n\n\n<h3 class=\"wp-block-heading\">A New Clear Municipality?<\/h3>\n\n\n\n<p>As a somewhat eccentric and rebellious member of the Sk\u00e5ne family, Staffanstorp\u2019s relentless autonomy has made it an exciting laboratory for new ideas. Back in the late 2020s&#8212;in what some academics refer to as &#8220;the nuclear (re)turn&#8221;&#8212;Staffanstorp was at the front of the queue to volunteer and play host to the controversial attempt by one of the major Swedish energy companies to test new small modular nuclear reactors, in defiance of widespread concerns over the difficulty (and profitability) of restarting old nuclear plants or building new ones. <\/p>\n\n\n\n<p>The condition set down by the municipality as the price of their participation in the experiment was that Staffanstorp should be the sole beneficiary of the lower prices expected from the electricity generated. Even those with ideological or economic objections should pay respect to Staffanstorp&#8217;s dogged determination to &#8220;beat the bills&#8221; and deal with the energy crisis quickly. When the fourth generation reactor designs&#8212;popularly known as &#8220;circular nuclear&#8221;, lead-cooled and fueled with recycled uranium&#8212;proved unready for rolling out at scale by 2027, Staffanstorp\u2019s mayor decided to go back to the original water-cooled reactors on <a href=\"https:\/\/guide.zero-carbon-skane.org\/places\/southwest-metropolitan-zone\/vastkusten\/kavlinge\/barseback\/\" data-type=\"page\" data-id=\"31\">the decommissioned site of Barseb\u00e4ck<\/a>, and get them up and running again. <\/p>\n\n\n\n<p>Little did he know at the time that what Sk\u00e5nians nowadays refer to as &#8220;de j\u00e4vla \u00f6versv\u00e4mningshelvetes\u00e5ren&#8221; would also affect the Barseb\u00e4ck when the recommissioning project was only around half finished. Repeated flooding drew a lot of public attention, and while some have argued that the risks of nuclear incidents were exaggerated by alarmists, heated protests in the Barseb\u00e4ck region finally drew a line under the west coast&#8217;s nuclear story. Having sunk a lot of money into securing the site, however, the municipality decided to turn with the tide for a change&#8230; which is why Barseb\u00e4ck is now home to one of the largest combined solar and wind parks in Sweden.<\/p>\n\n\n\n<p>You can say what you like about Staffanstorp&#8212;and as any Staffanstorper will tell you, the snooty city types in <a href=\"https:\/\/guide.zero-carbon-skane.org\/places\/southwest-metropolitan-zone\/greater-malmo\/\" data-type=\"page\" data-id=\"8\">Malm\u00f6<\/a> and <a href=\"https:\/\/guide.zero-carbon-skane.org\/places\/southwest-metropolitan-zone\/lund\/\" data-type=\"page\" data-id=\"18\">Lund<\/a> frequently do!&#8212;but there&#8217;s few who would deny their knack for turning problems into opportunities.<\/p>\n\n\n\n<hr class=\"wp-block-separator has-alpha-channel-opacity\"\/>\n\n\n\n<p><small>* The linguistically-minded reader may be interested to know that, while punning and wordplay is thought of as a Gothenburg preserve, Staffanstorp&#8217;s made-up word <em>betr\u00e4dor<\/em> plays with the verb <em>betr\u00e4da<\/em> (to tread) and the noun <em>tr\u00e4da<\/em> (fallow land). Humour, it must be said, has its own <em>terroir<\/em>.<\/small><\/p>\n","protected":false},"excerpt":{"rendered":"<p>Man kan s\u00e4ga vad man vill om Staffanstorp - och som alla Staffanstorpsbor s\u00e4kert vet g\u00f6r de snorkiga stadsborna i Malm\u00f6 och Lund det ofta - men det \u00e4r f\u00e5 som skulle f\u00f6rneka deras f\u00f6rm\u00e5ga att v\u00e4nda problem till m\u00f6jligheter.<\/p>","protected":false},"author":1,"featured_media":763,"parent":7,"menu_order":0,"comment_status":"closed","ping_status":"closed","template":"","meta":{"footnotes":""},"categories":[],"tags":[],"class_list":["post-26","page","type-page","status-publish","has-post-thumbnail","hentry"],"jetpack_sharing_enabled":true,"_links":{"self":[{"href":"https:\/\/guide.zero-carbon-skane.org\/sv\/wp-json\/wp\/v2\/pages\/26","targetHints":{"allow":["GET"]}}],"collection":[{"href":"https:\/\/guide.zero-carbon-skane.org\/sv\/wp-json\/wp\/v2\/pages"}],"about":[{"href":"https:\/\/guide.zero-carbon-skane.org\/sv\/wp-json\/wp\/v2\/types\/page"}],"author":[{"embeddable":true,"href":"https:\/\/guide.zero-carbon-skane.org\/sv\/wp-json\/wp\/v2\/users\/1"}],"replies":[{"embeddable":true,"href":"https:\/\/guide.zero-carbon-skane.org\/sv\/wp-json\/wp\/v2\/comments?post=26"}],"version-history":[{"count":1,"href":"https:\/\/guide.zero-carbon-skane.org\/sv\/wp-json\/wp\/v2\/pages\/26\/revisions"}],"predecessor-version":[{"id":765,"href":"https:\/\/guide.zero-carbon-skane.org\/sv\/wp-json\/wp\/v2\/pages\/26\/revisions\/765"}],"up":[{"embeddable":true,"href":"https:\/\/guide.zero-carbon-skane.org\/sv\/wp-json\/wp\/v2\/pages\/7"}],"wp:featuredmedia":[{"embeddable":true,"href":"https:\/\/guide.zero-carbon-skane.org\/sv\/wp-json\/wp\/v2\/media\/763"}],"wp:attachment":[{"href":"https:\/\/guide.zero-carbon-skane.org\/sv\/wp-json\/wp\/v2\/media?parent=26"}],"wp:term":[{"taxonomy":"category","embeddable":true,"href":"https:\/\/guide.zero-carbon-skane.org\/sv\/wp-json\/wp\/v2\/categories?post=26"},{"taxonomy":"post_tag","embeddable":true,"href":"https:\/\/guide.zero-carbon-skane.org\/sv\/wp-json\/wp\/v2\/tags?post=26"}],"curies":[{"name":"wp","href":"https:\/\/api.w.org\/{rel}","templated":true}]}}