{"id":257,"date":"2022-10-12T13:26:54","date_gmt":"2022-10-12T13:26:54","guid":{"rendered":"https:\/\/guide.zero-carbon-skane.org\/?page_id=257"},"modified":"2023-03-24T15:03:25","modified_gmt":"2023-03-24T15:03:25","slug":"village-people-the-oddball-highlights-of-rural-skane","status":"publish","type":"page","link":"https:\/\/guide.zero-carbon-skane.org\/sv\/activities\/sightseeing\/village-people-the-oddball-highlights-of-rural-skane\/","title":{"rendered":"Byfolk: de udda h\u00f6jdpunkterna p\u00e5 den sk\u00e5nska landsbygden"},"content":{"rendered":"<p>Oavsett om du vill tr\u00e4ffa tillbakadragna katastroff\u00f6rberedare eller v\u00e4lkomnande ex-Pacific-Islanders s\u00e5 har K\u00e4rnlandet en by som \u00e4r perfekt f\u00f6r dig!<\/p>\n\n\n\n<div class=\"wp-block-group is-vertical is-content-justification-center is-layout-flex wp-container-core-group-is-layout-ce155fab wp-block-group-is-layout-flex\">\n<figure class=\"wp-block-embed is-type-wp-embed is-provider-a-guide-to-zero-carbon-skane wp-block-embed-a-guide-to-zero-carbon-skane\"><div class=\"wp-block-embed__wrapper\">\n<blockquote class=\"wp-embedded-content\" data-secret=\"PiHlwnqW8T\"><a href=\"https:\/\/guide.zero-carbon-skane.org\/sv\/places\/central-heartlands\/hassleholm\/bjarnum\/vanville-where-vanlife-ran-out-of-gas\/\">Vanville: d\u00e4r #vanlife fick slut p\u00e5 bensin<\/a><\/blockquote><iframe loading=\"lazy\" class=\"wp-embedded-content\" sandbox=\"allow-scripts\" security=\"restricted\" style=\"position: absolute; clip: rect(1px, 1px, 1px, 1px);\" title=\"&quot;Vanville: d\u00e4r #vanlife fick slut p\u00e5 gas&quot; - En guide till Sk\u00e5ne utan koldioxidutsl\u00e4pp\" src=\"https:\/\/guide.zero-carbon-skane.org\/places\/central-heartlands\/hassleholm\/bjarnum\/vanville-where-vanlife-ran-out-of-gas\/embed\/#?secret=s9os0qyonn#?secret=PiHlwnqW8T\" data-secret=\"PiHlwnqW8T\" width=\"500\" height=\"282\" frameborder=\"0\" marginwidth=\"0\" marginheight=\"0\" scrolling=\"no\"><\/iframe>\n<\/div><\/figure>\n\n\n\n<figure class=\"wp-block-embed is-type-wp-embed is-provider-a-guide-to-zero-carbon-skane wp-block-embed-a-guide-to-zero-carbon-skane\"><div class=\"wp-block-embed__wrapper\">\n<blockquote class=\"wp-embedded-content\" data-secret=\"oC8xWtK90N\"><a href=\"https:\/\/guide.zero-carbon-skane.org\/sv\/places\/central-heartlands\/perstorp\/nya-tuvalu\/\">Nya Tuvalu<\/a><\/blockquote><iframe loading=\"lazy\" class=\"wp-embedded-content\" sandbox=\"allow-scripts\" security=\"restricted\" style=\"position: absolute; clip: rect(1px, 1px, 1px, 1px);\" title=\"&quot;Nya Tuvalu&quot; - En guide till ett Sk\u00e5ne utan koldioxidutsl\u00e4pp\" src=\"https:\/\/guide.zero-carbon-skane.org\/places\/central-heartlands\/perstorp\/nya-tuvalu\/embed\/#?secret=lNW1SxN5CO#?secret=oC8xWtK90N\" data-secret=\"oC8xWtK90N\" width=\"500\" height=\"282\" frameborder=\"0\" marginwidth=\"0\" marginheight=\"0\" scrolling=\"no\"><\/iframe>\n<\/div><\/figure>\n\n\n\n<figure class=\"wp-block-embed is-type-wp-embed is-provider-a-guide-to-zero-carbon-skane wp-block-embed-a-guide-to-zero-carbon-skane\"><div class=\"wp-block-embed__wrapper\">\n<blockquote class=\"wp-embedded-content\" data-secret=\"vxwwmHMkVB\"><a href=\"https:\/\/guide.zero-carbon-skane.org\/sv\/places\/central-heartlands\/hassleholm\/the-end-of-the-road-porrarp-preppers-paradise\/\">Slutet p\u00e5 v\u00e4gen? Porrarp Preppers Paradis<\/a><\/blockquote><iframe loading=\"lazy\" class=\"wp-embedded-content\" sandbox=\"allow-scripts\" security=\"restricted\" style=\"position: absolute; clip: rect(1px, 1px, 1px, 1px);\" title=\"&quot;Slutet p\u00e5 v\u00e4gen? Porrarp Preppers Paradise&quot; - En guide till Sk\u00e5ne utan koldioxidutsl\u00e4pp\" src=\"https:\/\/guide.zero-carbon-skane.org\/places\/central-heartlands\/hassleholm\/the-end-of-the-road-porrarp-preppers-paradise\/embed\/#?secret=UXzDGuFJP3#?secret=vxwwmHMkVB\" data-secret=\"vxwwmHMkVB\" width=\"500\" height=\"282\" frameborder=\"0\" marginwidth=\"0\" marginheight=\"0\" scrolling=\"no\"><\/iframe>\n<\/div><\/figure>\n\n\n\n<figure class=\"wp-block-embed is-type-wp-embed is-provider-a-guide-to-zero-carbon-skane wp-block-embed-a-guide-to-zero-carbon-skane\"><div class=\"wp-block-embed__wrapper\">\n<blockquote class=\"wp-embedded-content\" data-secret=\"eQ1GlIMxlB\"><a href=\"https:\/\/guide.zero-carbon-skane.org\/sv\/places\/northwest\/orkelljunga\/orkeltopia-eco-village\/\">\u00d6rkeltopia ekoby<\/a><\/blockquote><iframe loading=\"lazy\" class=\"wp-embedded-content\" sandbox=\"allow-scripts\" security=\"restricted\" style=\"position: absolute; clip: rect(1px, 1px, 1px, 1px);\" title=\"&quot;\u00d6rkeltopia Eco-village&quot; - En guide till ett Sk\u00e5ne utan koldioxidutsl\u00e4pp\" src=\"https:\/\/guide.zero-carbon-skane.org\/places\/northwest\/orkelljunga\/orkeltopia-eco-village\/embed\/#?secret=iNfNEEFKQm#?secret=eQ1GlIMxlB\" data-secret=\"eQ1GlIMxlB\" width=\"500\" height=\"282\" frameborder=\"0\" marginwidth=\"0\" marginheight=\"0\" scrolling=\"no\"><\/iframe>\n<\/div><\/figure>\n<\/div>\n\n\n\n<p>T\u00e4nk p\u00e5 att \u00e4ven om det \u00e4r m\u00f6jligt att ta sig till de flesta av dessa platser (och m\u00e5nga fler) med kollektivtrafiksystemet, kan det vara sv\u00e5rt att g\u00f6ra det enligt ett schema som inte inneb\u00e4r att du m\u00e5ste kompromissa en hel del. Kom bara ih\u00e5g att l\u00e4nstransportsystemet \u00e4r utformat f\u00f6r lokalbefolkningen f\u00f6rst och fr\u00e4mst, och se till att <a href=\"https:\/\/guide.zero-carbon-skane.org\/sv\/advice\/travel-mobility\/\" data-type=\"page\" data-id=\"91\">kolla in v\u00e5r omfattande guide till mobilitet i Sk\u00e5ne f\u00f6r b\u00e4sta tips om hur du tar dig dit du vill<\/a>!<\/p>\n\n\n\n<p>Naturligtvis har begreppet \"by\" utvidgats en hel del under de senaste decennierna. S\u00e5 om ovanliga stadsenklaver \u00e4r mer din grej - eller om du inte vill ha besv\u00e4ret med att ta dig ut p\u00e5 landsbygden - kanske du tycker att v\u00e5rt urval av urbana byar \u00e4r mer i din smak:<\/p>\n\n\n\n<div class=\"wp-block-group is-vertical is-content-justification-center is-layout-flex wp-container-core-group-is-layout-ce155fab wp-block-group-is-layout-flex\">\n<figure class=\"wp-block-embed is-type-wp-embed is-provider-a-guide-to-zero-carbon-skane wp-block-embed-a-guide-to-zero-carbon-skane\"><div class=\"wp-block-embed__wrapper\">\n<blockquote class=\"wp-embedded-content\" data-secret=\"vekmL7CwM6\"><a href=\"https:\/\/guide.zero-carbon-skane.org\/sv\/places\/southwest-metropolitan-zone\/lund\/gamla-staden\/an-urban-eden-lunds-paradise-quarter\/\">Ett urbant Eden: Lunds paradiskvarter<\/a><\/blockquote><iframe loading=\"lazy\" class=\"wp-embedded-content\" sandbox=\"allow-scripts\" security=\"restricted\" style=\"position: absolute; clip: rect(1px, 1px, 1px, 1px);\" title=\"&quot;Ett urbant Eden: Lunds paradiskvarter&quot; - En guide till Sk\u00e5ne utan koldioxidutsl\u00e4pp\" src=\"https:\/\/guide.zero-carbon-skane.org\/places\/southwest-metropolitan-zone\/lund\/gamla-staden\/an-urban-eden-lunds-paradise-quarter\/embed\/#?secret=1T6UeXMVYP#?secret=vekmL7CwM6\" data-secret=\"vekmL7CwM6\" width=\"500\" height=\"282\" frameborder=\"0\" marginwidth=\"0\" marginheight=\"0\" scrolling=\"no\"><\/iframe>\n<\/div><\/figure>\n\n\n\n<figure class=\"wp-block-embed is-type-wp-embed is-provider-a-guide-to-zero-carbon-skane wp-block-embed-a-guide-to-zero-carbon-skane\"><div class=\"wp-block-embed__wrapper\">\n<blockquote class=\"wp-embedded-content\" data-secret=\"LMhLGaW6Hk\"><a href=\"https:\/\/guide.zero-carbon-skane.org\/sv\/places\/southwest-metropolitan-zone\/greater-malmo\/docklands\/famnen-urban-living-with-repurpose\/\">Famnen: urbant boende med (av)sikt<\/a><\/blockquote><iframe loading=\"lazy\" class=\"wp-embedded-content\" sandbox=\"allow-scripts\" security=\"restricted\" style=\"position: absolute; clip: rect(1px, 1px, 1px, 1px);\" title=\"&quot;Famnen: stadsliv med (om)syfte&quot; - En guide till Sk\u00e5ne utan koldioxidutsl\u00e4pp\" src=\"https:\/\/guide.zero-carbon-skane.org\/places\/southwest-metropolitan-zone\/greater-malmo\/docklands\/famnen-urban-living-with-repurpose\/embed\/#?secret=EXBBrvafpV#?secret=LMhLGaW6Hk\" data-secret=\"LMhLGaW6Hk\" width=\"500\" height=\"282\" frameborder=\"0\" marginwidth=\"0\" marginheight=\"0\" scrolling=\"no\"><\/iframe>\n<\/div><\/figure>\n<\/div>","protected":false},"excerpt":{"rendered":"<p>Ett bes\u00f6k i Sk\u00e5ne skulle inte vara komplett utan en tur till de m\u00e5nga ovanliga byarna i regionens mellersta och norra skogar. Omr\u00e5dets avl\u00e4gsna l\u00e4ge - med sk\u00e5nska m\u00e5tt m\u00e4tt - och rikliga utbud av nedg\u00e5ngna byar och sp\u00f6kst\u00e4der har lockat till sig en m\u00e4ngd olika nybyggarr\u00f6relser genom \u00e5ren.<\/p>","protected":false},"author":1,"featured_media":342,"parent":97,"menu_order":0,"comment_status":"closed","ping_status":"closed","template":"","meta":{"footnotes":""},"categories":[5],"tags":[],"class_list":["post-257","page","type-page","status-publish","has-post-thumbnail","hentry","category-sightseeing"],"jetpack_sharing_enabled":true,"_links":{"self":[{"href":"https:\/\/guide.zero-carbon-skane.org\/sv\/wp-json\/wp\/v2\/pages\/257","targetHints":{"allow":["GET"]}}],"collection":[{"href":"https:\/\/guide.zero-carbon-skane.org\/sv\/wp-json\/wp\/v2\/pages"}],"about":[{"href":"https:\/\/guide.zero-carbon-skane.org\/sv\/wp-json\/wp\/v2\/types\/page"}],"author":[{"embeddable":true,"href":"https:\/\/guide.zero-carbon-skane.org\/sv\/wp-json\/wp\/v2\/users\/1"}],"replies":[{"embeddable":true,"href":"https:\/\/guide.zero-carbon-skane.org\/sv\/wp-json\/wp\/v2\/comments?post=257"}],"version-history":[{"count":3,"href":"https:\/\/guide.zero-carbon-skane.org\/sv\/wp-json\/wp\/v2\/pages\/257\/revisions"}],"predecessor-version":[{"id":1092,"href":"https:\/\/guide.zero-carbon-skane.org\/sv\/wp-json\/wp\/v2\/pages\/257\/revisions\/1092"}],"up":[{"embeddable":true,"href":"https:\/\/guide.zero-carbon-skane.org\/sv\/wp-json\/wp\/v2\/pages\/97"}],"wp:featuredmedia":[{"embeddable":true,"href":"https:\/\/guide.zero-carbon-skane.org\/sv\/wp-json\/wp\/v2\/media\/342"}],"wp:attachment":[{"href":"https:\/\/guide.zero-carbon-skane.org\/sv\/wp-json\/wp\/v2\/media?parent=257"}],"wp:term":[{"taxonomy":"category","embeddable":true,"href":"https:\/\/guide.zero-carbon-skane.org\/sv\/wp-json\/wp\/v2\/categories?post=257"},{"taxonomy":"post_tag","embeddable":true,"href":"https:\/\/guide.zero-carbon-skane.org\/sv\/wp-json\/wp\/v2\/tags?post=257"}],"curies":[{"name":"wp","href":"https:\/\/api.w.org\/{rel}","templated":true}]}}