{"id":254,"date":"2022-10-12T13:08:15","date_gmt":"2022-10-12T13:08:15","guid":{"rendered":"https:\/\/guide.zero-carbon-skane.org\/?page_id=254"},"modified":"2022-10-31T13:16:49","modified_gmt":"2022-10-31T13:16:49","slug":"vanville-where-vanlife-ran-out-of-gas","status":"publish","type":"page","link":"https:\/\/guide.zero-carbon-skane.org\/sv\/places\/central-heartlands\/hassleholm\/bjarnum\/vanville-where-vanlife-ran-out-of-gas\/","title":{"rendered":"Vanville: d\u00e4r #vanlife fick slut p\u00e5 bensin"},"content":{"rendered":"<p>\"Van life\"-boomen i b\u00f6rjan av 2000-talet har studerats intensivt av m\u00e5nga sociologer. Berodde den p\u00e5 ett behov av att \u00e5terknyta kontakten med \"naturliga\" landskap? Var det en reaktion p\u00e5 orimliga boendekostnader? Eller var det m\u00e4nniskans grundl\u00e4ggande behov av \u00e4ventyr och\/eller beundran fr\u00e5n andra anv\u00e4ndare av sociala medier? <\/p>\n\n\n\n<figure class=\"wp-block-image size-large\"><img loading=\"lazy\" decoding=\"async\" width=\"1024\" height=\"683\" src=\"https:\/\/guide.zero-carbon-skane.org\/wp-content\/uploads\/2022\/10\/danny-halarewich-GUWdkUjYlKA-unsplash-1024x683.jpeg\" alt=\"\" class=\"wp-image-337\" srcset=\"https:\/\/guide.zero-carbon-skane.org\/wp-content\/uploads\/2022\/10\/danny-halarewich-GUWdkUjYlKA-unsplash-1024x683.jpeg 1024w, https:\/\/guide.zero-carbon-skane.org\/wp-content\/uploads\/2022\/10\/danny-halarewich-GUWdkUjYlKA-unsplash-300x200.jpeg 300w, https:\/\/guide.zero-carbon-skane.org\/wp-content\/uploads\/2022\/10\/danny-halarewich-GUWdkUjYlKA-unsplash-768x512.jpeg 768w, https:\/\/guide.zero-carbon-skane.org\/wp-content\/uploads\/2022\/10\/danny-halarewich-GUWdkUjYlKA-unsplash-1536x1024.jpeg 1536w, https:\/\/guide.zero-carbon-skane.org\/wp-content\/uploads\/2022\/10\/danny-halarewich-GUWdkUjYlKA-unsplash-2048x1365.jpeg 2048w\" sizes=\"auto, (max-width: 1024px) 100vw, 1024px\" \/><figcaption>Var det Donne som sa att \"ingen sk\u00e5pbil \u00e4r en \u00f6\"? | Bild av <a href=\"https:\/\/unsplash.com\/photos\/GUWdkUjYlKA\" data-type=\"URL\" data-id=\"https:\/\/unsplash.com\/photos\/GUWdkUjYlKA\">Danny Halarewich<\/a><\/figcaption><\/figure>\n\n\n\n<p>Oavsett orsaken packade horder av m\u00e4nniskor in sig i ombyggda sk\u00e5pbilar och husbilar med f\u00f6r\u00e5ldrade dieselmotorer och s\u00f6kte sig till parkeringsplatser n\u00e4ra pittoreska str\u00e4nder, skogar och berg. Trenden h\u00f6ll i sig tills h\u00f6ga dieselpriser och alltmer aggressiva parkeringsregler gjorde livsstilen oh\u00e5llbar f\u00f6r de flesta. M\u00e5nga \u00e5terv\u00e4nde till det normala livet (eller vad som fanns kvar av det), men n\u00e5gra f\u00e5 v\u00e4grade att ge upp fordonen som hade blivit deras hem, och livsstilen som f\u00f6ljde med dem, och parkerade ist\u00e4llet p\u00e5 l\u00e5ng sikt och bildade halvpermanenta van-byar.&nbsp;<\/p>\n\n\n\n<p>Vanville ligger v\u00e4ster om Bj\u00e4rnum och \u00e4r det st\u00f6rsta samh\u00e4llet i sitt slag i Sk\u00e5ne. Samh\u00e4llet \u00e4r uppbyggt kring en k\u00e4rna best\u00e5ende av n\u00e4stan 200 sk\u00e5pbilar och inv\u00e5narna har med tiden ut\u00f6kat sitt boende till tr\u00e4dkojor, skjul och en och annan fraktcontainer. Vid det h\u00e4r laget \u00e4r samh\u00e4llet i stort sett sj\u00e4lvf\u00f6rs\u00f6rjande p\u00e5 energi och livsmedel. L\u00e5genergianv\u00e4ndning var n\u00f6dv\u00e4ndigt i princip f\u00f6r livsstilen, och d\u00e4rf\u00f6r ger solpanelerna som t\u00e4cker taken p\u00e5 de mest utsatta bilarna tillr\u00e4ckligt med watt f\u00f6r att g\u00e5 runt. Svamp- och b\u00e4rs\u00f6k, vildsvinsjakt, insektsodlingar och ett v\u00e4lrenommerat skogs- och jordbruk ger de flesta av de kalorier som beh\u00f6vs. Byteshandel med andra n\u00e4rliggande bos\u00e4ttningar (och med bes\u00f6kare) tar hand om resten... men vem det egentligen \u00e4r som k\u00f6per upp deras hantverk, som fortfarande har en stark dragning \u00e5t 2010-talets \"Instagram-estetik\", \u00e4r ett mysterium som f\u00f6rbryllar landets ledande kulturekonomer.<\/p>\n\n\n\n<p>Vanville \u00e4r en dynamisk och karakt\u00e4rsfull plats, full av konflikter och kamratskap. De som drogs till vanlivet f\u00f6r lugnet och tystnaden \u00e4r inte n\u00e5gra stora fans av de m\u00e5nskenstinna \"ravefesterna\" f\u00f6r personer \u00f6ver 65 \u00e5r, men eftersom deras hem inte l\u00e4ngre \u00e4r mobila har de n\u00e5tt en kompromiss: varje dag finns det en tyst timme till\u00e4gnad skogens ljud mellan 10 och 11 (s\u00e5 om du r\u00e5kar vara p\u00e5 plats, d\u00e4mpa dig!).<\/p>\n\n\n\n<p>Vanvilles inv\u00e5nare \u00e4r generellt sett toleranta mot g\u00e4ster, ibland till och med v\u00e4lkomnande - att sl\u00e5 upp ett t\u00e4lt g\u00e5r oftast bra. Men vi rekommenderar att du tar n\u00e5gra timmar p\u00e5 dig f\u00f6r att k\u00e4nna av \"st\u00e4mningen\", som lokalbefolkningen kallar det; allt \u00e4r inte alltid frid och fr\u00f6jd i Vanville, och du kommer inte att f\u00e5 mycket s\u00f6mn om n\u00e5gon f\u00f6rklarar hornkrig \u00f6ver natten...<\/p>","protected":false},"excerpt":{"rendered":"<p>The &#8220;van life&#8221; boom of the early 2000s has been studied intensely by many sociologists. Was it driven by a need to reconnect to &#8220;natural&#8221; landscapes? Was it a reaction to exorbitant housing costs? Or was it the basic human need for adventure, and\/or the adulation of one&#8217;s fellow social media users? Whatever the cause, [&hellip;]<\/p>\n","protected":false},"author":1,"featured_media":337,"parent":252,"menu_order":0,"comment_status":"closed","ping_status":"closed","template":"","meta":{"footnotes":""},"categories":[],"tags":[],"class_list":["post-254","page","type-page","status-publish","has-post-thumbnail","hentry"],"jetpack_sharing_enabled":true,"_links":{"self":[{"href":"https:\/\/guide.zero-carbon-skane.org\/sv\/wp-json\/wp\/v2\/pages\/254","targetHints":{"allow":["GET"]}}],"collection":[{"href":"https:\/\/guide.zero-carbon-skane.org\/sv\/wp-json\/wp\/v2\/pages"}],"about":[{"href":"https:\/\/guide.zero-carbon-skane.org\/sv\/wp-json\/wp\/v2\/types\/page"}],"author":[{"embeddable":true,"href":"https:\/\/guide.zero-carbon-skane.org\/sv\/wp-json\/wp\/v2\/users\/1"}],"replies":[{"embeddable":true,"href":"https:\/\/guide.zero-carbon-skane.org\/sv\/wp-json\/wp\/v2\/comments?post=254"}],"version-history":[{"count":4,"href":"https:\/\/guide.zero-carbon-skane.org\/sv\/wp-json\/wp\/v2\/pages\/254\/revisions"}],"predecessor-version":[{"id":339,"href":"https:\/\/guide.zero-carbon-skane.org\/sv\/wp-json\/wp\/v2\/pages\/254\/revisions\/339"}],"up":[{"embeddable":true,"href":"https:\/\/guide.zero-carbon-skane.org\/sv\/wp-json\/wp\/v2\/pages\/252"}],"wp:featuredmedia":[{"embeddable":true,"href":"https:\/\/guide.zero-carbon-skane.org\/sv\/wp-json\/wp\/v2\/media\/337"}],"wp:attachment":[{"href":"https:\/\/guide.zero-carbon-skane.org\/sv\/wp-json\/wp\/v2\/media?parent=254"}],"wp:term":[{"taxonomy":"category","embeddable":true,"href":"https:\/\/guide.zero-carbon-skane.org\/sv\/wp-json\/wp\/v2\/categories?post=254"},{"taxonomy":"post_tag","embeddable":true,"href":"https:\/\/guide.zero-carbon-skane.org\/sv\/wp-json\/wp\/v2\/tags?post=254"}],"curies":[{"name":"wp","href":"https:\/\/api.w.org\/{rel}","templated":true}]}}