{"id":252,"date":"2022-10-12T12:51:04","date_gmt":"2022-10-12T12:51:04","guid":{"rendered":"https:\/\/guide.zero-carbon-skane.org\/?page_id=252"},"modified":"2023-03-23T11:17:07","modified_gmt":"2023-03-23T11:17:07","slug":"bjarnum","status":"publish","type":"page","link":"https:\/\/guide.zero-carbon-skane.org\/sv\/places\/central-heartlands\/hassleholm\/bjarnum\/","title":{"rendered":"Bj\u00e4rnum"},"content":{"rendered":"<p>Den lilla orten Bj\u00e4rnum ligger en liten bit norr om <a href=\"https:\/\/guide.zero-carbon-skane.org\/sv\/places\/central-heartlands\/hassleholm\/\" data-type=\"page\" data-id=\"55\">H\u00e4ssleholm<\/a>, i de \u00f6versta delarna av <a href=\"https:\/\/guide.zero-carbon-skane.org\/sv\/places\/central-heartlands\/\" data-type=\"page\" data-id=\"50\">K\u00e4rnlandet<\/a>. Det \u00e4r mycket trevligt, \u00e4ven om det finns f\u00e5 uppenbara sk\u00e4l f\u00f6r en utl\u00e4ndsk medborgare att komma hit.<\/p>\n\n\n\n<p>Bland de <em>mindre<\/em> uppenbara anledningar att bes\u00f6ka Bj\u00e4rnum \u00e4r att det i princip \u00e4r den sista officiella bebodda platsen du passerar p\u00e5v\u00e4g till <a href=\"https:\/\/guide.zero-carbon-skane.org\/sv\/places\/central-heartlands\/hassleholm\/bjarnum\/vanville-where-vanlife-ran-out-of-gas\/\" data-type=\"page\" data-id=\"254\">Vanville<\/a>- s\u00e5 ifall det \u00e4r dit du ska, passa p\u00e5 och stanna till h\u00e4r och k\u00f6p lite f\u00f6rn\u00f6denheter, men var noga med att inte n\u00e4mna vart du \u00e4r p\u00e5 v\u00e4g, annars kan du uppt\u00e4cka att kostnaden f\u00f6r dina ink\u00f6p har \u00f6kat med en betydande procentsats.<\/p>","protected":false},"excerpt":{"rendered":"<p>Bj\u00e4rnum \u00e4r mest k\u00e4nt f\u00f6r att vara det sista stoppet f\u00f6re Vanville. Det \u00e4r en ihopkoppling som orten helst skulle vilja slippa.<\/p>","protected":false},"author":1,"featured_media":902,"parent":55,"menu_order":0,"comment_status":"closed","ping_status":"closed","template":"","meta":{"footnotes":""},"categories":[],"tags":[],"class_list":["post-252","page","type-page","status-publish","has-post-thumbnail","hentry"],"jetpack_sharing_enabled":true,"_links":{"self":[{"href":"https:\/\/guide.zero-carbon-skane.org\/sv\/wp-json\/wp\/v2\/pages\/252","targetHints":{"allow":["GET"]}}],"collection":[{"href":"https:\/\/guide.zero-carbon-skane.org\/sv\/wp-json\/wp\/v2\/pages"}],"about":[{"href":"https:\/\/guide.zero-carbon-skane.org\/sv\/wp-json\/wp\/v2\/types\/page"}],"author":[{"embeddable":true,"href":"https:\/\/guide.zero-carbon-skane.org\/sv\/wp-json\/wp\/v2\/users\/1"}],"replies":[{"embeddable":true,"href":"https:\/\/guide.zero-carbon-skane.org\/sv\/wp-json\/wp\/v2\/comments?post=252"}],"version-history":[{"count":2,"href":"https:\/\/guide.zero-carbon-skane.org\/sv\/wp-json\/wp\/v2\/pages\/252\/revisions"}],"predecessor-version":[{"id":903,"href":"https:\/\/guide.zero-carbon-skane.org\/sv\/wp-json\/wp\/v2\/pages\/252\/revisions\/903"}],"up":[{"embeddable":true,"href":"https:\/\/guide.zero-carbon-skane.org\/sv\/wp-json\/wp\/v2\/pages\/55"}],"wp:featuredmedia":[{"embeddable":true,"href":"https:\/\/guide.zero-carbon-skane.org\/sv\/wp-json\/wp\/v2\/media\/902"}],"wp:attachment":[{"href":"https:\/\/guide.zero-carbon-skane.org\/sv\/wp-json\/wp\/v2\/media?parent=252"}],"wp:term":[{"taxonomy":"category","embeddable":true,"href":"https:\/\/guide.zero-carbon-skane.org\/sv\/wp-json\/wp\/v2\/categories?post=252"},{"taxonomy":"post_tag","embeddable":true,"href":"https:\/\/guide.zero-carbon-skane.org\/sv\/wp-json\/wp\/v2\/tags?post=252"}],"curies":[{"name":"wp","href":"https:\/\/api.w.org\/{rel}","templated":true}]}}