{"id":250,"date":"2022-10-12T12:49:16","date_gmt":"2022-10-12T12:49:16","guid":{"rendered":"https:\/\/guide.zero-carbon-skane.org\/?page_id=250"},"modified":"2023-03-24T15:08:36","modified_gmt":"2023-03-24T15:08:36","slug":"nya-tuvalu","status":"publish","type":"page","link":"https:\/\/guide.zero-carbon-skane.org\/sv\/places\/central-heartlands\/perstorp\/nya-tuvalu\/","title":{"rendered":"Nya Tuvalu"},"content":{"rendered":"<p><a href=\"https:\/\/guide.zero-carbon-skane.org\/sv\/places\/central-heartlands\/perstorp\/\" data-type=\"page\" data-id=\"248\">Perstorp<\/a> ser vid f\u00f6rsta anblicken ut som vilken annan liten sk\u00e5nsk stad som helst... men ute i landet i s\u00f6der ser saker och ting helt annorlunda ut. N\u00e4r du n\u00e4rmar dig en liten sj\u00f6 kanske du k\u00e4nner doften av grillad fisk och en kryddig \u00e4ppelmos, och ser en flotte som v\u00e4ntar p\u00e5 dig vid strandkanten...<\/p>\n\n\n\n<p>Klimatf\u00f6r\u00e4ndringarna har lett till m\u00e5nga f\u00f6rluster - av liv, egendom, kultur och f\u00f6rs\u00f6rjningsm\u00f6jligheter. Att g\u00f6ra en direkt koppling mellan historiska utsl\u00e4pp och nutida f\u00f6rluster undveks omsorgsfullt av nationerna och f\u00f6retagen i det globala nord, till den grad att en ansvarsbefrielse skrevs in i Parisavtalet, vilket hindrade nationer fr\u00e5n att s\u00f6ka ers\u00e4ttning f\u00f6r f\u00f6rluster och skador som orsakats av klimatf\u00f6r\u00e4ndringarna.&nbsp;<\/p>\n\n\n\n<p>Direkt kompensation var diplomatiskt osannolikt, s\u00e5 f\u00f6respr\u00e5karna fokuserade p\u00e5 att m\u00f6jligg\u00f6ra den planerade omlokaliseringen av samh\u00e4llen vars hem hotades. Funafutiprotokollet fr\u00e5n 2038 var resultatet av ett decennium av f\u00f6rhandlingar - en lagtext som f\u00f6reskriver att l\u00e4nder med h\u00f6ga historiska utsl\u00e4pp ska utse l\u00e4mpliga platser f\u00f6r omlokalisering av samh\u00e4llen som \u00e4r skyldiga att flytta. Avsikten var att de nya platserna skulle likna deras ursprungliga territorium s\u00e5 mycket som m\u00f6jligt, men med tanke p\u00e5 den nord-sydliga uppdelningen av det historiska ansvaret var man tvungen att kompromissa. <\/p>\n\n\n\n<p>Vilket f\u00f6r oss till Perstorp.<\/p>\n\n\n\n<p>Staden var hemvist f\u00f6r plasttillverkning i Sverige och hade samlat p\u00e5 sig en stor koldioxidskuld, samtidigt som befolkningen minskade under de f\u00f6rsta decennierna av detta \u00e5rhundrade. Detta, menade den svenska regeringen, gjorde staden till en l\u00e4mplig plats f\u00f6r dess nya program f\u00f6r klimatanpassad bos\u00e4ttning. <\/p>\n\n\n\n<p>L\u00e4mpligt nog - eller alltf\u00f6r l\u00e4mpligt, om du fr\u00e5gar en golfare - hade Golf Course Rewilding Act just antagits i parlamentet, med resultatet att det fanns en stor fastighet vid sj\u00f6n till salu som tidigare huserade den lokala golfklubben. Den f\u00f6rsta kontingenten tuvaluaner anl\u00e4nde 2041, och d\u00e4rmed inleddes det som vi nu k\u00e4nner som den halvautonoma enklaven Mya Tuvalu.<\/p>\n\n\n\n<p>Det finns mycket att uppleva p\u00e5 det f\u00f6rtjusande och v\u00e4lkomnande New Tuvalu:&nbsp;<\/p>\n\n\n\n<ul class=\"wp-block-list\">\n<li><span style=\"text-decoration: underline\" class=\"underline\">Delta i veckans kanott\u00e4vling<\/span> runt <em>f\u014dliki namo\/Lille Sj\u00f6<\/em>. (Du kommer att komma sist, men det roliga \u00e4r att delta).<\/li>\n\n\n\n<li><span style=\"text-decoration: underline\" class=\"underline\">L\u00e4r dig n\u00e5gra nya danssteg<\/span> f\u00f6r att imponera p\u00e5 din partner p\u00e5 Bosarps kulturcenter. Nykomlingarna har utvecklat en blandning av polka och <em>fakanau<\/em>, en traditionell tuvaluansk dans som \u00e4r f\u00f6rv\u00e5nansv\u00e4rt lockande!<\/li>\n\n\n\n<li><span style=\"text-decoration: underline\" class=\"underline\">Prova New Tuvalus ber\u00f6mda grillade m\u00e5s!<\/span> Det traditionella tuvaluanska k\u00f6ket anv\u00e4nde sig av det som fanns tillg\u00e4ngligt p\u00e5 \u00f6n, och sj\u00f6f\u00e5glar utg\u00f6r basen i flera traditionella r\u00e4tter. N\u00e4r inv\u00e5narna skulle anpassa sig till det nya landskapet identifierade de de stora populationerna av m\u00e5sar i vissa kustst\u00e4der som den mest l\u00e4mpliga ers\u00e4ttningen. (N\u00e5gra av dessa st\u00e4der, <a href=\"https:\/\/guide.zero-carbon-skane.org\/sv\/places\/southwest-metropolitan-zone\/greater-malmo\/\" data-type=\"page\" data-id=\"8\">Malm\u00f6<\/a> i synnerhet, var mycket glada \u00f6ver att bli av med n\u00e5gra.) Kanske \u00f6verraskande \u00e4r r\u00e4tten ganska spektakul\u00e4r.<\/li>\n<\/ul>\n\n\n\n<p>Dock en varning:<\/p>\n\n\n\n<ul class=\"wp-block-list\">\n<li><span style=\"text-decoration: underline\" class=\"underline\"><em>Fiska<\/em> inte<\/span> (om du inte blir inbjuden av lokalbefolkningen)! Perstorp <em>kommun<\/em> har ett komplext system f\u00f6r fiskekvoter, de tilldelade omr\u00e5dena \u00f6vervakas strikt och b\u00f6terna f\u00f6r \u00f6vertr\u00e4delser \u00e4r enorma. Det finns ocks\u00e5 en p\u00e5g\u00e5ende och h\u00e4tsk juridisk tvist om kulturella fisker\u00e4ttigheter mellan Nya Tuvalu och Perstorp; vissa <em>Perstorpare<\/em> h\u00e4vdar att tuvaluanerna har \"kommit och stulit deras fisk\". Lita p\u00e5 oss n\u00e4r vi s\u00e4ger att ni inte vill bli inblandade i den h\u00e4r r\u00f6ran mellan olika fraktioner.<\/li>\n<\/ul>","protected":false},"excerpt":{"rendered":"<p>Avsikten var att \u00e5terflyttningsomr\u00e5dena skulle likna sina ursprungliga omr\u00e5den s\u00e5 mycket som m\u00f6jligt, men p\u00e5 grund av den nord-sydliga uppdelningen av det historiska ansvaret var man tvungen att kompromissa. <\/p>","protected":false},"author":1,"featured_media":1094,"parent":248,"menu_order":0,"comment_status":"closed","ping_status":"closed","template":"","meta":{"footnotes":""},"categories":[],"tags":[],"class_list":["post-250","page","type-page","status-publish","has-post-thumbnail","hentry"],"jetpack_sharing_enabled":true,"_links":{"self":[{"href":"https:\/\/guide.zero-carbon-skane.org\/sv\/wp-json\/wp\/v2\/pages\/250","targetHints":{"allow":["GET"]}}],"collection":[{"href":"https:\/\/guide.zero-carbon-skane.org\/sv\/wp-json\/wp\/v2\/pages"}],"about":[{"href":"https:\/\/guide.zero-carbon-skane.org\/sv\/wp-json\/wp\/v2\/types\/page"}],"author":[{"embeddable":true,"href":"https:\/\/guide.zero-carbon-skane.org\/sv\/wp-json\/wp\/v2\/users\/1"}],"replies":[{"embeddable":true,"href":"https:\/\/guide.zero-carbon-skane.org\/sv\/wp-json\/wp\/v2\/comments?post=250"}],"version-history":[{"count":3,"href":"https:\/\/guide.zero-carbon-skane.org\/sv\/wp-json\/wp\/v2\/pages\/250\/revisions"}],"predecessor-version":[{"id":1095,"href":"https:\/\/guide.zero-carbon-skane.org\/sv\/wp-json\/wp\/v2\/pages\/250\/revisions\/1095"}],"up":[{"embeddable":true,"href":"https:\/\/guide.zero-carbon-skane.org\/sv\/wp-json\/wp\/v2\/pages\/248"}],"wp:featuredmedia":[{"embeddable":true,"href":"https:\/\/guide.zero-carbon-skane.org\/sv\/wp-json\/wp\/v2\/media\/1094"}],"wp:attachment":[{"href":"https:\/\/guide.zero-carbon-skane.org\/sv\/wp-json\/wp\/v2\/media?parent=250"}],"wp:term":[{"taxonomy":"category","embeddable":true,"href":"https:\/\/guide.zero-carbon-skane.org\/sv\/wp-json\/wp\/v2\/categories?post=250"},{"taxonomy":"post_tag","embeddable":true,"href":"https:\/\/guide.zero-carbon-skane.org\/sv\/wp-json\/wp\/v2\/tags?post=250"}],"curies":[{"name":"wp","href":"https:\/\/api.w.org\/{rel}","templated":true}]}}