{"id":25,"date":"2022-08-16T10:31:53","date_gmt":"2022-08-16T10:31:53","guid":{"rendered":"https:\/\/guide.zero-carbon-skane.org\/index.php\/southwest-metropolitan-zone\/nya-osterlen-soderlen\/"},"modified":"2023-03-16T12:39:19","modified_gmt":"2023-03-16T12:39:19","slug":"soderlen","status":"publish","type":"page","link":"https:\/\/guide.zero-carbon-skane.org\/sv\/places\/southwest-metropolitan-zone\/soderlen\/","title":{"rendered":"S\u00f6'rlen"},"content":{"rendered":"<p>S\u00f6r\u2019len- eller \u201cS\u00f6derlen\u201d, som det uttalas utan sk\u00e5nsk dialekt \u2013 \u00e4r inget offentligt namn, utan mer ett vedertaget begrepp som tagits fram av fastighetsbranschen. Historien bakom detta lyder som f\u00f6ljande: <a href=\"https:\/\/guide.zero-carbon-skane.org\/sv\/places\/southeast-the-slow-coast\/gamla-osterlen\/\" data-type=\"page\" data-id=\"44\">n\u00e4r de sm\u00e5 byarna p\u00e5 \u00d6sterlen, som den sk\u00e5nska \u00f6stkusten kom att kallas, sakteligen fylldes p\u00e5 med konstn\u00e4rer i jakt p\u00e5 billiga boenden (och fantastiskt ljus) under det sena 1900-talet,<\/a>: fick de s\u00e5 sm\u00e5ningom s\u00e4llskap av m\u00e4nniskor fr\u00e5n hela Sverige, s\u00e4rskilt av stockholmare som \u00f6nskade sig ett andra hem d\u00e4r de kunde tillbringa sina somrar \u2013 som en <em>sommarstuga<\/em>, detta resulterade i att fastigheter p\u00e5 \u00d6sterlen kom att bli v\u00e4ldigt dyra, men som de lokala <em>kommuner<\/em> inte tj\u00e4nade n\u00e5got p\u00e5 detta d\u00e5 svenskar endast blir beskattade p\u00e5 den bostad d\u00e4r de \u00e4r folkbokf\u00f6rda: s\u00e5 om du har ett andra boende beh\u00f6ver du inte bidra n\u00e5got till omr\u00e5dets sk\u00f6tsel.<\/p>\n\n\n\n<p>S\u00e5 var det \u00e5tminstone tills alldeles nyligen: en skattereform, som st\u00f6tt p\u00e5 motst\u00e5nd fr\u00e5n h\u00f6ger och v\u00e4nster, \u00e4r p\u00e5 ing\u00e5ng. Men trots att allt fler sommarhus p\u00e5 \u00d6sterlen s\u00e5lts, s\u00e5 har inte reformen gjort n\u00e5gon st\u00f6rre skillnad \u00e4n. Samtidigt har det utfl\u00f6de fr\u00e5n st\u00e4derna som uppstod i samband med coronapandemin under 2020-talet b\u00f6rjat minska sakteligen f\u00f6rst nu, en konsekvens som har h\u00e5llit bostadspriserna i eftertraktade landsbygdsomr\u00e5den, som \u00d6sterlen, mycket h\u00f6gre \u00e4n de en g\u00e5ng var.<\/p>\n\n\n\n<p>F\u00f6r fastighetsbranschen inneb\u00e4r detta lite av ett PR-problem: folk vill ha \u00d6sterlen, men det finns inget mer \u00d6sterlen att s\u00e4lja. I st\u00e4der brukar s\u00e5dana situationer l\u00f6sas genom att byta namn p\u00e5 nerg\u00e5ngna kvarter f\u00f6r att ge intrycket av att de egentligen \u00e4r mer attraktiva; S\u00f6derlen \u00e4r resultaten av en s\u00e5dan strategi, ett s\u00e4tt att paketera om mindre \u00f6nskv\u00e4rda gamla fiskebyar p\u00e5 Sk\u00e5nes sydkust, mellan <a href=\"https:\/\/guide.zero-carbon-skane.org\/sv\/places\/southwest-metropolitan-zone\/trelleborg\/\" data-type=\"page\" data-id=\"24\">Trelleborg<\/a> och <a href=\"https:\/\/guide.zero-carbon-skane.org\/sv\/places\/southeast-the-slow-coast\/ystad\/\" data-type=\"page\" data-id=\"42\">Ystad<\/a>, som ett slags \"s\u00f6dra \u00d6sterlen\".<\/p>\n\n\n\n<p>Med det sagt betyder det inte att dessa sm\u00e5 byar inte \u00e4r vackra \u2013 \u00e4ven om uth\u00e5lliga \u00e5retruntbor klagar \u00f6ver att den moderna arkitekturen, som ofta \u00e4r tre eller fyra g\u00e5nger s\u00e5 h\u00f6g som de omgivande 1800-talshusen, f\u00f6rst\u00f6r estetiken (och de har en po\u00e4ng).<\/p>\n\n\n\n<p>Men det verkliga problemet \u2013 bortsett fr\u00e5n de kalla och bittra vindarna som bl\u00e5ser in fr\u00e5n \u00d6stersj\u00f6n under vintern \u2013 \u00e4r starkt f\u00f6rknippat med platsens huvudsakliga dragningskraft: strandl\u00e4get. Majoriteten av strandstr\u00e4ckan ligger p\u00e5 havsniv\u00e5n och lutar dessutom svagt ner\u00e5t, n\u00e5got som sannolikt kommer resultera i att flera av byarna l\u00e4ngs kusten kommer bli s\u00e5kallad \u201dflexmark\u201d inom en snar framtid. Att fastigheter p\u00e5 S\u00f6'rlen fortfarande s\u00e4ljs till allt h\u00f6gre priser ses av vissa som ett tecken p\u00e5 en tilltro till den svenska ekonomiska och kulturella motst\u00e5ndskraften; av andra ses det d\u00e4remot som ett tecken p\u00e5 m\u00e4nniskans grundl\u00e4ggande irrationalitet inf\u00f6r existentiella hot.<\/p>\n\n\n\n<p>Sanningen finns kanske kanske n\u00e5gonstans mellan dessa tv\u00e5 f\u00f6rh\u00e5llningss\u00e4tt. Om du \u00e5ker dit kanske du sj\u00e4lv vill fundera \u00f6ver fr\u00e5gan... men om du ist\u00e4llet v\u00e4ljer att bara vandra mellan de sm\u00e5 husen eller ta ett dopp i \u00d6stersj\u00f6ns friska vatten, ja, d\u00e5 skulle du inte vara den f\u00f6rsta heller.<\/p>","protected":false},"excerpt":{"rendered":"<p>S\u00f6r\u2019len- eller \u201cS\u00f6derlen\u201d, som det uttalas utan sk\u00e5nsk dialekt \u2013 \u00e4r inget offentligt namn, utan mer ett vedertaget begrepp som tagits fram av fastighetsbranschen<\/p>","protected":false},"author":1,"featured_media":857,"parent":7,"menu_order":0,"comment_status":"closed","ping_status":"closed","template":"","meta":{"footnotes":""},"categories":[],"tags":[],"class_list":["post-25","page","type-page","status-publish","has-post-thumbnail","hentry"],"jetpack_sharing_enabled":true,"_links":{"self":[{"href":"https:\/\/guide.zero-carbon-skane.org\/sv\/wp-json\/wp\/v2\/pages\/25","targetHints":{"allow":["GET"]}}],"collection":[{"href":"https:\/\/guide.zero-carbon-skane.org\/sv\/wp-json\/wp\/v2\/pages"}],"about":[{"href":"https:\/\/guide.zero-carbon-skane.org\/sv\/wp-json\/wp\/v2\/types\/page"}],"author":[{"embeddable":true,"href":"https:\/\/guide.zero-carbon-skane.org\/sv\/wp-json\/wp\/v2\/users\/1"}],"replies":[{"embeddable":true,"href":"https:\/\/guide.zero-carbon-skane.org\/sv\/wp-json\/wp\/v2\/comments?post=25"}],"version-history":[{"count":1,"href":"https:\/\/guide.zero-carbon-skane.org\/sv\/wp-json\/wp\/v2\/pages\/25\/revisions"}],"predecessor-version":[{"id":858,"href":"https:\/\/guide.zero-carbon-skane.org\/sv\/wp-json\/wp\/v2\/pages\/25\/revisions\/858"}],"up":[{"embeddable":true,"href":"https:\/\/guide.zero-carbon-skane.org\/sv\/wp-json\/wp\/v2\/pages\/7"}],"wp:featuredmedia":[{"embeddable":true,"href":"https:\/\/guide.zero-carbon-skane.org\/sv\/wp-json\/wp\/v2\/media\/857"}],"wp:attachment":[{"href":"https:\/\/guide.zero-carbon-skane.org\/sv\/wp-json\/wp\/v2\/media?parent=25"}],"wp:term":[{"taxonomy":"category","embeddable":true,"href":"https:\/\/guide.zero-carbon-skane.org\/sv\/wp-json\/wp\/v2\/categories?post=25"},{"taxonomy":"post_tag","embeddable":true,"href":"https:\/\/guide.zero-carbon-skane.org\/sv\/wp-json\/wp\/v2\/tags?post=25"}],"curies":[{"name":"wp","href":"https:\/\/api.w.org\/{rel}","templated":true}]}}