{"id":248,"date":"2022-10-12T10:29:46","date_gmt":"2022-10-12T10:29:46","guid":{"rendered":"https:\/\/guide.zero-carbon-skane.org\/?page_id=248"},"modified":"2023-03-24T15:12:15","modified_gmt":"2023-03-24T15:12:15","slug":"perstorp","status":"publish","type":"page","link":"https:\/\/guide.zero-carbon-skane.org\/sv\/places\/central-heartlands\/perstorp\/","title":{"rendered":"Perstorp"},"content":{"rendered":"<p>\u00c4ven om den \u00e4r l\u00e5ngt ifr\u00e5n den minsta <em>kommun<\/em> i Sk\u00e5ne i fr\u00e5ga om hektar \u2014 vilket troligtvis skulle vara gamla <a href=\"https:\/\/guide.zero-carbon-skane.org\/sv\/places\/southwest-metropolitan-zone\/burlov\/\" data-type=\"page\" data-id=\"130\">Burl\u00f6v<\/a>\u2014 s\u00e5 har Perstorp l\u00e4nge varit den befolkningsm\u00e4ssigt minsta kommunen och dessutom en av de f\u00e5 kommuner vars befolkning minskade mellan 1970 och 2020 ist\u00e4llet f\u00f6r att \u00f6ka som n\u00e4stan alla andra. Det kan ses som det nordv\u00e4stra h\u00f6rnet av <a href=\"https:\/\/guide.zero-carbon-skane.org\/sv\/places\/central-heartlands\/\" data-type=\"page\" data-id=\"50\">K\u00e4rnlands-regionen<\/a>, s\u00e5 \u00e4r Perstorp den enda t\u00e4torten av n\u00e5gon betydande storlek p\u00e5 ganska l\u00e5ngt avst\u00e5nd i alla riktningar*. Denna relativa isolering kan ha spelat en roll f\u00f6r Perstorps tidigare status som centrum f\u00f6r plasttillverkning i Sverige... men det kan ocks\u00e5 ha varit tv\u00e4rtom (slumpen \u00e4r rolig p\u00e5 s\u00e4tt).<\/p>\n\n\n\n<p>Det \u00e4r en av anledningarna till att Perstorp valdes som plats f\u00f6r vidarebos\u00e4ttning av klimatmigranter, och <a href=\"https:\/\/guide.zero-carbon-skane.org\/sv\/places\/central-heartlands\/perstorp\/nya-tuvalu\/\" data-type=\"page\" data-id=\"250\">byn Nya Tuvalu som etablerats p\u00e5 den tidigare golfbanan n\u00e4ra sj\u00f6arna s\u00f6der om staden.<\/a>. Hur rationellt detta val \u00e4n var, s\u00e5 var det l\u00e5ngt ifr\u00e5n n\u00e5got som alla Perstorps inv\u00e5nare gillade...<\/p>\n\n\n\n<p><small>* - Det finns <a href=\"https:\/\/guide.zero-carbon-skane.org\/sv\/activities\/sightseeing\/village-people-the-oddball-highlights-of-rural-skane\/\" data-type=\"page\" data-id=\"257\">dock gott om andra karakt\u00e4rsfulla byar ute i skogarna d\u00e4remellan... \u00e4ven om vissa av dem inte direkt finns \"p\u00e5 kartan\"<\/a>.<\/small><\/p>","protected":false},"excerpt":{"rendered":"<p>Perstorp kan ses som det nordv\u00e4stra h\u00f6rnet av K\u00e4rnlands-regionen, d\u00e5 staden \u00e4r den enda bebyggelsen av n\u00e5gon betydande storlek p\u00e5 ganska l\u00e5ngt avst\u00e5nd i alla riktningar.<\/p>","protected":false},"author":1,"featured_media":610,"parent":50,"menu_order":0,"comment_status":"closed","ping_status":"closed","template":"","meta":{"footnotes":""},"categories":[],"tags":[],"class_list":["post-248","page","type-page","status-publish","has-post-thumbnail","hentry"],"jetpack_sharing_enabled":true,"_links":{"self":[{"href":"https:\/\/guide.zero-carbon-skane.org\/sv\/wp-json\/wp\/v2\/pages\/248","targetHints":{"allow":["GET"]}}],"collection":[{"href":"https:\/\/guide.zero-carbon-skane.org\/sv\/wp-json\/wp\/v2\/pages"}],"about":[{"href":"https:\/\/guide.zero-carbon-skane.org\/sv\/wp-json\/wp\/v2\/types\/page"}],"author":[{"embeddable":true,"href":"https:\/\/guide.zero-carbon-skane.org\/sv\/wp-json\/wp\/v2\/users\/1"}],"replies":[{"embeddable":true,"href":"https:\/\/guide.zero-carbon-skane.org\/sv\/wp-json\/wp\/v2\/comments?post=248"}],"version-history":[{"count":5,"href":"https:\/\/guide.zero-carbon-skane.org\/sv\/wp-json\/wp\/v2\/pages\/248\/revisions"}],"predecessor-version":[{"id":1097,"href":"https:\/\/guide.zero-carbon-skane.org\/sv\/wp-json\/wp\/v2\/pages\/248\/revisions\/1097"}],"up":[{"embeddable":true,"href":"https:\/\/guide.zero-carbon-skane.org\/sv\/wp-json\/wp\/v2\/pages\/50"}],"wp:featuredmedia":[{"embeddable":true,"href":"https:\/\/guide.zero-carbon-skane.org\/sv\/wp-json\/wp\/v2\/media\/610"}],"wp:attachment":[{"href":"https:\/\/guide.zero-carbon-skane.org\/sv\/wp-json\/wp\/v2\/media?parent=248"}],"wp:term":[{"taxonomy":"category","embeddable":true,"href":"https:\/\/guide.zero-carbon-skane.org\/sv\/wp-json\/wp\/v2\/categories?post=248"},{"taxonomy":"post_tag","embeddable":true,"href":"https:\/\/guide.zero-carbon-skane.org\/sv\/wp-json\/wp\/v2\/tags?post=248"}],"curies":[{"name":"wp","href":"https:\/\/api.w.org\/{rel}","templated":true}]}}