{"id":246,"date":"2022-10-12T10:27:49","date_gmt":"2022-10-12T10:27:49","guid":{"rendered":"https:\/\/guide.zero-carbon-skane.org\/?page_id=246"},"modified":"2023-03-24T15:19:20","modified_gmt":"2023-03-24T15:19:20","slug":"an-urban-eden-lunds-paradise-quarter","status":"publish","type":"page","link":"https:\/\/guide.zero-carbon-skane.org\/sv\/places\/southwest-metropolitan-zone\/lund\/gamla-staden\/an-urban-eden-lunds-paradise-quarter\/","title":{"rendered":"Ett urbant Eden: Lunds paradiskvarter"},"content":{"rendered":"<p>Paradiset i Lund var den f\u00f6rsta urbana ekobyn som byggdes som en del av <em>Nya Miljonprogrammet<\/em> 2035, vilket markerar en ny era i svensk bostadspolitik.<\/p>\n\n\n\n<p>M\u00e5nga svenskar blev f\u00f6rv\u00e5nade n\u00e4r regeringen valde Lund som plats f\u00f6r sin f\u00f6rsta statligt \u00e4gda ekoby; <a href=\"https:\/\/guide.zero-carbon-skane.org\/sv\/places\/southwest-metropolitan-zone\/greater-malmo\/\" data-type=\"page\" data-id=\"8\">Malm\u00f6<\/a>, kunde ha framst\u00e5tt som det naturliga valet. Men n\u00e4r Lunds universitet flyttade flera av sina institutioner till de moderna byggnaderna i det (d\u00e5 nybyggda) \"Science Village\" p\u00e5 <a href=\"https:\/\/guide.zero-carbon-skane.org\/sv\/places\/southwest-metropolitan-zone\/lund\/brunnshog-science-village\/\" data-type=\"page\" data-id=\"22\">Brunnsh\u00f6g<\/a>, beslutade den os\u00e4kra men ambiti\u00f6sa nya r\u00f6dgr\u00f6na regeringen 2026 att rusta upp alla tomma statligt \u00e4gda byggnader och tillhandah\u00e5lla \"ett prisv\u00e4rt, inkluderande och h\u00e5llbart boende f\u00f6r alla\". <\/p>\n\n\n\n<p>Vid den tiden hade en allt st\u00f6rre andel av Sveriges bost\u00e4der, som tidigare \u00e4gts av allm\u00e4nnyttan, privatiserats och utsatts f\u00f6r en fullst\u00e4ndig marknadsanpassning; m\u00e5nga inv\u00e5nare k\u00e4mpade f\u00f6r att ha r\u00e5d med en l\u00e4genhet, eller ens hitta en, och segregation p\u00e5 grund av ekonomiska f\u00f6ruts\u00e4ttningar och etnisk tillh\u00f6righet f\u00f6rv\u00e4rrade och f\u00f6rst\u00e4rkte den sociala oron. Den landsomfattande r\u00f6relsen <em>Jagvillhabostadnu<\/em> blev starkare och argare och hotade att dra den svenska regeringen inf\u00f6r r\u00e4tta f\u00f6r att ha misslyckats med att uppfylla det elfte m\u00e5let f\u00f6r h\u00e5llbar utveckling, som var t\u00e4nkt att uppfyllas senast 2030. <\/p>\n\n\n\n<p>I ett medvetet eko av den ber\u00f6mda politiken fr\u00e5n 1960- och 70-talen lanserade den nya regeringen sitt \"Nya Miljonprogrammet 2035\" med m\u00e5let att renovera en miljon bost\u00e4der under en tio\u00e5rsperiod. N\u00e5gra nya bost\u00e4der byggdes ocks\u00e5, men efter att ha st\u00e4llts inf\u00f6r r\u00e4tta f\u00f6r att ha misslyckats med att uppfylla sina egna klimatm\u00e5l fokuserade staten p\u00e5 renovering och eftermontering f\u00f6r att minska utsl\u00e4ppen och frig\u00f6ra kapacitet till l\u00e4gsta m\u00f6jliga kostnad. Nya best\u00e4mmelser minskade den tilldelade bostadsytan till 25 kvm per person (ned fr\u00e5n ett tidigare genomsnitt p\u00e5 cirka 45 kvm), vilket \u00f6kade antalet enheter som kunde produceras; ytterligare privatisering stoppades och m\u00e5nga byggnader \u00e5terf\u00f6rstatligades faktiskt, i vad som var ett djupt kontroversiellt beslut som fortfarande diskuteras idag. F\u00f6r att motverka den uppenbara kritiken - s\u00e4rskilt n\u00e4r det g\u00e4ller minskningen av bostadsytan - inkluderade regeringen i sin plan tillhandah\u00e5llandet av gemensamma utrymmen som skulle vara \u00f6ppna f\u00f6r alla.<\/p>\n\n\n\n<p><em>Paradiset<\/em>'s l\u00e5nga historia som en del av <a href=\"https:\/\/guide.zero-carbon-skane.org\/sv\/places\/southwest-metropolitan-zone\/lund\/lund-university\/\" data-type=\"page\" data-id=\"292\">universitetets campus i staden<\/a> resulterade i en fascinerande blandning av arkitektoniska epoker och stilar. S\u00e4rskilt anm\u00e4rkningsv\u00e4rt med sina majest\u00e4tiska femskiktsf\u00f6nster med utsikt \u00f6ver den gemensamma tr\u00e4dg\u00e5rden \u00e4r <em>Gamla Kirurgen<\/em>, det gamla kirurgiska sjukhuset, som hade blivit kontor och f\u00f6rel\u00e4sningssalar f\u00f6r den samh\u00e4llsvetenskapliga fakulteten i b\u00f6rjan av 2000-talet; det huserar f\u00f6r n\u00e4rvarande en h\u00f6g andel \u00e4ldre m\u00e4nniskor, m\u00e5nga av dem pensionerade akademiker, s\u00e5 tr\u00e4dg\u00e5rden \u00e4r en utm\u00e4rkt plats f\u00f6r en improviserad f\u00f6rel\u00e4sning (eller, mer troligt, en h\u00e5rd men v\u00e4nlig debatt) om 1900-talets klimatpolitik.\u00a0<\/p>\n\n\n\n<p>Multimedia Eden-biblioteket \u00e4r \u00f6ppet f\u00f6r alla och v\u00e4l v\u00e4rt ett bes\u00f6k: f\u00f6rutom att l\u00e5na olika former av underh\u00e5llnings- eller utbildningsmaterial, kan du producera din egen musik och filmer (och lyssna p\u00e5 eller titta p\u00e5 saker fr\u00e5n universitetsbibliotekets samlingar) och ladda dina v\u00e4rmande eller kylande kl\u00e4der. P\u00e5 andra v\u00e5ningen finns den urbana verkstaden d\u00e4r man kan l\u00e4ra sig (eller l\u00e4ra ut!) nya och traditionella hantverk - varf\u00f6r inte l\u00e4ra sig v\u00e4va eller designa sj\u00e4lvuppv\u00e4rmande kl\u00e4der? Men den kanske mest tilltalande anl\u00e4ggningen f\u00f6r korttidsbes\u00f6kare \u00e4r Klinnenberg-simbass\u00e4ngen i k\u00e4llaren - mycket uppskattad under de varma sommarm\u00e5naderna - som \u00e4r isolerad med \u00e5tervunna <a href=\"https:\/\/guide.zero-carbon-skane.org\/sv\/places\/northwest\/hoganas\/\" data-type=\"page\" data-id=\"68\">H\u00f6gan\u00e4s<\/a> keramiska plattor i en f\u00e4rg som fortfarande \u00e4r k\u00e4nd som \"petrol blue\".<\/p>","protected":false},"excerpt":{"rendered":"<p>En allt st\u00f6rre andel av Sveriges bost\u00e4der, som tidigare \u00e4gts av allm\u00e4nnyttan, blev privatiserade och utsattes f\u00f6r en fullst\u00e4ndig marknadsanpassning; detta ledde till att m\u00e5nga inv\u00e5nare k\u00e4mpade f\u00f6r att ha r\u00e5d med en l\u00e4genhet, eller ens hitta en, och segregation p\u00e5 grund av ekonomiska f\u00f6ruts\u00e4ttningar och etnicitet tillh\u00f6righet f\u00f6rv\u00e4rrade och f\u00f6rst\u00e4rkte den sociala oron.<\/p>","protected":false},"author":1,"featured_media":1100,"parent":19,"menu_order":0,"comment_status":"closed","ping_status":"closed","template":"","meta":{"footnotes":""},"categories":[5],"tags":[],"class_list":["post-246","page","type-page","status-publish","has-post-thumbnail","hentry","category-sightseeing"],"jetpack_sharing_enabled":true,"_links":{"self":[{"href":"https:\/\/guide.zero-carbon-skane.org\/sv\/wp-json\/wp\/v2\/pages\/246","targetHints":{"allow":["GET"]}}],"collection":[{"href":"https:\/\/guide.zero-carbon-skane.org\/sv\/wp-json\/wp\/v2\/pages"}],"about":[{"href":"https:\/\/guide.zero-carbon-skane.org\/sv\/wp-json\/wp\/v2\/types\/page"}],"author":[{"embeddable":true,"href":"https:\/\/guide.zero-carbon-skane.org\/sv\/wp-json\/wp\/v2\/users\/1"}],"replies":[{"embeddable":true,"href":"https:\/\/guide.zero-carbon-skane.org\/sv\/wp-json\/wp\/v2\/comments?post=246"}],"version-history":[{"count":2,"href":"https:\/\/guide.zero-carbon-skane.org\/sv\/wp-json\/wp\/v2\/pages\/246\/revisions"}],"predecessor-version":[{"id":1102,"href":"https:\/\/guide.zero-carbon-skane.org\/sv\/wp-json\/wp\/v2\/pages\/246\/revisions\/1102"}],"up":[{"embeddable":true,"href":"https:\/\/guide.zero-carbon-skane.org\/sv\/wp-json\/wp\/v2\/pages\/19"}],"wp:featuredmedia":[{"embeddable":true,"href":"https:\/\/guide.zero-carbon-skane.org\/sv\/wp-json\/wp\/v2\/media\/1100"}],"wp:attachment":[{"href":"https:\/\/guide.zero-carbon-skane.org\/sv\/wp-json\/wp\/v2\/media?parent=246"}],"wp:term":[{"taxonomy":"category","embeddable":true,"href":"https:\/\/guide.zero-carbon-skane.org\/sv\/wp-json\/wp\/v2\/categories?post=246"},{"taxonomy":"post_tag","embeddable":true,"href":"https:\/\/guide.zero-carbon-skane.org\/sv\/wp-json\/wp\/v2\/tags?post=246"}],"curies":[{"name":"wp","href":"https:\/\/api.w.org\/{rel}","templated":true}]}}