{"id":241,"date":"2022-10-07T11:57:31","date_gmt":"2022-10-07T11:57:31","guid":{"rendered":"https:\/\/guide.zero-carbon-skane.org\/?page_id=241"},"modified":"2022-10-31T13:18:05","modified_gmt":"2022-10-31T13:18:05","slug":"the-end-of-the-road-porrarp-preppers-paradise","status":"publish","type":"page","link":"https:\/\/guide.zero-carbon-skane.org\/sv\/places\/central-heartlands\/hassleholm\/the-end-of-the-road-porrarp-preppers-paradise\/","title":{"rendered":"Slutet p\u00e5 v\u00e4gen? Porrarp Preppers Paradis"},"content":{"rendered":"<p>F\u00f6r m\u00e5nga har 2000-talet hittills varit en serie \u00f6gonblick d\u00e5 civilisationen n\u00e4stan g\u00e5tt under. Klimatf\u00f6r\u00e4ndringar, f\u00f6rlust av biologisk m\u00e5ngfald, krig, pandemier ... det har varit ett par tuffa \u00e5rtionden, utan tvekan. Inv\u00e5narna i Sk\u00e5ne hittade m\u00e5nga olika s\u00e4tt att hantera os\u00e4kerheten. Vissa bildade starka n\u00e4tverk, gjorde upp beredskapsplaner med grannarna och gick med i den lokala katastrofberedskapen. Andra litade inte p\u00e5 n\u00e5gon utanf\u00f6r sin n\u00e4rmaste krets av v\u00e4nner och familj - eller ens p\u00e5 n\u00e5gon inom dem, i vissa fall - s\u00e5 de bunkrade upp med f\u00f6rn\u00f6denheter och verktyg och identifierade en plats med gott om s\u00f6tvatten och vilt som de kunde fly till om civilisationen verkligen kollapsade.\u00a0<\/p>\n\n\n\n<figure class=\"wp-block-image size-large\"><img loading=\"lazy\" decoding=\"async\" width=\"1024\" height=\"683\" src=\"https:\/\/guide.zero-carbon-skane.org\/wp-content\/uploads\/2022\/10\/porrarp_road_markings-1024x683.png\" alt=\"\" class=\"wp-image-340\" srcset=\"https:\/\/guide.zero-carbon-skane.org\/wp-content\/uploads\/2022\/10\/porrarp_road_markings-1024x683.png 1024w, https:\/\/guide.zero-carbon-skane.org\/wp-content\/uploads\/2022\/10\/porrarp_road_markings-300x200.png 300w, https:\/\/guide.zero-carbon-skane.org\/wp-content\/uploads\/2022\/10\/porrarp_road_markings-768x512.png 768w, https:\/\/guide.zero-carbon-skane.org\/wp-content\/uploads\/2022\/10\/porrarp_road_markings.png 1282w\" sizes=\"auto, (max-width: 1024px) 100vw, 1024px\" \/><\/figure>\n\n\n\n<p>Under \u00e5rens lopp har m\u00e5nga varit tvungna att s\u00e4tta sina flyktplaner i verket. Ironiskt nog hamnade m\u00e5nga preppers ganska n\u00e4ra varandra i en region strax norr om <a href=\"https:\/\/guide.zero-carbon-skane.org\/sv\/places\/central-heartlands\/hassleholm\/\" data-type=\"page\" data-id=\"55\">H\u00e4ssleholm<\/a>: Det visade sig att dessa inbitna individualister alla hade l\u00e4st samma forumtr\u00e5d p\u00e5 n\u00e4tet om \"Topp 10 \u00f6verlevnadsplatser i Sk\u00e5ne\". \u00c4ven om deras avsikt var att dra sig tillbaka till skogen, tvingade deras oplanerade n\u00e4rhet till varandra dem att skapa relationer: jaktlag, f\u00f6rbud mot kameror\/telefoner, protokoll f\u00f6r handel, ersatzvalutor osv. <\/p>\n\n\n\n<p>Eftersom slutet antogs vara n\u00e4ra var det f\u00e5 som brydde sig om att k\u00f6pa mark i omr\u00e5det, vilket inneb\u00e4r att dessa samh\u00e4llen har en ganska sp\u00e4nd relation till polisen. Det g\u00f6r inte saken b\u00e4ttre att det st\u00e4ndigt g\u00e5r rykten om olagliga anslutningar till eln\u00e4tet och st\u00f6lder fr\u00e5n n\u00e4rliggande butiker och apotek; i vilken utstr\u00e4ckning dessa samh\u00e4llen verkligen \u00e4r sj\u00e4lvf\u00f6rs\u00f6rjande \u00e4r en \u00f6ppen fr\u00e5ga, \u00e4ven om de kallar dessa historier f\u00f6r \"fake news\" (fr\u00e5ga din farfar). <\/p>\n\n\n\n<p>Om du \u00e4r nyfiken p\u00e5 vad en off-grid-livsstil kan inneb\u00e4ra kan du bes\u00f6ka den st\u00f6rre bos\u00e4ttningen som g\u00e5r under smeknamnet \"Porrarp Preppers Paradise\". Det \u00e4r ett av de mer l\u00e4ttillg\u00e4ngliga samh\u00e4llena - inga gev\u00e4r kommer att riktas mot dig n\u00e4r du anl\u00e4nder - men f\u00f6rv\u00e4nta dig inte g\u00e4stfrihet; du \u00e4r ansvarig f\u00f6r din egen \u00f6verlevnad i Porrarp. Den enda anledningen till att de sl\u00e4pper in folk \u00e4r den avgift du betalar vid grinden och, ah, ink\u00f6p av naturl\u00e4kemedel som de kan anta \u00e4r din fr\u00e4msta anledning till att komma. <\/p>\n\n\n\n<p>Du hittar instruktioner f\u00f6r hur du tar dig dit nedan, men t\u00e4nk p\u00e5 att gr\u00e4nsen, platsen och storleken p\u00e5 samh\u00e4llet \u00e4r flexibla, vilket g\u00f6r det sv\u00e5rt att hitta. Om du vill f\u00e5 uppskattning fr\u00e5n samh\u00e4llet och \u00e4r v\u00e4lsignad med utm\u00e4rkta jaktkunskaper ska du f\u00f6rs\u00f6ka sikta p\u00e5 r\u00e5djur och sorkar. Dessa anses vara trof\u00e9 eftersom de \u00e4r v\u00e4rddjur f\u00f6r borreliainfekterade f\u00e4stingar, som har blivit ett kritiskt h\u00e4lsoproblem sedan utvecklingen av resistenta bakterier 2030 ledde till restriktioner f\u00f6r antibiotika. Du kan bli en lokal hj\u00e4lte - eller \u00e5tminstone f\u00e5 din entr\u00e9avgift \u00e5terbetald!<\/p>\n\n\n\n<p>Av liknande sk\u00e4l \u00e4r vaccin mot den fruktade TBE s\u00e4rskilt v\u00e4rdefulla f\u00f6r byteshandel i detta omr\u00e5de, men det \u00e4r en riskabel aff\u00e4r, eftersom man aldrig vet om den potentiella k\u00f6paren hellre ser att man h\u00e4ngs ut som en agent f\u00f6r den nya v\u00e4rldsordningen. All handel med de lagl\u00f6sa inneb\u00e4r en viss risk, antingen fr\u00e5n deras sida eller fr\u00e5n lagens och ordningens styrkor utanf\u00f6r. Det f\u00f6rekommer ibland r\u00e4der mot l\u00e4gren, s\u00e5 om du h\u00f6r tre kraftiga tutningar fr\u00e5n en gammal biltuta i rad - spring!&nbsp;<\/p>\n\n\n\n<h4 class=\"wp-block-heading\"><em>Hur man tar sig dit (f\u00f6rmodligen)<\/em><\/h4>\n\n\n\n<p>Kliv av t\u00e5get i Vittsj\u00f6. B\u00f6rja g\u00e5 mot sydv\u00e4st; n\u00e4r du l\u00e4mnar staden kommer du att b\u00f6rja se svarta X inristade i tr\u00e4d l\u00e4ngs v\u00e4gen. F\u00f6lj dem och s\u00e5 sm\u00e5ningom kommer du till en gl\u00e4nta med f\u00f6rvaringsl\u00e5dor och en skylt med texten \"V\u00e4gens slut\". L\u00e4gg alla elektroniska apparater i en l\u00e5da och l\u00e4gg bes\u00f6ksavgiften i metallburken som h\u00e4nger fr\u00e5n skylten; du \u00e4r nu fri att g\u00e5 in i Porrarp Preppers Paradise! Du kan f\u00e5 tillbaka din telefon n\u00e4r du l\u00e4mnar platsen. <\/p>\n\n\n\n<p>Kanske det.<\/p>","protected":false},"excerpt":{"rendered":"<p>For many, the 2000s have so far been a series of civilization-almost-ended moments. Climate change, biodiversity loss, wars, pandemics&#8230; it\u2019s been a rough couple of decades, no doubt about it. The inhabitants of Sk\u00e5ne found many different ways of coping with the uncertainty. Some formed strong networks, made contingency plans with neighbours, and joined the [&hellip;]<\/p>\n","protected":false},"author":1,"featured_media":340,"parent":55,"menu_order":0,"comment_status":"closed","ping_status":"closed","template":"","meta":{"footnotes":""},"categories":[5],"tags":[],"class_list":["post-241","page","type-page","status-publish","has-post-thumbnail","hentry","category-sightseeing"],"jetpack_sharing_enabled":true,"_links":{"self":[{"href":"https:\/\/guide.zero-carbon-skane.org\/sv\/wp-json\/wp\/v2\/pages\/241","targetHints":{"allow":["GET"]}}],"collection":[{"href":"https:\/\/guide.zero-carbon-skane.org\/sv\/wp-json\/wp\/v2\/pages"}],"about":[{"href":"https:\/\/guide.zero-carbon-skane.org\/sv\/wp-json\/wp\/v2\/types\/page"}],"author":[{"embeddable":true,"href":"https:\/\/guide.zero-carbon-skane.org\/sv\/wp-json\/wp\/v2\/users\/1"}],"replies":[{"embeddable":true,"href":"https:\/\/guide.zero-carbon-skane.org\/sv\/wp-json\/wp\/v2\/comments?post=241"}],"version-history":[{"count":3,"href":"https:\/\/guide.zero-carbon-skane.org\/sv\/wp-json\/wp\/v2\/pages\/241\/revisions"}],"predecessor-version":[{"id":341,"href":"https:\/\/guide.zero-carbon-skane.org\/sv\/wp-json\/wp\/v2\/pages\/241\/revisions\/341"}],"up":[{"embeddable":true,"href":"https:\/\/guide.zero-carbon-skane.org\/sv\/wp-json\/wp\/v2\/pages\/55"}],"wp:featuredmedia":[{"embeddable":true,"href":"https:\/\/guide.zero-carbon-skane.org\/sv\/wp-json\/wp\/v2\/media\/340"}],"wp:attachment":[{"href":"https:\/\/guide.zero-carbon-skane.org\/sv\/wp-json\/wp\/v2\/media?parent=241"}],"wp:term":[{"taxonomy":"category","embeddable":true,"href":"https:\/\/guide.zero-carbon-skane.org\/sv\/wp-json\/wp\/v2\/categories?post=241"},{"taxonomy":"post_tag","embeddable":true,"href":"https:\/\/guide.zero-carbon-skane.org\/sv\/wp-json\/wp\/v2\/tags?post=241"}],"curies":[{"name":"wp","href":"https:\/\/api.w.org\/{rel}","templated":true}]}}