{"id":24,"date":"2022-08-16T10:31:52","date_gmt":"2022-08-16T10:31:52","guid":{"rendered":"https:\/\/guide.zero-carbon-skane.org\/index.php\/southwest-metropolitan-zone\/trelleborg\/"},"modified":"2023-01-10T12:32:12","modified_gmt":"2023-01-10T12:32:12","slug":"trelleborg","status":"publish","type":"page","link":"https:\/\/guide.zero-carbon-skane.org\/sv\/places\/southwest-metropolitan-zone\/trelleborg\/","title":{"rendered":"Trelleborg"},"content":{"rendered":"<p>Med en befolkning som n\u00e4rmar sig 40 000 i skrivande stund \u00e4r hamnstaden Trelleborg (den <em>centralort<\/em>, eller administrativt centrum, f\u00f6r <em>kommun<\/em> som b\u00e4r samma namn) r\u00e4knas som en stad enligt svensk lag - ett faktum som m\u00e5nga bes\u00f6kare fr\u00e5n utlandet (s\u00e4rskilt britter) verkar tycka \u00e4r j\u00e4ttekul. Trelleborg m\u00e5 vara litet, och dess inv\u00e5nare m\u00e5 inv\u00e4nda, men det \u00e4r perfekt format... och var annars i Sverige kan du hitta en rad med palmer l\u00e4ngs huvudgatan?<\/p>\n\n\n\n<figure class=\"wp-block-image size-large\"><img loading=\"lazy\" decoding=\"async\" width=\"768\" height=\"1024\" src=\"https:\/\/guide.zero-carbon-skane.org\/wp-content\/uploads\/2023\/01\/Trelleborg_Springbrunnen_und_Turm_2008-07-27-768x1024.jpg\" alt=\"\" class=\"wp-image-453\" srcset=\"https:\/\/guide.zero-carbon-skane.org\/wp-content\/uploads\/2023\/01\/Trelleborg_Springbrunnen_und_Turm_2008-07-27-768x1024.jpg 768w, https:\/\/guide.zero-carbon-skane.org\/wp-content\/uploads\/2023\/01\/Trelleborg_Springbrunnen_und_Turm_2008-07-27-225x300.jpg 225w, https:\/\/guide.zero-carbon-skane.org\/wp-content\/uploads\/2023\/01\/Trelleborg_Springbrunnen_und_Turm_2008-07-27.jpg 1024w\" sizes=\"auto, (max-width: 768px) 100vw, 768px\" \/><figcaption class=\"wp-element-caption\">Det gamla vattentornet, Trelleborg. Bild av Klugschnacker, CC BY-SA 3.0 <a href=\"https:\/\/creativecommons.org\/licenses\/by-sa\/3.0\">https:\/\/creativecommons.org\/licenses\/by-sa\/3.0<\/a>, via Wikimedia Commons<\/figcaption><\/figure>\n\n\n\n<p>Trelleborgs huvudindustri var en g\u00e5ng gummi och plast, men i takt med att dessa produkter har blivit mindre popul\u00e4ra har dess m\u00e5ng\u00e5riga roll som f\u00e4rjehamn (med regelbundna f\u00f6rbindelser till Tyskland, Polen och andra baltiska stater) kommit i f\u00f6rgrunden - \u00e4ven om det ibland h\u00e4vdas att denna lilla stad vid havet numera snarare \u00e4r en sovstad, befolkad av pension\u00e4rer som flyttat l\u00e4ngs j\u00e4rnv\u00e4gslinjen fr\u00e5n <a href=\"https:\/\/guide.zero-carbon-skane.org\/sv\/places\/southwest-metropolitan-zone\/greater-malmo\/\" data-type=\"page\" data-id=\"8\">Malm\u00f6<\/a> p\u00e5 jakt efter havsluft och lugna kv\u00e4llar utan fyrverkerier under 2020-talets panik och pandemier.<\/p>\n\n\n\n<p>Trelleborg saknar inte n\u00f6jen och f\u00f6rstr\u00f6elser: stadsmuseet \u00e4r en riktig h\u00f6jdare, den botaniska tr\u00e4dg\u00e5rden \u00e4r vacker och den reproducerade fortifikationen fr\u00e5n vikingatiden som gett staden dess namn bjuder ofta p\u00e5 teaterupptr\u00e4danden och show'n'tells om allt fr\u00e5n grundl\u00e4ggande smide till vikingatida vintage <em>Haute Cuisine<\/em>. Det finns ocks\u00e5 en \u00e5rlig festival med en stark musikalisk dimension; v\u00e4l v\u00e4rt att titta in om du \u00e4r i n\u00e4rheten vid den tiden.<\/p>","protected":false},"excerpt":{"rendered":"<p>With a population nearing 40,000 at time of writing, the port settlement of Trelleborg (the centralort, or administrative center, of the kommun that bears the same name) counts as a city in Swedish legal terms&#8212;a fact that many visitors from overseas (particularly the British) appear to find hilarious. Trelleborg may be small, its residents might [&hellip;]<\/p>\n","protected":false},"author":1,"featured_media":0,"parent":7,"menu_order":0,"comment_status":"closed","ping_status":"closed","template":"","meta":{"footnotes":""},"categories":[],"tags":[],"class_list":["post-24","page","type-page","status-publish","hentry"],"jetpack_sharing_enabled":true,"_links":{"self":[{"href":"https:\/\/guide.zero-carbon-skane.org\/sv\/wp-json\/wp\/v2\/pages\/24","targetHints":{"allow":["GET"]}}],"collection":[{"href":"https:\/\/guide.zero-carbon-skane.org\/sv\/wp-json\/wp\/v2\/pages"}],"about":[{"href":"https:\/\/guide.zero-carbon-skane.org\/sv\/wp-json\/wp\/v2\/types\/page"}],"author":[{"embeddable":true,"href":"https:\/\/guide.zero-carbon-skane.org\/sv\/wp-json\/wp\/v2\/users\/1"}],"replies":[{"embeddable":true,"href":"https:\/\/guide.zero-carbon-skane.org\/sv\/wp-json\/wp\/v2\/comments?post=24"}],"version-history":[{"count":1,"href":"https:\/\/guide.zero-carbon-skane.org\/sv\/wp-json\/wp\/v2\/pages\/24\/revisions"}],"predecessor-version":[{"id":454,"href":"https:\/\/guide.zero-carbon-skane.org\/sv\/wp-json\/wp\/v2\/pages\/24\/revisions\/454"}],"up":[{"embeddable":true,"href":"https:\/\/guide.zero-carbon-skane.org\/sv\/wp-json\/wp\/v2\/pages\/7"}],"wp:attachment":[{"href":"https:\/\/guide.zero-carbon-skane.org\/sv\/wp-json\/wp\/v2\/media?parent=24"}],"wp:term":[{"taxonomy":"category","embeddable":true,"href":"https:\/\/guide.zero-carbon-skane.org\/sv\/wp-json\/wp\/v2\/categories?post=24"},{"taxonomy":"post_tag","embeddable":true,"href":"https:\/\/guide.zero-carbon-skane.org\/sv\/wp-json\/wp\/v2\/tags?post=24"}],"curies":[{"name":"wp","href":"https:\/\/api.w.org\/{rel}","templated":true}]}}