{"id":239,"date":"2022-10-07T10:15:13","date_gmt":"2022-10-07T10:15:13","guid":{"rendered":"https:\/\/guide.zero-carbon-skane.org\/?page_id=239"},"modified":"2023-03-13T15:43:44","modified_gmt":"2023-03-13T15:43:44","slug":"famnen-urban-living-with-repurpose","status":"publish","type":"page","link":"https:\/\/guide.zero-carbon-skane.org\/sv\/places\/southwest-metropolitan-zone\/greater-malmo\/docklands\/famnen-urban-living-with-repurpose\/","title":{"rendered":"Famnen: urbant boende med (av)sikt"},"content":{"rendered":"<p>Den kloke resen\u00e4ren undviker on\u00f6diga utgifter - och \u00e4ven om det kanske inte finns n\u00e5got som heter en gratisresa, s\u00e5 finns i <a href=\"https:\/\/guide.zero-carbon-skane.org\/sv\/places\/southwest-metropolitan-zone\/greater-malmo\/\" data-type=\"page\" data-id=\"8\">Malm\u00f6<\/a>, det s\u00e5 kallade Famnen, d\u00e4r du \u00e5tminstone kan betala med din tid och ditt arbete i st\u00e4llet f\u00f6r med dina surt f\u00f6rv\u00e4rvade <em>kronor<\/em>.<\/p>\n\n\n\n<p>\u00c4ven om det inte \u00e4r en by i geografisk mening s\u00e5 har detta urbana ekodistrikt p\u00e5 m\u00e5nga s\u00e4tt blivit en sj\u00e4lvst\u00e4ndig enklav, separat och distinkt fr\u00e5n staden \u00e4ven om det bidrar till den. Bel\u00e4get i det som tidigare var Malm\u00f6s hamnkvarter (<a href=\"https:\/\/guide.zero-carbon-skane.org\/sv\/places\/southwest-metropolitan-zone\/greater-malmo\/docklands\/\" data-type=\"page\" data-id=\"10\">\u00d6stra Hamnen<\/a>) p\u00e5 2010- och 20-talen, best\u00e5r Famnen av en upps\u00e4ttning tidigare industrikomplex som \u00e5teranv\u00e4ndes efter en kraftig nedg\u00e5ng i den internationella handeln. Namnet valdes f\u00f6r att representera id\u00e9n om byn som ett samh\u00e4lle som k\u00e4nnetecknas av omsorg om medm\u00e4nniskor och icke-m\u00e4nniskor, men ocks\u00e5 f\u00f6r att str\u00e4va efter att leva inom slutna kretslopp. <\/p>\n\n\n\n<p>N\u00e4r kommunens f\u00f6rs\u00f6k att regenerera \u00d6stra Hamnen misslyckades under 2020-talet sj\u00f6nk s\u00e5 sm\u00e5ningom v\u00e4rdet p\u00e5 marken. En del av detta territorium gavs d\u00e4refter till Famnen - n\u00e5gra av grundarna hade redan ockuperat marken under en l\u00e4ngre tid - p\u00e5 villkor att samh\u00e4llet skulle bidra till stadens ekonomi med \u00f6verskottsenergi, koldioxidnegativa kommersiella aktiviteter, industriell \u00e5tervinning (t.ex. skeppsbrott och sanering av gamla oljetankar) och urban gruvdrift. Detta var mindre nytt \u00e4n det kan verka, med tanke p\u00e5 sammanhanget: hamnomr\u00e5det hade l\u00e4nge varit en plats f\u00f6r \u00e5tervinning, om \u00e4n i de grova former som det tog sig under de f\u00f6rsta \u00e5rtiondena av 2000-talet. Denna historia - och arvet av gammalt material som l\u00e4mnats kvar p\u00e5 platsen - gjorde det till en s\u00e4rskilt l\u00e4mplig plats f\u00f6r Famnen-grundarna, som d\u00e5 som nu endast bygger med \u00e5teranv\u00e4nda material. <\/p>\n\n\n\n<p>Famnens kustn\u00e4ra l\u00e4ge \u00e4r en blandad v\u00e4lsignelse. P\u00e5 den positiva sidan g\u00f6r havstr\u00e4dg\u00e5rdarna och vindkraftsparken att \"byn\" kan vara mer \u00e4n sj\u00e4lvf\u00f6rs\u00f6rjande och byta livsmedel och energi mot de samh\u00e4llstj\u00e4nster (t.ex. vatten, sjukv\u00e5rd) som de inte kan tillhandah\u00e5lla sj\u00e4lva. P\u00e5 minussidan \u00e4r den stadigt stigande havsniv\u00e5n ett hot. Till skillnad fr\u00e5n m\u00e5nga andra strandvallar som byggts runt om i staden v\u00e4grade Famnen att n\u00f6ja sig med n\u00e5got mindre \u00e4n en naturbaserad l\u00f6sning, och deras \u00e5lgr\u00e4sfront - som best\u00e5r av sten- och betongbitar som valts f\u00f6r sin oregelbundenhet, f\u00f6r att ge f\u00f6rankring \u00e5t \u00e5lgr\u00e4set och habitat f\u00f6r annan flora och fauna - \u00e4r n\u00e5got av ett evighetsprojekt. <\/p>\n\n\n\n<p>Att bo p\u00e5 Famnen \u00e4r billigt, men det inneb\u00e4r stora f\u00f6rpliktelser. Alla inv\u00e5nare f\u00f6rv\u00e4ntas delta i en av de olika kommitt\u00e9ernas \"cirklar\" som \u00e4gnar sig \u00e5t olika former av omsorg, s\u00e5som h\u00e4lsa (f\u00f6r \u00e4ldre, barn och sjuka), sanitet och bevarande (underh\u00e5ll av vindkraftverk, metallbrytning, upprustning av utrymmen). Dessutom \u00e4r det obligatoriskt att delta i de m\u00e5natliga f\u00f6rsamlingarna, som kr\u00e4ver att 95% av de r\u00f6stber\u00e4ttigade inv\u00e5narna \u00e4r n\u00e4rvarande f\u00f6r att validera beslut. Trots denna hyperdemokratiska karakt\u00e4r \u00e4r vissa metoder och regler inte f\u00f6rhandlingsbara och regleras av samh\u00e4llets konstitution, till exempel en rogor\u00f6s koldioxidbudget och f\u00f6rbudet mot ny energiproduktion. Under grundningsperioden i slutet av 20-talet k\u00e4mpade detta ganska of\u00f6rl\u00e5tande system f\u00f6r att locka nya inv\u00e5nare, eftersom det kr\u00e4vde ett ganska flexibelt arbetsschema. Inf\u00f6randet av medborgarl\u00f6n 20xx (och andra viktiga syssels\u00e4ttningsreformer) var d\u00e4rf\u00f6r en \u00e4nnu st\u00f6rre v\u00e4lsignelse f\u00f6r Famnen \u00e4n f\u00f6r m\u00e5nga andra stadsdelar, och det \u00e4r en av de f\u00e5 stadsdelar i Malm\u00f6 som faktiskt har sett en liten men stadig befolkningstillv\u00e4xt.<\/p>\n\n\n\n<p>Famnen \u00e4r v\u00e4lk\u00e4nt och v\u00e4lrespekterat, om \u00e4n n\u00e5got motvilligt p\u00e5 vissa h\u00e5ll, men dess arkitektoniska estetik bidrar till att s\u00e4kerst\u00e4lla dess best\u00e5ende nischtilltal. Eftersom alla bost\u00e4der uteslutande tillverkas av \u00e5teranv\u00e4nda material kan ett \"hus\" ha b\u00f6rjat sitt liv som en eller flera gamla fraktcontainrar, en ombyggd fabrik eller lagerlokal, eller till och med en f\u00f6re detta oljetank. De gemensamma utrymmena - utrustade med sm\u00e5skaliga insektsodlingar, torra tv\u00e4ttmaskiner och jordk\u00e4llare\/kylsk\u00e5p - \u00e4r noggrant utformade f\u00f6r att uppfylla de mycket strikta energi- och koldioxidbudgetarna. Trots vad kritikerna beskriver som en regelkultur som f\u00e5r den svenska normen att se libertariansk ut i j\u00e4mf\u00f6relse, finns det mycket utrymme f\u00f6r individuella uttryck, och konstn\u00e4rer av ett eller annat slag \u00e4r starkt representerade i Famnens demografi. De som \u00e4r mindre intresserade av det spartanska boendet bes\u00f6ker \u00e4nd\u00e5 Famnen f\u00f6r att se konsten, eller f\u00f6r att g\u00e5 p\u00e5 konserter och f\u00f6rest\u00e4llningar av olika slag. S\u00e4rskilt anm\u00e4rkningsv\u00e4rda \u00e4r de gobel\u00e4nger som h\u00e4nger p\u00e5 m\u00e5nga innerv\u00e4ggar, gjorda av medlemmar i den andra v\u00e5gen av japanska flyktingar fr\u00e5n katastrofen i k\u00e4rnkraftverket Takahama \u00e5r 2035.<\/p>\n\n\n\n<p>(Precis som i Christiania, den \u00f6k\u00e4nda stadsdelen i K\u00f6penhamn, finns det andra sk\u00e4l att bes\u00f6ka Famnen, som vi av juridiska sk\u00e4l inte kommer att diskutera h\u00e4r - f\u00f6rutom att notera att det som kan g\u00f6ras inom gemenskapen inte alltid \u00e4r acceptabelt eller lagligt utanf\u00f6r den!)<\/p>\n\n\n\n<p>Efter rundturen kommer du att tilldelas en av bidragscirklarna, beroende p\u00e5 dina erfarenheter och meriter. Om du har tur f\u00e5r du n\u00e5gra av de mer sp\u00e4nnande uppgifterna som att sk\u00f6ta den gemensamma havstr\u00e4dg\u00e5rden, hj\u00e4lpa det lokala \u00e5lgr\u00e4sodlingsgillet eller utf\u00f6ra underh\u00e5llsarbete i den havsbaserade vindkraftsparken (f\u00f6rutsatt att du inte lider av sj\u00f6sjuka). Andra kommer att reng\u00f6ra ostronbord, skrubba oljetankar eller \u00e5tervinna metaller, plast och elektroniska komponenter i den urbana gruvanl\u00e4ggningen. Om du \u00e4r extrovert kan du r\u00e4kna med att f\u00e5 jobba i de olika bytesaff\u00e4rerna i n\u00e4rheten av f\u00e4rjeterminalen. <\/p>\n\n\n\n<p>Matalternativen \u00e4r m\u00e5nga och mycket specifika f\u00f6r platsen. Rough Planet-teamet rekommenderar Famnen Bouillabaisse - mycket godare \u00e4n den lokalt producerade insektsburgaren, om du fr\u00e5gar oss.<\/p>\n\n\n\n<h4 class=\"wp-block-heading\">Information om bes\u00f6ket<\/h4>\n\n\n\n<ul class=\"wp-block-list\">\n<li>Rundturerna p\u00e5g\u00e5r i \u00f6ver 4 timmar, men det g\u00f6r \u00e4ven din arbetsinsats, s\u00e5 du m\u00e5ste planera f\u00f6r en hel dag h\u00e4r. Du kan f\u00f6rl\u00e4nga din vistelse h\u00e4r \u00f6ver natten, med n\u00e5gra timmars extra arbete - men \u00f6vernattningsrum \u00e4r knappa, s\u00e5 boka i f\u00f6rv\u00e4g!&nbsp;<\/li>\n\n\n\n<li>Om du inte \u00e4r bokad f\u00f6r en ceremoni kan du se havskapellet, d\u00e4r begravningar och (mycket kontrollerad och strikt reglerad) askspridning \u00e4ger rum - en v\u00e4rdefull tj\u00e4nst som Famnen tillhandah\u00e5ller till staden utanf\u00f6r. Om kyrkog\u00e5rdsarkitektur \u00e4r din grej finns det ocks\u00e5 en begravningsplats f\u00f6r olika arter som byggts f\u00f6r att hedra den biologiska m\u00e5ngfalden.&nbsp;<\/li>\n\n\n\n<li>Det finns strikta regler f\u00f6r vad du f\u00e5r ta med dig in p\u00e5 omr\u00e5det och du kommer att kontrolleras innan du g\u00e5r in. Listan \u00e4r l\u00e5ng, men alla typer av avfall och elektronik som har genomg\u00e5tt intensiv gruvdrift \u00e4r str\u00e4ngt f\u00f6rbjudna och kommer att konfiskeras. S\u00e5 kom ih\u00e5g att l\u00e4mna dina f\u00f6r\u00e5ldrade laddare och prylar hemma... om du inte vill g\u00f6ra dig av med dem permanent, f\u00f6rst\u00e5s.<\/li>\n<\/ul>","protected":false},"excerpt":{"rendered":"<p>\u00c4ven om det inte \u00e4r en by i geografisk mening har detta urbana ekodistrikt p\u00e5 m\u00e5nga s\u00e4tt blivit en sj\u00e4lvst\u00e4ndig enklav, separat och skild fr\u00e5n staden \u00e4ven om den bidrar till den.<\/p>","protected":false},"author":1,"featured_media":819,"parent":10,"menu_order":0,"comment_status":"closed","ping_status":"closed","template":"","meta":{"footnotes":""},"categories":[5],"tags":[],"class_list":["post-239","page","type-page","status-publish","has-post-thumbnail","hentry","category-sightseeing"],"jetpack_sharing_enabled":true,"_links":{"self":[{"href":"https:\/\/guide.zero-carbon-skane.org\/sv\/wp-json\/wp\/v2\/pages\/239","targetHints":{"allow":["GET"]}}],"collection":[{"href":"https:\/\/guide.zero-carbon-skane.org\/sv\/wp-json\/wp\/v2\/pages"}],"about":[{"href":"https:\/\/guide.zero-carbon-skane.org\/sv\/wp-json\/wp\/v2\/types\/page"}],"author":[{"embeddable":true,"href":"https:\/\/guide.zero-carbon-skane.org\/sv\/wp-json\/wp\/v2\/users\/1"}],"replies":[{"embeddable":true,"href":"https:\/\/guide.zero-carbon-skane.org\/sv\/wp-json\/wp\/v2\/comments?post=239"}],"version-history":[{"count":4,"href":"https:\/\/guide.zero-carbon-skane.org\/sv\/wp-json\/wp\/v2\/pages\/239\/revisions"}],"predecessor-version":[{"id":824,"href":"https:\/\/guide.zero-carbon-skane.org\/sv\/wp-json\/wp\/v2\/pages\/239\/revisions\/824"}],"up":[{"embeddable":true,"href":"https:\/\/guide.zero-carbon-skane.org\/sv\/wp-json\/wp\/v2\/pages\/10"}],"wp:featuredmedia":[{"embeddable":true,"href":"https:\/\/guide.zero-carbon-skane.org\/sv\/wp-json\/wp\/v2\/media\/819"}],"wp:attachment":[{"href":"https:\/\/guide.zero-carbon-skane.org\/sv\/wp-json\/wp\/v2\/media?parent=239"}],"wp:term":[{"taxonomy":"category","embeddable":true,"href":"https:\/\/guide.zero-carbon-skane.org\/sv\/wp-json\/wp\/v2\/categories?post=239"},{"taxonomy":"post_tag","embeddable":true,"href":"https:\/\/guide.zero-carbon-skane.org\/sv\/wp-json\/wp\/v2\/tags?post=239"}],"curies":[{"name":"wp","href":"https:\/\/api.w.org\/{rel}","templated":true}]}}