{"id":235,"date":"2022-10-07T09:23:43","date_gmt":"2022-10-07T09:23:43","guid":{"rendered":"https:\/\/guide.zero-carbon-skane.org\/?page_id=235"},"modified":"2022-10-31T13:20:56","modified_gmt":"2022-10-31T13:20:56","slug":"orkeltopia-eco-village","status":"publish","type":"page","link":"https:\/\/guide.zero-carbon-skane.org\/sv\/places\/northwest\/orkelljunga\/orkeltopia-eco-village\/","title":{"rendered":"\u00d6rkeltopia ekoby"},"content":{"rendered":"<p>\u00c4r du en tr\u00e4dkramare? D\u00e5 \u00e4r \u00d6rkeltopia platsen f\u00f6r dig! Bel\u00e4get i en skog strax utanf\u00f6r <a href=\"https:\/\/guide.zero-carbon-skane.org\/sv\/places\/northwest\/orkelljunga\/\" data-type=\"URL\" data-id=\"https:\/\/guide.zero-carbon-skane.org\/places\/northwest\/orkelljunga\/\">\u00d6rkelljunga<\/a>bor de i tr\u00e4dkojor p\u00e5 olika h\u00f6jder som \u00e4r utspridda i skogen.\u00a0<\/p>\n\n\n\n<figure class=\"wp-block-image size-full\"><img loading=\"lazy\" decoding=\"async\" width=\"800\" height=\"593\" src=\"https:\/\/guide.zero-carbon-skane.org\/wp-content\/uploads\/2022\/10\/Continuous_Cover_Forestry_in_the_Lake_District_Cumbria_England.jpeg\" alt=\"\" class=\"wp-image-342\" srcset=\"https:\/\/guide.zero-carbon-skane.org\/wp-content\/uploads\/2022\/10\/Continuous_Cover_Forestry_in_the_Lake_District_Cumbria_England.jpeg 800w, https:\/\/guide.zero-carbon-skane.org\/wp-content\/uploads\/2022\/10\/Continuous_Cover_Forestry_in_the_Lake_District_Cumbria_England-300x222.jpeg 300w, https:\/\/guide.zero-carbon-skane.org\/wp-content\/uploads\/2022\/10\/Continuous_Cover_Forestry_in_the_Lake_District_Cumbria_England-768x569.jpeg 768w\" sizes=\"auto, (max-width: 800px) 100vw, 800px\" \/><figcaption>N\u00e5gra tr\u00e4d, nyligen <a href=\"https:\/\/commons.wikimedia.org\/wiki\/File:Continuous_Cover_Forestry_in_the_Lake_District,_Cumbria,_England.jpeg\">WikiForester<\/a>, <a href=\"https:\/\/creativecommons.org\/licenses\/by-sa\/4.0\">CC BY-SA 4.0<\/a>, via Wikimedia Commons<\/figcaption><\/figure>\n\n\n\n<p>\u00d6rkeltopia bildades som en reaktion p\u00e5 det moderna skogsbruket. Grundargruppen bestod av biologer, aktivister och f\u00f6re detta skogsbrukare som tr\u00e4ffades n\u00e4r de indexerade s\u00e4llsynta arter i skogar som var p\u00e5 v\u00e4g att kalavverkas. Frustrationen var stor och gruppen ans\u00e5g att stora monokulturer av gran och tall inte var \u00f6nskv\u00e4rda ur ekologisk, ekonomisk och estetisk synvinkel. De ville ha gamla tr\u00e4d med karakt\u00e4r! F\u00f6r att visa upp alternativa skogsbruksmetoder k\u00f6pte de gemensamt en granplantering som snart skulle avverkas och b\u00f6rjade driva den enligt en kontinuerlig skogsbruksmodell.<\/p>\n\n\n\n<p>Sedan starten f\u00f6r tjugo \u00e5r sedan har delar av skogen \u00e5terfuktats f\u00f6r att \u00f6ka kolbindningen och skapa livsmilj\u00f6er, en del av granarna har avverkats f\u00f6r att bygga bost\u00e4der och sl\u00e4ppa in ljus genom tr\u00e4den s\u00e5 att undervegetation kan v\u00e4xa och inhemska l\u00f6vtr\u00e4d kan \u00e5terintroduceras. \u00c5r 2041 mottog \u00d6rkeltopia Forest Care Award fr\u00e5n Lunds universitet och SLU Alnarp f\u00f6r sina insatser f\u00f6r att stoppa spridningen av den europeiska granbarkborren i omr\u00e5det. Den \u00e5terfuktade marken, m\u00e5ngfalden av tr\u00e4dslag och den varierade \u00e5ldern gjorde skogen mindre mottaglig f\u00f6r skalbaggen. Man har ocks\u00e5 anstr\u00e4ngt sig f\u00f6r att gynna skalbaggens fiender: hackspetten, skalbaggarna och parasitsteklarna. Det kommer att ta m\u00e5nga \u00e5r innan alla sk\u00e5nska skogsekosystem \u00e4r helt \u00e5terst\u00e4llda, men under tiden verkar inv\u00e5narna i \u00d6rkeltopia n\u00f6jda med sina liv i skogen.&nbsp;<\/p>\n\n\n\n<p>Utvecklingen av bos\u00e4ttningen har varit l\u00e5ngsam men stadig. \u00d6rkeltopia ville vara annorlunda, inte bara i vad man g\u00f6r, utan ocks\u00e5 i hur man fattar beslut. Med hj\u00e4lp av kurser i sociokrati vid det n\u00e4rliggande <em>Folkh\u00f6gskola<\/em>Alla viktiga beslut fattas med samtycke, vilket inneb\u00e4r att de bara g\u00e5r igenom om ingen \u00e4r helt emot dem. <\/p>\n\n\n\n<p>Bes\u00f6kare \u00e4r v\u00e4lkomna, och varje vecka anordnas turer i skogarna - men se till att avs\u00e4tta en hel dag, eftersom de har sv\u00e5rt att h\u00e5lla tiderna. Om du k\u00e4nner dig hemma i \u00d6rkeltopia finns det en medlemskapsprocess... men varning, den \u00e4r ganska l\u00e5ng och kr\u00e4ver att du tr\u00e4ffar alla inv\u00e5nare s\u00e5 att de kan r\u00f6sta om du ska f\u00e5 bli en del av samh\u00e4llet.&nbsp;<\/p>","protected":false},"excerpt":{"rendered":"<p>Are you a tree-hugger? Then \u00d6rkeltopia is the place for you! Located in a forest just outside \u00d6rkelljunga, the community lives in treehouses at varying heights dispersed throughout the woods.\u00a0 \u00d6rkeltopia formed as a reaction to modern forestry practices. The founding group consisted of biologists, activists, and ex-foresters who met while indexing rare species in [&hellip;]<\/p>\n","protected":false},"author":1,"featured_media":342,"parent":163,"menu_order":0,"comment_status":"closed","ping_status":"closed","template":"","meta":{"footnotes":""},"categories":[5],"tags":[],"class_list":["post-235","page","type-page","status-publish","has-post-thumbnail","hentry","category-sightseeing"],"jetpack_sharing_enabled":true,"_links":{"self":[{"href":"https:\/\/guide.zero-carbon-skane.org\/sv\/wp-json\/wp\/v2\/pages\/235","targetHints":{"allow":["GET"]}}],"collection":[{"href":"https:\/\/guide.zero-carbon-skane.org\/sv\/wp-json\/wp\/v2\/pages"}],"about":[{"href":"https:\/\/guide.zero-carbon-skane.org\/sv\/wp-json\/wp\/v2\/types\/page"}],"author":[{"embeddable":true,"href":"https:\/\/guide.zero-carbon-skane.org\/sv\/wp-json\/wp\/v2\/users\/1"}],"replies":[{"embeddable":true,"href":"https:\/\/guide.zero-carbon-skane.org\/sv\/wp-json\/wp\/v2\/comments?post=235"}],"version-history":[{"count":2,"href":"https:\/\/guide.zero-carbon-skane.org\/sv\/wp-json\/wp\/v2\/pages\/235\/revisions"}],"predecessor-version":[{"id":343,"href":"https:\/\/guide.zero-carbon-skane.org\/sv\/wp-json\/wp\/v2\/pages\/235\/revisions\/343"}],"up":[{"embeddable":true,"href":"https:\/\/guide.zero-carbon-skane.org\/sv\/wp-json\/wp\/v2\/pages\/163"}],"wp:featuredmedia":[{"embeddable":true,"href":"https:\/\/guide.zero-carbon-skane.org\/sv\/wp-json\/wp\/v2\/media\/342"}],"wp:attachment":[{"href":"https:\/\/guide.zero-carbon-skane.org\/sv\/wp-json\/wp\/v2\/media?parent=235"}],"wp:term":[{"taxonomy":"category","embeddable":true,"href":"https:\/\/guide.zero-carbon-skane.org\/sv\/wp-json\/wp\/v2\/categories?post=235"},{"taxonomy":"post_tag","embeddable":true,"href":"https:\/\/guide.zero-carbon-skane.org\/sv\/wp-json\/wp\/v2\/tags?post=235"}],"curies":[{"name":"wp","href":"https:\/\/api.w.org\/{rel}","templated":true}]}}