{"id":231,"date":"2022-10-06T14:21:28","date_gmt":"2022-10-06T14:21:28","guid":{"rendered":"https:\/\/guide.zero-carbon-skane.org\/?page_id=231"},"modified":"2023-03-21T12:50:27","modified_gmt":"2023-03-21T12:50:27","slug":"a-dome-with-a-view-domestayin","status":"publish","type":"page","link":"https:\/\/guide.zero-carbon-skane.org\/sv\/places\/northwest\/helsingborg\/domsten\/a-dome-with-a-view-domestayin\/","title":{"rendered":"Alla v\u00e4gar leder till Dome: DomeStayIns geodesi vid stranden"},"content":{"rendered":"<p>Fyrkantiga byggnader \u00e4r s\u00e5 1900-tal! P\u00e5 v\u00e4stkusten har geodetiska kupoler f\u00f6r\u00e4ndrat st\u00e4dernas utseende f\u00f6r alltid - och ingenstans har de blivit en s\u00e5 integrerad del av den lokala kulturen som i <a href=\"https:\/\/guide.zero-carbon-skane.org\/sv\/places\/northwest\/helsingborg-plus-satellite-towns\/domsten\/\" data-type=\"page\" data-id=\"229\">staden Domsten<\/a> d\u00e4r det officiella mottot (i enlighet med den svenska traditionen av t\u00f6ntiga slogans) \u00e4r \"<em>En dom e inte dom den<\/em>\" (det m\u00e5ste uttalas p\u00e5 ett <em>sk\u00e5nsk<\/em> accent f\u00f6r att sk\u00e4mtet ska fungera korrekt).<\/p>\n\n\n\n<figure class=\"wp-block-image size-large\"><img loading=\"lazy\" decoding=\"async\" width=\"1024\" height=\"768\" src=\"https:\/\/guide.zero-carbon-skane.org\/wp-content\/uploads\/2022\/10\/DomeStayIn_oneofthefirsthouses-1024x768.png\" alt=\"\" class=\"wp-image-327\" srcset=\"https:\/\/guide.zero-carbon-skane.org\/wp-content\/uploads\/2022\/10\/DomeStayIn_oneofthefirsthouses-1024x768.png 1024w, https:\/\/guide.zero-carbon-skane.org\/wp-content\/uploads\/2022\/10\/DomeStayIn_oneofthefirsthouses-300x225.png 300w, https:\/\/guide.zero-carbon-skane.org\/wp-content\/uploads\/2022\/10\/DomeStayIn_oneofthefirsthouses-768x576.png 768w, https:\/\/guide.zero-carbon-skane.org\/wp-content\/uploads\/2022\/10\/DomeStayIn_oneofthefirsthouses-1536x1152.png 1536w, https:\/\/guide.zero-carbon-skane.org\/wp-content\/uploads\/2022\/10\/DomeStayIn_oneofthefirsthouses.png 1920w\" sizes=\"auto, (max-width: 1024px) 100vw, 1024px\" \/><figcaption class=\"wp-element-caption\">En av de tidigare (och tunnare) bost\u00e4derna p\u00e5 DomeStayIn<\/figcaption><\/figure>\n\n\n\n<p>Kupoler \u00e4r naturligtvis inget nytt arkitektoniskt fenomen: de har anv\u00e4nts i religi\u00f6sa byggnader i \u00e5rhundraden p\u00e5 grund av sin akustik och estetik, och de genomgick en modefas i mitten av 1900-talet (fr\u00e5ga dina mor- och farf\u00f6r\u00e4ldrar). Den senaste trenden med kupoler beror dock mer p\u00e5 deras ekologiska och ekonomiska egenskaper \u00e4n p\u00e5 deras utseende: kupolformen kr\u00e4ver mindre material att bygga \u00e4n en kvadratisk byggnad, samtidigt som den minskar den luftvolym som beh\u00f6ver v\u00e4rmas upp eller kylas. Tack vare de f\u00f6rdelade fogarna och vissa strukturella knep som har utvecklats av de olika milit\u00e4rer som har anv\u00e4nt kupoler f\u00f6r att inhysa radaranl\u00e4ggningar, \u00e4r de ocks\u00e5 mycket bra vindskydd - vilket har visat sig vara avg\u00f6rande under de senaste decenniernas stora stormar, men kommer att vara lika v\u00e4lkommet f\u00f6r alla som inte \u00e4r vana vid den n\u00e5got byiga luften p\u00e5 <em>v\u00e4stkusten<\/em>.<\/p>\n\n\n\n<p>F\u00f6r den som vill uppleva en riktig kupol \u00e4r DomeStayIn helt r\u00e4tt st\u00e4lle. N\u00e4r du n\u00e4rmar dig staden Domsten p\u00e5 cykelv\u00e4gen l\u00e4ngs kusten ser du sm\u00e5 kupoler utspridda i tallskogen precis vid stranden. Domerna varierar i storlek: vissa \u00e4r i princip sm\u00e5 hus f\u00f6r familjer, komplett med egen skogstr\u00e4dg\u00e5rd, medan det f\u00f6r de budgetmedvetna ocks\u00e5 finns 10 kvadratmeter stora kupoler som inneh\u00e5ller en stor s\u00e4ng, ett kompost-toalettutrymme och inte mycket annat. H\u00f6jdpunkten \u00e4r den stora panoramasektionen som vetter mot havet. Vilken utsikt att vakna upp till!&nbsp;<\/p>","protected":false},"excerpt":{"rendered":"<p>N\u00e4r du n\u00e4rmar dig staden Domsten p\u00e5 kustcykelv\u00e4gen ser du sm\u00e5 kupoler som ligger utspridda i tallskogen precis vid stranden...<\/p>","protected":false},"author":1,"featured_media":327,"parent":229,"menu_order":0,"comment_status":"closed","ping_status":"closed","template":"","meta":{"footnotes":""},"categories":[7],"tags":[],"class_list":["post-231","page","type-page","status-publish","has-post-thumbnail","hentry","category-hotels"],"jetpack_sharing_enabled":true,"_links":{"self":[{"href":"https:\/\/guide.zero-carbon-skane.org\/sv\/wp-json\/wp\/v2\/pages\/231","targetHints":{"allow":["GET"]}}],"collection":[{"href":"https:\/\/guide.zero-carbon-skane.org\/sv\/wp-json\/wp\/v2\/pages"}],"about":[{"href":"https:\/\/guide.zero-carbon-skane.org\/sv\/wp-json\/wp\/v2\/types\/page"}],"author":[{"embeddable":true,"href":"https:\/\/guide.zero-carbon-skane.org\/sv\/wp-json\/wp\/v2\/users\/1"}],"replies":[{"embeddable":true,"href":"https:\/\/guide.zero-carbon-skane.org\/sv\/wp-json\/wp\/v2\/comments?post=231"}],"version-history":[{"count":3,"href":"https:\/\/guide.zero-carbon-skane.org\/sv\/wp-json\/wp\/v2\/pages\/231\/revisions"}],"predecessor-version":[{"id":897,"href":"https:\/\/guide.zero-carbon-skane.org\/sv\/wp-json\/wp\/v2\/pages\/231\/revisions\/897"}],"up":[{"embeddable":true,"href":"https:\/\/guide.zero-carbon-skane.org\/sv\/wp-json\/wp\/v2\/pages\/229"}],"wp:featuredmedia":[{"embeddable":true,"href":"https:\/\/guide.zero-carbon-skane.org\/sv\/wp-json\/wp\/v2\/media\/327"}],"wp:attachment":[{"href":"https:\/\/guide.zero-carbon-skane.org\/sv\/wp-json\/wp\/v2\/media?parent=231"}],"wp:term":[{"taxonomy":"category","embeddable":true,"href":"https:\/\/guide.zero-carbon-skane.org\/sv\/wp-json\/wp\/v2\/categories?post=231"},{"taxonomy":"post_tag","embeddable":true,"href":"https:\/\/guide.zero-carbon-skane.org\/sv\/wp-json\/wp\/v2\/tags?post=231"}],"curies":[{"name":"wp","href":"https:\/\/api.w.org\/{rel}","templated":true}]}}