{"id":23,"date":"2022-08-16T10:31:51","date_gmt":"2022-08-16T10:31:51","guid":{"rendered":"https:\/\/guide.zero-carbon-skane.org\/index.php\/southwest-metropolitan-zone\/lund\/dalby-plus-eastern-villages\/"},"modified":"2023-03-09T10:01:26","modified_gmt":"2023-03-09T10:01:26","slug":"dalby-plus-eastern-villages","status":"publish","type":"page","link":"https:\/\/guide.zero-carbon-skane.org\/sv\/places\/southwest-metropolitan-zone\/lund\/dalby-plus-eastern-villages\/","title":{"rendered":"De \u00f6stra byarna"},"content":{"rendered":"<p><a href=\"https:\/\/guide.zero-carbon-skane.org\/sv\/places\/southwest-metropolitan-zone\/lund\/\" data-type=\"page\" data-id=\"18\">Lund <em>kommun<\/em><\/a> n\u00e5r en bra bit \u00f6ster om sj\u00e4lva universitetsstaden, och str\u00e4cker sig \u00e4ven s\u00f6derut - som om den v\u00e4jer f\u00f6r att undvika <a href=\"https:\/\/guide.zero-carbon-skane.org\/sv\/places\/southwest-metropolitan-zone\/staffanstorp\/\" data-type=\"page\" data-id=\"26\">Staffanstorp<\/a>, skulle man kunna s\u00e4ga - f\u00f6r att omsluta Genarp och det magiska naturreservatet Hackeberga. Sk\u00e5ne har alltid haft Sveriges b\u00e4sta jordbruksmark (vilket \u00e4r en anledning till att svenskarna och danskarna k\u00e4mpade s\u00e5 l\u00e4nge och h\u00e5rt om vem som skulle f\u00e5 beh\u00e5lla den) men dessa frodiga sl\u00e4tter \u00e4r bland gr\u00e4ddan av sk\u00f6rden, och fulla av vackra platser att bes\u00f6ka.<\/p>\n\n\n\n<p>Om du letar efter en bas att utg\u00e5 ifr\u00e5n f\u00f6r att utforska under en dag eller tv\u00e5 s\u00e5 \u00e4r <a href=\"https:\/\/guide.zero-carbon-skane.org\/sv\/places\/southwest-metropolitan-zone\/lund\/dalby-plus-eastern-villages\/dalby\/\" data-type=\"page\" data-id=\"139\">Dalby<\/a> och <a href=\"https:\/\/guide.zero-carbon-skane.org\/sv\/places\/southwest-metropolitan-zone\/lund\/dalby-plus-eastern-villages\/sodra-sandby\/\" data-type=\"page\" data-id=\"141\">S\u00f6dra Sandby<\/a> en bra satsning, medan <a href=\"https:\/\/guide.zero-carbon-skane.org\/sv\/places\/southwest-metropolitan-zone\/lund\/dalby-plus-eastern-villages\/torna-hallestad\/\" data-type=\"page\" data-id=\"143\">Torna H\u00e4llestad<\/a> \u00e4r en stor succ\u00e9 bland entusiaster av sj\u00e4lvstyrande samh\u00e4llen, staden lockar dessutom hungriga f\u00f6rbipasserande till matsalen i anslutning till <a href=\"https:\/\/guide.zero-carbon-skane.org\/sv\/activities\/eating-drinking\/lanthandlar-a-revolution-in-rural-retail\/\" data-type=\"page\" data-id=\"275\">dess ber\u00f6mda <em>lanthandel<\/em><\/a>. <\/p>\n\n\n\n<p>Ju l\u00e4ngre \u00f6sterut du \u00e5ker, desto mer finns det att se... men vid det laget befinner du dig i <a href=\"https:\/\/guide.zero-carbon-skane.org\/sv\/places\/southeast-the-slow-coast\/vombsjosanken-biosphere\/\" data-type=\"page\" data-id=\"48\">biosf\u00e4romr\u00e5det Vombsj\u00f6s\u00e4nken<\/a>, som f\u00f6rtj\u00e4nar ett helt eget avsnitt i denna guide.<\/p>","protected":false},"excerpt":{"rendered":"<p>Sk\u00e5ne har alltid haft Sveriges b\u00e4sta jordbruksmark (vilket \u00e4r en av anledningarna till att svenskarna och danskarna k\u00e4mpade s\u00e5 l\u00e4nge och h\u00e5rt om vem som skulle f\u00e5 beh\u00e5lla den).<\/p>","protected":false},"author":1,"featured_media":774,"parent":18,"menu_order":0,"comment_status":"closed","ping_status":"closed","template":"","meta":{"footnotes":""},"categories":[],"tags":[],"class_list":["post-23","page","type-page","status-publish","has-post-thumbnail","hentry"],"jetpack_sharing_enabled":true,"_links":{"self":[{"href":"https:\/\/guide.zero-carbon-skane.org\/sv\/wp-json\/wp\/v2\/pages\/23","targetHints":{"allow":["GET"]}}],"collection":[{"href":"https:\/\/guide.zero-carbon-skane.org\/sv\/wp-json\/wp\/v2\/pages"}],"about":[{"href":"https:\/\/guide.zero-carbon-skane.org\/sv\/wp-json\/wp\/v2\/types\/page"}],"author":[{"embeddable":true,"href":"https:\/\/guide.zero-carbon-skane.org\/sv\/wp-json\/wp\/v2\/users\/1"}],"replies":[{"embeddable":true,"href":"https:\/\/guide.zero-carbon-skane.org\/sv\/wp-json\/wp\/v2\/comments?post=23"}],"version-history":[{"count":2,"href":"https:\/\/guide.zero-carbon-skane.org\/sv\/wp-json\/wp\/v2\/pages\/23\/revisions"}],"predecessor-version":[{"id":775,"href":"https:\/\/guide.zero-carbon-skane.org\/sv\/wp-json\/wp\/v2\/pages\/23\/revisions\/775"}],"up":[{"embeddable":true,"href":"https:\/\/guide.zero-carbon-skane.org\/sv\/wp-json\/wp\/v2\/pages\/18"}],"wp:featuredmedia":[{"embeddable":true,"href":"https:\/\/guide.zero-carbon-skane.org\/sv\/wp-json\/wp\/v2\/media\/774"}],"wp:attachment":[{"href":"https:\/\/guide.zero-carbon-skane.org\/sv\/wp-json\/wp\/v2\/media?parent=23"}],"wp:term":[{"taxonomy":"category","embeddable":true,"href":"https:\/\/guide.zero-carbon-skane.org\/sv\/wp-json\/wp\/v2\/categories?post=23"},{"taxonomy":"post_tag","embeddable":true,"href":"https:\/\/guide.zero-carbon-skane.org\/sv\/wp-json\/wp\/v2\/tags?post=23"}],"curies":[{"name":"wp","href":"https:\/\/api.w.org\/{rel}","templated":true}]}}