{"id":229,"date":"2022-10-06T14:04:47","date_gmt":"2022-10-06T14:04:47","guid":{"rendered":"https:\/\/guide.zero-carbon-skane.org\/?page_id=229"},"modified":"2023-03-21T10:30:22","modified_gmt":"2023-03-21T10:30:22","slug":"domsten","status":"publish","type":"page","link":"https:\/\/guide.zero-carbon-skane.org\/sv\/places\/northwest\/helsingborg\/domsten\/","title":{"rendered":"Domsten"},"content":{"rendered":"<p>Domsten n\u00e4mns f\u00f6r f\u00f6rsta g\u00e5ngen i historien redan 1575. En fiskeby vid den allra nordligaste \u00e4nden av <a href=\"https:\/\/guide.zero-carbon-skane.org\/sv\/places\/northwest\/helsingborg\/\" data-type=\"page\" data-id=\"62\">Helsingborg <em>kommun<\/em><\/a>, Domsten har b\u00e5de en s\u00f6t liten hamn och en kyrkog\u00e5rd som \u00e4r v\u00e4lfylld med offer fr\u00e5n pesten \u00e5r 1711. H\u00e4r finns n\u00e5got f\u00f6r alla!<\/p>\n\n\n\n<p>Det \u00e4r en bra utg\u00e5ngspunkt f\u00f6r att vandra i det kustn\u00e4ra naturreservatet best\u00e5ende av gr\u00e4smarker som ligger mellan Domsten och Viken, bara lite l\u00e4ngre norrut, eller kanske g\u00e5 djupare in i landet till de fridfulla skogarna i <a href=\"https:\/\/guide.zero-carbon-skane.org\/sv\/places\/northwest\/\" data-type=\"page\" data-id=\"61\">Sk\u00e5nska nordv\u00e4st<\/a>. Oavsett anledningen till att du \u00e4r h\u00e4r kommer du dock att vilja <a href=\"https:\/\/guide.zero-carbon-skane.org\/sv\/places\/northwest\/angelholm\/a-dome-with-a-view-domestayin\/\" data-type=\"page\" data-id=\"231\">\u00f6verv\u00e4ga att bo p\u00e5 DomeStayIn<\/a>.<\/p>","protected":false},"excerpt":{"rendered":"<p>Domsten har b\u00e5de en s\u00f6t liten hamn och en kyrkog\u00e5rd som \u00e4r v\u00e4lfylld med offer fr\u00e5n pesten \u00e5r 1711. H\u00e4r finns n\u00e5got f\u00f6r alla!<\/p>","protected":false},"author":1,"featured_media":879,"parent":62,"menu_order":0,"comment_status":"closed","ping_status":"closed","template":"","meta":{"footnotes":""},"categories":[],"tags":[],"class_list":["post-229","page","type-page","status-publish","has-post-thumbnail","hentry"],"jetpack_sharing_enabled":true,"_links":{"self":[{"href":"https:\/\/guide.zero-carbon-skane.org\/sv\/wp-json\/wp\/v2\/pages\/229","targetHints":{"allow":["GET"]}}],"collection":[{"href":"https:\/\/guide.zero-carbon-skane.org\/sv\/wp-json\/wp\/v2\/pages"}],"about":[{"href":"https:\/\/guide.zero-carbon-skane.org\/sv\/wp-json\/wp\/v2\/types\/page"}],"author":[{"embeddable":true,"href":"https:\/\/guide.zero-carbon-skane.org\/sv\/wp-json\/wp\/v2\/users\/1"}],"replies":[{"embeddable":true,"href":"https:\/\/guide.zero-carbon-skane.org\/sv\/wp-json\/wp\/v2\/comments?post=229"}],"version-history":[{"count":2,"href":"https:\/\/guide.zero-carbon-skane.org\/sv\/wp-json\/wp\/v2\/pages\/229\/revisions"}],"predecessor-version":[{"id":881,"href":"https:\/\/guide.zero-carbon-skane.org\/sv\/wp-json\/wp\/v2\/pages\/229\/revisions\/881"}],"up":[{"embeddable":true,"href":"https:\/\/guide.zero-carbon-skane.org\/sv\/wp-json\/wp\/v2\/pages\/62"}],"wp:featuredmedia":[{"embeddable":true,"href":"https:\/\/guide.zero-carbon-skane.org\/sv\/wp-json\/wp\/v2\/media\/879"}],"wp:attachment":[{"href":"https:\/\/guide.zero-carbon-skane.org\/sv\/wp-json\/wp\/v2\/media?parent=229"}],"wp:term":[{"taxonomy":"category","embeddable":true,"href":"https:\/\/guide.zero-carbon-skane.org\/sv\/wp-json\/wp\/v2\/categories?post=229"},{"taxonomy":"post_tag","embeddable":true,"href":"https:\/\/guide.zero-carbon-skane.org\/sv\/wp-json\/wp\/v2\/tags?post=229"}],"curies":[{"name":"wp","href":"https:\/\/api.w.org\/{rel}","templated":true}]}}