{"id":225,"date":"2022-10-06T11:48:40","date_gmt":"2022-10-06T11:48:40","guid":{"rendered":"https:\/\/guide.zero-carbon-skane.org\/?page_id=225"},"modified":"2023-03-24T12:12:40","modified_gmt":"2023-03-24T12:12:40","slug":"skanes-crown-joules-the-e6-and-the-enroads-project","status":"publish","type":"page","link":"https:\/\/guide.zero-carbon-skane.org\/sv\/places\/northwest\/highway-e6\/skanes-crown-joules-the-e6-and-the-enroads-project\/","title":{"rendered":"Sk\u00e5nes kronjuveler? E6:an- och ENv\u00e4gensprojektet"},"content":{"rendered":"<p>Om du r\u00e5kar resa l\u00e4ngs med <a href=\"https:\/\/guide.zero-carbon-skane.org\/sv\/places\/northwest\/highway-e6\/\" data-type=\"page\" data-id=\"219\">E6:an<\/a>kommer du ha sv\u00e5rt att undvika att resan kantas av vindkraftverk, solcellsparker och byggnader med <em>H2<\/em> skrivet p\u00e5 dem. Den extrema f\u00f6rekomsten av kraftproduktion l\u00e4ngs denna rutt h\u00e4rr\u00f6r fr\u00e5n ENroads-projektet, som lanserades i slutet av 2020-talet.&nbsp;<\/p>\n\n\n\n<p>Den tidiga utbyggnaden av f\u00f6rnybar energiproduktion hindrades, i Sverige liksom p\u00e5 andra h\u00e5ll, av NIMBYism (Not In My Back Yard): de flesta ville ha f\u00f6rnybar energi, men n\u00e4stan ingen ville ha den placerad d\u00e4r de kunde se den. I typisk 2010- och 2020-talens polariserade retorik lade kommuner \u00f6ver hela Sverige lagt in sina veton mot vindkraftsutbyggnad, vilket stoppade energiomst\u00e4llningen. Det finns en k\u00e4nd politisk bild (eller \"meme\", som de kallades p\u00e5 den tiden) fr\u00e5n den h\u00e4r tiden: vi ser en strand, bortom vilken vindkraftverk har blivit grovt kopierade ett par meter ut i havet, allt \u00f6verskrivet med en text som lyder \"Nej till vindkraft l\u00e4ngs v\u00e5r kust\".&nbsp;<\/p>\n\n\n\n<p>\u00c4ven om den bilden var en uppenbar agitationsbild, avsedd att hetsa upp massorna, fanns det verkliga problem med utbyggnaden av f\u00f6rnybar energi: de flesta vinsterna fr\u00e5n vindkraftsparker hamnade i fickorna p\u00e5 storstadseliter - ofta och inte av en slump samma elit som finansierade kampanjerna mot ytterligare vindkraftsparker - medan alla nackdelar tenderade att k\u00e4nnas i lokalsamh\u00e4llet. Oftast kombinerades inte den \u00f6kade elproduktionen med \u00e5tg\u00e4rder f\u00f6r att minska f\u00f6rbrukningen, vilket innebar att man helt enkelt tillf\u00f6rde mer el till n\u00e4tet och gjorde det m\u00f6jligt att anv\u00e4nda mer. Styrnings- och planeringsprocesserna b\u00f6rjade sakta men s\u00e4kert f\u00e5 upp \u00f6gonen f\u00f6r detta och man b\u00f6rjade till\u00e4mpa \u00e5tg\u00e4rder som att omf\u00f6rdela skatter fr\u00e5n energiproduktionen till de samh\u00e4llen d\u00e4r den \u00e4gde rum. <\/p>\n\n\n\n<p>ENroads-projektet hade dock ett n\u00e5got annorlunda tillv\u00e4gag\u00e5ngss\u00e4tt. Utg\u00e5ngspunkten var att <em>motorv\u00e4garna<\/em> redan hade genomg\u00e5tt dessa omtvistade tillst\u00e5ndsprocesser och de hade redan f\u00f6rdrivit m\u00e4nniskorna, skadat de ekosystem som f\u00f6regick dem och f\u00f6rd\u00e4rvat landskapet mer allm\u00e4nt. N\u00e5gra fler vindkraftverk skulle v\u00e4l inte g\u00f6ra saken mycket v\u00e4rre? <\/p>\n\n\n\n<p>Eftersom v\u00e4tgasproduktionen byggdes in i energisystemet placerades \u00e4ven elektrolys- och lagringsanl\u00e4ggningar l\u00e4ngs motorv\u00e4garna, vilket s\u00e4kerst\u00e4llde enkla transportf\u00f6rbindelser och h\u00f6ll potentiellt farliga byggnader borta fr\u00e5n befolkningscentra. Med tanke p\u00e5 Sk\u00e5nes st\u00e4llning som Sveriges skafferi och de minskande k\u00e4llorna till mer traditionella g\u00f6dningsmedel omvandlades v\u00e4tgasen till stor del till ammoniak; trots extravaganta p\u00e5st\u00e5enden om v\u00e4tgas som ett \"framtidens br\u00e4nsle\" s\u00e4nktes aldrig kostnaderna (f\u00f6r att inte tala om explosionsriskerna) f\u00f6r att faktiskt anv\u00e4nda det som s\u00e5dant till en niv\u00e5 som var ekonomiskt vettig, \u00e4n mindre vinstgivande.<\/p>\n\n\n\n<p>Efter ett decennium eller s\u00e5 slutade folk i stort sett att klaga p\u00e5 vindkraftverken, med undantag f\u00f6r n\u00e5gra f\u00e5 inbitna surpuppar. Huruvida denna acceptans skulle ha kommit naturlig utan flera \u00e5r av h\u00e5rda vintrar och stigande energipriser, \u00e4r \u00e4n idag ett \u00e4mne som debatteras flitigt inom den akademiska v\u00e4rlden.<\/p>","protected":false},"excerpt":{"rendered":"<p>Den extrema koncentrationen av kraftproduktion l\u00e4ngs denna rutt h\u00e4rr\u00f6r fr\u00e5n ENroads-projektet, som lanserades i slutet av 2020-talet.\u00a0<\/p>","protected":false},"author":1,"featured_media":332,"parent":219,"menu_order":0,"comment_status":"closed","ping_status":"closed","template":"","meta":{"footnotes":""},"categories":[5],"tags":[],"class_list":["post-225","page","type-page","status-publish","has-post-thumbnail","hentry","category-sightseeing"],"jetpack_sharing_enabled":true,"_links":{"self":[{"href":"https:\/\/guide.zero-carbon-skane.org\/sv\/wp-json\/wp\/v2\/pages\/225","targetHints":{"allow":["GET"]}}],"collection":[{"href":"https:\/\/guide.zero-carbon-skane.org\/sv\/wp-json\/wp\/v2\/pages"}],"about":[{"href":"https:\/\/guide.zero-carbon-skane.org\/sv\/wp-json\/wp\/v2\/types\/page"}],"author":[{"embeddable":true,"href":"https:\/\/guide.zero-carbon-skane.org\/sv\/wp-json\/wp\/v2\/users\/1"}],"replies":[{"embeddable":true,"href":"https:\/\/guide.zero-carbon-skane.org\/sv\/wp-json\/wp\/v2\/comments?post=225"}],"version-history":[{"count":3,"href":"https:\/\/guide.zero-carbon-skane.org\/sv\/wp-json\/wp\/v2\/pages\/225\/revisions"}],"predecessor-version":[{"id":1044,"href":"https:\/\/guide.zero-carbon-skane.org\/sv\/wp-json\/wp\/v2\/pages\/225\/revisions\/1044"}],"up":[{"embeddable":true,"href":"https:\/\/guide.zero-carbon-skane.org\/sv\/wp-json\/wp\/v2\/pages\/219"}],"wp:featuredmedia":[{"embeddable":true,"href":"https:\/\/guide.zero-carbon-skane.org\/sv\/wp-json\/wp\/v2\/media\/332"}],"wp:attachment":[{"href":"https:\/\/guide.zero-carbon-skane.org\/sv\/wp-json\/wp\/v2\/media?parent=225"}],"wp:term":[{"taxonomy":"category","embeddable":true,"href":"https:\/\/guide.zero-carbon-skane.org\/sv\/wp-json\/wp\/v2\/categories?post=225"},{"taxonomy":"post_tag","embeddable":true,"href":"https:\/\/guide.zero-carbon-skane.org\/sv\/wp-json\/wp\/v2\/tags?post=225"}],"curies":[{"name":"wp","href":"https:\/\/api.w.org\/{rel}","templated":true}]}}